{"id":5922,"date":"2025-06-12T21:52:05","date_gmt":"2025-06-12T21:52:05","guid":{"rendered":"https:\/\/beamorthodonticsinsugarland.com\/visita-a-la-oficina\/"},"modified":"2025-07-01T01:17:39","modified_gmt":"2025-07-01T01:17:39","slug":"visita-a-la-oficina","status":"publish","type":"page","link":"https:\/\/beamorthodonticsinsugarland.com\/es\/visita-a-la-oficina\/","title":{"rendered":"Visita a la oficina"},"content":{"rendered":"\t\t<div data-elementor-type=\"wp-page\" data-elementor-id=\"5922\" class=\"elementor elementor-5922 elementor-5729\" data-elementor-post-type=\"page\">\n\t\t\t\t<div data-particle_enable=\"false\" data-particle-mobile-disabled=\"false\" class=\"elementor-element elementor-element-1b6957d e-flex e-con-boxed e-con e-parent\" data-id=\"1b6957d\" data-element_type=\"container\" data-e-type=\"container\">\n\t\t\t\t\t<div class=\"e-con-inner\">\n\t\t\t\t<div class=\"elementor-element elementor-element-8d7726a elementor-widget elementor-widget-heading\" data-id=\"8d7726a\" data-element_type=\"widget\" data-e-type=\"widget\" data-widget_type=\"heading.default\">\n\t\t\t\t<div class=\"elementor-widget-container\">\n\t\t\t\t\t<h1 class=\"elementor-heading-title elementor-size-default\">Bienvenido a nuestro recorrido por la oficina<\/h1>\t\t\t\t<\/div>\n\t\t\t\t<\/div>\n\t\t\t\t<div class=\"elementor-element elementor-element-a27e80d elementor-widget elementor-widget-text-editor\" data-id=\"a27e80d\" data-element_type=\"widget\" data-e-type=\"widget\" data-widget_type=\"text-editor.default\">\n\t\t\t\t<div class=\"elementor-widget-container\">\n\t\t\t\t\t\t\t\t\t<article class=\"text-token-text-primary w-full\" dir=\"auto\" data-testid=\"conversation-turn-56\" data-scroll-anchor=\"true\"><div class=\"text-base my-auto mx-auto py-5 [--thread-content-margin:--spacing(4)] @[37rem]:[--thread-content-margin:--spacing(6)] @[72rem]:[--thread-content-margin:--spacing(16)] px-(--thread-content-margin)\"><div class=\"[--thread-content-max-width:32rem] @[34rem]:[--thread-content-max-width:40rem] @[64rem]:[--thread-content-max-width:48rem] mx-auto flex max-w-(--thread-content-max-width) flex-1 text-base gap-4 md:gap-5 lg:gap-6 group\/turn-messages focus-visible:outline-hidden\" tabindex=\"-1\"><div class=\"group\/conversation-turn relative flex w-full min-w-0 flex-col agent-turn\"><div class=\"relative flex-col gap-1 md:gap-3\"><div class=\"flex max-w-full flex-col grow\"><div class=\"min-h-8 text-message relative flex w-full flex-col items-end gap-2 text-start break-words whitespace-normal [.text-message+&amp;]:mt-5\" dir=\"auto\" data-message-author-role=\"assistant\" data-message-id=\"0447e0bf-e351-4cc2-bdfc-8247d55f02a3\" data-message-model-slug=\"gpt-4-1-mini\"><div class=\"flex w-full flex-col gap-1 empty:hidden first:pt-[3px]\"><div class=\"markdown prose dark:prose-invert w-full break-words dark\"><p data-start=\"64\" data-end=\"442\" data-is-last-node=\"\" data-is-only-node=\"\">Nuestra consulta est\u00e1 dise\u00f1ada para proporcionar una atm\u00f3sfera acogedora y tranquilizadora, creando un entorno que se asemeja m\u00e1s a un retiro de bienestar que a una cl\u00ednica t\u00edpica. Con elementos limpios y modernos y detalles acogedores, nos esforzamos por hacer que cada visita sea c\u00f3moda y relajante para pacientes de todas las edades. Desde el momento en que entres, ver\u00e1s lo mucho que priorizamos tu comodidad y bienestar.<\/p><\/div><\/div><\/div><\/div><\/div><\/div><\/div><\/div><\/article>\t\t\t\t\t\t\t\t<\/div>\n\t\t\t\t<\/div>\n\t\t\t\t<div class=\"elementor-element elementor-element-5a43068 elementor-widget elementor-widget-gallery\" data-id=\"5a43068\" data-element_type=\"widget\" data-e-type=\"widget\" data-settings=\"{&quot;gallery_layout&quot;:&quot;masonry&quot;,&quot;columns&quot;:3,&quot;lazyload&quot;:&quot;yes&quot;,&quot;columns_tablet&quot;:2,&quot;columns_mobile&quot;:1,&quot;gap&quot;:{&quot;unit&quot;:&quot;px&quot;,&quot;size&quot;:10,&quot;sizes&quot;:[]},&quot;gap_tablet&quot;:{&quot;unit&quot;:&quot;px&quot;,&quot;size&quot;:10,&quot;sizes&quot;:[]},&quot;gap_mobile&quot;:{&quot;unit&quot;:&quot;px&quot;,&quot;size&quot;:10,&quot;sizes&quot;:[]},&quot;link_to&quot;:&quot;file&quot;,&quot;overlay_background&quot;:&quot;yes&quot;,&quot;content_hover_animation&quot;:&quot;fade-in&quot;}\" data-widget_type=\"gallery.default\">\n\t\t\t\t<div class=\"elementor-widget-container\">\n\t\t\t\t\t\t\t<div class=\"elementor-gallery__container\">\n\t\t\t\t\t\t\t<a class=\"e-gallery-item elementor-gallery-item elementor-animated-content\" href=\"https:\/\/beamorthodonticsinsugarland.com\/wp-content\/uploads\/2025\/06\/11.jpg\" data-elementor-open-lightbox=\"yes\" data-elementor-lightbox-slideshow=\"5a43068\" data-elementor-lightbox-title=\"11\" data-e-action-hash=\"#elementor-action%3Aaction%3Dlightbox%26settings%3DeyJpZCI6NTgxNSwidXJsIjoiaHR0cHM6XC9cL2JlYW1vcnRob2RvbnRpY3NpbnN1Z2FybGFuZC5jb21cL3dwLWNvbnRlbnRcL3VwbG9hZHNcLzIwMjVcLzA2XC8xMS5qcGciLCJzbGlkZXNob3ciOiI1YTQzMDY4In0%3D\">\n\t\t\t\t\t<div class=\"e-gallery-image elementor-gallery-item__image\" data-thumbnail=\"https:\/\/beamorthodonticsinsugarland.com\/wp-content\/uploads\/2025\/06\/11.jpg\" data-width=\"1920\" data-height=\"1080\" aria-label=\"Front Building Beam Orthodontics in Sugar Land, TX\" role=\"img\" ><\/div>\n\t\t\t\t\t\t\t\t\t\t\t<div class=\"elementor-gallery-item__overlay\"><\/div>\n\t\t\t\t\t\t\t\t\t\t\t\t\t\t<\/a>\n\t\t\t\t\t\t\t<a class=\"e-gallery-item elementor-gallery-item elementor-animated-content\" href=\"https:\/\/beamorthodonticsinsugarland.com\/wp-content\/uploads\/2025\/06\/12.jpg\" data-elementor-open-lightbox=\"yes\" data-elementor-lightbox-slideshow=\"5a43068\" data-elementor-lightbox-title=\"12\" data-e-action-hash=\"#elementor-action%3Aaction%3Dlightbox%26settings%3DeyJpZCI6NTgxNiwidXJsIjoiaHR0cHM6XC9cL2JlYW1vcnRob2RvbnRpY3NpbnN1Z2FybGFuZC5jb21cL3dwLWNvbnRlbnRcL3VwbG9hZHNcLzIwMjVcLzA2XC8xMi5qcGciLCJzbGlkZXNob3ciOiI1YTQzMDY4In0%3D\">\n\t\t\t\t\t<div class=\"e-gallery-image elementor-gallery-item__image\" data-thumbnail=\"https:\/\/beamorthodonticsinsugarland.com\/wp-content\/uploads\/2025\/06\/12.jpg\" data-width=\"1920\" data-height=\"1080\" aria-label=\"Front Door Beam Orthodontics in Sugar Land, TX\" role=\"img\" ><\/div>\n\t\t\t\t\t\t\t\t\t\t\t<div class=\"elementor-gallery-item__overlay\"><\/div>\n\t\t\t\t\t\t\t\t\t\t\t\t\t\t<\/a>\n\t\t\t\t\t\t\t<a class=\"e-gallery-item elementor-gallery-item elementor-animated-content\" href=\"https:\/\/beamorthodonticsinsugarland.com\/wp-content\/uploads\/2025\/06\/9.jpg\" data-elementor-open-lightbox=\"yes\" data-elementor-lightbox-slideshow=\"5a43068\" data-elementor-lightbox-title=\"9\" data-e-action-hash=\"#elementor-action%3Aaction%3Dlightbox%26settings%3DeyJpZCI6NTgxMywidXJsIjoiaHR0cHM6XC9cL2JlYW1vcnRob2RvbnRpY3NpbnN1Z2FybGFuZC5jb21cL3dwLWNvbnRlbnRcL3VwbG9hZHNcLzIwMjVcLzA2XC85LmpwZyIsInNsaWRlc2hvdyI6IjVhNDMwNjgifQ%3D%3D\">\n\t\t\t\t\t<div class=\"e-gallery-image elementor-gallery-item__image\" data-thumbnail=\"https:\/\/beamorthodonticsinsugarland.com\/wp-content\/uploads\/2025\/06\/9.jpg\" data-width=\"1920\" data-height=\"1080\" aria-label=\"Front Door Beam Orthodontics in Sugar Land, TX\" role=\"img\" ><\/div>\n\t\t\t\t\t\t\t\t\t\t\t<div class=\"elementor-gallery-item__overlay\"><\/div>\n\t\t\t\t\t\t\t\t\t\t\t\t\t\t<\/a>\n\t\t\t\t\t\t\t<a class=\"e-gallery-item elementor-gallery-item elementor-animated-content\" href=\"https:\/\/beamorthodonticsinsugarland.com\/wp-content\/uploads\/2025\/06\/10.jpg\" data-elementor-open-lightbox=\"yes\" data-elementor-lightbox-slideshow=\"5a43068\" data-elementor-lightbox-title=\"10\" data-e-action-hash=\"#elementor-action%3Aaction%3Dlightbox%26settings%3DeyJpZCI6NTgxNCwidXJsIjoiaHR0cHM6XC9cL2JlYW1vcnRob2RvbnRpY3NpbnN1Z2FybGFuZC5jb21cL3dwLWNvbnRlbnRcL3VwbG9hZHNcLzIwMjVcLzA2XC8xMC5qcGciLCJzbGlkZXNob3ciOiI1YTQzMDY4In0%3D\">\n\t\t\t\t\t<div class=\"e-gallery-image elementor-gallery-item__image\" data-thumbnail=\"https:\/\/beamorthodonticsinsugarland.com\/wp-content\/uploads\/2025\/06\/10.jpg\" data-width=\"1920\" data-height=\"1080\" aria-label=\"Front Desk Beam Orthodontics in Sugar Land, TX\" role=\"img\" ><\/div>\n\t\t\t\t\t\t\t\t\t\t\t<div class=\"elementor-gallery-item__overlay\"><\/div>\n\t\t\t\t\t\t\t\t\t\t\t\t\t\t<\/a>\n\t\t\t\t\t\t\t<a class=\"e-gallery-item elementor-gallery-item elementor-animated-content\" href=\"https:\/\/beamorthodonticsinsugarland.com\/wp-content\/uploads\/2025\/06\/3.jpg\" data-elementor-open-lightbox=\"yes\" data-elementor-lightbox-slideshow=\"5a43068\" data-elementor-lightbox-title=\"3\" data-e-action-hash=\"#elementor-action%3Aaction%3Dlightbox%26settings%3DeyJpZCI6NTgwNywidXJsIjoiaHR0cHM6XC9cL2JlYW1vcnRob2RvbnRpY3NpbnN1Z2FybGFuZC5jb21cL3dwLWNvbnRlbnRcL3VwbG9hZHNcLzIwMjVcLzA2XC8zLmpwZyIsInNsaWRlc2hvdyI6IjVhNDMwNjgifQ%3D%3D\">\n\t\t\t\t\t<div class=\"e-gallery-image elementor-gallery-item__image\" data-thumbnail=\"https:\/\/beamorthodonticsinsugarland.com\/wp-content\/uploads\/2025\/06\/3.jpg\" data-width=\"1920\" data-height=\"1080\" aria-label=\"Lobby Beam Orthodontics in Sugar Land, TX\" role=\"img\" ><\/div>\n\t\t\t\t\t\t\t\t\t\t\t<div class=\"elementor-gallery-item__overlay\"><\/div>\n\t\t\t\t\t\t\t\t\t\t\t\t\t\t<\/a>\n\t\t\t\t\t\t\t<a class=\"e-gallery-item elementor-gallery-item elementor-animated-content\" href=\"https:\/\/beamorthodonticsinsugarland.com\/wp-content\/uploads\/2025\/06\/1.jpg\" data-elementor-open-lightbox=\"yes\" data-elementor-lightbox-slideshow=\"5a43068\" data-elementor-lightbox-title=\"1\" data-e-action-hash=\"#elementor-action%3Aaction%3Dlightbox%26settings%3DeyJpZCI6NTgwNSwidXJsIjoiaHR0cHM6XC9cL2JlYW1vcnRob2RvbnRpY3NpbnN1Z2FybGFuZC5jb21cL3dwLWNvbnRlbnRcL3VwbG9hZHNcLzIwMjVcLzA2XC8xLmpwZyIsInNsaWRlc2hvdyI6IjVhNDMwNjgifQ%3D%3D\">\n\t\t\t\t\t<div class=\"e-gallery-image elementor-gallery-item__image\" data-thumbnail=\"https:\/\/beamorthodonticsinsugarland.com\/wp-content\/uploads\/2025\/06\/1.jpg\" data-width=\"1080\" data-height=\"1350\" aria-label=\"Lobby Beam Orthodontics in Sugar Land, TX\" role=\"img\" ><\/div>\n\t\t\t\t\t\t\t\t\t\t\t<div class=\"elementor-gallery-item__overlay\"><\/div>\n\t\t\t\t\t\t\t\t\t\t\t\t\t\t<\/a>\n\t\t\t\t\t\t\t<a class=\"e-gallery-item elementor-gallery-item elementor-animated-content\" href=\"https:\/\/beamorthodonticsinsugarland.com\/wp-content\/uploads\/2025\/06\/4.jpg\" data-elementor-open-lightbox=\"yes\" data-elementor-lightbox-slideshow=\"5a43068\" data-elementor-lightbox-title=\"4\" data-e-action-hash=\"#elementor-action%3Aaction%3Dlightbox%26settings%3DeyJpZCI6NTgwOCwidXJsIjoiaHR0cHM6XC9cL2JlYW1vcnRob2RvbnRpY3NpbnN1Z2FybGFuZC5jb21cL3dwLWNvbnRlbnRcL3VwbG9hZHNcLzIwMjVcLzA2XC80LmpwZyIsInNsaWRlc2hvdyI6IjVhNDMwNjgifQ%3D%3D\">\n\t\t\t\t\t<div class=\"e-gallery-image elementor-gallery-item__image\" data-thumbnail=\"https:\/\/beamorthodonticsinsugarland.com\/wp-content\/uploads\/2025\/06\/4.jpg\" data-width=\"1920\" data-height=\"1080\" aria-label=\"Waiting Area Beam Orthodontics in Sugar Land, TX\" role=\"img\" ><\/div>\n\t\t\t\t\t\t\t\t\t\t\t<div class=\"elementor-gallery-item__overlay\"><\/div>\n\t\t\t\t\t\t\t\t\t\t\t\t\t\t<\/a>\n\t\t\t\t\t\t\t<a class=\"e-gallery-item elementor-gallery-item elementor-animated-content\" href=\"https:\/\/beamorthodonticsinsugarland.com\/wp-content\/uploads\/2025\/06\/6.jpg\" data-elementor-open-lightbox=\"yes\" data-elementor-lightbox-slideshow=\"5a43068\" data-elementor-lightbox-title=\"6\" data-e-action-hash=\"#elementor-action%3Aaction%3Dlightbox%26settings%3DeyJpZCI6NTgxMCwidXJsIjoiaHR0cHM6XC9cL2JlYW1vcnRob2RvbnRpY3NpbnN1Z2FybGFuZC5jb21cL3dwLWNvbnRlbnRcL3VwbG9hZHNcLzIwMjVcLzA2XC82LmpwZyIsInNsaWRlc2hvdyI6IjVhNDMwNjgifQ%3D%3D\">\n\t\t\t\t\t<div class=\"e-gallery-image elementor-gallery-item__image\" data-thumbnail=\"https:\/\/beamorthodonticsinsugarland.com\/wp-content\/uploads\/2025\/06\/6.jpg\" data-width=\"1920\" data-height=\"1080\" aria-label=\"Office Beam Orthodontics in Sugar Land, TX\" role=\"img\" ><\/div>\n\t\t\t\t\t\t\t\t\t\t\t<div class=\"elementor-gallery-item__overlay\"><\/div>\n\t\t\t\t\t\t\t\t\t\t\t\t\t\t<\/a>\n\t\t\t\t\t\t\t<a class=\"e-gallery-item elementor-gallery-item elementor-animated-content\" href=\"https:\/\/beamorthodonticsinsugarland.com\/wp-content\/uploads\/2025\/06\/2.jpg\" data-elementor-open-lightbox=\"yes\" data-elementor-lightbox-slideshow=\"5a43068\" data-elementor-lightbox-title=\"2\" data-e-action-hash=\"#elementor-action%3Aaction%3Dlightbox%26settings%3DeyJpZCI6NTgwNiwidXJsIjoiaHR0cHM6XC9cL2JlYW1vcnRob2RvbnRpY3NpbnN1Z2FybGFuZC5jb21cL3dwLWNvbnRlbnRcL3VwbG9hZHNcLzIwMjVcLzA2XC8yLmpwZyIsInNsaWRlc2hvdyI6IjVhNDMwNjgifQ%3D%3D\">\n\t\t\t\t\t<div class=\"e-gallery-image elementor-gallery-item__image\" data-thumbnail=\"https:\/\/beamorthodonticsinsugarland.com\/wp-content\/uploads\/2025\/06\/2.jpg\" data-width=\"1080\" data-height=\"1350\" aria-label=\"Office Tour Beam Orthodontics in Sugar Land, TX\" role=\"img\" ><\/div>\n\t\t\t\t\t\t\t\t\t\t\t<div class=\"elementor-gallery-item__overlay\"><\/div>\n\t\t\t\t\t\t\t\t\t\t\t\t\t\t<\/a>\n\t\t\t\t\t\t\t<a class=\"e-gallery-item elementor-gallery-item elementor-animated-content\" href=\"https:\/\/beamorthodonticsinsugarland.com\/wp-content\/uploads\/2025\/06\/5.jpg\" data-elementor-open-lightbox=\"yes\" data-elementor-lightbox-slideshow=\"5a43068\" data-elementor-lightbox-title=\"5\" data-e-action-hash=\"#elementor-action%3Aaction%3Dlightbox%26settings%3DeyJpZCI6NTgwOSwidXJsIjoiaHR0cHM6XC9cL2JlYW1vcnRob2RvbnRpY3NpbnN1Z2FybGFuZC5jb21cL3dwLWNvbnRlbnRcL3VwbG9hZHNcLzIwMjVcLzA2XC81LmpwZyIsInNsaWRlc2hvdyI6IjVhNDMwNjgifQ%3D%3D\">\n\t\t\t\t\t<div class=\"e-gallery-image elementor-gallery-item__image\" data-thumbnail=\"https:\/\/beamorthodonticsinsugarland.com\/wp-content\/uploads\/2025\/06\/5.jpg\" data-width=\"1920\" data-height=\"1080\" aria-label=\"Treatment Area Beam Orthodontics in Sugar Land, TX\" role=\"img\" ><\/div>\n\t\t\t\t\t\t\t\t\t\t\t<div class=\"elementor-gallery-item__overlay\"><\/div>\n\t\t\t\t\t\t\t\t\t\t\t\t\t\t<\/a>\n\t\t\t\t\t\t\t<a class=\"e-gallery-item elementor-gallery-item elementor-animated-content\" href=\"https:\/\/beamorthodonticsinsugarland.com\/wp-content\/uploads\/2025\/06\/8.jpg\" data-elementor-open-lightbox=\"yes\" data-elementor-lightbox-slideshow=\"5a43068\" data-elementor-lightbox-title=\"8\" data-e-action-hash=\"#elementor-action%3Aaction%3Dlightbox%26settings%3DeyJpZCI6NTgxMiwidXJsIjoiaHR0cHM6XC9cL2JlYW1vcnRob2RvbnRpY3NpbnN1Z2FybGFuZC5jb21cL3dwLWNvbnRlbnRcL3VwbG9hZHNcLzIwMjVcLzA2XC84LmpwZyIsInNsaWRlc2hvdyI6IjVhNDMwNjgifQ%3D%3D\">\n\t\t\t\t\t<div class=\"e-gallery-image elementor-gallery-item__image\" data-thumbnail=\"https:\/\/beamorthodonticsinsugarland.com\/wp-content\/uploads\/2025\/06\/8.jpg\" data-width=\"1920\" data-height=\"1080\" aria-label=\"Beam Orthodontics in Sugar Land, TX\" role=\"img\" ><\/div>\n\t\t\t\t\t\t\t\t\t\t\t<div class=\"elementor-gallery-item__overlay\"><\/div>\n\t\t\t\t\t\t\t\t\t\t\t\t\t\t<\/a>\n\t\t\t\t\t\t\t<a class=\"e-gallery-item elementor-gallery-item elementor-animated-content\" href=\"https:\/\/beamorthodonticsinsugarland.com\/wp-content\/uploads\/2025\/06\/7.jpg\" data-elementor-open-lightbox=\"yes\" data-elementor-lightbox-slideshow=\"5a43068\" data-elementor-lightbox-title=\"7\" data-e-action-hash=\"#elementor-action%3Aaction%3Dlightbox%26settings%3DeyJpZCI6NTgxMSwidXJsIjoiaHR0cHM6XC9cL2JlYW1vcnRob2RvbnRpY3NpbnN1Z2FybGFuZC5jb21cL3dwLWNvbnRlbnRcL3VwbG9hZHNcLzIwMjVcLzA2XC83LmpwZyIsInNsaWRlc2hvdyI6IjVhNDMwNjgifQ%3D%3D\">\n\t\t\t\t\t<div class=\"e-gallery-image elementor-gallery-item__image\" data-thumbnail=\"https:\/\/beamorthodonticsinsugarland.com\/wp-content\/uploads\/2025\/06\/7.jpg\" data-width=\"1920\" data-height=\"1080\" aria-label=\"Office Tour Beam Orthodontics in Sugar Land, TX\" role=\"img\" ><\/div>\n\t\t\t\t\t\t\t\t\t\t\t<div class=\"elementor-gallery-item__overlay\"><\/div>\n\t\t\t\t\t\t\t\t\t\t\t\t\t\t<\/a>\n\t\t\t\t\t<\/div>\n\t\t\t\t\t<\/div>\n\t\t\t\t<\/div>\n\t\t\t\t\t<\/div>\n\t\t\t\t<\/div>\n\t\t\t\t<\/div>\n\t\t","protected":false},"excerpt":{"rendered":"<p>Bienvenido a nuestro recorrido por la oficina Nuestra consulta est\u00e1 dise\u00f1ada para proporcionar una atm\u00f3sfera acogedora y tranquilizadora, creando un entorno que se asemeja m\u00e1s a un retiro de bienestar que a una cl\u00ednica t\u00edpica. Con elementos limpios y modernos y detalles acogedores, nos esforzamos por hacer que cada visita sea c\u00f3moda y relajante para pacientes de todas [&hellip;]<\/p>\n","protected":false},"author":2,"featured_media":0,"parent":0,"menu_order":19,"comment_status":"closed","ping_status":"closed","template":"","meta":{"_seopress_robots_primary_cat":"","_seopress_titles_title":"Tour de la oficina | Beam Orthodontics en Sugar Land TX","_seopress_titles_desc":"Haz una visita virtual a la consulta de Ortodoncia Beam, donde nuestro espacio moderno e inspirado en el bienestar est\u00e1 dise\u00f1ado para que cada visita sea c\u00f3moda y sin estr\u00e9s.","_seopress_robots_index":"","footnotes":""},"class_list":["post-5922","page","type-page","status-publish"],"_links":{"self":[{"href":"https:\/\/beamorthodonticsinsugarland.com\/es\/wp-json\/wp\/v2\/pages\/5922","targetHints":{"allow":["GET"]}}],"collection":[{"href":"https:\/\/beamorthodonticsinsugarland.com\/es\/wp-json\/wp\/v2\/pages"}],"about":[{"href":"https:\/\/beamorthodonticsinsugarland.com\/es\/wp-json\/wp\/v2\/types\/page"}],"author":[{"embeddable":true,"href":"https:\/\/beamorthodonticsinsugarland.com\/es\/wp-json\/wp\/v2\/users\/2"}],"replies":[{"embeddable":true,"href":"https:\/\/beamorthodonticsinsugarland.com\/es\/wp-json\/wp\/v2\/comments?post=5922"}],"version-history":[{"count":1,"href":"https:\/\/beamorthodonticsinsugarland.com\/es\/wp-json\/wp\/v2\/pages\/5922\/revisions"}],"predecessor-version":[{"id":5926,"href":"https:\/\/beamorthodonticsinsugarland.com\/es\/wp-json\/wp\/v2\/pages\/5922\/revisions\/5926"}],"wp:attachment":[{"href":"https:\/\/beamorthodonticsinsugarland.com\/es\/wp-json\/wp\/v2\/media?parent=5922"}],"curies":[{"name":"wp","href":"https:\/\/api.w.org\/{rel}","templated":true}]}}