{"id":5929,"date":"2025-06-05T01:38:01","date_gmt":"2025-06-05T01:38:01","guid":{"rendered":"https:\/\/beamorthodonticsinsugarland.com\/tmd-atm\/"},"modified":"2026-04-16T10:38:04","modified_gmt":"2026-04-16T10:38:04","slug":"tmd-atm","status":"publish","type":"page","link":"https:\/\/beamorthodonticsinsugarland.com\/es\/tmd-atm\/","title":{"rendered":"TMD ATM"},"content":{"rendered":"\t\t<div data-elementor-type=\"wp-page\" data-elementor-id=\"5929\" class=\"elementor elementor-5929 elementor-5505\" data-elementor-post-type=\"page\">\n\t\t\t\t<div data-particle_enable=\"false\" data-particle-mobile-disabled=\"false\" class=\"elementor-element elementor-element-66c7303 e-flex e-con-boxed e-con e-parent\" data-id=\"66c7303\" data-element_type=\"container\" data-e-type=\"container\">\n\t\t\t\t\t<div class=\"e-con-inner\">\n\t\t\t\t<div class=\"elementor-element elementor-element-892ff0f elementor-widget elementor-widget-heading\" data-id=\"892ff0f\" data-element_type=\"widget\" data-e-type=\"widget\" data-widget_type=\"heading.default\">\n\t\t\t\t<div class=\"elementor-widget-container\">\n\t\t\t\t\t<h1 class=\"elementor-heading-title elementor-size-default\">Tratamiento de la ATM y los TTM para aliviar el dolor de mand\u00edbula<\/h1>\t\t\t\t<\/div>\n\t\t\t\t<\/div>\n\t\t\t\t<div class=\"elementor-element elementor-element-2f4b292 elementor-widget elementor-widget-text-editor\" data-id=\"2f4b292\" data-element_type=\"widget\" data-e-type=\"widget\" data-widget_type=\"text-editor.default\">\n\t\t\t\t<div class=\"elementor-widget-container\">\n\t\t\t\t\t\t\t\t\t<p data-start=\"315\" data-end=\"765\">Si experimentas molestias frecuentes en la mand\u00edbula, dolores de cabeza o dolor facial, es posible que padezcas un trastorno temporomandibular (TTM), una enfermedad que afecta a las articulaciones temporomandibulares (ATM), que conectan la mand\u00edbula inferior con el cr\u00e1neo. Estas articulaciones son esenciales para funciones cotidianas como hablar, masticar y bostezar. Cuando no funcionan correctamente, pueden afectar no s\u00f3lo a tu boca, sino a toda tu calidad de vida.  <\/p><p data-start=\"767\" data-end=\"924\">En Beam Orthodontics, <a href=\"https:\/\/beamorthodonticsinsugarland.com\/es\/conoce-al-dr-rodriguez\/\">el Dr. Sebasti\u00e1n Rodr\u00edguez<\/a> ofrece una evaluaci\u00f3n experta y opciones de tratamiento para ayudar a aliviar los s\u00edntomas de los TTM y mejorar la salud de la mand\u00edbula.<\/p><h2 data-start=\"931\" data-end=\"963\">\u00bfCu\u00e1les son los s\u00edntomas del TTM?<\/h2><p data-start=\"965\" data-end=\"1094\">Los s\u00edntomas del TTM pueden variar de una persona a otra y pueden ir desde una molestia leve a un dolor intenso y cr\u00f3nico. Los signos m\u00e1s frecuentes son <\/p><ul><li data-start=\"1098\" data-end=\"1120\">Dolor o molestias en la mand\u00edbula<\/li><li data-start=\"1123\" data-end=\"1196\">Chasquidos, estallidos o rechinidos al abrir o cerrar la boca<\/li><li data-start=\"1199\" data-end=\"1241\">Dolores de cabeza, especialmente alrededor de las sienes<\/li><li data-start=\"1244\" data-end=\"1269\">Dolores o rigidez de cuello<\/li><li data-start=\"1272\" data-end=\"1312\">Dolor o presi\u00f3n en o alrededor de los o\u00eddos<\/li><li data-start=\"1315\" data-end=\"1358\">Hinchaz\u00f3n en uno o ambos lados de la cara<\/li><li data-start=\"1361\" data-end=\"1392\">Espasmos musculares en la zona de la mand\u00edbula<\/li><li data-start=\"1395\" data-end=\"1428\">Dificultad o dolor al masticar<\/li><li data-start=\"1431\" data-end=\"1467\">Mand\u00edbula bloqueada o movimiento mandibular limitado<\/li><li data-start=\"1470\" data-end=\"1537\">Un cambio notable en la forma en que encajan tus dientes superiores e inferiores<\/li><\/ul><h2 data-start=\"1544\" data-end=\"1573\">\u00bfQu\u00e9 causa los trastornos de la ATM?<\/h2><p data-start=\"1575\" data-end=\"1835\">La ATM es una articulaci\u00f3n compleja que permite movimientos tanto de bisagra como de deslizamiento. Normalmente, esta articulaci\u00f3n funciona sin problemas gracias al cart\u00edlago protector y a un peque\u00f1o disco amortiguador entre los huesos. Sin embargo, varios factores pueden interferir en esta funci\u00f3n:  <\/p><ul><li data-start=\"1839\" data-end=\"1891\">Desalineaci\u00f3n o desplazamiento del disco articular<\/li><li data-start=\"1894\" data-end=\"1961\">Artritis o degeneraci\u00f3n articular que desgasta el cart\u00edlago<\/li><li data-start=\"1964\" data-end=\"2020\">Lesiones o traumatismos mandibulares, como un golpe en la cara<\/li><li data-start=\"2023\" data-end=\"2071\">Apretar o rechinar los dientes (bruxismo)<\/li><li data-start=\"2074\" data-end=\"2120\">Tensi\u00f3n de los m\u00fasculos faciales relacionada con el estr\u00e9s<\/li><\/ul><p data-start=\"2122\" data-end=\"2212\">Con el tiempo, estos problemas pueden provocar inflamaci\u00f3n, molestias y reducci\u00f3n de la amplitud de movimiento.<\/p><h2 data-start=\"2219\" data-end=\"2254\">Consejos para prevenir los s\u00edntomas de la ATM\/TMD<\/h2><p data-start=\"2256\" data-end=\"2375\">Aunque algunas causas de los TTM est\u00e1n fuera de tu control, ciertos h\u00e1bitos pueden ayudarte a reducir el riesgo y proteger la salud de tu mand\u00edbula:<\/p><ul><li data-start=\"2379\" data-end=\"2440\">Mant\u00e9n la cara relajada; labios juntos, dientes ligeramente separados<\/li><li data-start=\"2443\" data-end=\"2487\">Evita mascar chicle o morderte las u\u00f1as en exceso<\/li><li data-start=\"2490\" data-end=\"2560\">No coloques el tel\u00e9fono entre la oreja y el hombro, utiliza auriculares<\/li><li data-start=\"2563\" data-end=\"2604\">Mastica uniformemente por ambos lados de la boca<\/li><li data-start=\"2607\" data-end=\"2645\">Evita apoyar la barbilla en la mano<\/li><li data-start=\"2648\" data-end=\"2713\">Mant\u00e9n una buena postura con la cabeza alineada y los hombros hacia atr\u00e1s<\/li><li data-start=\"2716\" data-end=\"2773\">Utiliza un protector nocturno si rechinas los dientes al dormir<\/li><\/ul><p data-start=\"2775\" data-end=\"2863\">Practicar estos h\u00e1bitos puede reducir la tensi\u00f3n en las articulaciones de la mand\u00edbula y ayudar a prevenir los brotes.<\/p><h2 data-start=\"2870\" data-end=\"2898\">Aliviar el dolor de mand\u00edbula<\/h2><p data-start=\"2900\" data-end=\"3167\">Si experimentas alg\u00fan s\u00edntoma de ATM o TTM, no lo ignores. Estos problemas pueden empeorar con el tiempo si no se tratan. El Dr. Rodr\u00edguez ofrece evaluaciones exhaustivas y opciones de tratamiento no invasivo adaptadas a tus necesidades particulares.<\/p><p data-start=\"3169\" data-end=\"3292\">Ponte en contacto con nuestra consulta hoy mismo para <a href=\"https:\/\/beamorthodonticsinsugarland.com\/es\/pide-una-cita\/\">concertar una cita<\/a> y dar el primer paso hacia un alivio duradero y una mejor salud bucal.<\/p>\t\t\t\t\t\t\t\t<\/div>\n\t\t\t\t<\/div>\n\t\t\t\t\t<\/div>\n\t\t\t\t<\/div>\n\t\t<div data-particle_enable=\"false\" data-particle-mobile-disabled=\"false\" class=\"elementor-element elementor-element-66e54ade e-flex e-con-boxed e-con e-parent\" data-id=\"66e54ade\" data-element_type=\"container\" data-e-type=\"container\" data-settings=\"{&quot;background_background&quot;:&quot;classic&quot;}\">\n\t\t\t\t\t<div class=\"e-con-inner\">\n\t\t\t\t<div class=\"elementor-element elementor-element-aedcbae elementor-widget elementor-widget-heading\" data-id=\"aedcbae\" data-element_type=\"widget\" data-e-type=\"widget\" data-widget_type=\"heading.default\">\n\t\t\t\t<div class=\"elementor-widget-container\">\n\t\t\t\t\t<h2 class=\"elementor-heading-title elementor-size-default\">Preguntas frecuentes<\/h2>\t\t\t\t<\/div>\n\t\t\t\t<\/div>\n\t\t\t\t<div class=\"elementor-element elementor-element-4f19af1c elementor-widget__width-inherit elementor-widget elementor-widget-text-editor\" data-id=\"4f19af1c\" data-element_type=\"widget\" data-e-type=\"widget\" data-widget_type=\"text-editor.default\">\n\t\t\t\t<div class=\"elementor-widget-container\">\n\t\t\t\t\t\t\t\t\t<p data-start=\"409\" data-end=\"727\">El dolor de mand\u00edbula puede ser confuso y frustrante, sobre todo cuando afecta a tu comodidad diaria. Muchos pacientes nos plantean preguntas sobre los s\u00edntomas, las causas y las opciones de tratamiento de los trastornos de la ATM. Estas preguntas frecuentes abordan las preocupaciones m\u00e1s comunes que escuchamos de personas de Sugar Land que buscan respuestas y alivio.  <\/p>\t\t\t\t\t\t\t\t<\/div>\n\t\t\t\t<\/div>\n\t\t\t\t<div class=\"elementor-element elementor-element-53bb860f elementor-widget elementor-widget-n-accordion\" data-id=\"53bb860f\" data-element_type=\"widget\" data-e-type=\"widget\" data-settings=\"{&quot;default_state&quot;:&quot;expanded&quot;,&quot;max_items_expended&quot;:&quot;one&quot;,&quot;n_accordion_animation_duration&quot;:{&quot;unit&quot;:&quot;ms&quot;,&quot;size&quot;:400,&quot;sizes&quot;:[]}}\" data-widget_type=\"nested-accordion.default\">\n\t\t\t\t<div class=\"elementor-widget-container\">\n\t\t\t\t\t\t\t<div class=\"e-n-accordion\" aria-label=\"Accordion. Open links with Enter or Space, close with Escape, and navigate with Arrow Keys\">\n\t\t\t\t\t\t<details id=\"e-n-accordion-item-1400\" class=\"e-n-accordion-item\" open>\n\t\t\t\t<summary class=\"e-n-accordion-item-title\" data-accordion-index=\"1\" tabindex=\"0\" aria-expanded=\"true\" aria-controls=\"e-n-accordion-item-1400\" >\n\t\t\t\t\t<span class='e-n-accordion-item-title-header'><div class=\"e-n-accordion-item-title-text\"> \u00bfC\u00f3mo puedo saber si mi dolor de mand\u00edbula es realmente un TTM y no otra cosa? <\/div><\/span>\n\t\t\t\t\t\t\t<span class='e-n-accordion-item-title-icon'>\n\t\t\t<span class='e-opened' ><i aria-hidden=\"true\" class=\"fas fa-minus\"><\/i><\/span>\n\t\t\t<span class='e-closed'><i aria-hidden=\"true\" class=\"fas fa-plus\"><\/i><\/span>\n\t\t<\/span>\n\n\t\t\t\t\t\t<\/summary>\n\t\t\t\t<div data-particle_enable=\"false\" data-particle-mobile-disabled=\"false\" role=\"region\" aria-labelledby=\"e-n-accordion-item-1400\" class=\"elementor-element elementor-element-486700a e-con-full e-flex e-con e-child\" data-id=\"486700a\" data-element_type=\"container\" data-e-type=\"container\">\n\t\t\t\t<div class=\"elementor-element elementor-element-453b86cb elementor-widget__width-inherit elementor-widget elementor-widget-text-editor\" data-id=\"453b86cb\" data-element_type=\"widget\" data-e-type=\"widget\" data-widget_type=\"text-editor.default\">\n\t\t\t\t<div class=\"elementor-widget-container\">\n\t\t\t\t\t\t\t\t\t<p data-start=\"813\" data-end=\"1200\">Las molestias de la ATM suelen solaparse con otras afecciones, por lo que una evaluaci\u00f3n profesional es la mejor forma de saberlo con seguridad. Si tu dolor empeora al masticar, bostezar o mover la mand\u00edbula, o notas chasquidos, estallidos, dolores de cabeza o tensi\u00f3n facial, son indicadores claros de un problema relacionado con la ATM. El Dr. Rodr\u00edguez evaluar\u00e1 las articulaciones de tu mand\u00edbula, la mordida y la funci\u00f3n muscular para determinar la causa exacta.  <\/p>\t\t\t\t\t\t\t\t<\/div>\n\t\t\t\t<\/div>\n\t\t\t\t<\/div>\n\t\t\t\t\t<\/details>\n\t\t\t\t\t\t<details id=\"e-n-accordion-item-1401\" class=\"e-n-accordion-item\" >\n\t\t\t\t<summary class=\"e-n-accordion-item-title\" data-accordion-index=\"2\" tabindex=\"-1\" aria-expanded=\"false\" aria-controls=\"e-n-accordion-item-1401\" >\n\t\t\t\t\t<span class='e-n-accordion-item-title-header'><div class=\"e-n-accordion-item-title-text\"> \u00bfPuede el tratamiento de ortodoncia ayudar a mejorar los s\u00edntomas de la ATM? <\/div><\/span>\n\t\t\t\t\t\t\t<span class='e-n-accordion-item-title-icon'>\n\t\t\t<span class='e-opened' ><i aria-hidden=\"true\" class=\"fas fa-minus\"><\/i><\/span>\n\t\t\t<span class='e-closed'><i aria-hidden=\"true\" class=\"fas fa-plus\"><\/i><\/span>\n\t\t<\/span>\n\n\t\t\t\t\t\t<\/summary>\n\t\t\t\t<div data-particle_enable=\"false\" data-particle-mobile-disabled=\"false\" role=\"region\" aria-labelledby=\"e-n-accordion-item-1401\" class=\"elementor-element elementor-element-5b7f5cd e-con-full e-flex e-con e-child\" data-id=\"5b7f5cd\" data-element_type=\"container\" data-e-type=\"container\">\n\t\t\t\t<div class=\"elementor-element elementor-element-4e84aa34 elementor-widget__width-inherit elementor-widget elementor-widget-text-editor\" data-id=\"4e84aa34\" data-element_type=\"widget\" data-e-type=\"widget\" data-widget_type=\"text-editor.default\">\n\t\t\t\t<div class=\"elementor-widget-container\">\n\t\t\t\t\t\t\t\t\t<p data-start=\"1270\" data-end=\"1600\">En algunos casos, s\u00ed. Cuando el dolor mandibular est\u00e1 relacionado con una desalineaci\u00f3n de la mordida o una presi\u00f3n desigual sobre las articulaciones, el tratamiento ortod\u00f3ncico puede ayudar a restablecer el equilibrio y reducir la tensi\u00f3n. Nuestro equipo eval\u00faa primero la causa fundamental de tus s\u00edntomas y luego determina si la ortodoncia u otro enfoque terap\u00e9utico ofrecer\u00e1n el alivio m\u00e1s eficaz.  <\/p>\t\t\t\t\t\t\t\t<\/div>\n\t\t\t\t<\/div>\n\t\t\t\t<\/div>\n\t\t\t\t\t<\/details>\n\t\t\t\t\t\t<details id=\"e-n-accordion-item-1402\" class=\"e-n-accordion-item\" >\n\t\t\t\t<summary class=\"e-n-accordion-item-title\" data-accordion-index=\"3\" tabindex=\"-1\" aria-expanded=\"false\" aria-controls=\"e-n-accordion-item-1402\" >\n\t\t\t\t\t<span class='e-n-accordion-item-title-header'><div class=\"e-n-accordion-item-title-text\"> \u00bfQu\u00e9 cambios en el estilo de vida pueden ayudar a reducir las crisis de ATM? <\/div><\/span>\n\t\t\t\t\t\t\t<span class='e-n-accordion-item-title-icon'>\n\t\t\t<span class='e-opened' ><i aria-hidden=\"true\" class=\"fas fa-minus\"><\/i><\/span>\n\t\t\t<span class='e-closed'><i aria-hidden=\"true\" class=\"fas fa-plus\"><\/i><\/span>\n\t\t<\/span>\n\n\t\t\t\t\t\t<\/summary>\n\t\t\t\t<div data-particle_enable=\"false\" data-particle-mobile-disabled=\"false\" role=\"region\" aria-labelledby=\"e-n-accordion-item-1402\" class=\"elementor-element elementor-element-8736c6c e-con-full e-flex e-con e-child\" data-id=\"8736c6c\" data-element_type=\"container\" data-e-type=\"container\">\n\t\t\t\t<div class=\"elementor-element elementor-element-7a5334c8 elementor-widget__width-inherit elementor-widget elementor-widget-text-editor\" data-id=\"7a5334c8\" data-element_type=\"widget\" data-e-type=\"widget\" data-widget_type=\"text-editor.default\">\n\t\t\t\t<div class=\"elementor-widget-container\">\n\t\t\t\t\t\t\t\t\t<p data-start=\"1671\" data-end=\"1780\">Unos peque\u00f1os ajustes pueden suponer una gran diferencia en la sensaci\u00f3n diaria de tu mand\u00edbula. Muchos pacientes encuentran alivio: <\/p><ul><li data-start=\"1783\" data-end=\"1828\">Comer alimentos m\u00e1s blandos durante los episodios dolorosos<\/li><li data-start=\"1831\" data-end=\"1881\">Aplicar compresas calientes para relajar los m\u00fasculos faciales<\/li><li data-start=\"1884\" data-end=\"1923\">Practicar estiramientos lentos y suaves de la mand\u00edbula<\/li><li data-start=\"1926\" data-end=\"2084\">Reducir al m\u00ednimo la apertura amplia de la boca (como cuando te r\u00edes mucho o muerdes mucho)<br data-start=\"1996\" data-end=\"1999\">Estos sencillos h\u00e1bitos pueden ayudar a calmar la inflamaci\u00f3n y evitar el uso excesivo de las articulaciones de la mand\u00edbula.<\/li><\/ul>\t\t\t\t\t\t\t\t<\/div>\n\t\t\t\t<\/div>\n\t\t\t\t<\/div>\n\t\t\t\t\t<\/details>\n\t\t\t\t\t\t<details id=\"e-n-accordion-item-1403\" class=\"e-n-accordion-item\" >\n\t\t\t\t<summary class=\"e-n-accordion-item-title\" data-accordion-index=\"4\" tabindex=\"-1\" aria-expanded=\"false\" aria-controls=\"e-n-accordion-item-1403\" >\n\t\t\t\t\t<span class='e-n-accordion-item-title-header'><div class=\"e-n-accordion-item-title-text\"> \u00bfPuede el estr\u00e9s empeorar realmente el dolor de la ATM? <\/div><\/span>\n\t\t\t\t\t\t\t<span class='e-n-accordion-item-title-icon'>\n\t\t\t<span class='e-opened' ><i aria-hidden=\"true\" class=\"fas fa-minus\"><\/i><\/span>\n\t\t\t<span class='e-closed'><i aria-hidden=\"true\" class=\"fas fa-plus\"><\/i><\/span>\n\t\t<\/span>\n\n\t\t\t\t\t\t<\/summary>\n\t\t\t\t<div data-particle_enable=\"false\" data-particle-mobile-disabled=\"false\" role=\"region\" aria-labelledby=\"e-n-accordion-item-1403\" class=\"elementor-element elementor-element-7e57a27e e-con-full e-flex e-con e-child\" data-id=\"7e57a27e\" data-element_type=\"container\" data-e-type=\"container\">\n\t\t\t\t<div class=\"elementor-element elementor-element-72ab4417 elementor-widget__width-inherit elementor-widget elementor-widget-text-editor\" data-id=\"72ab4417\" data-element_type=\"widget\" data-e-type=\"widget\" data-widget_type=\"text-editor.default\">\n\t\t\t\t<div class=\"elementor-widget-container\">\n\t\t\t\t\t\t\t\t\t<p data-start=\"2140\" data-end=\"2448\">Totalmente. El estr\u00e9s a menudo conduce a apretar o rechinar los dientes, sobre todo por la noche, lo que ejerce una presi\u00f3n adicional sobre la ATM. Incluso la tensi\u00f3n diurna en el cuello y los hombros puede contribuir. Abordar el estr\u00e9s -mediante ejercicios de relajaci\u00f3n, t\u00e9cnicas de respiraci\u00f3n o un protector nocturno- puede reducir significativamente la intensidad de los s\u00edntomas.   <\/p>\t\t\t\t\t\t\t\t<\/div>\n\t\t\t\t<\/div>\n\t\t\t\t<\/div>\n\t\t\t\t\t<\/details>\n\t\t\t\t\t\t<details id=\"e-n-accordion-item-1404\" class=\"e-n-accordion-item\" >\n\t\t\t\t<summary class=\"e-n-accordion-item-title\" data-accordion-index=\"5\" tabindex=\"-1\" aria-expanded=\"false\" aria-controls=\"e-n-accordion-item-1404\" >\n\t\t\t\t\t<span class='e-n-accordion-item-title-header'><div class=\"e-n-accordion-item-title-text\"> \u00bfEl seguro cubre el tratamiento de la ATM? <\/div><\/span>\n\t\t\t\t\t\t\t<span class='e-n-accordion-item-title-icon'>\n\t\t\t<span class='e-opened' ><i aria-hidden=\"true\" class=\"fas fa-minus\"><\/i><\/span>\n\t\t\t<span class='e-closed'><i aria-hidden=\"true\" class=\"fas fa-plus\"><\/i><\/span>\n\t\t<\/span>\n\n\t\t\t\t\t\t<\/summary>\n\t\t\t\t<div data-particle_enable=\"false\" data-particle-mobile-disabled=\"false\" role=\"region\" aria-labelledby=\"e-n-accordion-item-1404\" class=\"elementor-element elementor-element-5560c10a e-con-full e-flex e-con e-child\" data-id=\"5560c10a\" data-element_type=\"container\" data-e-type=\"container\">\n\t\t\t\t<div class=\"elementor-element elementor-element-6f28ab3b elementor-widget__width-inherit elementor-widget elementor-widget-text-editor\" data-id=\"6f28ab3b\" data-element_type=\"widget\" data-e-type=\"widget\" data-widget_type=\"text-editor.default\">\n\t\t\t\t<div class=\"elementor-widget-container\">\n\t\t\t\t\t\t\t\t\t<p data-start=\"3195\" data-end=\"3470\">La cobertura var\u00eda mucho de un plan a otro. Algunas p\u00f3lizas de seguro incluyen prestaciones para evaluaciones o aparatos relacionados con la ATM, mientras que otras los clasifican de forma diferente. Durante tu visita, revisaremos la informaci\u00f3n de tu seguro y te ayudaremos a comprender qu\u00e9 opciones se aplican a tu asistencia.  <\/p>\t\t\t\t\t\t\t\t<\/div>\n\t\t\t\t<\/div>\n\t\t\t\t<\/div>\n\t\t\t\t\t<\/details>\n\t\t\t\t\t<\/div>\n\t\t\t\t\t\t<\/div>\n\t\t\t\t<\/div>\n\t\t\t\t\t<\/div>\n\t\t\t\t<\/div>\n\t\t\t\t<\/div>\n\t\t","protected":false},"excerpt":{"rendered":"<p>Tratamiento de la ATM y los TTM para aliviar el dolor de mand\u00edbula Si experimentas molestias frecuentes en la mand\u00edbula, dolores de cabeza o dolor facial, es posible que padezcas un trastorno temporomandibular (TTM), una enfermedad que afecta a las articulaciones temporomandibulares (ATM), que conectan la mand\u00edbula inferior con el cr\u00e1neo. Estas articulaciones son esenciales para funciones cotidianas [&hellip;]<\/p>\n","protected":false},"author":2,"featured_media":0,"parent":0,"menu_order":40,"comment_status":"closed","ping_status":"closed","template":"","meta":{"_seopress_robots_primary_cat":"","_seopress_titles_title":"Bruxism TMD TMJ Treatment Sugar Land TX | Beam Orthodontics","_seopress_titles_desc":"Expert TMJ and TMD treatment relieves jaw pain, headaches, and facial discomfort with personalized care designed to improve jaw function and quality of life.","_seopress_robots_index":"","footnotes":""},"class_list":["post-5929","page","type-page","status-publish"],"_links":{"self":[{"href":"https:\/\/beamorthodonticsinsugarland.com\/es\/wp-json\/wp\/v2\/pages\/5929","targetHints":{"allow":["GET"]}}],"collection":[{"href":"https:\/\/beamorthodonticsinsugarland.com\/es\/wp-json\/wp\/v2\/pages"}],"about":[{"href":"https:\/\/beamorthodonticsinsugarland.com\/es\/wp-json\/wp\/v2\/types\/page"}],"author":[{"embeddable":true,"href":"https:\/\/beamorthodonticsinsugarland.com\/es\/wp-json\/wp\/v2\/users\/2"}],"replies":[{"embeddable":true,"href":"https:\/\/beamorthodonticsinsugarland.com\/es\/wp-json\/wp\/v2\/comments?post=5929"}],"version-history":[{"count":8,"href":"https:\/\/beamorthodonticsinsugarland.com\/es\/wp-json\/wp\/v2\/pages\/5929\/revisions"}],"predecessor-version":[{"id":7979,"href":"https:\/\/beamorthodonticsinsugarland.com\/es\/wp-json\/wp\/v2\/pages\/5929\/revisions\/7979"}],"wp:attachment":[{"href":"https:\/\/beamorthodonticsinsugarland.com\/es\/wp-json\/wp\/v2\/media?parent=5929"}],"curies":[{"name":"wp","href":"https:\/\/api.w.org\/{rel}","templated":true}]}}