{"id":5931,"date":"2025-06-05T01:31:22","date_gmt":"2025-06-05T01:31:22","guid":{"rendered":"https:\/\/beamorthodonticsinsugarland.com\/tecnologia-avanzada\/"},"modified":"2026-01-05T21:02:10","modified_gmt":"2026-01-05T21:02:10","slug":"tecnologia-avanzada","status":"publish","type":"page","link":"https:\/\/beamorthodonticsinsugarland.com\/es\/tecnologia-avanzada\/","title":{"rendered":"Tecnolog\u00eda avanzada"},"content":{"rendered":"\t\t<div data-elementor-type=\"wp-page\" data-elementor-id=\"5931\" class=\"elementor elementor-5931 elementor-5497\" data-elementor-post-type=\"page\">\n\t\t\t\t<div data-particle_enable=\"false\" data-particle-mobile-disabled=\"false\" class=\"elementor-element elementor-element-83a8bbf e-flex e-con-boxed e-con e-parent\" data-id=\"83a8bbf\" data-element_type=\"container\" data-e-type=\"container\">\n\t\t\t\t\t<div class=\"e-con-inner\">\n\t\t\t\t<div class=\"elementor-element elementor-element-0e7d2d3 elementor-widget elementor-widget-heading\" data-id=\"0e7d2d3\" data-element_type=\"widget\" data-e-type=\"widget\" data-widget_type=\"heading.default\">\n\t\t\t\t<div class=\"elementor-widget-container\">\n\t\t\t\t\t<h1 class=\"elementor-heading-title elementor-size-default\">Tecnolog\u00eda ortod\u00f3ncica avanzada<\/h1>\t\t\t\t<\/div>\n\t\t\t\t<\/div>\n\t\t\t\t\t<\/div>\n\t\t\t\t<\/div>\n\t\t\t\t<section data-particle_enable=\"false\" data-particle-mobile-disabled=\"false\" class=\"elementor-section elementor-top-section elementor-element elementor-element-1e4fb4f2 elementor-section-content-middle elementor-section-boxed elementor-section-height-default elementor-section-height-default\" data-id=\"1e4fb4f2\" data-element_type=\"section\" data-e-type=\"section\">\n\t\t\t\t\t\t<div class=\"elementor-container elementor-column-gap-default\">\n\t\t\t\t\t<div class=\"elementor-column elementor-col-50 elementor-top-column elementor-element elementor-element-2c066d03\" data-id=\"2c066d03\" data-element_type=\"column\" data-e-type=\"column\">\n\t\t\t<div class=\"elementor-widget-wrap elementor-element-populated\">\n\t\t\t\t\t\t<div class=\"elementor-element elementor-element-30904d68 elementor-widget elementor-widget-text-editor\" data-id=\"30904d68\" data-element_type=\"widget\" data-e-type=\"widget\" data-widget_type=\"text-editor.default\">\n\t\t\t\t<div class=\"elementor-widget-container\">\n\t\t\t\t\t\t\t\t\t<div id=\"output\" class=\"page-generator__output js-generator-output\"><p data-start=\"497\" data-end=\"1049\">En Ortodoncia Beam, la tecnolog\u00eda ortod\u00f3ncica avanzada desempe\u00f1a un papel clave en la creaci\u00f3n de una experiencia m\u00e1s c\u00f3moda, precisa y agradable para cada paciente, desde ni\u00f1os a adolescentes y adultos que inician el viaje de su sonrisa. Las herramientas que utilizamos nos ayudan a ofrecer una mayor precisi\u00f3n, una comunicaci\u00f3n m\u00e1s clara y citas m\u00e1s fluidas, al tiempo que respaldan la atenci\u00f3n personalizada por la que somos conocidos. Cuando entres en nuestra consulta, te dar\u00e1s cuenta enseguida de c\u00f3mo nuestros sistemas digitales y nuestro moderno entorno colaboran para que cada visita sea m\u00e1s eficaz y relajante.  <\/p><h2 data-start=\"1056\" data-end=\"1087\">Esc\u00e1ner digital iTero Lumina<\/h2><p data-start=\"1089\" data-end=\"1438\">Nuestra consulta utiliza el esc\u00e1ner digital iTero Lumina, una de las \u00faltimas innovaciones en imagen ortod\u00f3ncica. En lugar de las impresiones tradicionales que dependen de materiales sucios, este esc\u00e1ner captura modelos digitales 3D muy detallados en cuesti\u00f3n de segundos. El resultado es una experiencia m\u00e1s limpia, r\u00e1pida y c\u00f3moda para pacientes de todas las edades.  <\/p><p data-start=\"1440\" data-end=\"1751\">Esta tecnolog\u00eda permite una planificaci\u00f3n precisa de una amplia gama de tratamientos, como los alineadores transparentes Invisalign, la ortodoncia temprana y el tratamiento de adultos. El esc\u00e1ner tambi\u00e9n te permite ver una detallada vista previa digital de tu sonrisa, ayud\u00e1ndote a visualizar tus posibles resultados antes incluso de que empiece el tratamiento. <\/p><h3 data-start=\"1753\" data-end=\"1793\">Ventajas del esc\u00e1ner iTero Lumina<\/h3><ul><li data-start=\"1796\" data-end=\"1826\">Sin material de impresi\u00f3n pegajoso<\/li><li data-start=\"1829\" data-end=\"1873\">Citas m\u00e1s r\u00e1pidas y mayor precisi\u00f3n<\/li><li data-start=\"1876\" data-end=\"1927\">Im\u00e1genes claras y en tiempo real para mejorar el diagn\u00f3stico<\/li><li data-start=\"1930\" data-end=\"2004\">Planificaci\u00f3n mejorada del tratamiento para Invisalign y otras opciones de ortodoncia<\/li><li data-start=\"2007\" data-end=\"2066\">Una experiencia m\u00e1s c\u00f3moda para ni\u00f1os, adolescentes y adultos<\/li><\/ul><h2 data-start=\"2073\" data-end=\"2099\">Radiograf\u00edas digitales de baja dosis<\/h2><p data-start=\"2101\" data-end=\"2428\">Tu seguridad est\u00e1 en el centro de todo lo que hacemos. Nuestro sistema digital de rayos X de baja dosis proporciona im\u00e1genes de alta resoluci\u00f3n utilizando mucha menos radiaci\u00f3n que los m\u00e9todos tradicionales de obtenci\u00f3n de im\u00e1genes. Estas im\u00e1genes claras y detalladas nos permiten evaluar la alineaci\u00f3n de los dientes, la estructura \u00f3sea y el desarrollo de la mand\u00edbula con una precisi\u00f3n excepcional.  <\/p><p data-start=\"2430\" data-end=\"2817\">Las radiograf\u00edas digitales nos ayudan a diagnosticar cuidadosamente las necesidades ortod\u00f3ncicas y a crear planes de tratamiento individualizados y adaptados a cada paciente, ya sea un tratamiento precoz para ni\u00f1os, aparatos para adolescentes o soluciones est\u00e9ticas para adultos. Como las im\u00e1genes est\u00e1n disponibles al instante, podemos revisarlas contigo durante tu cita, haciendo que el proceso sea m\u00e1s f\u00e1cil de entender y m\u00e1s colaborativo. <\/p><h3 data-start=\"2819\" data-end=\"2859\">Por qu\u00e9 son importantes las radiograf\u00edas digitales de baja dosis<\/h3><ul><li data-start=\"2862\" data-end=\"2888\">Menor exposici\u00f3n a la radiaci\u00f3n<\/li><li data-start=\"2891\" data-end=\"2919\">Im\u00e1genes r\u00e1pidas y c\u00f3modas<\/li><li data-start=\"2922\" data-end=\"2963\">Mayor claridad para un diagn\u00f3stico preciso<\/li><li data-start=\"2966\" data-end=\"3018\">Resultados inmediatos que mantienen la eficacia de las citas<\/li><li data-start=\"3021\" data-end=\"3065\">Valioso para controlar el progreso del tratamiento<\/li><\/ul><h2 data-start=\"3072\" data-end=\"3115\">Invisalign y opciones de tratamiento est\u00e9tico<\/h2><p data-start=\"3117\" data-end=\"3504\">Hoy en d\u00eda, muchos pacientes buscan opciones de ortodoncia eficaces pero discretas, y estamos orgullosos de ofrecer los alineadores transparentes Invisalign como parte de nuestro enfoque est\u00e9tico prioritario. Invisalign permite a adolescentes y adultos mejorar su sonrisa sin el aspecto ni la sensaci\u00f3n de los aparatos tradicionales. Los alineadores son suaves, extra\u00edbles y casi invisibles, lo que los hace ideales para el trabajo, la escuela y la vida cotidiana.  <\/p><p data-start=\"3506\" data-end=\"3752\">Los alineadores transparentes se dise\u00f1an a medida mediante escaneado digital para garantizar un ajuste seguro y unos resultados predecibles. Adem\u00e1s de Invisalign, ofrecemos varias opciones de tratamiento est\u00e9tico que combinan comodidad, conveniencia y dise\u00f1o ortod\u00f3ncico avanzado. <\/p><h3 data-start=\"3754\" data-end=\"3797\">\u00bfQu\u00e9 hace que Invisalign sea una opci\u00f3n popular?<\/h3><ul><li data-start=\"3800\" data-end=\"3828\">Aspecto claro y discreto<\/li><li data-start=\"3831\" data-end=\"3882\">Extra\u00edble para las comidas, el cepillado y eventos especiales<\/li><li data-start=\"3885\" data-end=\"3928\">Dise\u00f1o suave y c\u00f3modo para llevar a diario<\/li><li data-start=\"3931\" data-end=\"4002\">Eficaz para adolescentes y adultos con una amplia gama de necesidades ortod\u00f3ncicas<\/li><li data-start=\"4005\" data-end=\"4061\">Planes de tratamiento personalizados guiados por im\u00e1genes digitales<\/li><\/ul><h2 data-start=\"4068\" data-end=\"4093\">Consulta totalmente digital<\/h2><p data-start=\"4095\" data-end=\"4346\">Beam Orthodontics se compromete a ofrecer una experiencia moderna y sin fisuras mediante un flujo de trabajo totalmente digital. Desde el registro hasta la planificaci\u00f3n del tratamiento y la comunicaci\u00f3n, nuestros sistemas digitales nos ayudan a mantenernos organizados, eficientes y receptivos a tus necesidades. <\/p><p data-start=\"4348\" data-end=\"4411\">Cada paso de tu visita cuenta con el apoyo de la tecnolog\u00eda integrada:<\/p><h3 data-start=\"4413\" data-end=\"4463\">Una oficina digital dise\u00f1ada para tu comodidad<\/h3><ul><li data-start=\"4466\" data-end=\"4494\">Facturaci\u00f3n digital eficiente<\/li><li data-start=\"4497\" data-end=\"4532\">Historiales electr\u00f3nicos seguros de los pacientes<\/li><li data-start=\"4535\" data-end=\"4565\">Im\u00e1genes digitales de alta calidad<\/li><li data-start=\"4568\" data-end=\"4620\">Planes de tratamiento personalizados mediante programas inform\u00e1ticos avanzados<\/li><li data-start=\"4623\" data-end=\"4676\">Comunicaci\u00f3n racionalizada y recordatorios de citas<\/li><\/ul><p data-start=\"4678\" data-end=\"4836\">Este ecosistema digital garantiza que tu atenci\u00f3n no s\u00f3lo sea precisa, sino tambi\u00e9n fluida, predecible y sin estr\u00e9s, haciendo que cada visita te resulte m\u00e1s f\u00e1cil de principio a fin.<\/p><\/div>\t\t\t\t\t\t\t\t<\/div>\n\t\t\t\t<\/div>\n\t\t\t\t\t<\/div>\n\t\t<\/div>\n\t\t\t\t<div class=\"elementor-column elementor-col-50 elementor-top-column elementor-element elementor-element-6ff31528\" data-id=\"6ff31528\" data-element_type=\"column\" data-e-type=\"column\" data-settings=\"{&quot;background_background&quot;:&quot;classic&quot;}\">\n\t\t\t<div class=\"elementor-widget-wrap elementor-element-populated\">\n\t\t\t\t\t\t<div class=\"elementor-element elementor-element-293ad9b elementor-widget elementor-widget-heading\" data-id=\"293ad9b\" data-element_type=\"widget\" data-e-type=\"widget\" data-widget_type=\"heading.default\">\n\t\t\t\t<div class=\"elementor-widget-container\">\n\t\t\t\t\t<h3 class=\"elementor-heading-title elementor-size-default\">Mejora de la experiencia del paciente<\/h3>\t\t\t\t<\/div>\n\t\t\t\t<\/div>\n\t\t\t\t<section data-particle_enable=\"false\" data-particle-mobile-disabled=\"false\" class=\"elementor-section elementor-inner-section elementor-element elementor-element-fe8633c elementor-section-boxed elementor-section-height-default elementor-section-height-default\" data-id=\"fe8633c\" data-element_type=\"section\" data-e-type=\"section\">\n\t\t\t\t\t\t<div class=\"elementor-container elementor-column-gap-default\">\n\t\t\t\t\t<div class=\"elementor-column elementor-col-50 elementor-inner-column elementor-element elementor-element-2a3a4ef5\" data-id=\"2a3a4ef5\" data-element_type=\"column\" data-e-type=\"column\">\n\t\t\t<div class=\"elementor-widget-wrap elementor-element-populated\">\n\t\t\t\t\t\t<div class=\"elementor-element elementor-element-65fe66ca elementor-view-default elementor-position-block-start elementor-mobile-position-block-start elementor-widget elementor-widget-icon-box\" data-id=\"65fe66ca\" data-element_type=\"widget\" data-e-type=\"widget\" data-widget_type=\"icon-box.default\">\n\t\t\t\t<div class=\"elementor-widget-container\">\n\t\t\t\t\t\t\t<div class=\"elementor-icon-box-wrapper\">\n\n\t\t\t\t\t\t<div class=\"elementor-icon-box-icon\">\n\t\t\t\t<span  class=\"elementor-icon\">\n\t\t\t\t<i aria-hidden=\"true\" class=\"fas fa-check-double\"><\/i>\t\t\t\t<\/span>\n\t\t\t<\/div>\n\t\t\t\n\t\t\t\t\t\t<div class=\"elementor-icon-box-content\">\n\n\t\t\t\t\t\t\t\t\t<h3 class=\"elementor-icon-box-title\">\n\t\t\t\t\t\t<span  >\n\t\t\t\t\t\t\tResultados m\u00e1s precisos\t\t\t\t\t\t<\/span>\n\t\t\t\t\t<\/h3>\n\t\t\t\t\n\t\t\t\t\t\t\t\t\t<p class=\"elementor-icon-box-description\">\n\t\t\t\t\t\t\n\t\t\t\t\t<\/p>\n\t\t\t\t\n\t\t\t<\/div>\n\t\t\t\n\t\t<\/div>\n\t\t\t\t\t\t<\/div>\n\t\t\t\t<\/div>\n\t\t\t\t\t<\/div>\n\t\t<\/div>\n\t\t\t\t<div class=\"elementor-column elementor-col-50 elementor-inner-column elementor-element elementor-element-7b1d4d11\" data-id=\"7b1d4d11\" data-element_type=\"column\" data-e-type=\"column\">\n\t\t\t<div class=\"elementor-widget-wrap elementor-element-populated\">\n\t\t\t\t\t\t<div class=\"elementor-element elementor-element-6992b114 elementor-view-default elementor-position-block-start elementor-mobile-position-block-start elementor-widget elementor-widget-icon-box\" data-id=\"6992b114\" data-element_type=\"widget\" data-e-type=\"widget\" data-widget_type=\"icon-box.default\">\n\t\t\t\t<div class=\"elementor-widget-container\">\n\t\t\t\t\t\t\t<div class=\"elementor-icon-box-wrapper\">\n\n\t\t\t\t\t\t<div class=\"elementor-icon-box-icon\">\n\t\t\t\t<span  class=\"elementor-icon\">\n\t\t\t\t<i aria-hidden=\"true\" class=\"fas fa-hand-holding-medical\"><\/i>\t\t\t\t<\/span>\n\t\t\t<\/div>\n\t\t\t\n\t\t\t\t\t\t<div class=\"elementor-icon-box-content\">\n\n\t\t\t\t\t\t\t\t\t<h3 class=\"elementor-icon-box-title\">\n\t\t\t\t\t\t<span  >\n\t\t\t\t\t\t\tNiveles de radiaci\u00f3n m\u00e1s bajos\t\t\t\t\t\t<\/span>\n\t\t\t\t\t<\/h3>\n\t\t\t\t\n\t\t\t\t\n\t\t\t<\/div>\n\t\t\t\n\t\t<\/div>\n\t\t\t\t\t\t<\/div>\n\t\t\t\t<\/div>\n\t\t\t\t\t<\/div>\n\t\t<\/div>\n\t\t\t\t\t<\/div>\n\t\t<\/section>\n\t\t\t\t<section data-particle_enable=\"false\" data-particle-mobile-disabled=\"false\" class=\"elementor-section elementor-inner-section elementor-element elementor-element-2121cf58 elementor-section-boxed elementor-section-height-default elementor-section-height-default\" data-id=\"2121cf58\" data-element_type=\"section\" data-e-type=\"section\">\n\t\t\t\t\t\t<div class=\"elementor-container elementor-column-gap-default\">\n\t\t\t\t\t<div class=\"elementor-column elementor-col-50 elementor-inner-column elementor-element elementor-element-551f5271\" data-id=\"551f5271\" data-element_type=\"column\" data-e-type=\"column\">\n\t\t\t<div class=\"elementor-widget-wrap elementor-element-populated\">\n\t\t\t\t\t\t<div class=\"elementor-element elementor-element-76adf2cd elementor-view-default elementor-position-block-start elementor-mobile-position-block-start elementor-widget elementor-widget-icon-box\" data-id=\"76adf2cd\" data-element_type=\"widget\" data-e-type=\"widget\" data-widget_type=\"icon-box.default\">\n\t\t\t\t<div class=\"elementor-widget-container\">\n\t\t\t\t\t\t\t<div class=\"elementor-icon-box-wrapper\">\n\n\t\t\t\t\t\t<div class=\"elementor-icon-box-icon\">\n\t\t\t\t<span  class=\"elementor-icon\">\n\t\t\t\t<i aria-hidden=\"true\" class=\"fas fa-tooth\"><\/i>\t\t\t\t<\/span>\n\t\t\t<\/div>\n\t\t\t\n\t\t\t\t\t\t<div class=\"elementor-icon-box-content\">\n\n\t\t\t\t\t\t\t\t\t<h3 class=\"elementor-icon-box-title\">\n\t\t\t\t\t\t<span  >\n\t\t\t\t\t\t\tPlanificaci\u00f3n m\u00e1s f\u00e1cil del tratamiento\t\t\t\t\t\t<\/span>\n\t\t\t\t\t<\/h3>\n\t\t\t\t\n\t\t\t\t\n\t\t\t<\/div>\n\t\t\t\n\t\t<\/div>\n\t\t\t\t\t\t<\/div>\n\t\t\t\t<\/div>\n\t\t\t\t\t<\/div>\n\t\t<\/div>\n\t\t\t\t<div class=\"elementor-column elementor-col-50 elementor-inner-column elementor-element elementor-element-ed3ac14\" data-id=\"ed3ac14\" data-element_type=\"column\" data-e-type=\"column\">\n\t\t\t<div class=\"elementor-widget-wrap elementor-element-populated\">\n\t\t\t\t\t\t<div class=\"elementor-element elementor-element-1f0c780d elementor-view-default elementor-position-block-start elementor-mobile-position-block-start elementor-widget elementor-widget-icon-box\" data-id=\"1f0c780d\" data-element_type=\"widget\" data-e-type=\"widget\" data-widget_type=\"icon-box.default\">\n\t\t\t\t<div class=\"elementor-widget-container\">\n\t\t\t\t\t\t\t<div class=\"elementor-icon-box-wrapper\">\n\n\t\t\t\t\t\t<div class=\"elementor-icon-box-icon\">\n\t\t\t\t<span  class=\"elementor-icon\">\n\t\t\t\t<i aria-hidden=\"true\" class=\"fas fa-building\"><\/i>\t\t\t\t<\/span>\n\t\t\t<\/div>\n\t\t\t\n\t\t\t\t\t\t<div class=\"elementor-icon-box-content\">\n\n\t\t\t\t\t\t\t\t\t<h3 class=\"elementor-icon-box-title\">\n\t\t\t\t\t\t<span  >\n\t\t\t\t\t\t\tVisitas al consultorio m\u00e1s sencillas\t\t\t\t\t\t<\/span>\n\t\t\t\t\t<\/h3>\n\t\t\t\t\n\t\t\t\t\n\t\t\t<\/div>\n\t\t\t\n\t\t<\/div>\n\t\t\t\t\t\t<\/div>\n\t\t\t\t<\/div>\n\t\t\t\t\t<\/div>\n\t\t<\/div>\n\t\t\t\t\t<\/div>\n\t\t<\/section>\n\t\t\t\t\t<\/div>\n\t\t<\/div>\n\t\t\t\t\t<\/div>\n\t\t<\/section>\n\t\t\t\t<\/div>\n\t\t","protected":false},"excerpt":{"rendered":"<p>Tecnolog\u00eda ortod\u00f3ncica avanzada En Ortodoncia Beam, la tecnolog\u00eda ortod\u00f3ncica avanzada desempe\u00f1a un papel clave en la creaci\u00f3n de una experiencia m\u00e1s c\u00f3moda, precisa y agradable para cada paciente, desde ni\u00f1os a adolescentes y adultos que inician el viaje de su sonrisa. Las herramientas que utilizamos nos ayudan a ofrecer una mayor precisi\u00f3n, una comunicaci\u00f3n m\u00e1s clara y citas [&hellip;]<\/p>\n","protected":false},"author":2,"featured_media":0,"parent":0,"menu_order":21,"comment_status":"closed","ping_status":"closed","template":"","meta":{"_seopress_robots_primary_cat":"","_seopress_titles_title":"Tecnolog\u00eda avanzada de ortodoncia Sugar Land TX | Beam Orthodontics","_seopress_titles_desc":"Beam Orthodontics utiliza tecnolog\u00eda digital avanzada como el escaneado iTero, radiograf\u00edas de baja dosis e Invisalign para ofrecer una atenci\u00f3n precisa, c\u00f3moda y eficaz.","_seopress_robots_index":"","footnotes":""},"class_list":["post-5931","page","type-page","status-publish"],"_links":{"self":[{"href":"https:\/\/beamorthodonticsinsugarland.com\/es\/wp-json\/wp\/v2\/pages\/5931","targetHints":{"allow":["GET"]}}],"collection":[{"href":"https:\/\/beamorthodonticsinsugarland.com\/es\/wp-json\/wp\/v2\/pages"}],"about":[{"href":"https:\/\/beamorthodonticsinsugarland.com\/es\/wp-json\/wp\/v2\/types\/page"}],"author":[{"embeddable":true,"href":"https:\/\/beamorthodonticsinsugarland.com\/es\/wp-json\/wp\/v2\/users\/2"}],"replies":[{"embeddable":true,"href":"https:\/\/beamorthodonticsinsugarland.com\/es\/wp-json\/wp\/v2\/comments?post=5931"}],"version-history":[{"count":2,"href":"https:\/\/beamorthodonticsinsugarland.com\/es\/wp-json\/wp\/v2\/pages\/5931\/revisions"}],"predecessor-version":[{"id":6977,"href":"https:\/\/beamorthodonticsinsugarland.com\/es\/wp-json\/wp\/v2\/pages\/5931\/revisions\/6977"}],"wp:attachment":[{"href":"https:\/\/beamorthodonticsinsugarland.com\/es\/wp-json\/wp\/v2\/media?parent=5931"}],"curies":[{"name":"wp","href":"https:\/\/api.w.org\/{rel}","templated":true}]}}