{"id":5932,"date":"2025-06-19T22:07:33","date_gmt":"2025-06-19T22:07:33","guid":{"rendered":"https:\/\/beamorthodonticsinsugarland.com\/blog\/"},"modified":"2025-07-01T01:17:47","modified_gmt":"2025-07-01T01:17:47","slug":"blog","status":"publish","type":"page","link":"https:\/\/beamorthodonticsinsugarland.com\/es\/blog\/","title":{"rendered":"Blog"},"content":{"rendered":"\t\t<div data-elementor-type=\"wp-page\" data-elementor-id=\"5932\" class=\"elementor elementor-5932 elementor-5878\" data-elementor-post-type=\"page\">\n\t\t\t\t<div data-particle_enable=\"false\" data-particle-mobile-disabled=\"false\" class=\"elementor-element elementor-element-f804cd5 e-flex e-con-boxed e-con e-parent\" data-id=\"f804cd5\" data-element_type=\"container\" data-e-type=\"container\">\n\t\t\t\t\t<div class=\"e-con-inner\">\n\t\t\t\t<div class=\"elementor-element elementor-element-ec616f8 elementor-widget elementor-widget-text-editor\" data-id=\"ec616f8\" data-element_type=\"widget\" data-e-type=\"widget\" data-widget_type=\"text-editor.default\">\n\t\t\t\t<div class=\"elementor-widget-container\">\n\t\t\t\t\t\t\t\t\t<p>Explora consejos de expertos, historias de sonrisas y las \u00faltimas actualizaciones de Beam Orthodontics. Nuestro blog est\u00e1 aqu\u00ed para mantenerte informado, inspirado y sonriente en cada paso del camino.<\/p>\t\t\t\t\t\t\t\t<\/div>\n\t\t\t\t<\/div>\n\t\t\t\t\t<\/div>\n\t\t\t\t<\/div>\n\t\t<div data-particle_enable=\"false\" data-particle-mobile-disabled=\"false\" class=\"elementor-element elementor-element-e358868 e-flex e-con-boxed e-con e-parent\" data-id=\"e358868\" data-element_type=\"container\" data-e-type=\"container\">\n\t\t\t\t\t<div class=\"e-con-inner\">\n\t\t\t\t<div class=\"elementor-element elementor-element-cce87ef elementor-grid-3 elementor-grid-tablet-2 elementor-grid-mobile-1 elementor-posts--thumbnail-top elementor-card-shadow-yes elementor-posts__hover-gradient elementor-widget elementor-widget-posts\" data-id=\"cce87ef\" data-element_type=\"widget\" data-e-type=\"widget\" data-settings=\"{&quot;pagination_type&quot;:&quot;numbers&quot;,&quot;cards_columns&quot;:&quot;3&quot;,&quot;cards_columns_tablet&quot;:&quot;2&quot;,&quot;cards_columns_mobile&quot;:&quot;1&quot;,&quot;cards_row_gap&quot;:{&quot;unit&quot;:&quot;px&quot;,&quot;size&quot;:35,&quot;sizes&quot;:[]},&quot;cards_row_gap_tablet&quot;:{&quot;unit&quot;:&quot;px&quot;,&quot;size&quot;:&quot;&quot;,&quot;sizes&quot;:[]},&quot;cards_row_gap_mobile&quot;:{&quot;unit&quot;:&quot;px&quot;,&quot;size&quot;:&quot;&quot;,&quot;sizes&quot;:[]}}\" data-widget_type=\"posts.cards\">\n\t\t\t\t<div class=\"elementor-widget-container\">\n\t\t\t\t\t\t\t<div class=\"elementor-posts-container elementor-posts elementor-posts--skin-cards elementor-grid\" role=\"list\">\n\t\t\t\t<article class=\"elementor-post elementor-grid-item post-5924 post type-post status-publish format-standard has-post-thumbnail\" role=\"listitem\">\n\t\t\t<div class=\"elementor-post__card\">\n\t\t\t\t<a class=\"elementor-post__thumbnail__link\" href=\"https:\/\/beamorthodonticsinsugarland.com\/es\/por-que-los-7-anos-son-importantes-para-las-evaluaciones-ortodoncicas\/\" tabindex=\"-1\" ><div class=\"elementor-post__thumbnail\"><img fetchpriority=\"high\" decoding=\"async\" width=\"1080\" height=\"1080\" src=\"https:\/\/beamorthodonticsinsugarland.com\/wp-content\/uploads\/2024\/02\/7-1.jpg\" class=\"attachment-full size-full wp-image-5925\" alt=\"Kid Beam Orthodontics in Sugar Land, TX\" srcset=\"https:\/\/beamorthodonticsinsugarland.com\/wp-content\/uploads\/2024\/02\/7-1.jpg 1080w, https:\/\/beamorthodonticsinsugarland.com\/wp-content\/uploads\/2024\/02\/7-1-300x300.jpg 300w, https:\/\/beamorthodonticsinsugarland.com\/wp-content\/uploads\/2024\/02\/7-1-1024x1024.jpg 1024w, https:\/\/beamorthodonticsinsugarland.com\/wp-content\/uploads\/2024\/02\/7-1-150x150.jpg 150w, https:\/\/beamorthodonticsinsugarland.com\/wp-content\/uploads\/2024\/02\/7-1-768x768.jpg 768w\" sizes=\"(max-width: 1080px) 100vw, 1080px\" \/><\/div><\/a>\n\t\t\t\t<div class=\"elementor-post__text\">\n\t\t\t\t<h3 class=\"elementor-post__title\">\n\t\t\t<a href=\"https:\/\/beamorthodonticsinsugarland.com\/es\/por-que-los-7-anos-son-importantes-para-las-evaluaciones-ortodoncicas\/\" >\n\t\t\t\tPor qu\u00e9 los 7 a\u00f1os son importantes para las evaluaciones ortod\u00f3ncicas\t\t\t<\/a>\n\t\t<\/h3>\n\t\t\t\t<div class=\"elementor-post__excerpt\">\n\t\t\t<p>Por qu\u00e9 los 7 a\u00f1os son importantes para las evaluaciones ortod\u00f3ncicas Atenci\u00f3n Ortod\u00f3ncica Temprana en Sugar Land, Richmond, Rosenberg y Houston, TX En Beam Orthodontics de Sugar Land, una de las preguntas m\u00e1s frecuentes que escuchamos de los padres es:\u00ab\u00bfCu\u00e1ndo debo llevar a mi hijo a ver a un ortodoncista?\u00bbSeg\u00fan la Asociaci\u00f3n Americana de Ortodoncistas, la respuesta podr\u00eda<\/p>\n\t\t<\/div>\n\t\t\n\t\t<a class=\"elementor-post__read-more\" href=\"https:\/\/beamorthodonticsinsugarland.com\/es\/por-que-los-7-anos-son-importantes-para-las-evaluaciones-ortodoncicas\/\" aria-label=\"M\u00e1s informaci\u00f3n sobre Por qu\u00e9 los 7 a\u00f1os son importantes para las evaluaciones ortod\u00f3ncicas\" tabindex=\"-1\" >\n\t\t\tSigue leyendo \"\t\t<\/a>\n\n\t\t\t\t<\/div>\n\t\t\t\t\t<\/div>\n\t\t<\/article>\n\t\t\t\t<article class=\"elementor-post elementor-grid-item post-6325 post type-post status-publish format-standard has-post-thumbnail category-blog-es\" role=\"listitem\">\n\t\t\t<div class=\"elementor-post__card\">\n\t\t\t\t<a class=\"elementor-post__thumbnail__link\" href=\"https:\/\/beamorthodonticsinsugarland.com\/es\/por-que-beam-orthodontics-es-el-mejor-ortodoncista-en-sugar-land\/\" tabindex=\"-1\" ><div class=\"elementor-post__thumbnail\"><img decoding=\"async\" width=\"1920\" height=\"1372\" src=\"https:\/\/beamorthodonticsinsugarland.com\/wp-content\/uploads\/2025\/05\/beam-ortho-team-01.jpg\" class=\"attachment-full size-full wp-image-6007\" alt=\"Team Beam Orthodontics in Sugar Land, TX\" srcset=\"https:\/\/beamorthodonticsinsugarland.com\/wp-content\/uploads\/2025\/05\/beam-ortho-team-01.jpg 1920w, https:\/\/beamorthodonticsinsugarland.com\/wp-content\/uploads\/2025\/05\/beam-ortho-team-01-300x214.jpg 300w, https:\/\/beamorthodonticsinsugarland.com\/wp-content\/uploads\/2025\/05\/beam-ortho-team-01-1024x732.jpg 1024w, https:\/\/beamorthodonticsinsugarland.com\/wp-content\/uploads\/2025\/05\/beam-ortho-team-01-768x549.jpg 768w, https:\/\/beamorthodonticsinsugarland.com\/wp-content\/uploads\/2025\/05\/beam-ortho-team-01-1536x1098.jpg 1536w\" sizes=\"(max-width: 1920px) 100vw, 1920px\" \/><\/div><\/a>\n\t\t\t\t<div class=\"elementor-post__text\">\n\t\t\t\t<h3 class=\"elementor-post__title\">\n\t\t\t<a href=\"https:\/\/beamorthodonticsinsugarland.com\/es\/por-que-beam-orthodontics-es-el-mejor-ortodoncista-en-sugar-land\/\" >\n\t\t\t\tPor qu\u00e9 Beam Orthodontics es el mejor ortodoncista en Sugar Land\t\t\t<\/a>\n\t\t<\/h3>\n\t\t\t\t<div class=\"elementor-post__excerpt\">\n\t\t\t<p>Por qu\u00e9 Beam Orthodontics es el mejor ortodoncista en Sugar Land Encontrar al ortodoncista adecuado es una gran decisi\u00f3n, sobre todo cuando se trata de la sonrisa de tu hijo o de la tuya propia. En Sugar Land, Texas, las familias tienen muchas opciones, pero hay un consultorio que siempre destaca: &nbsp;Beam Orthodontics. He aqu\u00ed por qu\u00e9 Beam<\/p>\n\t\t<\/div>\n\t\t\n\t\t<a class=\"elementor-post__read-more\" href=\"https:\/\/beamorthodonticsinsugarland.com\/es\/por-que-beam-orthodontics-es-el-mejor-ortodoncista-en-sugar-land\/\" aria-label=\"M\u00e1s informaci\u00f3n sobre Por qu\u00e9 Beam Orthodontics es el mejor ortodoncista en Sugar Land\" tabindex=\"-1\" >\n\t\t\tSigue leyendo \"\t\t<\/a>\n\n\t\t\t\t<\/div>\n\t\t\t\t\t<\/div>\n\t\t<\/article>\n\t\t\t\t<article class=\"elementor-post elementor-grid-item post-6351 post type-post status-publish format-standard has-post-thumbnail category-blog-es\" role=\"listitem\">\n\t\t\t<div class=\"elementor-post__card\">\n\t\t\t\t<a class=\"elementor-post__thumbnail__link\" href=\"https:\/\/beamorthodonticsinsugarland.com\/es\/invisalign-vs-aparatos-ortopedicos-cual-es-el-mas-adecuado-para-ti-o-para-tu-hijo\/\" tabindex=\"-1\" ><div class=\"elementor-post__thumbnail\"><img decoding=\"async\" width=\"2560\" height=\"1920\" src=\"https:\/\/beamorthodonticsinsugarland.com\/wp-content\/uploads\/2025\/07\/BEAM-ORTHODONTICS-IN-SUGAR-LAND--scaled.jpg\" class=\"attachment-full size-full wp-image-6349\" alt=\"\" srcset=\"https:\/\/beamorthodonticsinsugarland.com\/wp-content\/uploads\/2025\/07\/BEAM-ORTHODONTICS-IN-SUGAR-LAND--scaled.jpg 2560w, https:\/\/beamorthodonticsinsugarland.com\/wp-content\/uploads\/2025\/07\/BEAM-ORTHODONTICS-IN-SUGAR-LAND--300x225.jpg 300w, https:\/\/beamorthodonticsinsugarland.com\/wp-content\/uploads\/2025\/07\/BEAM-ORTHODONTICS-IN-SUGAR-LAND--1024x768.jpg 1024w, https:\/\/beamorthodonticsinsugarland.com\/wp-content\/uploads\/2025\/07\/BEAM-ORTHODONTICS-IN-SUGAR-LAND--768x576.jpg 768w, https:\/\/beamorthodonticsinsugarland.com\/wp-content\/uploads\/2025\/07\/BEAM-ORTHODONTICS-IN-SUGAR-LAND--1536x1152.jpg 1536w, https:\/\/beamorthodonticsinsugarland.com\/wp-content\/uploads\/2025\/07\/BEAM-ORTHODONTICS-IN-SUGAR-LAND--2048x1536.jpg 2048w\" sizes=\"(max-width: 2560px) 100vw, 2560px\" \/><\/div><\/a>\n\t\t\t\t<div class=\"elementor-post__text\">\n\t\t\t\t<h3 class=\"elementor-post__title\">\n\t\t\t<a href=\"https:\/\/beamorthodonticsinsugarland.com\/es\/invisalign-vs-aparatos-ortopedicos-cual-es-el-mas-adecuado-para-ti-o-para-tu-hijo\/\" >\n\t\t\t\tInvisalign vs. Aparatos ortop\u00e9dicos: \u00bfCu\u00e1l es el m\u00e1s adecuado para ti o para tu hijo?\t\t\t<\/a>\n\t\t<\/h3>\n\t\t\t\t<div class=\"elementor-post__excerpt\">\n\t\t\t<p>Invisalign vs. Aparatos ortop\u00e9dicos: \u00bfCu\u00e1l es el m\u00e1s adecuado para ti o para tu hijo?Cuidado Ortod\u00f3ntico Experto en Sugar Land, Richmond, Rosenberg, y Houston, TXCuando se trata de enderezar los dientes y mejorar la mordida, dos de las opciones de tratamiento m\u00e1s populares son los alineadores transparentes Invisalign y los aparatos tradicionales. En Beam Orthodontics de Sugar Land,<\/p>\n\t\t<\/div>\n\t\t\n\t\t<a class=\"elementor-post__read-more\" href=\"https:\/\/beamorthodonticsinsugarland.com\/es\/invisalign-vs-aparatos-ortopedicos-cual-es-el-mas-adecuado-para-ti-o-para-tu-hijo\/\" aria-label=\"M\u00e1s informaci\u00f3n sobre Invisalign vs. Aparatos ortop\u00e9dicos: \u00bfCu\u00e1l es el m\u00e1s adecuado para ti o para tu hijo?\" tabindex=\"-1\" >\n\t\t\tSigue leyendo \"\t\t<\/a>\n\n\t\t\t\t<\/div>\n\t\t\t\t\t<\/div>\n\t\t<\/article>\n\t\t\t\t<article class=\"elementor-post elementor-grid-item post-6475 post type-post status-publish format-standard has-post-thumbnail category-blog-es\" role=\"listitem\">\n\t\t\t<div class=\"elementor-post__card\">\n\t\t\t\t<a class=\"elementor-post__thumbnail__link\" href=\"https:\/\/beamorthodonticsinsugarland.com\/es\/que-esperar-de-tu-primera-visita-ortodoncica\/\" tabindex=\"-1\" ><div class=\"elementor-post__thumbnail\"><img loading=\"lazy\" decoding=\"async\" width=\"2560\" height=\"1920\" src=\"https:\/\/beamorthodonticsinsugarland.com\/wp-content\/uploads\/2025\/07\/BEAM-ORTHODONTICS-IN-SUGAR-LAND-1-scaled.jpg\" class=\"attachment-full size-full wp-image-6360\" alt=\"\" srcset=\"https:\/\/beamorthodonticsinsugarland.com\/wp-content\/uploads\/2025\/07\/BEAM-ORTHODONTICS-IN-SUGAR-LAND-1-scaled.jpg 2560w, https:\/\/beamorthodonticsinsugarland.com\/wp-content\/uploads\/2025\/07\/BEAM-ORTHODONTICS-IN-SUGAR-LAND-1-300x225.jpg 300w, https:\/\/beamorthodonticsinsugarland.com\/wp-content\/uploads\/2025\/07\/BEAM-ORTHODONTICS-IN-SUGAR-LAND-1-1024x768.jpg 1024w, https:\/\/beamorthodonticsinsugarland.com\/wp-content\/uploads\/2025\/07\/BEAM-ORTHODONTICS-IN-SUGAR-LAND-1-768x576.jpg 768w, https:\/\/beamorthodonticsinsugarland.com\/wp-content\/uploads\/2025\/07\/BEAM-ORTHODONTICS-IN-SUGAR-LAND-1-1536x1152.jpg 1536w, https:\/\/beamorthodonticsinsugarland.com\/wp-content\/uploads\/2025\/07\/BEAM-ORTHODONTICS-IN-SUGAR-LAND-1-2048x1536.jpg 2048w\" sizes=\"(max-width: 2560px) 100vw, 2560px\" \/><\/div><\/a>\n\t\t\t\t<div class=\"elementor-post__text\">\n\t\t\t\t<h3 class=\"elementor-post__title\">\n\t\t\t<a href=\"https:\/\/beamorthodonticsinsugarland.com\/es\/que-esperar-de-tu-primera-visita-ortodoncica\/\" >\n\t\t\t\tQu\u00e9 esperar de tu primera visita ortod\u00f3ncica\t\t\t<\/a>\n\t\t<\/h3>\n\t\t\t\t<div class=\"elementor-post__excerpt\">\n\t\t\t<p>Qu\u00e9 a Espera En tu primera vez Ortopedia VisitaPor Beam Ortodoncia- Tu Ortodoncistade Confianza en Sugar Land, TXCuando se trata de tu sonrisa -o de la de tu hijo-, elegir al ortodoncistaadecuado puede parecer una gran decisi\u00f3n. Tanto si est\u00e1s considerando los alineadores transparentes como los aparatos tradicionales, esa primera cita es un gran paso. En Beam Ortodonciacreemos<\/p>\n\t\t<\/div>\n\t\t\n\t\t<a class=\"elementor-post__read-more\" href=\"https:\/\/beamorthodonticsinsugarland.com\/es\/que-esperar-de-tu-primera-visita-ortodoncica\/\" aria-label=\"M\u00e1s informaci\u00f3n sobre Qu\u00e9 esperar de tu primera visita ortod\u00f3ncica\" tabindex=\"-1\" >\n\t\t\tSigue leyendo \"\t\t<\/a>\n\n\t\t\t\t<\/div>\n\t\t\t\t\t<\/div>\n\t\t<\/article>\n\t\t\t\t<article class=\"elementor-post elementor-grid-item post-6524 post type-post status-publish format-standard category-blog-es\" role=\"listitem\">\n\t\t\t<div class=\"elementor-post__card\">\n\t\t\t\t<div class=\"elementor-post__text\">\n\t\t\t\t<h3 class=\"elementor-post__title\">\n\t\t\t<a href=\"https:\/\/beamorthodonticsinsugarland.com\/es\/senales-de-que-tu-hijo-podria-necesitar-ortodoncia-antes-de-tiempo\/\" >\n\t\t\t\tSe\u00f1ales de que tu hijo podr\u00eda necesitar ortodoncia antes de tiempo\t\t\t<\/a>\n\t\t<\/h3>\n\t\t\t\t<div class=\"elementor-post__excerpt\">\n\t\t\t<p>Se\u00f1ales de que tu hijo podr\u00eda necesitar ortodoncia antes de tiempo By Beam Orthodontics - Cuidado Ortod\u00f3ntico Pedi\u00e1trico Experto en Sugar Land, TX Como padre, quieres hacer todo lo posible para que tu hijo crezca sano y seguro de s\u00ed mismo, y eso incluye su sonrisa. Pero, \u00bfc\u00f3mo sabes cu\u00e1ndo ha llegado el momento de consultar a un<\/p>\n\t\t<\/div>\n\t\t\n\t\t<a class=\"elementor-post__read-more\" href=\"https:\/\/beamorthodonticsinsugarland.com\/es\/senales-de-que-tu-hijo-podria-necesitar-ortodoncia-antes-de-tiempo\/\" aria-label=\"M\u00e1s informaci\u00f3n sobre Se\u00f1ales de que tu hijo podr\u00eda necesitar ortodoncia antes de tiempo\" tabindex=\"-1\" >\n\t\t\tSigue leyendo \"\t\t<\/a>\n\n\t\t\t\t<\/div>\n\t\t\t\t\t<\/div>\n\t\t<\/article>\n\t\t\t\t<article class=\"elementor-post elementor-grid-item post-6574 post type-post status-publish format-standard has-post-thumbnail category-blog-es\" role=\"listitem\">\n\t\t\t<div class=\"elementor-post__card\">\n\t\t\t\t<a class=\"elementor-post__thumbnail__link\" href=\"https:\/\/beamorthodonticsinsugarland.com\/es\/invisalign-first-para-ninos\/\" tabindex=\"-1\" ><div class=\"elementor-post__thumbnail\"><img loading=\"lazy\" decoding=\"async\" width=\"800\" height=\"800\" src=\"https:\/\/beamorthodonticsinsugarland.com\/wp-content\/uploads\/2025\/08\/227499-Rev-A-Window-cling-invisalign-for-kids.jpg\" class=\"attachment-full size-full wp-image-6535\" alt=\"\" srcset=\"https:\/\/beamorthodonticsinsugarland.com\/wp-content\/uploads\/2025\/08\/227499-Rev-A-Window-cling-invisalign-for-kids.jpg 800w, https:\/\/beamorthodonticsinsugarland.com\/wp-content\/uploads\/2025\/08\/227499-Rev-A-Window-cling-invisalign-for-kids-300x300.jpg 300w, https:\/\/beamorthodonticsinsugarland.com\/wp-content\/uploads\/2025\/08\/227499-Rev-A-Window-cling-invisalign-for-kids-150x150.jpg 150w, https:\/\/beamorthodonticsinsugarland.com\/wp-content\/uploads\/2025\/08\/227499-Rev-A-Window-cling-invisalign-for-kids-768x768.jpg 768w\" sizes=\"(max-width: 800px) 100vw, 800px\" \/><\/div><\/a>\n\t\t\t\t<div class=\"elementor-post__text\">\n\t\t\t\t<h3 class=\"elementor-post__title\">\n\t\t\t<a href=\"https:\/\/beamorthodonticsinsugarland.com\/es\/invisalign-first-para-ninos\/\" >\n\t\t\t\tInvisalign First para ni\u00f1os\t\t\t<\/a>\n\t\t<\/h3>\n\t\t\t\t<div class=\"elementor-post__excerpt\">\n\t\t\t<p>Invisalign First para ni\u00f1os: atenci\u00f3n ortod\u00f3ncica temprana con alineadores transparentes Si tu hijo tiene entre 6 y 10 a\u00f1os y te han dicho que puede necesitar ortodoncia, quiz\u00e1 te preguntes: \u00bfEs Invisalign una opci\u00f3n a esta edad? La respuesta es s\u00ed. Invisalign First est\u00e1 especialmente dise\u00f1ado para tratar sonrisas j\u00f3venes, guiando suavemente el crecimiento de la mand\u00edbula y<\/p>\n\t\t<\/div>\n\t\t\n\t\t<a class=\"elementor-post__read-more\" href=\"https:\/\/beamorthodonticsinsugarland.com\/es\/invisalign-first-para-ninos\/\" aria-label=\"M\u00e1s informaci\u00f3n sobre Invisalign First para ni\u00f1os\" tabindex=\"-1\" >\n\t\t\tSigue leyendo \"\t\t<\/a>\n\n\t\t\t\t<\/div>\n\t\t\t\t\t<\/div>\n\t\t<\/article>\n\t\t\t\t<\/div>\n\t\t\n\t\t\t\t<div class=\"e-load-more-anchor\" data-page=\"1\" data-max-page=\"2\" data-next-page=\"https:\/\/beamorthodonticsinsugarland.com\/es\/wp-json\/wp\/v2\/pages\/5932\/page\/2\/\"><\/div>\n\t\t\t\t<nav class=\"elementor-pagination\" aria-label=\"Paginaci\u00f3n\">\n\t\t\t<span aria-current=\"page\" class=\"page-numbers current\"><span class=\"elementor-screen-only\">P\u00e1gina<\/span>1<\/span>\n<a class=\"page-numbers\" href=\"https:\/\/beamorthodonticsinsugarland.com\/es\/wp-json\/wp\/v2\/pages\/5932\/page\/2\/\"><span class=\"elementor-screen-only\">P\u00e1gina<\/span>2<\/a>\t\t<\/nav>\n\t\t\t\t\t\t<\/div>\n\t\t\t\t<\/div>\n\t\t\t\t\t<\/div>\n\t\t\t\t<\/div>\n\t\t\t\t<\/div>\n\t\t","protected":false},"excerpt":{"rendered":"<p>Explora consejos de expertos, historias de sonrisas y las \u00faltimas actualizaciones de Beam Orthodontics. Nuestro blog est\u00e1 aqu\u00ed para mantenerte informado, inspirado y sonriente en cada paso del camino.<\/p>\n","protected":false},"author":2,"featured_media":0,"parent":0,"menu_order":23,"comment_status":"closed","ping_status":"closed","template":"","meta":{"_seopress_robots_primary_cat":"","_seopress_titles_title":"Blog | Ortodoncia Beam en Sugar Land TX","_seopress_titles_desc":"El blog de Ortodoncia Beam ofrece consejos de expertos, ideas sobre ortodoncia e informaci\u00f3n sobre tratamientos dentales, adem\u00e1s de divertidos eventos para ayudarte a conseguir una sonrisa sana.","_seopress_robots_index":"","footnotes":""},"class_list":["post-5932","page","type-page","status-publish"],"_links":{"self":[{"href":"https:\/\/beamorthodonticsinsugarland.com\/es\/wp-json\/wp\/v2\/pages\/5932","targetHints":{"allow":["GET"]}}],"collection":[{"href":"https:\/\/beamorthodonticsinsugarland.com\/es\/wp-json\/wp\/v2\/pages"}],"about":[{"href":"https:\/\/beamorthodonticsinsugarland.com\/es\/wp-json\/wp\/v2\/types\/page"}],"author":[{"embeddable":true,"href":"https:\/\/beamorthodonticsinsugarland.com\/es\/wp-json\/wp\/v2\/users\/2"}],"replies":[{"embeddable":true,"href":"https:\/\/beamorthodonticsinsugarland.com\/es\/wp-json\/wp\/v2\/comments?post=5932"}],"version-history":[{"count":1,"href":"https:\/\/beamorthodonticsinsugarland.com\/es\/wp-json\/wp\/v2\/pages\/5932\/revisions"}],"predecessor-version":[{"id":5934,"href":"https:\/\/beamorthodonticsinsugarland.com\/es\/wp-json\/wp\/v2\/pages\/5932\/revisions\/5934"}],"wp:attachment":[{"href":"https:\/\/beamorthodonticsinsugarland.com\/es\/wp-json\/wp\/v2\/media?parent=5932"}],"curies":[{"name":"wp","href":"https:\/\/api.w.org\/{rel}","templated":true}]}}