{"id":5935,"date":"2025-06-05T01:30:50","date_gmt":"2025-06-05T01:30:50","guid":{"rendered":"https:\/\/beamorthodonticsinsugarland.com\/conoce-al-dr-rodriguez\/"},"modified":"2026-04-12T12:32:12","modified_gmt":"2026-04-12T12:32:12","slug":"conoce-al-dr-rodriguez","status":"publish","type":"page","link":"https:\/\/beamorthodonticsinsugarland.com\/es\/conoce-al-dr-rodriguez\/","title":{"rendered":"Conoce al Dr. Rodr\u00edguez"},"content":{"rendered":"\t\t<div data-elementor-type=\"wp-page\" data-elementor-id=\"5935\" class=\"elementor elementor-5935 elementor-5495\" data-elementor-post-type=\"page\">\n\t\t\t\t<div data-particle_enable=\"false\" data-particle-mobile-disabled=\"false\" class=\"elementor-element elementor-element-28bc060 e-flex e-con-boxed e-con e-parent\" data-id=\"28bc060\" data-element_type=\"container\" data-e-type=\"container\">\n\t\t\t\t\t<div class=\"e-con-inner\">\n\t\t\t\t<div class=\"elementor-element elementor-element-48a32f6 elementor-widget elementor-widget-heading\" data-id=\"48a32f6\" data-element_type=\"widget\" data-e-type=\"widget\" data-widget_type=\"heading.default\">\n\t\t\t\t<div class=\"elementor-widget-container\">\n\t\t\t\t\t<h1 class=\"elementor-heading-title elementor-size-default\">Ortodoncista Dr. Sebastian Rodriguez en Sugar Land, TX<\/h1>\t\t\t\t<\/div>\n\t\t\t\t<\/div>\n\t\t\t\t\t<\/div>\n\t\t\t\t<\/div>\n\t\t<div data-particle_enable=\"false\" data-particle-mobile-disabled=\"false\" class=\"elementor-element elementor-element-9b51952 e-flex e-con-boxed e-con e-parent\" data-id=\"9b51952\" data-element_type=\"container\" data-e-type=\"container\">\n\t\t\t\t\t<div class=\"e-con-inner\">\n\t\t<div data-particle_enable=\"false\" data-particle-mobile-disabled=\"false\" class=\"elementor-element elementor-element-490c01f e-con-full e-flex e-con e-child\" data-id=\"490c01f\" data-element_type=\"container\" data-e-type=\"container\">\n\t\t\t\t<div class=\"elementor-element elementor-element-7932efd elementor-widget elementor-widget-image\" data-id=\"7932efd\" data-element_type=\"widget\" data-e-type=\"widget\" data-widget_type=\"image.default\">\n\t\t\t\t<div class=\"elementor-widget-container\">\n\t\t\t\t\t\t\t\t\t\t\t\t\t\t\t<img fetchpriority=\"high\" decoding=\"async\" width=\"800\" height=\"963\" src=\"https:\/\/beamorthodonticsinsugarland.com\/wp-content\/uploads\/2025\/06\/Dr-Rodriguez-851x1024.png\" class=\"attachment-large size-large wp-image-6023\" alt=\"Dr. Sebastian Rodriguez Beam Orthodontics in Sugar Land, TX\" srcset=\"https:\/\/beamorthodonticsinsugarland.com\/wp-content\/uploads\/2025\/06\/Dr-Rodriguez-851x1024.png 851w, https:\/\/beamorthodonticsinsugarland.com\/wp-content\/uploads\/2025\/06\/Dr-Rodriguez-249x300.png 249w, https:\/\/beamorthodonticsinsugarland.com\/wp-content\/uploads\/2025\/06\/Dr-Rodriguez-768x924.png 768w, https:\/\/beamorthodonticsinsugarland.com\/wp-content\/uploads\/2025\/06\/Dr-Rodriguez-1276x1536.png 1276w, https:\/\/beamorthodonticsinsugarland.com\/wp-content\/uploads\/2025\/06\/Dr-Rodriguez-1701x2048.png 1701w, https:\/\/beamorthodonticsinsugarland.com\/wp-content\/uploads\/2025\/06\/Dr-Rodriguez.png 1920w\" sizes=\"(max-width: 800px) 100vw, 800px\" \/>\t\t\t\t\t\t\t\t\t\t\t\t\t\t\t<\/div>\n\t\t\t\t<\/div>\n\t\t\t\t<\/div>\n\t\t<div data-particle_enable=\"false\" data-particle-mobile-disabled=\"false\" class=\"elementor-element elementor-element-1698e2a e-con-full e-flex e-con e-child\" data-id=\"1698e2a\" data-element_type=\"container\" data-e-type=\"container\">\n\t\t\t\t<div class=\"elementor-element elementor-element-30829ed elementor-widget elementor-widget-text-editor\" data-id=\"30829ed\" data-element_type=\"widget\" data-e-type=\"widget\" data-widget_type=\"text-editor.default\">\n\t\t\t\t<div class=\"elementor-widget-container\">\n\t\t\t\t\t\t\t\t\t<h2 data-start=\"215\" data-end=\"296\">Ortodoncista Certificado | Local de Sugar Land | Fundador de Beam Orthodontics<\/h2><p data-start=\"298\" data-end=\"566\">Hola, soy el Dr. Sebasti\u00e1n Rodr\u00edguez, un orgulloso residente de Sugar Land, ortodoncista certificado y fundador de Beam Orthodontics. Empec\u00e9 esta pr\u00e1ctica con un objetivo: ofrecer atenci\u00f3n ortod\u00f3ncica excepcional y personalizada en un espacio que se siente a la vez moderno y acogedor. <\/p><h2 data-start=\"573\" data-end=\"599\">Las bellas sonrisas forman parte de mi historia - y del legado de mi familia<\/h2><p data-start=\"297\" data-end=\"710\">Mi pasi\u00f3n por crear sonrisas bellas y seguras tiene sus ra\u00edces en la familia. Crec\u00ed viendo a mi madre, odontopediatra e investigadora, transformar la vida de los ni\u00f1os sonrisa a sonrisa. A\u00f1os m\u00e1s tarde, me cas\u00e9 con Silvia, prostodoncista, as\u00ed que podr\u00eda decirse que las sonrisas me rodean de verdad. Pero no fueron s\u00f3lo sus caminos los que forjaron el m\u00edo: mi propio viaje ortod\u00f3ncico me dio experiencia de primera mano de lo que puede hacer una sonrisa segura.   <\/p><p data-start=\"712\" data-end=\"890\">Esa fundaci\u00f3n me inspir\u00f3 para convertirme en ortodoncista y dedicar mi carrera a ayudar a los pacientes -ni\u00f1os, adolescentes y adultos- a conseguir sonrisas que est\u00e9n orgullosos de compartir con el mundo.<\/p>\t\t\t\t\t\t\t\t<\/div>\n\t\t\t\t<\/div>\n\t\t\t\t<\/div>\n\t\t\t\t\t<\/div>\n\t\t\t\t<\/div>\n\t\t<div data-particle_enable=\"false\" data-particle-mobile-disabled=\"false\" class=\"elementor-element elementor-element-cb25940 e-flex e-con-boxed e-con e-parent\" data-id=\"cb25940\" data-element_type=\"container\" data-e-type=\"container\">\n\t\t\t\t\t<div class=\"e-con-inner\">\n\t\t\t\t<div class=\"elementor-element elementor-element-a8953b0 elementor-widget elementor-widget-text-editor\" data-id=\"a8953b0\" data-element_type=\"widget\" data-e-type=\"widget\" data-widget_type=\"text-editor.default\">\n\t\t\t\t<div class=\"elementor-widget-container\">\n\t\t\t\t\t\t\t\t\t<h2 data-start=\"913\" data-end=\"953\">Formaci\u00f3n avanzada y atenci\u00f3n ortod\u00f3ncica personalizada<\/h2><p data-start=\"293\" data-end=\"651\">Mi trayectoria en odontolog\u00eda comenz\u00f3 en la Universidad Central de Venezuela, donde obtuve con orgullo mi t\u00edtulo de odont\u00f3loga y me gradu\u00e9 entre el 1% de los mejores de mi promoci\u00f3n. A partir de ah\u00ed, segu\u00ed una formaci\u00f3n especializada avanzada en EE.UU., completando un Certificado postdoctoral en Ortodoncia y un M\u00e1ster en Ciencias Odontol\u00f3gicas en la Universidad de Puerto Rico. <\/p><p data-start=\"653\" data-end=\"1009\">Durante mi residencia en ortodoncia, fui galardonada con el premio Jaime De Jes\u00fas Scholar por mi excelente rendimiento cl\u00ednico y acad\u00e9mico. Mi investigaci\u00f3n obtuvo reconocimiento nacional y fui nominada para el premio Charley Schultz Resident Scholar Award, que celebra la investigaci\u00f3n ortod\u00f3ncica innovadora que da forma al futuro del tratamiento y a los resultados de los pacientes. <\/p><p data-start=\"1011\" data-end=\"1243\">Estoy orgulloso de ser un <a href=\"https:\/\/beamorthodonticsinsugarland.com\/es\/acerca-de-la-certificacion-de-la-junta\/\">Ortodoncista Certificado<\/a> y Diplomado por la Junta Americana de Ortodoncia - una distinci\u00f3n que s\u00f3lo poseen un peque\u00f1o porcentaje de ortodoncistas en los EE.UU., y a\u00fan menos aqu\u00ed en Sugar Land, Texas.<\/p><p data-start=\"1245\" data-end=\"1453\">Mi compromiso de ofrecer una atenci\u00f3n moderna y centrada en el paciente no se limita a la excelencia cl\u00ednica. Tambi\u00e9n he seguido una formaci\u00f3n avanzada en negocios y liderazgo para servir mejor a mis pacientes y a mi comunidad: <\/p><ul data-start=\"1455\" data-end=\"1679\"><li data-start=\"1455\" data-end=\"1551\"><p data-start=\"1457\" data-end=\"1551\">Asisti\u00f3 a la Escuela de Negocios Wharton para cursar el M\u00e1ster en el Negocio de la Ortodoncia<\/p><\/li><li data-start=\"1552\" data-end=\"1679\"><p data-start=\"1554\" data-end=\"1679\">Particip\u00f3 en la Escuela de Negocios Fuqua de la Universidad de Duke como parte del Acelerador de Pr\u00e1cticas Digitales de Align Technology<\/p><\/li><\/ul><p data-start=\"1681\" data-end=\"1930\">Este programa selectivo re\u00fane a ortodoncistas con visi\u00f3n de futuro que est\u00e1n adoptando el futuro de la ortodoncia a trav\u00e9s de la tecnolog\u00eda impulsada por la IA, los flujos de trabajo digitales y una comprensi\u00f3n m\u00e1s profunda de la experiencia del paciente y la innovaci\u00f3n en la consulta.<\/p><p data-start=\"1932\" data-end=\"2138\">Me enorgullece llevar esa visi\u00f3n de nueva generaci\u00f3n a las familias de Sugar Land, combinando atenci\u00f3n personalizada, precisi\u00f3n cl\u00ednica y herramientas de vanguardia para crear sonrisas sanas y seguras, construidas para durar.<\/p><h2 data-start=\"2473\" data-end=\"2515\">Ortodoncia personalizada y tecnol\u00f3gica<\/h2><p data-start=\"243\" data-end=\"479\">En Beam Orthodontics, combinamos el arte del dise\u00f1o de sonrisas con la precisi\u00f3n de la ciencia. Cada plan de tratamiento se fundamenta en t\u00e9cnicas basadas en la evidencia y est\u00e1 impulsado por los \u00faltimos avances en tecnolog\u00eda ortod\u00f3ncica, incluyendo: <\/p><ul data-start=\"481\" data-end=\"701\"><li data-start=\"481\" data-end=\"547\"><p data-start=\"483\" data-end=\"547\"><a href=\"https:\/\/beamorthodonticsinsugarland.com\/es\/tecnologia-avanzada\/\">Escaneado digital 3D<\/a> para impresiones c\u00f3modas y sin complicaciones<\/p><\/li><li data-start=\"548\" data-end=\"627\"><p data-start=\"550\" data-end=\"627\"><a href=\"https:\/\/beamorthodonticsinsugarland.com\/es\/invisalign\/\">Alineadores transparentes Invisalign\u00ae <\/a>para una opci\u00f3n discreta y adaptada a tu estilo de vida<\/p><\/li><li data-start=\"628\" data-end=\"701\"><p data-start=\"630\" data-end=\"701\"><a href=\"https:\/\/beamorthodonticsinsugarland.com\/es\/tipos-de-ortodoncia\/\">Planes de tratamiento personalizados<\/a> adaptados a tu edad, necesidades y objetivos<\/p><\/li><\/ul><p data-start=\"703\" data-end=\"943\">Tanto si tu hijo est\u00e1 empezando con Invisalign First como si eres un adulto dispuesto a invertir en la sonrisa que siempre has deseado, recibir\u00e1s una atenci\u00f3n minuciosa, atenta y completamente personalizada, en cada paso del camino.<\/p><p data-start=\"945\" data-end=\"1032\">Porque en Beam creemos que la tecnolog\u00eda debe mejorar el toque humano, no sustituirlo.<\/p><h2>Ra\u00edces locales, experiencia elevada  <\/h2><p><span style=\"font-weight: 400;\">Sugar Land es m\u00e1s que el lugar donde trabajo; es donde vivo, cr\u00edo a mis hijos e invierto en la comunidad. Por eso he construido Beam Orthodontics para reflejar la experiencia que querr\u00eda para mi propia familia: un espacio elevado, solidario y centrado en las personas, no s\u00f3lo en los dientes. <\/span><\/p><p><span style=\"font-weight: 400;\">Cuando entres por nuestras puertas, encontrar\u00e1s un equipo que conoce tu nombre, celebra tus progresos y est\u00e1 realmente entusiasmado por ayudarte a sonre\u00edr.<\/span><\/p><h2> <\/h2><h2>Empecemos por una consulta con el ortodoncista<\/h2><p><span style=\"font-weight: 400;\">Me encantar\u00eda conocerte y explorar c\u00f3mo podemos crear una sonrisa que est\u00e9s orgullosa de compartir.<\/span><\/p><p><span style=\"font-weight: 400;\">Programa tu consulta gratuita hoy mismo y ven a ver qu\u00e9 se siente cuando la ortodoncia se hace con cuidado, precisi\u00f3n y coraz\u00f3n.<\/span><\/p>\t\t\t\t\t\t\t\t<\/div>\n\t\t\t\t<\/div>\n\t\t\t\t\t<\/div>\n\t\t\t\t<\/div>\n\t\t\t\t<\/div>\n\t\t","protected":false},"excerpt":{"rendered":"<p>Ortodoncista Dr. Sebastian Rodriguez en Sugar Land, TX Ortodoncista Certificado | Local de Sugar Land | Fundador de Beam Orthodontics Hola, soy el Dr. Sebasti\u00e1n Rodr\u00edguez, un orgulloso residente de Sugar Land, ortodoncista certificado y fundador de Beam Orthodontics. Empec\u00e9 esta pr\u00e1ctica con un objetivo: ofrecer atenci\u00f3n ortod\u00f3ncica excepcional y personalizada en un espacio que se siente a [&hellip;]<\/p>\n","protected":false},"author":2,"featured_media":0,"parent":0,"menu_order":16,"comment_status":"closed","ping_status":"closed","template":"","meta":{"_seopress_robots_primary_cat":"","_seopress_titles_title":"Ortodoncista Dr Sebastian Rodriguez Sugar Land TX | Beam Orthodontics","_seopress_titles_desc":"El Dr. Sebasti\u00e1n Rodr\u00edguez, ortodoncista colegiado, combina formaci\u00f3n experta, tecnolog\u00eda avanzada y atenci\u00f3n personalizada para crear sonrisas sanas y bellas.","_seopress_robots_index":"","footnotes":""},"class_list":["post-5935","page","type-page","status-publish"],"_links":{"self":[{"href":"https:\/\/beamorthodonticsinsugarland.com\/es\/wp-json\/wp\/v2\/pages\/5935","targetHints":{"allow":["GET"]}}],"collection":[{"href":"https:\/\/beamorthodonticsinsugarland.com\/es\/wp-json\/wp\/v2\/pages"}],"about":[{"href":"https:\/\/beamorthodonticsinsugarland.com\/es\/wp-json\/wp\/v2\/types\/page"}],"author":[{"embeddable":true,"href":"https:\/\/beamorthodonticsinsugarland.com\/es\/wp-json\/wp\/v2\/users\/2"}],"replies":[{"embeddable":true,"href":"https:\/\/beamorthodonticsinsugarland.com\/es\/wp-json\/wp\/v2\/comments?post=5935"}],"version-history":[{"count":5,"href":"https:\/\/beamorthodonticsinsugarland.com\/es\/wp-json\/wp\/v2\/pages\/5935\/revisions"}],"predecessor-version":[{"id":8050,"href":"https:\/\/beamorthodonticsinsugarland.com\/es\/wp-json\/wp\/v2\/pages\/5935\/revisions\/8050"}],"wp:attachment":[{"href":"https:\/\/beamorthodonticsinsugarland.com\/es\/wp-json\/wp\/v2\/media?parent=5935"}],"curies":[{"name":"wp","href":"https:\/\/api.w.org\/{rel}","templated":true}]}}