{"id":5937,"date":"2022-11-23T19:22:03","date_gmt":"2022-11-23T19:22:03","guid":{"rendered":"https:\/\/beamorthodonticsinsugarland.com\/ortodoncia-quirurgica\/"},"modified":"2025-07-25T16:15:32","modified_gmt":"2025-07-25T16:15:32","slug":"ortodoncia-quirurgica","status":"publish","type":"page","link":"https:\/\/beamorthodonticsinsugarland.com\/es\/ortodoncia-quirurgica\/","title":{"rendered":"Ortodoncia quir\u00fargica"},"content":{"rendered":"\t\t<div data-elementor-type=\"wp-page\" data-elementor-id=\"5937\" class=\"elementor elementor-5937 elementor-4908\" data-elementor-post-type=\"page\">\n\t\t\t\t\t\t<section data-particle_enable=\"false\" data-particle-mobile-disabled=\"false\" class=\"elementor-section elementor-top-section elementor-element elementor-element-e0a9612 elementor-section-boxed elementor-section-height-default elementor-section-height-default\" data-id=\"e0a9612\" data-element_type=\"section\" data-e-type=\"section\">\n\t\t\t\t\t\t<div class=\"elementor-container elementor-column-gap-default\">\n\t\t\t\t\t<div class=\"elementor-column elementor-col-100 elementor-top-column elementor-element elementor-element-fc62694\" data-id=\"fc62694\" data-element_type=\"column\" data-e-type=\"column\">\n\t\t\t<div class=\"elementor-widget-wrap elementor-element-populated\">\n\t\t\t\t\t\t<div class=\"elementor-element elementor-element-23498e9 elementor-widget elementor-widget-heading\" data-id=\"23498e9\" data-element_type=\"widget\" data-e-type=\"widget\" data-widget_type=\"heading.default\">\n\t\t\t\t<div class=\"elementor-widget-container\">\n\t\t\t\t\t<h1 class=\"elementor-heading-title elementor-size-default\">Ortodoncia quir\u00fargica para la alineaci\u00f3n de los maxilares<\/h1>\t\t\t\t<\/div>\n\t\t\t\t<\/div>\n\t\t\t\t<div class=\"elementor-element elementor-element-95d77a4 elementor-widget elementor-widget-text-editor\" data-id=\"95d77a4\" data-element_type=\"widget\" data-e-type=\"widget\" data-widget_type=\"text-editor.default\">\n\t\t\t\t<div class=\"elementor-widget-container\">\n\t\t\t\t\t\t\t\t\t<header class=\"entry-header\"><p data-start=\"258\" data-end=\"518\">A veces, una sonrisa recta requiere algo m\u00e1s que <a href=\"https:\/\/rodriguez.klsite.dev\/braces-houston\/\">ortodoncia<\/a>. La ortodoncia quir\u00fargica, tambi\u00e9n conocida como cirug\u00eda ortogn\u00e1tica, es un procedimiento especializado que se utiliza para corregir la desalineaci\u00f3n de la mand\u00edbula y las irregularidades de la mordida que no pueden resolverse s\u00f3lo con ortodoncia. <\/p><p data-start=\"520\" data-end=\"780\">En Beam Orthodontics, colaboramos estrechamente con cirujanos orales y maxilofaciales de confianza para ofrecer una atenci\u00f3n avanzada que mejore tanto la funci\u00f3n como la est\u00e9tica facial, ayudando a los pacientes a respirar m\u00e1s f\u00e1cilmente, masticar mejor, hablar con m\u00e1s claridad y sonre\u00edr con confianza.<\/p><h2 data-start=\"787\" data-end=\"826\">\u00bfQui\u00e9n puede necesitar cirug\u00eda ortogn\u00e1tica?<\/h2><p data-start=\"828\" data-end=\"949\">La ortodoncia quir\u00fargica suele recomendarse a pacientes adultos que han completado el crecimiento de la mand\u00edbula y experimentan:<\/p><ul data-start=\"951\" data-end=\"1190\"><li data-start=\"951\" data-end=\"1015\"><p data-start=\"953\" data-end=\"1015\">Desalineaci\u00f3n grave de la mordida (sobremordida, prognatismo o mordida abierta)<\/p><\/li><li data-start=\"1016\" data-end=\"1059\"><p data-start=\"1018\" data-end=\"1059\">Dificultad para masticar, morder o hablar<\/p><\/li><li data-start=\"1060\" data-end=\"1094\"><p data-start=\"1062\" data-end=\"1094\">Dolor mandibular cr\u00f3nico o problemas de ATM<\/p><\/li><li data-start=\"1095\" data-end=\"1144\"><p data-start=\"1097\" data-end=\"1144\">Apnea obstructiva del sue\u00f1o o problemas respiratorios<\/p><\/li><li data-start=\"1145\" data-end=\"1190\"><p data-start=\"1147\" data-end=\"1190\">Preocupaci\u00f3n por el equilibrio o la simetr\u00eda facial<\/p><\/li><\/ul><p data-start=\"1192\" data-end=\"1470\">El crecimiento de la mand\u00edbula suele completarse a los 16 a\u00f1os en las mujeres y a los 18 en los hombres, por lo que la cirug\u00eda ortogn\u00e1tica suele reservarse para pacientes adultos. Sin embargo, el tratamiento ortod\u00f3ncico prequir\u00fargico (aparatos de ortodoncia) puede comenzar 1-2 a\u00f1os antes de la cirug\u00eda, incluso si a\u00fan se est\u00e1 produciendo crecimiento. <\/p><h2 data-start=\"1477\" data-end=\"1511\">C\u00f3mo funciona la ortodoncia quir\u00fargica<\/h2><p data-start=\"1513\" data-end=\"1787\">Durante el tratamiento de ortodoncia, si la mordida se desalinea m\u00e1s en vez de mejorar, puede indicar un problema esquel\u00e9tico que los aparatos por s\u00ed solos no pueden solucionar. En estos casos, se recomienda la cirug\u00eda ortogn\u00e1tica para alinear correctamente los maxilares de modo que los dientes puedan encajar de forma natural. <\/p><p data-start=\"1789\" data-end=\"1830\">As\u00ed es como suele desarrollarse el proceso:<\/p><ol data-start=\"1832\" data-end=\"2292\"><li data-start=\"1832\" data-end=\"1891\"><p data-start=\"1835\" data-end=\"1891\">Primero se colocan los brackets para empezar a alinear los dientes.<\/p><\/li><li data-start=\"1892\" data-end=\"1978\"><p data-start=\"1895\" data-end=\"1978\">La cirug\u00eda se programa una vez que los maxilares est\u00e1n listos, normalmente a mitad del tratamiento.<\/p><\/li><li data-start=\"1979\" data-end=\"2095\"><p data-start=\"1982\" data-end=\"2095\">El cirujano oral recoloca la mand\u00edbula, lo que puede implicar moverla hacia delante, hacia atr\u00e1s, hacia arriba o hacia abajo.<\/p><\/li><li data-start=\"2096\" data-end=\"2196\"><p data-start=\"2099\" data-end=\"2196\">Tras la cirug\u00eda, <a href=\"https:\/\/rodriguez.klsite.dev\/orthodontist-sebastian-rodriguez\/\">el Dr. Sebasti\u00e1n Rodr\u00edguez<\/a> afina la mordida con ajustes adicionales mediante aparatos.<\/p><\/li><li data-start=\"2197\" data-end=\"2292\"><p data-start=\"2200\" data-end=\"2292\">Una vez completada la cicatrizaci\u00f3n, se retiran los aparatos y el paciente empieza a llevar un retenedor.<\/p><\/li><\/ol><p data-start=\"2294\" data-end=\"2509\">La cirug\u00eda ortogn\u00e1tica suele durar varias horas y la realiza bajo anestesia general un cirujano oral y maxilofacial experto. El procedimiento espec\u00edfico depende de la estructura de tu mand\u00edbula y de tus objetivos de tratamiento. <\/p><h2 data-start=\"2516\" data-end=\"2549\">Qu\u00e9 esperar durante la recuperaci\u00f3n<\/h2><ul data-start=\"2551\" data-end=\"2766\"><li data-start=\"2551\" data-end=\"2608\"><p data-start=\"2553\" data-end=\"2608\"><strong data-start=\"2553\" data-end=\"2573\">Recuperaci\u00f3n inicial<\/strong>: 2 semanas de baja escolar o laboral<\/p><\/li><li data-start=\"2609\" data-end=\"2643\"><p data-start=\"2611\" data-end=\"2643\"><strong data-start=\"2611\" data-end=\"2627\">Curaci\u00f3n completa<\/strong>: 4 a 8 semanas<\/p><\/li><li data-start=\"2644\" data-end=\"2703\"><p data-start=\"2646\" data-end=\"2703\"><strong data-start=\"2646\" data-end=\"2664\">Retirada de la ortodoncia<\/strong>: Normalmente entre 6 y 12 meses despu\u00e9s de la cirug\u00eda<\/p><\/li><li data-start=\"2704\" data-end=\"2766\"><p data-start=\"2706\" data-end=\"2766\"><strong data-start=\"2706\" data-end=\"2723\">Desgaste del retenedor<\/strong>: Comienza despu\u00e9s de la ortodoncia para mantener los resultados<\/p><\/li><\/ul><p data-start=\"2768\" data-end=\"2998\">La mayor\u00eda de los pacientes consideran que las mejoras funcionales y est\u00e9ticas de la ortodoncia quir\u00fargica les cambian la vida. Una mayor comodidad, un perfil facial m\u00e1s equilibrado y una mejor salud bucodental son s\u00f3lo algunos de los beneficios a largo plazo.<\/p><h2 data-start=\"3005\" data-end=\"3042\">\u00bfEst\u00e1s pensando en la ortodoncia quir\u00fargica?<\/h2><p data-start=\"3044\" data-end=\"3334\">Si te han dicho que la ortodoncia por s\u00ed sola no resolver\u00e1 tus problemas de mordida o mand\u00edbula, estamos aqu\u00ed para ayudarte. <a href=\"https:\/\/rodriguez.klsite.dev\/request-an-appointment\/\">Programa una consulta<\/a> con el Dr. Rodr\u00edguez y determinaremos si la cirug\u00eda ortogn\u00e1tica es adecuada para ti. Tu comodidad, salud y confianza son nuestras m\u00e1ximas prioridades.<\/p><\/header>\t\t\t\t\t\t\t\t<\/div>\n\t\t\t\t<\/div>\n\t\t\t\t\t<\/div>\n\t\t<\/div>\n\t\t\t\t\t<\/div>\n\t\t<\/section>\n\t\t\t\t<\/div>\n\t\t","protected":false},"excerpt":{"rendered":"<p>Ortodoncia quir\u00fargica para la alineaci\u00f3n de los maxilares A veces, una sonrisa recta requiere algo m\u00e1s que ortodoncia. La ortodoncia quir\u00fargica, tambi\u00e9n conocida como cirug\u00eda ortogn\u00e1tica, es un procedimiento especializado que se utiliza para corregir la desalineaci\u00f3n de la mand\u00edbula y las irregularidades de la mordida que no pueden resolverse s\u00f3lo con ortodoncia. En Beam Orthodontics, colaboramos estrechamente [&hellip;]<\/p>\n","protected":false},"author":2,"featured_media":0,"parent":0,"menu_order":49,"comment_status":"closed","ping_status":"closed","template":"","meta":{"_seopress_robots_primary_cat":"","_seopress_titles_title":"Ortodoncia quir\u00fargica Sugar Land TX | Beam Orthodontics","_seopress_titles_desc":"La ortodoncia quir\u00fargica corrige los problemas de alineaci\u00f3n de la mand\u00edbula que los aparatos por s\u00ed solos no pueden solucionar, mejorando la funci\u00f3n de la mordida, el equilibrio facial y la salud bucal con un cuidado experto.","_seopress_robots_index":"","footnotes":""},"class_list":["post-5937","page","type-page","status-publish"],"_links":{"self":[{"href":"https:\/\/beamorthodonticsinsugarland.com\/es\/wp-json\/wp\/v2\/pages\/5937","targetHints":{"allow":["GET"]}}],"collection":[{"href":"https:\/\/beamorthodonticsinsugarland.com\/es\/wp-json\/wp\/v2\/pages"}],"about":[{"href":"https:\/\/beamorthodonticsinsugarland.com\/es\/wp-json\/wp\/v2\/types\/page"}],"author":[{"embeddable":true,"href":"https:\/\/beamorthodonticsinsugarland.com\/es\/wp-json\/wp\/v2\/users\/2"}],"replies":[{"embeddable":true,"href":"https:\/\/beamorthodonticsinsugarland.com\/es\/wp-json\/wp\/v2\/comments?post=5937"}],"version-history":[{"count":4,"href":"https:\/\/beamorthodonticsinsugarland.com\/es\/wp-json\/wp\/v2\/pages\/5937\/revisions"}],"predecessor-version":[{"id":6423,"href":"https:\/\/beamorthodonticsinsugarland.com\/es\/wp-json\/wp\/v2\/pages\/5937\/revisions\/6423"}],"wp:attachment":[{"href":"https:\/\/beamorthodonticsinsugarland.com\/es\/wp-json\/wp\/v2\/media?parent=5937"}],"curies":[{"name":"wp","href":"https:\/\/api.w.org\/{rel}","templated":true}]}}