{"id":5941,"date":"2022-06-03T15:10:45","date_gmt":"2022-06-03T15:10:45","guid":{"rendered":"https:\/\/beamorthodonticsinsugarland.com\/ortodoncia-airway\/"},"modified":"2026-04-21T15:21:08","modified_gmt":"2026-04-21T15:21:08","slug":"ortodoncia-airway","status":"publish","type":"page","link":"https:\/\/beamorthodonticsinsugarland.com\/es\/ortodoncia-airway\/","title":{"rendered":"Ortodoncia Airway"},"content":{"rendered":"\t\t<div data-elementor-type=\"wp-page\" data-elementor-id=\"5941\" class=\"elementor elementor-5941 elementor-4901\" data-elementor-post-type=\"page\">\n\t\t\t\t<div data-particle_enable=\"false\" data-particle-mobile-disabled=\"false\" class=\"elementor-element elementor-element-8840ac4 e-flex e-con-boxed e-con e-parent\" data-id=\"8840ac4\" data-element_type=\"container\" data-e-type=\"container\">\n\t\t\t\t\t<div class=\"e-con-inner\">\n\t\t\t\t<div class=\"elementor-element elementor-element-e015f4a elementor-widget elementor-widget-heading\" data-id=\"e015f4a\" data-element_type=\"widget\" data-e-type=\"widget\" data-widget_type=\"heading.default\">\n\t\t\t\t<div class=\"elementor-widget-container\">\n\t\t\t\t\t<h1 class=\"elementor-heading-title elementor-size-default\">Ortodoncia de v\u00edas respiratorias Para respirar mejor, vivir mejor\n<\/h1>\t\t\t\t<\/div>\n\t\t\t\t<\/div>\n\t\t\t\t<div class=\"elementor-element elementor-element-0dd2495 elementor-widget elementor-widget-text-editor\" data-id=\"0dd2495\" data-element_type=\"widget\" data-e-type=\"widget\" data-widget_type=\"text-editor.default\">\n\t\t\t\t<div class=\"elementor-widget-container\">\n\t\t\t\t\t\t\t\t\t<p data-start=\"271\" data-end=\"580\">En Beam Ortodoncia, creemos que el cuidado ortod\u00f3ncico va m\u00e1s all\u00e1 de unos dientes rectos, se trata de apoyar tu salud y bienestar generales. Por eso nos especializamos en ortodoncia de las v\u00edas respiratorias, un enfoque proactivo que se centra en la relaci\u00f3n entre el desarrollo de la mand\u00edbula, los h\u00e1bitos orales y una respiraci\u00f3n sana. <\/p><p data-start=\"582\" data-end=\"854\">Muchos pacientes, sobre todo los ni\u00f1os, tienen problemas respiratorios que afectan a su calidad del sue\u00f1o, niveles de energ\u00eda, concentraci\u00f3n e incluso crecimiento. Nuestro equipo est\u00e1 formado para identificar los primeros signos de obstrucci\u00f3n de las v\u00edas respiratorias y utilizar t\u00e9cnicas de ortodoncia guiada por el crecimiento para corregirlos. <\/p><h2 data-start=\"861\" data-end=\"892\">\u00bfQu\u00e9 es la ortodoncia de v\u00edas respiratorias?<\/h2><p data-start=\"894\" data-end=\"1286\">La ortodoncia de las v\u00edas respiratorias se refiere a los m\u00e9todos de tratamiento que pretenden mejorar o restablecer una respiraci\u00f3n sana abordando los problemas subyacentes del desarrollo de la mand\u00edbula, la postura de la lengua y la estructura oral. Afecciones como<a href=\"https:\/\/beamorthodonticsinsugarland.com\/es\/apnea-del-sueno\/\"> la apnea obstructiva del sue\u00f1o (AOS<\/a> ) y los trastornos respiratorios del sue\u00f1o (TDS) suelen estar relacionadas con mand\u00edbulas estrechas, v\u00edas respiratorias poco desarrolladas y h\u00e1bitos orales que comprometen el flujo de aire durante el sue\u00f1o. <\/p><p data-start=\"1288\" data-end=\"1475\">Al expandir la mand\u00edbula y crear m\u00e1s espacio para la lengua y los tejidos blandos, podemos ayudar a reducir las obstrucciones de las v\u00edas respiratorias, favoreciendo un sue\u00f1o reparador, una mejor concentraci\u00f3n y una mejora general de la salud.<\/p><h2 data-start=\"1482\" data-end=\"1551\">Comprender la apnea obstructiva del sue\u00f1o y los trastornos respiratorios del sue\u00f1o<\/h2><p data-start=\"1553\" data-end=\"1822\">La apnea obstructiva del sue\u00f1o (AOS) se produce cuando los m\u00fasculos de la garganta, incluidos el paladar blando y la lengua, se relajan durante el sue\u00f1o y bloquean temporalmente las v\u00edas respiratorias. Esto puede causar una respiraci\u00f3n superficial o pausas en la respiraci\u00f3n que se producen entre 5 y 30 veces por hora, lo que provoca: <\/p><ul data-start=\"1824\" data-end=\"2013\"><li data-start=\"1824\" data-end=\"1851\"><p data-start=\"1826\" data-end=\"1851\">Disminuci\u00f3n de los niveles de ox\u00edgeno<\/p><\/li><li data-start=\"1852\" data-end=\"1896\"><p data-start=\"1854\" data-end=\"1896\">Hormonas del estr\u00e9s elevadas (como el cortisol)<\/p><\/li><li data-start=\"1897\" data-end=\"1940\"><p data-start=\"1899\" data-end=\"1940\">Aumento de la frecuencia cardiaca y de la tensi\u00f3n arterial<\/p><\/li><li data-start=\"1941\" data-end=\"2013\"><p data-start=\"1943\" data-end=\"2013\">Interrupciones frecuentes del sue\u00f1o, aunque el paciente no se despierte del todo<\/p><\/li><\/ul><p data-start=\"2015\" data-end=\"2338\">Estas interrupciones impiden un sue\u00f1o profundo y reparador, dejando al organismo en un estado constante de estr\u00e9s. Con el tiempo, la AOS y el SDB est\u00e1n relacionados con la fatiga cr\u00f3nica, la ansiedad, los dolores de cabeza, la depresi\u00f3n, el aumento de peso y enfermedades graves como las cardiopat\u00edas, la hipertensi\u00f3n, la diabetes y el debilitamiento del sistema inmunitario. <\/p>\t\t\t\t\t\t\t\t<\/div>\n\t\t\t\t<\/div>\n\t\t\t\t\t<\/div>\n\t\t\t\t<\/div>\n\t\t<div data-particle_enable=\"false\" data-particle-mobile-disabled=\"false\" class=\"elementor-element elementor-element-4532f1a e-grid e-con-boxed e-con e-parent\" data-id=\"4532f1a\" data-element_type=\"container\" data-e-type=\"container\">\n\t\t\t\t\t<div class=\"e-con-inner\">\n\t\t\t\t<div class=\"elementor-element elementor-element-a9c9ed9 elementor-widget elementor-widget-text-editor\" data-id=\"a9c9ed9\" data-element_type=\"widget\" data-e-type=\"widget\" data-widget_type=\"text-editor.default\">\n\t\t\t\t<div class=\"elementor-widget-container\">\n\t\t\t\t\t\t\t\t\t<h3 data-start=\"2345\" data-end=\"2373\">Signos y s\u00edntomas frecuentes<\/h3><p data-start=\"2375\" data-end=\"2464\">Tanto en ni\u00f1os como en adultos, lo siguiente puede indicar la presencia de <strong data-start=\"2449\" data-end=\"2463\">AOS o SDB<\/strong>:<\/p><ul data-start=\"2466\" data-end=\"2794\"><li data-start=\"2466\" data-end=\"2501\"><p data-start=\"2468\" data-end=\"2501\">Ronquidos fuertes o respiraci\u00f3n bucal<\/p><\/li><li data-start=\"2502\" data-end=\"2538\"><p data-start=\"2504\" data-end=\"2538\">Pausas en la respiraci\u00f3n durante el sue\u00f1o<\/p><\/li><li data-start=\"2539\" data-end=\"2576\"><p data-start=\"2541\" data-end=\"2576\">Sue\u00f1o intranquilo o despertares frecuentes<\/p><\/li><li data-start=\"2577\" data-end=\"2615\"><p data-start=\"2579\" data-end=\"2615\">Somnolencia o irritabilidad diurnas<\/p><\/li><li data-start=\"2616\" data-end=\"2671\"><p data-start=\"2618\" data-end=\"2671\">Dificultad para concentrarse o bajo rendimiento escolar<\/p><\/li><li data-start=\"2672\" data-end=\"2713\"><p data-start=\"2674\" data-end=\"2713\">Problemas de comportamiento, s\u00edntomas similares al TDAH<\/p><\/li><li data-start=\"2714\" data-end=\"2750\"><p data-start=\"2716\" data-end=\"2750\">Enuresis o sudoraci\u00f3n nocturna<\/p><\/li><li data-start=\"2751\" data-end=\"2794\"><p data-start=\"2753\" data-end=\"2794\">Dolores de cabeza, ansiedad o poco aumento de peso<\/p><\/li><\/ul>\t\t\t\t\t\t\t\t<\/div>\n\t\t\t\t<\/div>\n\t\t\t\t<div class=\"elementor-element elementor-element-f319b52 elementor-widget elementor-widget-text-editor\" data-id=\"f319b52\" data-element_type=\"widget\" data-e-type=\"widget\" data-widget_type=\"text-editor.default\">\n\t\t\t\t<div class=\"elementor-widget-container\">\n\t\t\t\t\t\t\t\t\t<h3 data-start=\"2801\" data-end=\"2835\">\u00bfQu\u00e9 causa la obstrucci\u00f3n de las v\u00edas respiratorias?<\/h3><p data-start=\"2837\" data-end=\"2910\">Varios factores pueden provocar una respiraci\u00f3n restringida durante el sue\u00f1o, entre ellos<\/p><ul data-start=\"2912\" data-end=\"3101\"><li data-start=\"2912\" data-end=\"2944\"><p data-start=\"2914\" data-end=\"2944\">Am\u00edgdalas o adenoides agrandadas<\/p><\/li><li data-start=\"2945\" data-end=\"2988\"><p data-start=\"2947\" data-end=\"2988\">Ligamento lingual (restricci\u00f3n del movimiento de la lengua)<\/p><\/li><li data-start=\"2989\" data-end=\"3039\"><p data-start=\"2991\" data-end=\"3039\">Mand\u00edbulas estrechas o estructura facial poco desarrollada<\/p><\/li><li data-start=\"3040\" data-end=\"3072\"><p data-start=\"3042\" data-end=\"3072\">Mand\u00edbulas superior o inferior empotradas<\/p><\/li><li data-start=\"3073\" data-end=\"3101\"><p data-start=\"3075\" data-end=\"3101\">Obesidad (en casos de adultos)<\/p><\/li><\/ul>\t\t\t\t\t\t\t\t<\/div>\n\t\t\t\t<\/div>\n\t\t\t\t\t<\/div>\n\t\t\t\t<\/div>\n\t\t<div data-particle_enable=\"false\" data-particle-mobile-disabled=\"false\" class=\"elementor-element elementor-element-3640f61 e-flex e-con-boxed e-con e-parent\" data-id=\"3640f61\" data-element_type=\"container\" data-e-type=\"container\">\n\t\t\t\t\t<div class=\"e-con-inner\">\n\t\t\t\t<div class=\"elementor-element elementor-element-d2697e5 elementor-widget elementor-widget-text-editor\" data-id=\"d2697e5\" data-element_type=\"widget\" data-e-type=\"widget\" data-widget_type=\"text-editor.default\">\n\t\t\t\t<div class=\"elementor-widget-container\">\n\t\t\t\t\t\t\t\t\t<h2 data-start=\"3108\" data-end=\"3128\">Opciones de tratamiento ortod\u00f3ncico<\/h2><p data-start=\"3130\" data-end=\"3266\">Adoptamos un enfoque integral y centrado en el crecimiento para tratar los problemas de las v\u00edas respiratorias, especialmente en los pacientes m\u00e1s j\u00f3venes. El tratamiento puede incluir: <\/p><ul data-start=\"3268\" data-end=\"3586\"><li data-start=\"3268\" data-end=\"3361\"><p data-start=\"3270\" data-end=\"3361\">Extirpaci\u00f3n de tejidos obstructivos (por ejemplo, am\u00edgdalas o adenoides) para restablecer la respiraci\u00f3n nasal<\/p><\/li><li data-start=\"3362\" data-end=\"3496\"><p data-start=\"3364\" data-end=\"3496\">Ortodoncia guiada por el crecimiento para expandir los maxilares estrechos, avanzar la posici\u00f3n de la mand\u00edbula y crear m\u00e1s espacio en las v\u00edas respiratorias y para la lengua.<\/p><\/li><li data-start=\"3497\" data-end=\"3586\"><p data-start=\"3499\" data-end=\"3586\">Intervenci\u00f3n ortod\u00f3ncica precoz para guiar el desarrollo de la mand\u00edbula antes de que surjan problemas mayores<\/p><\/li><\/ul><p data-start=\"3588\" data-end=\"3741\">Estas t\u00e9cnicas no s\u00f3lo favorecen una respiraci\u00f3n m\u00e1s sana, sino que tambi\u00e9n pueden reducir o eliminar la necesidad de utilizar m\u00e1quinas de CPAP o intervenciones quir\u00fargicas en etapas posteriores de la vida.<\/p><h2 data-start=\"3748\" data-end=\"3790\">\u00bfCu\u00e1ndo debes programar una evaluaci\u00f3n?<\/h2><p data-start=\"3792\" data-end=\"4058\">La evaluaci\u00f3n precoz es clave. Muchos problemas relacionados con las v\u00edas respiratorias se tratan mejor hacia los 6 \u00f3 7 a\u00f1os, cuando la mand\u00edbula a\u00fan se est\u00e1 desarrollando. Identificar y tratar los problemas precozmente puede preparar a tu hijo para dormir mejor, crecer con m\u00e1s fuerza y mejorar su aprendizaje y comportamiento.  <\/p><p data-start=\"4060\" data-end=\"4337\">Si t\u00fa o tu hijo experiment\u00e1is s\u00edntomas de AOS o SDB, te animamos a que te pongas en contacto con nuestra consulta para una <a href=\"https:\/\/beamorthodonticsinsugarland.com\/es\/pide-una-cita\/\">consulta gratuita sobre las v\u00edas respiratorias<\/a>. Evaluaremos tu respiraci\u00f3n, estructura mandibular y salud general para determinar el mejor tratamiento. <\/p>\t\t\t\t\t\t\t\t<\/div>\n\t\t\t\t<\/div>\n\t\t\t\t\t<\/div>\n\t\t\t\t<\/div>\n\t\t\t\t<\/div>\n\t\t","protected":false},"excerpt":{"rendered":"<p>Ortodoncia de v\u00edas respiratorias Para respirar mejor, vivir mejor En Beam Ortodoncia, creemos que el cuidado ortod\u00f3ncico va m\u00e1s all\u00e1 de unos dientes rectos, se trata de apoyar tu salud y bienestar generales. Por eso nos especializamos en ortodoncia de las v\u00edas respiratorias, un enfoque proactivo que se centra en la relaci\u00f3n entre el desarrollo de la mand\u00edbula, [&hellip;]<\/p>\n","protected":false},"author":2,"featured_media":0,"parent":0,"menu_order":53,"comment_status":"closed","ping_status":"closed","template":"","meta":{"_seopress_robots_primary_cat":"","_seopress_titles_title":"Airway Orthodontics Treatment Sugar Land TX | Beam Orthodontics","_seopress_titles_desc":"Airway orthodontics treats sleep apnea and breathing issues by improving jaw development and airway health for better sleep and overall wellness.","_seopress_robots_index":"","_seopress_analysis_target_kw":"","footnotes":""},"class_list":["post-5941","page","type-page","status-publish"],"_links":{"self":[{"href":"https:\/\/beamorthodonticsinsugarland.com\/es\/wp-json\/wp\/v2\/pages\/5941","targetHints":{"allow":["GET"]}}],"collection":[{"href":"https:\/\/beamorthodonticsinsugarland.com\/es\/wp-json\/wp\/v2\/pages"}],"about":[{"href":"https:\/\/beamorthodonticsinsugarland.com\/es\/wp-json\/wp\/v2\/types\/page"}],"author":[{"embeddable":true,"href":"https:\/\/beamorthodonticsinsugarland.com\/es\/wp-json\/wp\/v2\/users\/2"}],"replies":[{"embeddable":true,"href":"https:\/\/beamorthodonticsinsugarland.com\/es\/wp-json\/wp\/v2\/comments?post=5941"}],"version-history":[{"count":5,"href":"https:\/\/beamorthodonticsinsugarland.com\/es\/wp-json\/wp\/v2\/pages\/5941\/revisions"}],"predecessor-version":[{"id":8104,"href":"https:\/\/beamorthodonticsinsugarland.com\/es\/wp-json\/wp\/v2\/pages\/5941\/revisions\/8104"}],"wp:attachment":[{"href":"https:\/\/beamorthodonticsinsugarland.com\/es\/wp-json\/wp\/v2\/media?parent=5941"}],"curies":[{"name":"wp","href":"https:\/\/api.w.org\/{rel}","templated":true}]}}