{"id":5946,"date":"2017-02-13T12:02:16","date_gmt":"2017-02-13T12:02:16","guid":{"rendered":"https:\/\/beamorthodonticsinsugarland.com\/pide-una-cita\/"},"modified":"2026-03-12T15:57:55","modified_gmt":"2026-03-12T15:57:55","slug":"pide-una-cita","status":"publish","type":"page","link":"https:\/\/beamorthodonticsinsugarland.com\/es\/pide-una-cita\/","title":{"rendered":"Pide una cita"},"content":{"rendered":"\t\t<div data-elementor-type=\"wp-page\" data-elementor-id=\"5946\" class=\"elementor elementor-5946 elementor-1591\" data-elementor-post-type=\"page\">\n\t\t\t\t<div data-particle_enable=\"false\" data-particle-mobile-disabled=\"false\" class=\"elementor-element elementor-element-9e1c85c e-flex e-con-boxed e-con e-parent\" data-id=\"9e1c85c\" data-element_type=\"container\" data-e-type=\"container\">\n\t\t\t\t\t<div class=\"e-con-inner\">\n\t\t\t\t<div class=\"elementor-element elementor-element-cda3867 elementor-widget elementor-widget-heading\" data-id=\"cda3867\" data-element_type=\"widget\" data-e-type=\"widget\" data-widget_type=\"heading.default\">\n\t\t\t\t<div class=\"elementor-widget-container\">\n\t\t\t\t\t<h1 class=\"elementor-heading-title elementor-size-default\">Programa una cita en Beam Orthodontics<\/h1>\t\t\t\t<\/div>\n\t\t\t\t<\/div>\n\t\t\t\t<div class=\"elementor-element elementor-element-145440c elementor-widget elementor-widget-text-editor\" data-id=\"145440c\" data-element_type=\"widget\" data-e-type=\"widget\" data-widget_type=\"text-editor.default\">\n\t\t\t\t<div class=\"elementor-widget-container\">\n\t\t\t\t\t\t\t\t\t<p data-start=\"209\" data-end=\"346\">\u00bfEst\u00e1s preparado para dar el primer paso hacia una sonrisa sana y segura? Haz clic en el bot\u00f3n de abajo para concertar tu primera cita online. <\/p><p data-start=\"348\" data-end=\"555\">Facilitamos la integraci\u00f3n de la ortodoncia en tu ajetreada vida con horarios flexibles y una comunicaci\u00f3n moderna. Nuestro equipo est\u00e1 aqu\u00ed para ayudarte a iniciar el viaje de tu sonrisa en tus propios t\u00e9rminos y plazos. <\/p>\t\t\t\t\t\t\t\t<\/div>\n\t\t\t\t<\/div>\n\t\t\t\t<div class=\"elementor-element elementor-element-03cfa46 elementor-align-center elementor-widget elementor-widget-button\" data-id=\"03cfa46\" data-element_type=\"widget\" data-e-type=\"widget\" data-widget_type=\"button.default\">\n\t\t\t\t<div class=\"elementor-widget-container\">\n\t\t\t\t\t\t\t\t\t<div class=\"elementor-button-wrapper\">\n\t\t\t\t\t<a class=\"elementor-button elementor-button-link elementor-size-sm\" href=\"https:\/\/app.nexhealth.com\/appt\/beam-orthodontics\">\n\t\t\t\t\t\t<span class=\"elementor-button-content-wrapper\">\n\t\t\t\t\t\t\t\t\t<span class=\"elementor-button-text\">Haz clic aqu\u00ed para programar en l\u00ednea<\/span>\n\t\t\t\t\t<\/span>\n\t\t\t\t\t<\/a>\n\t\t\t\t<\/div>\n\t\t\t\t\t\t\t\t<\/div>\n\t\t\t\t<\/div>\n\t\t\t\t<div class=\"elementor-element elementor-element-f9a948c elementor-widget elementor-widget-text-editor\" data-id=\"f9a948c\" data-element_type=\"widget\" data-e-type=\"widget\" data-widget_type=\"text-editor.default\">\n\t\t\t\t<div class=\"elementor-widget-container\">\n\t\t\t\t\t\t\t\t\t<p>\u00bfTienes preguntas o quieres que te llame un miembro de nuestro equipo? Rellena el siguiente formulario y un miembro de nuestro equipo se pondr\u00e1 en contacto contigo. <\/p>\t\t\t\t\t\t\t\t<\/div>\n\t\t\t\t<\/div>\n\t\t<div data-particle_enable=\"false\" data-particle-mobile-disabled=\"false\" class=\"elementor-element elementor-element-41d8652 e-flex e-con-boxed e-con e-child\" data-id=\"41d8652\" data-element_type=\"container\" data-e-type=\"container\" data-settings=\"{&quot;background_background&quot;:&quot;classic&quot;}\">\n\t\t\t\t\t<div class=\"e-con-inner\">\n\t\t\t\t<div class=\"elementor-element elementor-element-f2852e3 elementor-widget__width-inherit elementor-widget elementor-widget-heading\" data-id=\"f2852e3\" data-element_type=\"widget\" data-e-type=\"widget\" data-widget_type=\"heading.default\">\n\t\t\t\t<div class=\"elementor-widget-container\">\n\t\t\t\t\t<h3 class=\"elementor-heading-title elementor-size-default\">Pide una cita<\/h3>\t\t\t\t<\/div>\n\t\t\t\t<\/div>\n\t\t\t\t<div class=\"elementor-element elementor-element-090d1c7 elementor-button-align-end elementor-widget__width-inherit elementor-widget elementor-widget-form\" data-id=\"090d1c7\" data-element_type=\"widget\" data-e-type=\"widget\" data-settings=\"{&quot;step_next_label&quot;:&quot;Siguiente&quot;,&quot;step_previous_label&quot;:&quot;Anterior&quot;,&quot;button_width&quot;:&quot;100&quot;,&quot;step_type&quot;:&quot;number_text&quot;,&quot;step_icon_shape&quot;:&quot;circle&quot;}\" data-widget_type=\"form.default\">\n\t\t\t\t<div class=\"elementor-widget-container\">\n\t\t\t\t\t\t\t<form class=\"elementor-form\" method=\"post\" name=\"Solicita una Cita\" aria-label=\"Solicita una Cita\">\n\t\t\t<input type=\"hidden\" name=\"post_id\" value=\"5946\"\/>\n\t\t\t<input type=\"hidden\" name=\"form_id\" value=\"090d1c7\"\/>\n\t\t\t<input type=\"hidden\" name=\"referer_title\" value=\"Pide una cita\" \/>\n\n\t\t\t\t\t\t\t<input type=\"hidden\" name=\"queried_id\" value=\"5946\"\/>\n\t\t\t\n\t\t\t<div class=\"elementor-form-fields-wrapper elementor-labels-above\">\n\t\t\t\t\t\t\t\t<div class=\"elementor-field-type-text elementor-field-group elementor-column elementor-field-group-name elementor-col-100 elementor-field-required elementor-mark-required\">\n\t\t\t\t\t\t\t\t\t\t\t\t<label for=\"form-field-name\" class=\"elementor-field-label\">\n\t\t\t\t\t\t\t\tNombre del paciente\t\t\t\t\t\t\t<\/label>\n\t\t\t\t\t\t\t\t\t\t\t\t\t\t<input size=\"1\" type=\"text\" name=\"form_fields[name]\" id=\"form-field-name\" class=\"elementor-field elementor-size-sm  elementor-field-textual\" placeholder=\"Nombre y apellidos\" required=\"required\">\n\t\t\t\t\t\t\t\t\t\t\t<\/div>\n\t\t\t\t\t\t\t\t<div class=\"elementor-field-type-text elementor-field-group elementor-column elementor-field-group-email elementor-col-100 elementor-field-required elementor-mark-required\">\n\t\t\t\t\t\t\t\t\t\t\t\t<label for=\"form-field-email\" class=\"elementor-field-label\">\n\t\t\t\t\t\t\t\tFecha de nacimiento del paciente\t\t\t\t\t\t\t<\/label>\n\t\t\t\t\t\t\t\t\t\t\t\t\t\t<input size=\"1\" type=\"text\" name=\"form_fields[email]\" id=\"form-field-email\" class=\"elementor-field elementor-size-sm  elementor-field-textual\" required=\"required\">\n\t\t\t\t\t\t\t\t\t\t\t<\/div>\n\t\t\t\t\t\t\t\t<div class=\"elementor-field-type-text elementor-field-group elementor-column elementor-field-group-field_128b01d elementor-col-100\">\n\t\t\t\t\t\t\t\t\t\t\t\t<label for=\"form-field-field_128b01d\" class=\"elementor-field-label\">\n\t\t\t\t\t\t\t\tNombre de los padres\t\t\t\t\t\t\t<\/label>\n\t\t\t\t\t\t\t\t\t\t\t\t\t\t<input size=\"1\" type=\"text\" name=\"form_fields[field_128b01d]\" id=\"form-field-field_128b01d\" class=\"elementor-field elementor-size-sm  elementor-field-textual\" placeholder=\"Nombre y apellidos\">\n\t\t\t\t\t\t\t\t\t\t\t<\/div>\n\t\t\t\t\t\t\t\t<div class=\"elementor-field-type-email elementor-field-group elementor-column elementor-field-group-field_bd7ef57 elementor-col-100 elementor-field-required elementor-mark-required\">\n\t\t\t\t\t\t\t\t\t\t\t\t<label for=\"form-field-field_bd7ef57\" class=\"elementor-field-label\">\n\t\t\t\t\t\t\t\tEnv\u00eda un correo electr\u00f3nico a\t\t\t\t\t\t\t<\/label>\n\t\t\t\t\t\t\t\t\t\t\t\t\t\t<input size=\"1\" type=\"email\" name=\"form_fields[field_bd7ef57]\" id=\"form-field-field_bd7ef57\" class=\"elementor-field elementor-size-sm  elementor-field-textual\" required=\"required\">\n\t\t\t\t\t\t\t\t\t\t\t<\/div>\n\t\t\t\t\t\t\t\t<div class=\"elementor-field-type-tel elementor-field-group elementor-column elementor-field-group-field_d2c8b99 elementor-col-50 elementor-field-required elementor-mark-required\">\n\t\t\t\t\t\t\t\t\t\t\t\t<label for=\"form-field-field_d2c8b99\" class=\"elementor-field-label\">\n\t\t\t\t\t\t\t\tTel\u00e9fono\t\t\t\t\t\t\t<\/label>\n\t\t\t\t\t\t\t\t<input size=\"1\" type=\"tel\" name=\"form_fields[field_d2c8b99]\" id=\"form-field-field_d2c8b99\" class=\"elementor-field elementor-size-sm  elementor-field-textual\" required=\"required\" pattern=\"[0-9()#&amp;+*-=.]+\" title=\"Solo se aceptan n\u00fameros y caracteres de tel\u00e9fono (#,-,*,etc).\">\n\n\t\t\t\t\t\t<\/div>\n\t\t\t\t\t\t\t\t<div class=\"elementor-field-type-select elementor-field-group elementor-column elementor-field-group-field_09d5db4 elementor-col-50\">\n\t\t\t\t\t\t\t\t\t\t\t\t<label for=\"form-field-field_09d5db4\" class=\"elementor-field-label\">\n\t\t\t\t\t\t\t\tTipo de Cita\t\t\t\t\t\t\t<\/label>\n\t\t\t\t\t\t\t\t<div class=\"elementor-field elementor-select-wrapper remove-before \">\n\t\t\t<div class=\"select-caret-down-wrapper\">\n\t\t\t\t<i aria-hidden=\"true\" class=\"eicon-caret-down\"><\/i>\t\t\t<\/div>\n\t\t\t<select name=\"form_fields[field_09d5db4]\" id=\"form-field-field_09d5db4\" class=\"elementor-field-textual elementor-size-sm\">\n\t\t\t\t\t\t\t\t\t<option value=\"Necesita consulta\">Necesita consulta<\/option>\n\t\t\t\t\t\t\t\t\t<option value=\"Falta a cita\">Falta a cita<\/option>\n\t\t\t\t\t\t\t\t\t<option value=\"Necesita el\u00e1sticos\">Necesita el\u00e1sticos<\/option>\n\t\t\t\t\t\t\t<\/select>\n\t\t<\/div>\n\t\t\t\t\t\t<\/div>\n\t\t\t\t\t\t\t\t<div class=\"elementor-field-type-textarea elementor-field-group elementor-column elementor-field-group-message elementor-col-100\">\n\t\t\t\t\t\t\t\t\t\t\t\t<label for=\"form-field-message\" class=\"elementor-field-label\">\n\t\t\t\t\t\t\t\tComentarios\t\t\t\t\t\t\t<\/label>\n\t\t\t\t\t\t<textarea class=\"elementor-field-textual elementor-field  elementor-size-sm\" name=\"form_fields[message]\" id=\"form-field-message\" rows=\"4\" placeholder=\"\u00bfC\u00f3mo podemos ayudarte?\"><\/textarea>\t\t\t\t<\/div>\n\t\t\t\t\t\t\t\t<div class=\"elementor-field-group elementor-column elementor-field-type-submit elementor-col-100 e-form__buttons\">\n\t\t\t\t\t<button class=\"elementor-button elementor-size-sm\" type=\"submit\">\n\t\t\t\t\t\t<span class=\"elementor-button-content-wrapper\">\n\t\t\t\t\t\t\t\t\t\t\t\t\t\t\t\t\t\t\t\t\t\t<span class=\"elementor-button-text\">Enviar solicitud<\/span>\n\t\t\t\t\t\t\t\t\t\t\t\t\t<\/span>\n\t\t\t\t\t<\/button>\n\t\t\t\t<\/div>\n\t\t\t<\/div>\n\t\t<\/form>\n\t\t\t\t\t\t<\/div>\n\t\t\t\t<\/div>\n\t\t\t\t\t<\/div>\n\t\t\t\t<\/div>\n\t\t\t\t\t<\/div>\n\t\t\t\t<\/div>\n\t\t\t\t<\/div>\n\t\t","protected":false},"excerpt":{"rendered":"<p>Programa una cita en Beam Orthodontics \u00bfEst\u00e1s preparado para dar el primer paso hacia una sonrisa sana y segura? Haz clic en el bot\u00f3n de abajo para concertar tu primera cita online. Facilitamos la integraci\u00f3n de la ortodoncia en tu ajetreada vida con horarios flexibles y una comunicaci\u00f3n moderna. Nuestro equipo est\u00e1 aqu\u00ed para ayudarte a iniciar el [&hellip;]<\/p>\n","protected":false},"author":2,"featured_media":0,"parent":0,"menu_order":57,"comment_status":"closed","ping_status":"closed","template":"","meta":{"_seopress_robots_primary_cat":"","_seopress_titles_title":"Solicita una Cita en Beam Orthodontics","_seopress_titles_desc":"Solicita una Cita en Beam Orthodontics f\u00e1cilmente online y comienza tu viaje hacia una sonrisa sana con horarios flexibles y atenci\u00f3n ortod\u00f3ncica personalizada.","_seopress_robots_index":"","footnotes":""},"class_list":["post-5946","page","type-page","status-publish"],"_links":{"self":[{"href":"https:\/\/beamorthodonticsinsugarland.com\/es\/wp-json\/wp\/v2\/pages\/5946","targetHints":{"allow":["GET"]}}],"collection":[{"href":"https:\/\/beamorthodonticsinsugarland.com\/es\/wp-json\/wp\/v2\/pages"}],"about":[{"href":"https:\/\/beamorthodonticsinsugarland.com\/es\/wp-json\/wp\/v2\/types\/page"}],"author":[{"embeddable":true,"href":"https:\/\/beamorthodonticsinsugarland.com\/es\/wp-json\/wp\/v2\/users\/2"}],"replies":[{"embeddable":true,"href":"https:\/\/beamorthodonticsinsugarland.com\/es\/wp-json\/wp\/v2\/comments?post=5946"}],"version-history":[{"count":7,"href":"https:\/\/beamorthodonticsinsugarland.com\/es\/wp-json\/wp\/v2\/pages\/5946\/revisions"}],"predecessor-version":[{"id":7957,"href":"https:\/\/beamorthodonticsinsugarland.com\/es\/wp-json\/wp\/v2\/pages\/5946\/revisions\/7957"}],"wp:attachment":[{"href":"https:\/\/beamorthodonticsinsugarland.com\/es\/wp-json\/wp\/v2\/media?parent=5946"}],"curies":[{"name":"wp","href":"https:\/\/api.w.org\/{rel}","templated":true}]}}