{"id":5947,"date":"2022-05-26T14:12:58","date_gmt":"2022-05-26T14:12:58","guid":{"rendered":"https:\/\/beamorthodonticsinsugarland.com\/ortodoncia-en-adolescentes\/"},"modified":"2026-03-13T05:12:40","modified_gmt":"2026-03-13T05:12:40","slug":"ortodoncia-en-adolescentes","status":"publish","type":"page","link":"https:\/\/beamorthodonticsinsugarland.com\/es\/ortodoncia-en-adolescentes\/","title":{"rendered":"Ortodoncia en adolescentes"},"content":{"rendered":"\t\t<div data-elementor-type=\"wp-page\" data-elementor-id=\"5947\" class=\"elementor elementor-5947 elementor-4900\" data-elementor-post-type=\"page\">\n\t\t\t\t\t\t<section data-particle_enable=\"false\" data-particle-mobile-disabled=\"false\" class=\"elementor-section elementor-top-section elementor-element elementor-element-0f6ae11 elementor-section-boxed elementor-section-height-default elementor-section-height-default\" data-id=\"0f6ae11\" data-element_type=\"section\" data-e-type=\"section\">\n\t\t\t\t\t\t<div class=\"elementor-container elementor-column-gap-default\">\n\t\t\t\t\t<div class=\"elementor-column elementor-col-100 elementor-top-column elementor-element elementor-element-c8eb12a\" data-id=\"c8eb12a\" data-element_type=\"column\" data-e-type=\"column\">\n\t\t\t<div class=\"elementor-widget-wrap elementor-element-populated\">\n\t\t\t\t\t\t<div class=\"elementor-element elementor-element-fd834bd elementor-widget elementor-widget-heading\" data-id=\"fd834bd\" data-element_type=\"widget\" data-e-type=\"widget\" data-widget_type=\"heading.default\">\n\t\t\t\t<div class=\"elementor-widget-container\">\n\t\t\t\t\t<h1 class=\"elementor-heading-title elementor-size-default\">Tratamiento de Ortodoncia para Adolescentes en Sugar Land, TX<\/h1>\t\t\t\t<\/div>\n\t\t\t\t<\/div>\n\t\t\t\t<div class=\"elementor-element elementor-element-9bb314b elementor-widget elementor-widget-text-editor\" data-id=\"9bb314b\" data-element_type=\"widget\" data-e-type=\"widget\" data-widget_type=\"text-editor.default\">\n\t\t\t\t<div class=\"elementor-widget-container\">\n\t\t\t\t\t\t\t\t\t<p data-start=\"354\" data-end=\"607\">La adolescencia es el momento ideal para el tratamiento de ortodoncia, y en Beam Orthodontics hacemos que el proceso sea c\u00f3modo, eficaz e incluso emocionante. Si tu hijo tiene entre 11 y 15 a\u00f1os, probablemente ahora sea el mejor momento para iniciar el tratamiento de ortodoncia. <\/p><p data-start=\"609\" data-end=\"931\">Entendemos que la sonrisa de un adolescente desempe\u00f1a un papel muy importante en su confianza, especialmente cuando se trata de las fotos del anuario, los bailes escolares y los momentos del d\u00eda del partido. Por eso Beam Orthodontics ofrece opciones de tratamiento avanzadas y personalizadas en nuestros centros de Houston y Sugar Land, dise\u00f1adas teniendo en cuenta el ajetreado estilo de vida de los adolescentes. <\/p><h2 data-start=\"933\" data-end=\"981\">\u00bfPor qu\u00e9 son frecuentes los aparatos durante la adolescencia?<\/h2><p data-start=\"983\" data-end=\"1132\">A los 12 a\u00f1os, la mayor\u00eda de los dientes permanentes han salido por completo. Esto facilita al <a href=\"https:\/\/beamorthodonticsinsugarland.com\/es\/conoce-al-dr-rodriguez\/\">Dr. Sebasti\u00e1n<\/a> Rodr\u00edguez la detecci\u00f3n y correcci\u00f3n de <a href=\"https:\/\/beamorthodonticsinsugarland.com\/es\/problemas-comunes\/\">problemas ortod\u00f3ncicos comunes<\/a>, como: <\/p><ul><li data-start=\"1136\" data-end=\"1162\">Dientes api\u00f1ados o torcidos<\/li><li data-start=\"1165\" data-end=\"1182\">Huecos o espacios<\/li><li data-start=\"1185\" data-end=\"1223\">Sobremordida, submordida o mordida cruzada<\/li><li data-start=\"1226\" data-end=\"1250\">Problemas de alineaci\u00f3n de la mand\u00edbula<\/li><li data-start=\"1253\" data-end=\"1288\">Lesiones ortod\u00f3ncicas relacionadas con el deporte<\/li><\/ul><p data-start=\"1290\" data-end=\"1425\">Estas preocupaciones rara vez se resuelven por s\u00ed solas, y los primeros a\u00f1os de la adolescencia son un momento excelente para corregirlas antes de que se vuelvan m\u00e1s complejas.<\/p><h2 data-start=\"1427\" data-end=\"1464\">\u00bfCu\u00e1les son las mejores opciones de alineamiento dental para adolescentes?<\/h2><p data-start=\"1466\" data-end=\"1727\">En Beam Ortodoncia, estamos orgullosos de ofrecer varias opciones para enderezar los dientes que se adaptan perfectamente a la vida de tu hijo adolescente. A muchos adolescentes <a href=\"https:\/\/beamorthodonticsinsugarland.com\/es\/tipos-de-ortodoncia\/\">los aparatos met\u00e1licos<\/a> les resultan inc\u00f3modos o inc\u00f3modos, por eso ofrecemos alternativas como <a href=\"https:\/\/beamorthodonticsinsugarland.com\/es\/tipos-de-ortodoncia\/\">los aparatos transparentes<\/a> e <a href=\"https:\/\/beamorthodonticsinsugarland.com\/es\/invisalign\/\">Invisalign Teen\u00ae<\/a>. <\/p><p data-start=\"1729\" data-end=\"2053\">Estas opciones permiten a los adolescentes seguir disfrutando de las cosas que les gustan, ya sea comer palomitas y pizza, tocar un instrumento, nadar competitivamente o dirigirse a un partido de f\u00fatbol sin perder el ritmo. Mediante el uso de esc\u00e1neres bucales avanzados y herramientas digitales, adaptamos cada plan de tratamiento a las necesidades \u00fanicas de cada adolescente. <\/p><h2 data-start=\"2055\" data-end=\"2098\">Los adolescentes est\u00e1n m\u00e1s abiertos que nunca a la ortodoncia<\/h2><p data-start=\"2100\" data-end=\"2323\">Los aparatos de ortodoncia son pr\u00e1cticamente un rito de iniciaci\u00f3n entre los adolescentes, y la mayor\u00eda de los chicos de esta edad conocen a alguien que ya los lleva. Ese apoyo entre iguales hace que los adolescentes est\u00e9n m\u00e1s dispuestos a aceptar el tratamiento de ortodoncia e incluso lo esperen con impaciencia. <\/p><p data-start=\"2325\" data-end=\"2493\">Tanto si eligen bandas de colores para sus aparatos como si exploran los alineadores Invisalign, a muchos adolescentes les gusta tener cierto control y personalizaci\u00f3n sobre su tratamiento.<\/p><h2 data-start=\"2495\" data-end=\"2531\">Metabolismo elevado = Resultados m\u00e1s r\u00e1pidos<\/h2><p data-start=\"2533\" data-end=\"2669\">\u00bfOtra buena raz\u00f3n para iniciar el tratamiento durante la adolescencia? El cuerpo de los adolescentes sigue creciendo, y su mayor ritmo metab\u00f3lico puede: <\/p><ul><li data-start=\"2673\" data-end=\"2698\">Acelera el movimiento dental<\/li><li data-start=\"2701\" data-end=\"2725\">Acortar el tiempo de tratamiento<\/li><li data-start=\"2728\" data-end=\"2768\">Minimiza las molestias en comparaci\u00f3n con los adultos<\/li><\/ul><p data-start=\"2770\" data-end=\"2848\">Esto significa que tu hijo puede conseguir su nueva sonrisa m\u00e1s r\u00e1pidamente y con mayor facilidad.<\/p><h2 data-start=\"2850\" data-end=\"2890\">Empieza con una consulta gratuita con el ortodoncista<\/h2><p data-start=\"2892\" data-end=\"3018\">\u00bfListo para dar el primer paso? Ponte en contacto con nosotros para <a href=\"https:\/\/beamorthodonticsinsugarland.com\/es\/pide-una-cita\/\">programar una consulta inicial gratuita<\/a>. Durante la visita de tu hijo adolescente:  <\/p><ul><li data-start=\"3022\" data-end=\"3057\">Eval\u00faa su mordida y alineaci\u00f3n<\/li><li data-start=\"3060\" data-end=\"3097\">Recomendar la mejor opci\u00f3n de tratamiento<\/li><li data-start=\"3100\" data-end=\"3139\">Calcula cu\u00e1nto durar\u00e1 el tratamiento<\/li><li data-start=\"3142\" data-end=\"3186\">Discute el <a href=\"https:\/\/beamorthodonticsinsugarland.com\/es\/financiacion-facil\/\">coste total y las opciones de pago<\/a><\/li><\/ul><p data-start=\"3188\" data-end=\"3306\">Estamos aqu\u00ed para guiar a tu hijo adolescente en cada paso, desde la ortodoncia hasta una sonrisa sana y segura que le encantar\u00e1 lucir.<\/p>\t\t\t\t\t\t\t\t<\/div>\n\t\t\t\t<\/div>\n\t\t\t\t\t<\/div>\n\t\t<\/div>\n\t\t\t\t\t<\/div>\n\t\t<\/section>\n\t\t<div data-particle_enable=\"false\" data-particle-mobile-disabled=\"false\" class=\"elementor-element elementor-element-3a2f9e19 e-flex e-con-boxed e-con e-parent\" data-id=\"3a2f9e19\" data-element_type=\"container\" data-e-type=\"container\" data-settings=\"{&quot;background_background&quot;:&quot;classic&quot;}\">\n\t\t\t\t\t<div class=\"e-con-inner\">\n\t\t\t\t<div class=\"elementor-element elementor-element-6c17072e elementor-widget elementor-widget-heading\" data-id=\"6c17072e\" data-element_type=\"widget\" data-e-type=\"widget\" data-widget_type=\"heading.default\">\n\t\t\t\t<div class=\"elementor-widget-container\">\n\t\t\t\t\t<h2 class=\"elementor-heading-title elementor-size-default\">Preguntas frecuentes<\/h2>\t\t\t\t<\/div>\n\t\t\t\t<\/div>\n\t\t\t\t<div class=\"elementor-element elementor-element-1b203948 elementor-widget__width-inherit elementor-widget elementor-widget-text-editor\" data-id=\"1b203948\" data-element_type=\"widget\" data-e-type=\"widget\" data-widget_type=\"text-editor.default\">\n\t\t\t\t<div class=\"elementor-widget-container\">\n\t\t\t\t\t\t\t\t\t<p>Ut hendrerit semper vel class aptent taciti sociosqu. Ad litora torquent per conubia nostra inceptos himenaeos. <\/p>\t\t\t\t\t\t\t\t<\/div>\n\t\t\t\t<\/div>\n\t\t\t\t<div class=\"elementor-element elementor-element-87ac283 elementor-widget elementor-widget-n-accordion\" data-id=\"87ac283\" data-element_type=\"widget\" data-e-type=\"widget\" data-settings=\"{&quot;default_state&quot;:&quot;expanded&quot;,&quot;max_items_expended&quot;:&quot;one&quot;,&quot;n_accordion_animation_duration&quot;:{&quot;unit&quot;:&quot;ms&quot;,&quot;size&quot;:400,&quot;sizes&quot;:[]}}\" data-widget_type=\"nested-accordion.default\">\n\t\t\t\t<div class=\"elementor-widget-container\">\n\t\t\t\t\t\t\t<div class=\"e-n-accordion\" aria-label=\"Accordion. Open links with Enter or Space, close with Escape, and navigate with Arrow Keys\">\n\t\t\t\t\t\t<details id=\"e-n-accordion-item-1420\" class=\"e-n-accordion-item\" open>\n\t\t\t\t<summary class=\"e-n-accordion-item-title\" data-accordion-index=\"1\" tabindex=\"0\" aria-expanded=\"true\" aria-controls=\"e-n-accordion-item-1420\" >\n\t\t\t\t\t<span class='e-n-accordion-item-title-header'><div class=\"e-n-accordion-item-title-text\"> \u00bfPuede mi hijo seguir haciendo deporte mientras lleva ortodoncia o Invisalign? <\/div><\/span>\n\t\t\t\t\t\t\t<span class='e-n-accordion-item-title-icon'>\n\t\t\t<span class='e-opened' ><i aria-hidden=\"true\" class=\"fas fa-minus\"><\/i><\/span>\n\t\t\t<span class='e-closed'><i aria-hidden=\"true\" class=\"fas fa-plus\"><\/i><\/span>\n\t\t<\/span>\n\n\t\t\t\t\t\t<\/summary>\n\t\t\t\t<div data-particle_enable=\"false\" data-particle-mobile-disabled=\"false\" role=\"region\" aria-labelledby=\"e-n-accordion-item-1420\" class=\"elementor-element elementor-element-2ad7a7bf e-con-full e-flex e-con e-child\" data-id=\"2ad7a7bf\" data-element_type=\"container\" data-e-type=\"container\">\n\t\t\t\t<div class=\"elementor-element elementor-element-5548b775 elementor-widget__width-inherit elementor-widget elementor-widget-text-editor\" data-id=\"5548b775\" data-element_type=\"widget\" data-e-type=\"widget\" data-widget_type=\"text-editor.default\">\n\t\t\t\t<div class=\"elementor-widget-container\">\n\t\t\t\t\t\t\t\t\t<p data-start=\"819\" data-end=\"1180\">Absolutamente. Los adolescentes pueden seguir practicando sus deportes favoritos. Si tu hijo lleva aparato, te recomendamos un protector bucal personalizado u ortod\u00f3ncico para proteger sus dientes durante las actividades de contacto o de alto impacto. Invisalign Teen\u00ae es especialmente popular entre los deportistas porque los alineadores son suaves, extra\u00edbles y f\u00e1ciles de llevar durante los entrenamientos y los partidos.   <\/p>\t\t\t\t\t\t\t\t<\/div>\n\t\t\t\t<\/div>\n\t\t\t\t<\/div>\n\t\t\t\t\t<\/details>\n\t\t\t\t\t\t<details id=\"e-n-accordion-item-1421\" class=\"e-n-accordion-item\" >\n\t\t\t\t<summary class=\"e-n-accordion-item-title\" data-accordion-index=\"2\" tabindex=\"-1\" aria-expanded=\"false\" aria-controls=\"e-n-accordion-item-1421\" >\n\t\t\t\t\t<span class='e-n-accordion-item-title-header'><div class=\"e-n-accordion-item-title-text\"> \u00bfQu\u00e9 ocurre si mi hijo pierde o rompe un alineador? <\/div><\/span>\n\t\t\t\t\t\t\t<span class='e-n-accordion-item-title-icon'>\n\t\t\t<span class='e-opened' ><i aria-hidden=\"true\" class=\"fas fa-minus\"><\/i><\/span>\n\t\t\t<span class='e-closed'><i aria-hidden=\"true\" class=\"fas fa-plus\"><\/i><\/span>\n\t\t<\/span>\n\n\t\t\t\t\t\t<\/summary>\n\t\t\t\t<div data-particle_enable=\"false\" data-particle-mobile-disabled=\"false\" role=\"region\" aria-labelledby=\"e-n-accordion-item-1421\" class=\"elementor-element elementor-element-65b065f1 e-con-full e-flex e-con e-child\" data-id=\"65b065f1\" data-element_type=\"container\" data-e-type=\"container\">\n\t\t\t\t<div class=\"elementor-element elementor-element-48d863b elementor-widget__width-inherit elementor-widget elementor-widget-text-editor\" data-id=\"48d863b\" data-element_type=\"widget\" data-e-type=\"widget\" data-widget_type=\"text-editor.default\">\n\t\t\t\t<div class=\"elementor-widget-container\">\n\t\t\t\t\t\t\t\t\t<p data-start=\"1737\" data-end=\"2030\">La p\u00e9rdida o deterioro de los alineadores es frecuente entre los adolescentes ocupados. No te preocupes, llama a nuestra consulta. Te diremos si tu adolescente debe cambiar al siguiente alineador, volver a uno anterior o pedir uno de recambio. Seguir por el buen camino es importante, as\u00ed que te orientamos r\u00e1pidamente sobre el mejor paso siguiente.   <\/p>\t\t\t\t\t\t\t\t<\/div>\n\t\t\t\t<\/div>\n\t\t\t\t<\/div>\n\t\t\t\t\t<\/details>\n\t\t\t\t\t\t<details id=\"e-n-accordion-item-1422\" class=\"e-n-accordion-item\" >\n\t\t\t\t<summary class=\"e-n-accordion-item-title\" data-accordion-index=\"3\" tabindex=\"-1\" aria-expanded=\"false\" aria-controls=\"e-n-accordion-item-1422\" >\n\t\t\t\t\t<span class='e-n-accordion-item-title-header'><div class=\"e-n-accordion-item-title-text\"> \u00bfLos adolescentes necesitan llevar retenedores despu\u00e9s de llevar ortodoncia o Invisalign? <\/div><\/span>\n\t\t\t\t\t\t\t<span class='e-n-accordion-item-title-icon'>\n\t\t\t<span class='e-opened' ><i aria-hidden=\"true\" class=\"fas fa-minus\"><\/i><\/span>\n\t\t\t<span class='e-closed'><i aria-hidden=\"true\" class=\"fas fa-plus\"><\/i><\/span>\n\t\t<\/span>\n\n\t\t\t\t\t\t<\/summary>\n\t\t\t\t<div data-particle_enable=\"false\" data-particle-mobile-disabled=\"false\" role=\"region\" aria-labelledby=\"e-n-accordion-item-1422\" class=\"elementor-element elementor-element-633c45dd e-con-full e-flex e-con e-child\" data-id=\"633c45dd\" data-element_type=\"container\" data-e-type=\"container\">\n\t\t\t\t<div class=\"elementor-element elementor-element-c760317 elementor-widget__width-inherit elementor-widget elementor-widget-text-editor\" data-id=\"c760317\" data-element_type=\"widget\" data-e-type=\"widget\" data-widget_type=\"text-editor.default\">\n\t\t\t\t<div class=\"elementor-widget-container\">\n\t\t\t\t\t\t\t\t\t<p data-start=\"2107\" data-end=\"2411\">S\u00ed. Los retenedores desempe\u00f1an un papel crucial en el mantenimiento de los resultados finales. Una vez finalizado el tratamiento, tu hijo recibir\u00e1 un retenedor personalizado y lo llevar\u00e1 seg\u00fan las indicaciones para evitar desplazamientos no deseados. Nuestro equipo te lo explicar\u00e1 todo con claridad para que tu hijo sepa exactamente c\u00f3mo proteger su nueva sonrisa a largo plazo.   <\/p>\t\t\t\t\t\t\t\t<\/div>\n\t\t\t\t<\/div>\n\t\t\t\t<\/div>\n\t\t\t\t\t<\/details>\n\t\t\t\t\t\t<details id=\"e-n-accordion-item-1423\" class=\"e-n-accordion-item\" >\n\t\t\t\t<summary class=\"e-n-accordion-item-title\" data-accordion-index=\"4\" tabindex=\"-1\" aria-expanded=\"false\" aria-controls=\"e-n-accordion-item-1423\" >\n\t\t\t\t\t<span class='e-n-accordion-item-title-header'><div class=\"e-n-accordion-item-title-text\"> \u00bfY si mi hijo adolescente se siente ansioso por llevar ortodoncia? <\/div><\/span>\n\t\t\t\t\t\t\t<span class='e-n-accordion-item-title-icon'>\n\t\t\t<span class='e-opened' ><i aria-hidden=\"true\" class=\"fas fa-minus\"><\/i><\/span>\n\t\t\t<span class='e-closed'><i aria-hidden=\"true\" class=\"fas fa-plus\"><\/i><\/span>\n\t\t<\/span>\n\n\t\t\t\t\t\t<\/summary>\n\t\t\t\t<div data-particle_enable=\"false\" data-particle-mobile-disabled=\"false\" role=\"region\" aria-labelledby=\"e-n-accordion-item-1423\" class=\"elementor-element elementor-element-100e4c73 e-con-full e-flex e-con e-child\" data-id=\"100e4c73\" data-element_type=\"container\" data-e-type=\"container\">\n\t\t\t\t<div class=\"elementor-element elementor-element-27a9c39 elementor-widget__width-inherit elementor-widget elementor-widget-text-editor\" data-id=\"27a9c39\" data-element_type=\"widget\" data-e-type=\"widget\" data-widget_type=\"text-editor.default\">\n\t\t\t\t<div class=\"elementor-widget-container\">\n\t\t\t\t\t\t\t\t\t<p data-start=\"3291\" data-end=\"3589\">Es normal que los adolescentes se sientan nerviosos, sobre todo antes de su primera consulta. Nuestro equipo adopta un enfoque de apoyo y optimismo para ayudarles a sentirse relajados. Los adolescentes suelen animarse r\u00e1pidamente cuando ven que muchos de sus amigos ya llevan aparato y lo c\u00f3modo que puede ser un tratamiento moderno de ortodoncia.  <\/p>\t\t\t\t\t\t\t\t<\/div>\n\t\t\t\t<\/div>\n\t\t\t\t<\/div>\n\t\t\t\t\t<\/details>\n\t\t\t\t\t\t<details id=\"e-n-accordion-item-1424\" class=\"e-n-accordion-item\" >\n\t\t\t\t<summary class=\"e-n-accordion-item-title\" data-accordion-index=\"5\" tabindex=\"-1\" aria-expanded=\"false\" aria-controls=\"e-n-accordion-item-1424\" >\n\t\t\t\t\t<span class='e-n-accordion-item-title-header'><div class=\"e-n-accordion-item-title-text\"> \u00bfEl seguro cubre el tratamiento de ortodoncia para adolescentes? <\/div><\/span>\n\t\t\t\t\t\t\t<span class='e-n-accordion-item-title-icon'>\n\t\t\t<span class='e-opened' ><i aria-hidden=\"true\" class=\"fas fa-minus\"><\/i><\/span>\n\t\t\t<span class='e-closed'><i aria-hidden=\"true\" class=\"fas fa-plus\"><\/i><\/span>\n\t\t<\/span>\n\n\t\t\t\t\t\t<\/summary>\n\t\t\t\t<div data-particle_enable=\"false\" data-particle-mobile-disabled=\"false\" role=\"region\" aria-labelledby=\"e-n-accordion-item-1424\" class=\"elementor-element elementor-element-6414f54b e-con-full e-flex e-con e-child\" data-id=\"6414f54b\" data-element_type=\"container\" data-e-type=\"container\">\n\t\t\t\t<div class=\"elementor-element elementor-element-47547ab5 elementor-widget__width-inherit elementor-widget elementor-widget-text-editor\" data-id=\"47547ab5\" data-element_type=\"widget\" data-e-type=\"widget\" data-widget_type=\"text-editor.default\">\n\t\t\t\t<div class=\"elementor-widget-container\">\n\t\t\t\t\t\t\t\t\t<p data-start=\"4336\" data-end=\"4644\">Muchos planes de seguro dental incluyen prestaciones de ortodoncia para los dependientes menores de 18 a\u00f1os. Durante tu consulta, revisaremos tu cobertura en detalle y te ayudaremos a entender c\u00f3mo se aplican tus prestaciones a los aparatos de ortodoncia o a Invisalign Teen\u00ae. Tambi\u00e9n disponemos de opciones de financiaci\u00f3n flexibles para que el tratamiento sea f\u00e1cil y asequible.  <\/p>\t\t\t\t\t\t\t\t<\/div>\n\t\t\t\t<\/div>\n\t\t\t\t<\/div>\n\t\t\t\t\t<\/details>\n\t\t\t\t\t<\/div>\n\t\t\t\t\t\t<\/div>\n\t\t\t\t<\/div>\n\t\t\t\t\t<\/div>\n\t\t\t\t<\/div>\n\t\t\t\t<\/div>\n\t\t","protected":false},"excerpt":{"rendered":"<p>Tratamiento de Ortodoncia para Adolescentes en Sugar Land, TX La adolescencia es el momento ideal para el tratamiento de ortodoncia, y en Beam Orthodontics hacemos que el proceso sea c\u00f3modo, eficaz e incluso emocionante. Si tu hijo tiene entre 11 y 15 a\u00f1os, probablemente ahora sea el mejor momento para iniciar el tratamiento de ortodoncia. Entendemos que la [&hellip;]<\/p>\n","protected":false},"author":2,"featured_media":0,"parent":0,"menu_order":35,"comment_status":"closed","ping_status":"closed","template":"","meta":{"_seopress_robots_primary_cat":"","_seopress_titles_title":"Teen Orthodontic Treatment Sugar Land TX | Beam Orthodontics","_seopress_titles_desc":"Dr. Sebastian Rodriguez offers expert teen orthodontic treatment with braces, Invisalign, and personalized teeth straightening for teenagers' lifestyles.","_seopress_robots_index":"","footnotes":""},"class_list":["post-5947","page","type-page","status-publish"],"_links":{"self":[{"href":"https:\/\/beamorthodonticsinsugarland.com\/es\/wp-json\/wp\/v2\/pages\/5947","targetHints":{"allow":["GET"]}}],"collection":[{"href":"https:\/\/beamorthodonticsinsugarland.com\/es\/wp-json\/wp\/v2\/pages"}],"about":[{"href":"https:\/\/beamorthodonticsinsugarland.com\/es\/wp-json\/wp\/v2\/types\/page"}],"author":[{"embeddable":true,"href":"https:\/\/beamorthodonticsinsugarland.com\/es\/wp-json\/wp\/v2\/users\/2"}],"replies":[{"embeddable":true,"href":"https:\/\/beamorthodonticsinsugarland.com\/es\/wp-json\/wp\/v2\/comments?post=5947"}],"version-history":[{"count":8,"href":"https:\/\/beamorthodonticsinsugarland.com\/es\/wp-json\/wp\/v2\/pages\/5947\/revisions"}],"predecessor-version":[{"id":7975,"href":"https:\/\/beamorthodonticsinsugarland.com\/es\/wp-json\/wp\/v2\/pages\/5947\/revisions\/7975"}],"wp:attachment":[{"href":"https:\/\/beamorthodonticsinsugarland.com\/es\/wp-json\/wp\/v2\/media?parent=5947"}],"curies":[{"name":"wp","href":"https:\/\/api.w.org\/{rel}","templated":true}]}}