{"id":5977,"date":"2017-02-06T10:10:37","date_gmt":"2017-02-06T10:10:37","guid":{"rendered":"https:\/\/beamorthodonticsinsugarland.com\/apnea-del-sueno\/"},"modified":"2026-04-16T10:42:56","modified_gmt":"2026-04-16T10:42:56","slug":"apnea-del-sueno","status":"publish","type":"page","link":"https:\/\/beamorthodonticsinsugarland.com\/es\/apnea-del-sueno\/","title":{"rendered":"Apnea del sue\u00f1o"},"content":{"rendered":"\t\t<div data-elementor-type=\"wp-page\" data-elementor-id=\"5977\" class=\"elementor elementor-5977 elementor-2713\" data-elementor-post-type=\"page\">\n\t\t\t\t<div data-particle_enable=\"false\" data-particle-mobile-disabled=\"false\" class=\"elementor-element elementor-element-7b12195e e-flex e-con-boxed e-con e-parent\" data-id=\"7b12195e\" data-element_type=\"container\" data-e-type=\"container\">\n\t\t\t\t\t<div class=\"e-con-inner\">\n\t\t\t\t<div class=\"elementor-element elementor-element-afed56a elementor-widget elementor-widget-heading\" data-id=\"afed56a\" data-element_type=\"widget\" data-e-type=\"widget\" data-widget_type=\"heading.default\">\n\t\t\t\t<div class=\"elementor-widget-container\">\n\t\t\t\t\t<h1 class=\"elementor-heading-title elementor-size-default\">Apnea del sue\u00f1o y ortodoncia<\/h1>\t\t\t\t<\/div>\n\t\t\t\t<\/div>\n\t\t\t\t<div class=\"elementor-element elementor-element-37f6e929 elementor-widget elementor-widget-text-editor\" data-id=\"37f6e929\" data-element_type=\"widget\" data-e-type=\"widget\" data-widget_type=\"text-editor.default\">\n\t\t\t\t<div class=\"elementor-widget-container\">\n\t\t\t\t\t\t\t\t\t<header class=\"entry-header\"><p data-start=\"379\" data-end=\"701\">El sue\u00f1o debe ser relajante y reparador, pero para muchas personas, la apnea obstructiva del sue\u00f1o (AOS) interrumpe ese ciclo esencial. La apnea del sue\u00f1o es una afecci\u00f3n en la que la respiraci\u00f3n se detiene y se inicia repetidamente durante el sue\u00f1o debido a obstrucciones de las v\u00edas respiratorias, a menudo causadas por el colapso de los tejidos blandos o una posici\u00f3n inadecuada de la mand\u00edbula. <\/p><p data-start=\"703\" data-end=\"915\">En Beam Orthodontics ofrecemos soluciones ortod\u00f3ncicas especializadas para la apnea del sue\u00f1o que atacan la ra\u00edz del problema, la estructura de la mand\u00edbula y las v\u00edas respiratorias, para ayudarte a respirar mejor y dormir profundamente.<\/p><h2 data-start=\"922\" data-end=\"945\">\u00bfQu\u00e9 es la apnea del sue\u00f1o?<\/h2><p data-start=\"947\" data-end=\"1325\">El t\u00e9rmino \u00abapnea\u00bb viene del griego y significa \u00absin respiraci\u00f3n\u00bb. En el caso de la apnea obstructiva del sue\u00f1o, la respiraci\u00f3n se detiene durante 10 segundos o m\u00e1s cada vez, lo que a veces ocurre cientos de veces cada noche. Estas pausas respiratorias pueden dar lugar a niveles de ox\u00edgeno peligrosamente bajos, alterando el ciclo natural del sue\u00f1o del organismo y aumentando el riesgo de complicaciones de salud a largo plazo.  <\/p><p data-start=\"1327\" data-end=\"1351\">La apnea del sue\u00f1o se produce cuando:<\/p><ul><li data-start=\"1355\" data-end=\"1399\">Los m\u00fasculos de la garganta y la lengua se relajan<\/li><li data-start=\"1402\" data-end=\"1446\">La mand\u00edbula inferior se desplaza hacia atr\u00e1s durante el sue\u00f1o<\/li><li data-start=\"1449\" data-end=\"1501\">Las v\u00edas respiratorias se obstruyen parcial o totalmente<\/li><\/ul><p data-start=\"1503\" data-end=\"1830\">Cada vez que la respiraci\u00f3n se detiene (una apnea) o se vuelve peligrosamente superficial (una hipopnea), el cuerpo reacciona con respuestas de estr\u00e9s, aumento de la frecuencia cardiaca, elevaci\u00f3n de la tensi\u00f3n arterial e incluso movimientos espasm\u00f3dicos involuntarios, para reanudar la respiraci\u00f3n. La mayor\u00eda de los pacientes no se despiertan del todo, pero las constantes interrupciones impiden un sue\u00f1o profundo y reparador. <\/p><\/header>\t\t\t\t\t\t\t\t<\/div>\n\t\t\t\t<\/div>\n\t\t\t\t\t<\/div>\n\t\t\t\t<\/div>\n\t\t<div data-particle_enable=\"false\" data-particle-mobile-disabled=\"false\" class=\"elementor-element elementor-element-970cf27 e-grid e-con-boxed e-con e-parent\" data-id=\"970cf27\" data-element_type=\"container\" data-e-type=\"container\">\n\t\t\t\t\t<div class=\"e-con-inner\">\n\t\t\t\t<div class=\"elementor-element elementor-element-b83f6df elementor-widget elementor-widget-text-editor\" data-id=\"b83f6df\" data-element_type=\"widget\" data-e-type=\"widget\" data-widget_type=\"text-editor.default\">\n\t\t\t\t<div class=\"elementor-widget-container\">\n\t\t\t\t\t\t\t\t\t<h2 data-start=\"1837\" data-end=\"1880\">Signos y s\u00edntomas comunes de la apnea del sue\u00f1o<\/h2><p data-start=\"1882\" data-end=\"1985\">Reconocer los signos de la apnea del sue\u00f1o puede cambiar la vida e incluso salvarla. Los s\u00edntomas pueden ser: <\/p><ul><li data-start=\"1989\" data-end=\"2012\">Ronquidos fuertes y cr\u00f3nicos<\/li><li data-start=\"2015\" data-end=\"2059\">Jadeos, ahogos o tos durante el sue\u00f1o<\/li><li data-start=\"2062\" data-end=\"2093\">Despertar con el coraz\u00f3n acelerado<\/li><li data-start=\"2096\" data-end=\"2128\">Dolores de cabeza matutinos o sequedad de boca<\/li><li data-start=\"2131\" data-end=\"2173\">Sentirse cansado despu\u00e9s de una noche completa de sue\u00f1o<\/li><li data-start=\"2176\" data-end=\"2226\">Somnolencia diurna, fatiga o dificultad para concentrarse<\/li><li data-start=\"2229\" data-end=\"2257\">Problemas de memoria o niebla cerebral<\/li><li data-start=\"2260\" data-end=\"2302\">Cambios de humor, irritabilidad o depresi\u00f3n<\/li><li data-start=\"2305\" data-end=\"2346\">Aumento de peso o dificultad para adelgazar<\/li><li data-start=\"2349\" data-end=\"2374\">Reflujo \u00e1cido (en adultos)<\/li><li data-start=\"2377\" data-end=\"2425\">Enuresis nocturna o comportamiento similar al TDAH (en ni\u00f1os)<\/li><\/ul>\t\t\t\t\t\t\t\t<\/div>\n\t\t\t\t<\/div>\n\t\t\t\t<div class=\"elementor-element elementor-element-fce922b elementor-widget elementor-widget-text-editor\" data-id=\"fce922b\" data-element_type=\"widget\" data-e-type=\"widget\" data-widget_type=\"text-editor.default\">\n\t\t\t\t<div class=\"elementor-widget-container\">\n\t\t\t\t\t\t\t\t\t<h2 data-start=\"2432\" data-end=\"2464\">\u00bfPor qu\u00e9 es peligrosa la apnea del sue\u00f1o?<\/h2><p data-start=\"2466\" data-end=\"2586\">Si no se trata, la apnea del sue\u00f1o aumenta el riesgo de padecer enfermedades graves e incluso potencialmente mortales, entre otras:<\/p><ul><li data-start=\"2590\" data-end=\"2611\">Hipertensi\u00f3n arterial<\/li><li data-start=\"2614\" data-end=\"2638\">Enfermedades cardiovasculares<\/li><li data-start=\"2641\" data-end=\"2649\">Accidente cerebrovascular<\/li><li data-start=\"2652\" data-end=\"2669\">Diabetes tipo 2<\/li><li data-start=\"2672\" data-end=\"2681\">Obesidad<\/li><li data-start=\"2684\" data-end=\"2710\">Funci\u00f3n inmunitaria debilitada<\/li><li data-start=\"2713\" data-end=\"2736\">Sucesos cardiacos s\u00fabitos<\/li><\/ul><p data-start=\"2738\" data-end=\"2931\">Tu cuerpo trabaja horas extras cada noche para mantener la respiraci\u00f3n, lo que es como correr una marat\u00f3n mientras duermes. Con el tiempo, este estr\u00e9s cr\u00f3nico pasa factura a tu salud f\u00edsica y mental. <\/p>\t\t\t\t\t\t\t\t<\/div>\n\t\t\t\t<\/div>\n\t\t\t\t\t<\/div>\n\t\t\t\t<\/div>\n\t\t<div data-particle_enable=\"false\" data-particle-mobile-disabled=\"false\" class=\"elementor-element elementor-element-16ee862 e-flex e-con-boxed e-con e-parent\" data-id=\"16ee862\" data-element_type=\"container\" data-e-type=\"container\">\n\t\t\t\t\t<div class=\"e-con-inner\">\n\t\t\t\t<div class=\"elementor-element elementor-element-1367232 elementor-widget elementor-widget-text-editor\" data-id=\"1367232\" data-element_type=\"widget\" data-e-type=\"widget\" data-widget_type=\"text-editor.default\">\n\t\t\t\t<div class=\"elementor-widget-container\">\n\t\t\t\t\t\t\t\t\t<h2 data-start=\"2938\" data-end=\"2978\">Soluciones ortod\u00f3ncicas para la apnea del sue\u00f1o<\/h2><p data-start=\"2980\" data-end=\"3181\">No todos los casos de apnea del sue\u00f1o requieren una m\u00e1quina CPAP o cirug\u00eda. Muchos pacientes se benefician de tratamientos ortod\u00f3ncicos no invasivos que corrigen los problemas estructurales que contribuyen a la obstrucci\u00f3n de las v\u00edas respiratorias. <\/p><ul><li data-start=\"3219\" data-end=\"3323\">Los aparatos bucales personalizados est\u00e1n dise\u00f1ados para reposicionar suavemente la mand\u00edbula y mantener abiertas las v\u00edas respiratorias durante el sue\u00f1o<\/li><li data-start=\"3326\" data-end=\"3425\">T\u00e9cnicas de expansi\u00f3n mandibular para crear m\u00e1s espacio en las v\u00edas respiratorias y reducir el api\u00f1amiento de la lengua<\/li><li data-start=\"3428\" data-end=\"3559\">Ortodoncia infantil centrada en el crecimiento para guiar el desarrollo adecuado de la mand\u00edbula y evitar que los problemas de las v\u00edas respiratorias empeoren con el tiempo.<\/li><\/ul><p data-start=\"3561\" data-end=\"3697\">Estas soluciones pueden reducir significativamente los ronquidos y los episodios de apnea del sue\u00f1o, mejorando el flujo de ox\u00edgeno, la calidad del sue\u00f1o y la salud en general.<\/p><h2 data-start=\"3704\" data-end=\"3742\">Programa una consulta sobre la apnea del sue\u00f1o<\/h2><p data-start=\"3744\" data-end=\"3931\">Si t\u00fa o tu hijo experiment\u00e1is signos de apnea del sue\u00f1o o ronquidos cr\u00f3nicos, no esperes a buscar ayuda. El diagn\u00f3stico precoz y la intervenci\u00f3n ortod\u00f3ncica pueden cambiar tu vida. <\/p><p data-start=\"3933\" data-end=\"4096\">Ponte en contacto con nosotros hoy mismo para <a href=\"https:\/\/beamorthodonticsinsugarland.com\/es\/pide-una-cita\/\">concertar una consulta gratuita<\/a>con <a href=\"https:\/\/beamorthodonticsinsugarland.com\/es\/conoce-al-dr-rodriguez\/\">el Dr. Sebasti\u00e1n Rodr\u00edguez<\/a> y saber m\u00e1s sobre c\u00f3mo podemos ayudarte a respirar mejor y dormir mejor, de forma natural.<\/p>\t\t\t\t\t\t\t\t<\/div>\n\t\t\t\t<\/div>\n\t\t\t\t\t<\/div>\n\t\t\t\t<\/div>\n\t\t<div data-particle_enable=\"false\" data-particle-mobile-disabled=\"false\" class=\"elementor-element elementor-element-37f60c72 e-flex e-con-boxed e-con e-parent\" data-id=\"37f60c72\" data-element_type=\"container\" data-e-type=\"container\" data-settings=\"{&quot;background_background&quot;:&quot;classic&quot;}\">\n\t\t\t\t\t<div class=\"e-con-inner\">\n\t\t\t\t<div class=\"elementor-element elementor-element-1d41ba37 elementor-widget elementor-widget-heading\" data-id=\"1d41ba37\" data-element_type=\"widget\" data-e-type=\"widget\" data-widget_type=\"heading.default\">\n\t\t\t\t<div class=\"elementor-widget-container\">\n\t\t\t\t\t<h2 class=\"elementor-heading-title elementor-size-default\">Preguntas frecuentes<\/h2>\t\t\t\t<\/div>\n\t\t\t\t<\/div>\n\t\t\t\t<div class=\"elementor-element elementor-element-3e2c7999 elementor-widget__width-inherit elementor-widget elementor-widget-text-editor\" data-id=\"3e2c7999\" data-element_type=\"widget\" data-e-type=\"widget\" data-widget_type=\"text-editor.default\">\n\t\t\t\t<div class=\"elementor-widget-container\">\n\t\t\t\t\t\t\t\t\t<p data-start=\"477\" data-end=\"809\">Los pacientes suelen tener preguntas sobre c\u00f3mo puede ayudar la ortodoncia con la apnea del sue\u00f1o, sobre todo cuando los s\u00edntomas afectan a la comodidad diaria, el comportamiento o la salud a largo plazo. Estas preguntas frecuentes abordan las preocupaciones m\u00e1s comunes que escuchamos de personas y padres de Sugar Land que exploran soluciones no invasivas para respirar mejor y dormir mejor. <\/p>\t\t\t\t\t\t\t\t<\/div>\n\t\t\t\t<\/div>\n\t\t\t\t<div class=\"elementor-element elementor-element-1a4178b7 elementor-widget elementor-widget-n-accordion\" data-id=\"1a4178b7\" data-element_type=\"widget\" data-e-type=\"widget\" data-settings=\"{&quot;default_state&quot;:&quot;expanded&quot;,&quot;max_items_expended&quot;:&quot;one&quot;,&quot;n_accordion_animation_duration&quot;:{&quot;unit&quot;:&quot;ms&quot;,&quot;size&quot;:400,&quot;sizes&quot;:[]}}\" data-widget_type=\"nested-accordion.default\">\n\t\t\t\t<div class=\"elementor-widget-container\">\n\t\t\t\t\t\t\t<div class=\"e-n-accordion\" aria-label=\"Accordion. Open links with Enter or Space, close with Escape, and navigate with Arrow Keys\">\n\t\t\t\t\t\t<details id=\"e-n-accordion-item-4400\" class=\"e-n-accordion-item\" open>\n\t\t\t\t<summary class=\"e-n-accordion-item-title\" data-accordion-index=\"1\" tabindex=\"0\" aria-expanded=\"true\" aria-controls=\"e-n-accordion-item-4400\" >\n\t\t\t\t\t<span class='e-n-accordion-item-title-header'><div class=\"e-n-accordion-item-title-text\"> \u00bfPuede el tratamiento de ortodoncia sustituir la necesidad de una m\u00e1quina CPAP? <\/div><\/span>\n\t\t\t\t\t\t\t<span class='e-n-accordion-item-title-icon'>\n\t\t\t<span class='e-opened' ><i aria-hidden=\"true\" class=\"fas fa-minus\"><\/i><\/span>\n\t\t\t<span class='e-closed'><i aria-hidden=\"true\" class=\"fas fa-plus\"><\/i><\/span>\n\t\t<\/span>\n\n\t\t\t\t\t\t<\/summary>\n\t\t\t\t<div data-particle_enable=\"false\" data-particle-mobile-disabled=\"false\" role=\"region\" aria-labelledby=\"e-n-accordion-item-4400\" class=\"elementor-element elementor-element-7dba046b e-con-full e-flex e-con e-child\" data-id=\"7dba046b\" data-element_type=\"container\" data-e-type=\"container\">\n\t\t\t\t<div class=\"elementor-element elementor-element-25b30743 elementor-widget__width-inherit elementor-widget elementor-widget-text-editor\" data-id=\"25b30743\" data-element_type=\"widget\" data-e-type=\"widget\" data-widget_type=\"text-editor.default\">\n\t\t\t\t<div class=\"elementor-widget-container\">\n\t\t\t\t\t\t\t\t\t<p data-start=\"889\" data-end=\"1288\">En algunos casos, s\u00ed. No todos los pacientes necesitan una CPAP para controlar la apnea del sue\u00f1o. Cuando la obstrucci\u00f3n de las v\u00edas respiratorias est\u00e1 causada por la posici\u00f3n de la mand\u00edbula, arcos estrechos o api\u00f1amiento lingual, el tratamiento ortod\u00f3ncico puede reducir significativamente los s\u00edntomas, o incluso sustituir por completo el tratamiento con CPAP. Sin embargo, cada paciente es \u00fanico, por lo que el Dr. Rodr\u00edguez evaluar\u00e1 si la intervenci\u00f3n ortod\u00f3ncica por s\u00ed sola es una opci\u00f3n eficaz y segura para ti.   <\/p>\t\t\t\t\t\t\t\t<\/div>\n\t\t\t\t<\/div>\n\t\t\t\t<\/div>\n\t\t\t\t\t<\/details>\n\t\t\t\t\t\t<details id=\"e-n-accordion-item-4401\" class=\"e-n-accordion-item\" >\n\t\t\t\t<summary class=\"e-n-accordion-item-title\" data-accordion-index=\"2\" tabindex=\"-1\" aria-expanded=\"false\" aria-controls=\"e-n-accordion-item-4401\" >\n\t\t\t\t\t<span class='e-n-accordion-item-title-header'><div class=\"e-n-accordion-item-title-text\"> \u00bfEl tratamiento de la apnea del sue\u00f1o es diferente para los ni\u00f1os que para los adultos? <\/div><\/span>\n\t\t\t\t\t\t\t<span class='e-n-accordion-item-title-icon'>\n\t\t\t<span class='e-opened' ><i aria-hidden=\"true\" class=\"fas fa-minus\"><\/i><\/span>\n\t\t\t<span class='e-closed'><i aria-hidden=\"true\" class=\"fas fa-plus\"><\/i><\/span>\n\t\t<\/span>\n\n\t\t\t\t\t\t<\/summary>\n\t\t\t\t<div data-particle_enable=\"false\" data-particle-mobile-disabled=\"false\" role=\"region\" aria-labelledby=\"e-n-accordion-item-4401\" class=\"elementor-element elementor-element-45226159 e-con-full e-flex e-con e-child\" data-id=\"45226159\" data-element_type=\"container\" data-e-type=\"container\">\n\t\t\t\t<div class=\"elementor-element elementor-element-38ff10c5 elementor-widget__width-inherit elementor-widget elementor-widget-text-editor\" data-id=\"38ff10c5\" data-element_type=\"widget\" data-e-type=\"widget\" data-widget_type=\"text-editor.default\">\n\t\t\t\t<div class=\"elementor-widget-container\">\n\t\t\t\t\t\t\t\t\t<p data-start=\"1765\" data-end=\"2164\">S\u00ed. Los ni\u00f1os suelen beneficiarse de tratamientos de ortodoncia guiados por el crecimiento que ayudan a dar forma a las v\u00edas respiratorias a medida que se desarrollan. Esto puede incluir la expansi\u00f3n mandibular o guiar el crecimiento adecuado de la mand\u00edbula para evitar futuros colapsos de las v\u00edas respiratorias. Los adultos, en cambio, pueden responder mejor a los aparatos orales personalizados o a las correcciones ortod\u00f3ncicas estructurales. Ambos enfoques se adaptan a la edad, anatom\u00eda y s\u00edntomas del paciente.    <\/p>\t\t\t\t\t\t\t\t<\/div>\n\t\t\t\t<\/div>\n\t\t\t\t<\/div>\n\t\t\t\t\t<\/details>\n\t\t\t\t\t\t<details id=\"e-n-accordion-item-4402\" class=\"e-n-accordion-item\" >\n\t\t\t\t<summary class=\"e-n-accordion-item-title\" data-accordion-index=\"3\" tabindex=\"-1\" aria-expanded=\"false\" aria-controls=\"e-n-accordion-item-4402\" >\n\t\t\t\t\t<span class='e-n-accordion-item-title-header'><div class=\"e-n-accordion-item-title-text\"> \u00bfPuede ayudar el tratamiento de ortodoncia con los ronquidos aunque no tenga apnea del sue\u00f1o? <\/div><\/span>\n\t\t\t\t\t\t\t<span class='e-n-accordion-item-title-icon'>\n\t\t\t<span class='e-opened' ><i aria-hidden=\"true\" class=\"fas fa-minus\"><\/i><\/span>\n\t\t\t<span class='e-closed'><i aria-hidden=\"true\" class=\"fas fa-plus\"><\/i><\/span>\n\t\t<\/span>\n\n\t\t\t\t\t\t<\/summary>\n\t\t\t\t<div data-particle_enable=\"false\" data-particle-mobile-disabled=\"false\" role=\"region\" aria-labelledby=\"e-n-accordion-item-4402\" class=\"elementor-element elementor-element-29ef6405 e-con-full e-flex e-con e-child\" data-id=\"29ef6405\" data-element_type=\"container\" data-e-type=\"container\">\n\t\t\t\t<div class=\"elementor-element elementor-element-59469733 elementor-widget__width-inherit elementor-widget elementor-widget-text-editor\" data-id=\"59469733\" data-element_type=\"widget\" data-e-type=\"widget\" data-widget_type=\"text-editor.default\">\n\t\t\t\t<div class=\"elementor-widget-container\">\n\t\t\t\t\t\t\t\t\t<p data-start=\"2259\" data-end=\"2526\">Absolutamente. Los ronquidos suelen producirse cuando el flujo de aire est\u00e1 parcialmente bloqueado, y los tratamientos ortod\u00f3ncicos que mejoran el espacio de las v\u00edas respiratorias pueden reducir en gran medida o eliminar los ronquidos cr\u00f3nicos. Muchos pacientes notan una mejor\u00eda de los ronquidos mucho antes de que los s\u00edntomas de la apnea del sue\u00f1o desaparezcan por completo.  <\/p>\t\t\t\t\t\t\t\t<\/div>\n\t\t\t\t<\/div>\n\t\t\t\t<\/div>\n\t\t\t\t\t<\/details>\n\t\t\t\t\t\t<details id=\"e-n-accordion-item-4403\" class=\"e-n-accordion-item\" >\n\t\t\t\t<summary class=\"e-n-accordion-item-title\" data-accordion-index=\"4\" tabindex=\"-1\" aria-expanded=\"false\" aria-controls=\"e-n-accordion-item-4403\" >\n\t\t\t\t\t<span class='e-n-accordion-item-title-header'><div class=\"e-n-accordion-item-title-text\"> \u00bfEs c\u00f3modo dormir con un aparato bucal? <\/div><\/span>\n\t\t\t\t\t\t\t<span class='e-n-accordion-item-title-icon'>\n\t\t\t<span class='e-opened' ><i aria-hidden=\"true\" class=\"fas fa-minus\"><\/i><\/span>\n\t\t\t<span class='e-closed'><i aria-hidden=\"true\" class=\"fas fa-plus\"><\/i><\/span>\n\t\t<\/span>\n\n\t\t\t\t\t\t<\/summary>\n\t\t\t\t<div data-particle_enable=\"false\" data-particle-mobile-disabled=\"false\" role=\"region\" aria-labelledby=\"e-n-accordion-item-4403\" class=\"elementor-element elementor-element-4da660bc e-con-full e-flex e-con e-child\" data-id=\"4da660bc\" data-element_type=\"container\" data-e-type=\"container\">\n\t\t\t\t<div class=\"elementor-element elementor-element-688ff665 elementor-widget__width-inherit elementor-widget elementor-widget-text-editor\" data-id=\"688ff665\" data-element_type=\"widget\" data-e-type=\"widget\" data-widget_type=\"text-editor.default\">\n\t\t\t\t<div class=\"elementor-widget-container\">\n\t\t\t\t\t\t\t\t\t<p data-start=\"2591\" data-end=\"2884\">La mayor\u00eda de los pacientes se adaptan r\u00e1pidamente. Los aparatos bucales a medida est\u00e1n dise\u00f1ados para ser ligeros, seguros y c\u00f3modos. Reposicionan suavemente la mand\u00edbula para mantener abiertas las v\u00edas respiratorias sin el ruido ni el volumen de una m\u00e1quina de CPAP. Muchos pacientes afirman que duermen mejor, tienen menos sequedad y menos interrupciones nocturnas.   <\/p>\t\t\t\t\t\t\t\t<\/div>\n\t\t\t\t<\/div>\n\t\t\t\t<\/div>\n\t\t\t\t\t<\/details>\n\t\t\t\t\t\t<details id=\"e-n-accordion-item-4404\" class=\"e-n-accordion-item\" >\n\t\t\t\t<summary class=\"e-n-accordion-item-title\" data-accordion-index=\"5\" tabindex=\"-1\" aria-expanded=\"false\" aria-controls=\"e-n-accordion-item-4404\" >\n\t\t\t\t\t<span class='e-n-accordion-item-title-header'><div class=\"e-n-accordion-item-title-text\"> \u00bfEl seguro cubre los tratamientos de ortodoncia para la apnea del sue\u00f1o? <\/div><\/span>\n\t\t\t\t\t\t\t<span class='e-n-accordion-item-title-icon'>\n\t\t\t<span class='e-opened' ><i aria-hidden=\"true\" class=\"fas fa-minus\"><\/i><\/span>\n\t\t\t<span class='e-closed'><i aria-hidden=\"true\" class=\"fas fa-plus\"><\/i><\/span>\n\t\t<\/span>\n\n\t\t\t\t\t\t<\/summary>\n\t\t\t\t<div data-particle_enable=\"false\" data-particle-mobile-disabled=\"false\" role=\"region\" aria-labelledby=\"e-n-accordion-item-4404\" class=\"elementor-element elementor-element-14a00eea e-con-full e-flex e-con e-child\" data-id=\"14a00eea\" data-element_type=\"container\" data-e-type=\"container\">\n\t\t\t\t<div class=\"elementor-element elementor-element-1b467711 elementor-widget__width-inherit elementor-widget elementor-widget-text-editor\" data-id=\"1b467711\" data-element_type=\"widget\" data-e-type=\"widget\" data-widget_type=\"text-editor.default\">\n\t\t\t\t<div class=\"elementor-widget-container\">\n\t\t\t\t\t\t\t\t\t<p data-start=\"3778\" data-end=\"4057\">La cobertura var\u00eda, pero algunos planes incluyen prestaciones para aparatos relacionados con el sue\u00f1o o evaluaciones diagn\u00f3sticas. Durante tu visita, revisaremos los datos de tu seguro y te ayudaremos a comprender c\u00f3mo se aplican tus prestaciones. Tambi\u00e9n ofrecemos planes de pago flexibles si la cobertura del seguro es limitada.  <\/p>\t\t\t\t\t\t\t\t<\/div>\n\t\t\t\t<\/div>\n\t\t\t\t<\/div>\n\t\t\t\t\t<\/details>\n\t\t\t\t\t<\/div>\n\t\t\t\t\t\t<\/div>\n\t\t\t\t<\/div>\n\t\t\t\t\t<\/div>\n\t\t\t\t<\/div>\n\t\t\t\t<\/div>\n\t\t","protected":false},"excerpt":{"rendered":"<p>Apnea del sue\u00f1o y ortodoncia El sue\u00f1o debe ser relajante y reparador, pero para muchas personas, la apnea obstructiva del sue\u00f1o (AOS) interrumpe ese ciclo esencial. La apnea del sue\u00f1o es una afecci\u00f3n en la que la respiraci\u00f3n se detiene y se inicia repetidamente durante el sue\u00f1o debido a obstrucciones de las v\u00edas respiratorias, a menudo causadas por [&hellip;]<\/p>\n","protected":false},"author":2,"featured_media":0,"parent":0,"menu_order":42,"comment_status":"closed","ping_status":"closed","template":"","meta":{"_seopress_robots_primary_cat":"","_seopress_titles_title":"Sleep Apnea Specialist Sugar Land TX | Beam Orthodontics","_seopress_titles_desc":"Orthodontic solutions for sleep apnea improve jaw alignment and airway health, helping you breathe easier and sleep better with personalized, non-invasive care.","_seopress_robots_index":"","footnotes":""},"class_list":["post-5977","page","type-page","status-publish"],"_links":{"self":[{"href":"https:\/\/beamorthodonticsinsugarland.com\/es\/wp-json\/wp\/v2\/pages\/5977","targetHints":{"allow":["GET"]}}],"collection":[{"href":"https:\/\/beamorthodonticsinsugarland.com\/es\/wp-json\/wp\/v2\/pages"}],"about":[{"href":"https:\/\/beamorthodonticsinsugarland.com\/es\/wp-json\/wp\/v2\/types\/page"}],"author":[{"embeddable":true,"href":"https:\/\/beamorthodonticsinsugarland.com\/es\/wp-json\/wp\/v2\/users\/2"}],"replies":[{"embeddable":true,"href":"https:\/\/beamorthodonticsinsugarland.com\/es\/wp-json\/wp\/v2\/comments?post=5977"}],"version-history":[{"count":8,"href":"https:\/\/beamorthodonticsinsugarland.com\/es\/wp-json\/wp\/v2\/pages\/5977\/revisions"}],"predecessor-version":[{"id":7981,"href":"https:\/\/beamorthodonticsinsugarland.com\/es\/wp-json\/wp\/v2\/pages\/5977\/revisions\/7981"}],"wp:attachment":[{"href":"https:\/\/beamorthodonticsinsugarland.com\/es\/wp-json\/wp\/v2\/media?parent=5977"}],"curies":[{"name":"wp","href":"https:\/\/api.w.org\/{rel}","templated":true}]}}