{"id":5979,"date":"2017-02-06T11:24:42","date_gmt":"2017-02-06T11:24:42","guid":{"rendered":"https:\/\/beamorthodonticsinsugarland.com\/acerca-de-la-certificacion-de-la-junta\/"},"modified":"2026-01-05T21:02:10","modified_gmt":"2026-01-05T21:02:10","slug":"acerca-de-la-certificacion-de-la-junta","status":"publish","type":"page","link":"https:\/\/beamorthodonticsinsugarland.com\/es\/acerca-de-la-certificacion-de-la-junta\/","title":{"rendered":"Acerca de la certificaci\u00f3n de la Junta"},"content":{"rendered":"\t\t<div data-elementor-type=\"wp-page\" data-elementor-id=\"5979\" class=\"elementor elementor-5979 elementor-1639\" data-elementor-post-type=\"page\">\n\t\t\t\t\t\t<section data-particle_enable=\"false\" data-particle-mobile-disabled=\"false\" class=\"elementor-section elementor-top-section elementor-element elementor-element-5a486773 elementor-section-boxed elementor-section-height-default elementor-section-height-default\" data-id=\"5a486773\" data-element_type=\"section\" data-e-type=\"section\">\n\t\t\t\t\t\t<div class=\"elementor-container elementor-column-gap-default\">\n\t\t\t\t\t<div class=\"elementor-column elementor-col-100 elementor-top-column elementor-element elementor-element-f9d0571\" data-id=\"f9d0571\" data-element_type=\"column\" data-e-type=\"column\">\n\t\t\t<div class=\"elementor-widget-wrap elementor-element-populated\">\n\t\t\t\t\t\t<div class=\"elementor-element elementor-element-84c37fb elementor-widget elementor-widget-heading\" data-id=\"84c37fb\" data-element_type=\"widget\" data-e-type=\"widget\" data-widget_type=\"heading.default\">\n\t\t\t\t<div class=\"elementor-widget-container\">\n\t\t\t\t\t<h1 class=\"elementor-heading-title elementor-size-default\">Acerca de la Certificaci\u00f3n de la Junta en Ortodoncia\n<\/h1>\t\t\t\t<\/div>\n\t\t\t\t<\/div>\n\t\t\t\t<div class=\"elementor-element elementor-element-33e0cecf elementor-widget elementor-widget-text-editor\" data-id=\"33e0cecf\" data-element_type=\"widget\" data-e-type=\"widget\" data-widget_type=\"text-editor.default\">\n\t\t\t\t<div class=\"elementor-widget-container\">\n\t\t\t\t\t\t\t\t\t<h3 data-start=\"179\" data-end=\"223\">\u00bfTodos los ortodoncistas est\u00e1n colegiados?<\/h3><p data-start=\"375\" data-end=\"761\">Elegir al <em data-start=\"394\" data-end=\"424\">ortodoncista certificado<\/em> adecuado es una decisi\u00f3n importante para padres, adolescentes y adultos que buscan tratamiento de ortodoncia. Y aunque todos los ortodoncistas deben tener una licencia estatal v\u00e1lida para ejercer, <strong data-start=\"586\" data-end=\"638\">no todos los ortodoncistas buscan la certificaci\u00f3n del Consejo<\/strong>. De hecho, s\u00f3lo la mitad da el paso adicional de obtener esta distinci\u00f3n a trav\u00e9s de la Junta Americana de Ortodoncia (ABO).  <\/p><p data-start=\"1105\" data-end=\"1429\">La certificaci\u00f3n de la Junta representa un logro voluntario y riguroso que va m\u00e1s all\u00e1 de completar una residencia en ortodoncia. Indica que el ortodoncista ha demostrado un juicio cl\u00ednico excepcional, habilidades avanzadas para el tratamiento y el compromiso de ofrecer una asistencia de la m\u00e1xima calidad a ni\u00f1os, adolescentes y adultos. <\/p><h3 data-start=\"859\" data-end=\"958\">\u00bfCu\u00e1ntos Consejos de Certificaci\u00f3n reconoce la Asociaci\u00f3n Dental Americana en Ortodoncia?<\/h3><p data-start=\"1534\" data-end=\"1745\">Los padres y los pacientes se sorprenden a menudo al saber que s\u00f3lo hay una junta certificadora reconocida por la Asociaci\u00f3n Dental Americana (ADA) para la ortodoncia: la Junta Americana de Ortodoncia (ABO).<\/p><p data-start=\"1747\" data-end=\"2085\">Fundada en 1929, la ABO no s\u00f3lo es la junta de la especialidad odontol\u00f3gica m\u00e1s antigua, sino tambi\u00e9n el patr\u00f3n oro de la evaluaci\u00f3n ortod\u00f3ncica y la excelencia cl\u00ednica. Su misi\u00f3n es elevar la calidad de la atenci\u00f3n ortod\u00f3ncica fomentando el aprendizaje permanente, promoviendo la formaci\u00f3n continua y haciendo avanzar la especialidad mediante la certificaci\u00f3n revisada por expertos. <\/p><p data-start=\"2087\" data-end=\"2281\">Al ser la <em data-start=\"2105\" data-end=\"2111\">\u00fanica<\/em> junta reconocida por la ADA, la certificaci\u00f3n de la ABO tiene un peso significativo, tanto dentro de la profesi\u00f3n como entre los pacientes que buscan el proveedor de ortodoncia m\u00e1s cualificado.<\/p><h2 data-start=\"2288\" data-end=\"2345\">\u00bfPor qu\u00e9 los ortodoncistas deciden obtener la certificaci\u00f3n del Consejo?<\/h2><p data-start=\"2347\" data-end=\"2504\">Cuando un ortodoncista decide obtener la certificaci\u00f3n de la Junta, est\u00e1 eligiendo demostrar un mayor nivel de dedicaci\u00f3n a su oficio y a sus pacientes.<\/p><p data-start=\"2506\" data-end=\"2531\">La certificaci\u00f3n representa:<\/p><ul><li data-start=\"2535\" data-end=\"2589\"><strong data-start=\"2535\" data-end=\"2563\">Compromiso con la excelencia<\/strong> en el rendimiento cl\u00ednico<\/li><li data-start=\"2592\" data-end=\"2663\"><strong data-start=\"2592\" data-end=\"2614\">Conocimiento avanzado<\/strong> de las t\u00e9cnicas e investigaciones ortod\u00f3ncicas actuales<\/li><li data-start=\"2666\" data-end=\"2729\"><strong data-start=\"2666\" data-end=\"2684\">Responsabilidad<\/strong> ante las normas de asistencia reconocidas a nivel nacional<\/li><li data-start=\"2732\" data-end=\"2798\"><strong data-start=\"2732\" data-end=\"2772\">Dedicaci\u00f3n a la mejora continua<\/strong> a lo largo de su carrera<\/li><\/ul><p data-start=\"2800\" data-end=\"3070\">Un <em data-start=\"2917\" data-end=\"2947\">ortodoncista colegiado<\/em> es sin\u00f3nimo de experiencia digna de confianza, sobre todo en casos complejos relacionados con adolescentes, j\u00f3venes o adultos.<\/p><p data-start=\"3072\" data-end=\"3319\">Los ortodoncistas que obtienen la Certificaci\u00f3n ABO demuestran tanto a sus colegas como al p\u00fablico que se comprometen a ofrecer constantemente resultados excepcionales, y que est\u00e1n dispuestos a ser evaluados por algunos de los expertos m\u00e1s respetados del sector.<\/p>\t\t\t\t\t\t\t\t<\/div>\n\t\t\t\t<\/div>\n\t\t\t\t<section data-particle_enable=\"false\" data-particle-mobile-disabled=\"false\" class=\"elementor-section elementor-inner-section elementor-element elementor-element-a045f1a elementor-reverse-tablet elementor-reverse-mobile elementor-section-boxed elementor-section-height-default elementor-section-height-default\" data-id=\"a045f1a\" data-element_type=\"section\" data-e-type=\"section\">\n\t\t\t\t\t\t<div class=\"elementor-container elementor-column-gap-default\">\n\t\t\t\t\t<div class=\"elementor-column elementor-col-50 elementor-inner-column elementor-element elementor-element-84c6575\" data-id=\"84c6575\" data-element_type=\"column\" data-e-type=\"column\">\n\t\t\t<div class=\"elementor-widget-wrap elementor-element-populated\">\n\t\t\t\t\t\t<div class=\"elementor-element elementor-element-d9af744 elementor-widget elementor-widget-text-editor\" data-id=\"d9af744\" data-element_type=\"widget\" data-e-type=\"widget\" data-widget_type=\"text-editor.default\">\n\t\t\t\t<div class=\"elementor-widget-container\">\n\t\t\t\t\t\t\t\t\t<h2 data-start=\"3326\" data-end=\"3377\">\u00bfEn qu\u00e9 consiste el proceso de certificaci\u00f3n ABO?<\/h2><p data-start=\"3379\" data-end=\"3650\">El proceso de Certificaci\u00f3n ABO ha evolucionado durante casi un siglo, adapt\u00e1ndose a los avances de la ciencia ortod\u00f3ncica, la tecnolog\u00eda digital y la atenci\u00f3n al paciente. El proceso actual incluye tres componentes principales, cada uno de ellos dise\u00f1ado para evaluar la competencia cl\u00ednica y la toma de decisiones en el mundo real. <\/p><h3 data-start=\"3652\" data-end=\"3679\"><strong data-start=\"3656\" data-end=\"3679\">Examen escrito<\/strong><\/h3><p data-start=\"3680\" data-end=\"3895\">Los candidatos deben aprobar un examen exhaustivo de 240 preguntas que eval\u00faa su comprensi\u00f3n de conceptos esenciales de ortodoncia, planificaci\u00f3n del tratamiento, crecimiento y desarrollo, biomec\u00e1nica e investigaci\u00f3n contempor\u00e1nea.<\/p><p data-start=\"3897\" data-end=\"4010\">Este examen garantiza que el ortodoncista posee profundos conocimientos b\u00e1sicos antes de pasar a la evaluaci\u00f3n cl\u00ednica.<\/p><h3 data-start=\"4012\" data-end=\"4040\">Examen cl\u00ednico<\/h3><p data-start=\"4041\" data-end=\"4400\">Tras aprobar el examen escrito, los ortodoncistas presentan una serie de informes de casos detallados de tratamientos reales realizados durante la residencia o la pr\u00e1ctica privada. Estos casos abarcan diversas complejidades y grupos de edad, incluidos ni\u00f1os, adolescentes y adultos, demostrando la capacidad del ortodoncista para ofrecer resultados de alta calidad en una amplia gama de escenarios. <\/p><p data-start=\"4402\" data-end=\"4421\">Los examinadores eval\u00faan:<\/p><ul><li data-start=\"4425\" data-end=\"4455\">Objetivos y planificaci\u00f3n del tratamiento<\/li><li data-start=\"4458\" data-end=\"4498\">Decisiones cl\u00ednicas y resoluci\u00f3n de problemas<\/li><li data-start=\"4501\" data-end=\"4527\">Resultados finales del tratamiento<\/li><li data-start=\"4530\" data-end=\"4565\">Calidad y claridad de la documentaci\u00f3n<\/li><\/ul><h3 data-start=\"4567\" data-end=\"4591\">Examen oral<\/h3><p data-start=\"4592\" data-end=\"4831\">Por \u00faltimo, el ortodoncista realiza un examen oral dirigido por examinadores expertos. Durante esta sesi\u00f3n, los candidatos deben responder a preguntas acad\u00e9micas y cl\u00ednicas que ponen a prueba su razonamiento, capacidad de diagn\u00f3stico y aplicaci\u00f3n de conocimientos en tiempo real. <\/p><h3 data-start=\"4833\" data-end=\"4862\">Renovaci\u00f3n de la certificaci\u00f3n<\/h3><p data-start=\"4863\" data-end=\"5200\">Conseguir la certificaci\u00f3n es un logro impresionante, pero mantenerla es igual de importante. La certificaci\u00f3n de la ABO es v\u00e1lida durante un tiempo limitado, por lo que es necesario renovarla cada 10 a\u00f1os. Los ortodoncistas deben demostrar una excelencia continua, garantizando que se mantienen al d\u00eda de los avances en ortodoncia y siguen prestando una atenci\u00f3n superior al paciente.  <\/p><p data-start=\"5425\" data-end=\"5591\">Para saber m\u00e1s sobre la Junta Americana de Ortodoncia y lo que significa la Certificaci\u00f3n de la Junta para la experiencia ortod\u00f3ncica de tu familia, <a href=\"https:\/\/www.americanboardortho.com\/\">haz clic aqu\u00ed<\/a>.<\/p>\t\t\t\t\t\t\t\t<\/div>\n\t\t\t\t<\/div>\n\t\t\t\t\t<\/div>\n\t\t<\/div>\n\t\t\t\t<div class=\"elementor-column elementor-col-50 elementor-inner-column elementor-element elementor-element-10ef90b\" data-id=\"10ef90b\" data-element_type=\"column\" data-e-type=\"column\">\n\t\t\t<div class=\"elementor-widget-wrap elementor-element-populated\">\n\t\t\t\t\t\t<div class=\"elementor-element elementor-element-7ab9863 elementor-widget elementor-widget-image\" data-id=\"7ab9863\" data-element_type=\"widget\" data-e-type=\"widget\" data-widget_type=\"image.default\">\n\t\t\t\t<div class=\"elementor-widget-container\">\n\t\t\t\t\t\t\t\t\t\t\t\t\t\t\t\t<a href=\"https:\/\/beamorthodonticsinsugarland.com\/wp-content\/uploads\/2022\/12\/ABO.jpg\" data-elementor-open-lightbox=\"yes\" data-elementor-lightbox-title=\"ABO\" data-e-action-hash=\"#elementor-action%3Aaction%3Dlightbox%26settings%3DeyJpZCI6MzY0MSwidXJsIjoiaHR0cHM6XC9cL2JlYW1vcnRob2RvbnRpY3NpbnN1Z2FybGFuZC5jb21cL3dwLWNvbnRlbnRcL3VwbG9hZHNcLzIwMjJcLzEyXC9BQk8tMS5qcGcifQ%3D%3D\">\n\t\t\t\t\t\t\t<img fetchpriority=\"high\" decoding=\"async\" width=\"800\" height=\"750\" src=\"https:\/\/beamorthodonticsinsugarland.com\/wp-content\/uploads\/2022\/12\/ABO-1.jpg\" class=\"attachment-large size-large wp-image-3641\" alt=\"ABO Pyramid Beam Orthodontics in Sugar Land, TX\" srcset=\"https:\/\/beamorthodonticsinsugarland.com\/wp-content\/uploads\/2022\/12\/ABO-1.jpg 800w, https:\/\/beamorthodonticsinsugarland.com\/wp-content\/uploads\/2022\/12\/ABO-1-300x281.jpg 300w, https:\/\/beamorthodonticsinsugarland.com\/wp-content\/uploads\/2022\/12\/ABO-1-768x720.jpg 768w\" sizes=\"(max-width: 800px) 100vw, 800px\" \/>\t\t\t\t\t\t\t\t<\/a>\n\t\t\t\t\t\t\t\t\t\t\t\t\t\t\t<\/div>\n\t\t\t\t<\/div>\n\t\t\t\t\t<\/div>\n\t\t<\/div>\n\t\t\t\t\t<\/div>\n\t\t<\/section>\n\t\t\t\t\t<\/div>\n\t\t<\/div>\n\t\t\t\t\t<\/div>\n\t\t<\/section>\n\t\t\t\t<\/div>\n\t\t","protected":false},"excerpt":{"rendered":"<p>Acerca de la Certificaci\u00f3n de la Junta en Ortodoncia \u00bfTodos los ortodoncistas est\u00e1n colegiados? Elegir al ortodoncista certificado adecuado es una decisi\u00f3n importante para padres, adolescentes y adultos que buscan tratamiento de ortodoncia. Y aunque todos los ortodoncistas deben tener una licencia estatal v\u00e1lida para ejercer, no todos los ortodoncistas buscan la certificaci\u00f3n del Consejo. De hecho, s\u00f3lo [&hellip;]<\/p>\n","protected":false},"author":2,"featured_media":0,"parent":0,"menu_order":17,"comment_status":"closed","ping_status":"closed","template":"","meta":{"_seopress_robots_primary_cat":"","_seopress_titles_title":"Ortodoncista Certificado Sugar Land TX | Beam Orthodontics","_seopress_titles_desc":"Los ortodoncistas colegiados realizan rigurosos ex\u00e1menes y revisiones de casos, demostrando una habilidad avanzada, excelencia cl\u00ednica y compromiso con una atenci\u00f3n de m\u00e1xima calidad.","_seopress_robots_index":"","footnotes":""},"class_list":["post-5979","page","type-page","status-publish"],"_links":{"self":[{"href":"https:\/\/beamorthodonticsinsugarland.com\/es\/wp-json\/wp\/v2\/pages\/5979","targetHints":{"allow":["GET"]}}],"collection":[{"href":"https:\/\/beamorthodonticsinsugarland.com\/es\/wp-json\/wp\/v2\/pages"}],"about":[{"href":"https:\/\/beamorthodonticsinsugarland.com\/es\/wp-json\/wp\/v2\/types\/page"}],"author":[{"embeddable":true,"href":"https:\/\/beamorthodonticsinsugarland.com\/es\/wp-json\/wp\/v2\/users\/2"}],"replies":[{"embeddable":true,"href":"https:\/\/beamorthodonticsinsugarland.com\/es\/wp-json\/wp\/v2\/comments?post=5979"}],"version-history":[{"count":2,"href":"https:\/\/beamorthodonticsinsugarland.com\/es\/wp-json\/wp\/v2\/pages\/5979\/revisions"}],"predecessor-version":[{"id":6975,"href":"https:\/\/beamorthodonticsinsugarland.com\/es\/wp-json\/wp\/v2\/pages\/5979\/revisions\/6975"}],"wp:attachment":[{"href":"https:\/\/beamorthodonticsinsugarland.com\/es\/wp-json\/wp\/v2\/media?parent=5979"}],"curies":[{"name":"wp","href":"https:\/\/api.w.org\/{rel}","templated":true}]}}