{"id":5983,"date":"2017-04-28T01:33:48","date_gmt":"2017-04-28T01:33:48","guid":{"rendered":"https:\/\/beamorthodonticsinsugarland.com\/ortodoncia-para-adultos\/"},"modified":"2026-04-16T10:34:44","modified_gmt":"2026-04-16T10:34:44","slug":"ortodoncia-para-adultos","status":"publish","type":"page","link":"https:\/\/beamorthodonticsinsugarland.com\/es\/ortodoncia-para-adultos\/","title":{"rendered":"Ortodoncia para adultos"},"content":{"rendered":"\t\t<div data-elementor-type=\"wp-page\" data-elementor-id=\"5983\" class=\"elementor elementor-5983 elementor-3078\" data-elementor-post-type=\"page\">\n\t\t\t\t<div data-particle_enable=\"false\" data-particle-mobile-disabled=\"false\" class=\"elementor-element elementor-element-056622d e-flex e-con-boxed e-con e-parent\" data-id=\"056622d\" data-element_type=\"container\" data-e-type=\"container\">\n\t\t\t\t\t<div class=\"e-con-inner\">\n\t\t\t\t<div class=\"elementor-element elementor-element-0f60277 elementor-widget elementor-widget-heading\" data-id=\"0f60277\" data-element_type=\"widget\" data-e-type=\"widget\" data-widget_type=\"heading.default\">\n\t\t\t\t<div class=\"elementor-widget-container\">\n\t\t\t\t\t<h1 class=\"elementor-heading-title elementor-size-default\">Ortodoncia para adultos en Sugar Land, TX<\/h1>\t\t\t\t<\/div>\n\t\t\t\t<\/div>\n\t\t\t\t<div class=\"elementor-element elementor-element-27636cb elementor-widget elementor-widget-text-editor\" data-id=\"27636cb\" data-element_type=\"widget\" data-e-type=\"widget\" data-widget_type=\"text-editor.default\">\n\t\t\t\t<div class=\"elementor-widget-container\">\n\t\t\t\t\t\t\t\t\t<p data-start=\"245\" data-end=\"577\">El tratamiento de ortodoncia ya no es s\u00f3lo para <a href=\"https:\/\/beamorthodonticsinsugarland.com\/es\/ortodoncia-temprana\/\">ni\u00f1os<\/a> y <a href=\"https:\/\/beamorthodonticsinsugarland.com\/es\/ortodoncia-en-adolescentes\/\">adolescentes<\/a>. De hecho, la Asociaci\u00f3n Americana de Ortodoncistas informa de que 1 de cada 5 pacientes de ortodoncia tiene m\u00e1s de 21 a\u00f1os. En Beam Orthodontics hemos ayudado a muchos adultos de Houston y Sugar Land a mejorar su salud bucal y aumentar su confianza, y nos encantar\u00eda hacer lo mismo por ti.<\/p><p data-start=\"579\" data-end=\"864\">Tanto si quieres solucionar antiguos problemas de mordida como si simplemente deseas una sonrisa m\u00e1s alineada, ahora es el momento perfecto para explorar tus opciones. Sabemos que tu tiempo es limitado, por eso te ofrecemos una c\u00f3moda programaci\u00f3n y soluciones de tratamiento flexibles dise\u00f1adas para adaptarse a tu ajetreado estilo de vida. <\/p><h2 data-start=\"871\" data-end=\"942\">Por qu\u00e9 considerar la ortodoncia para adultos<\/h2><p data-start=\"943\" data-end=\"1009\">Hay varias razones por las que los adultos buscan atenci\u00f3n ortod\u00f3ncica, entre ellas:<\/p><ul><li data-start=\"1013\" data-end=\"1086\">Mordida desalineada<a href=\"https:\/\/beamorthodonticsinsugarland.com\/es\/problemas-comunes\/\">(maloclusi\u00f3n<\/a>), que hace que los dientes encajen mal<\/li><li data-start=\"1089\" data-end=\"1166\">Los dientes api\u00f1ados o muy separados pueden provocar caries o problemas de enc\u00edas<\/li><li data-start=\"1169\" data-end=\"1215\">Molestias o tensi\u00f3n en la mand\u00edbula por dientes torcidos<\/li><li data-start=\"1218\" data-end=\"1284\">Dolor de <a href=\"https:\/\/beamorthodonticsinsugarland.com\/es\/tmd-atm\/\">ATM\/TMD<\/a> o incluso dificultad para hablar causada por problemas de mordida<\/li><li data-start=\"1287\" data-end=\"1348\">Deseo de mejorar la salud bucodental y aumentar la confianza en uno mismo<\/li><\/ul><p data-start=\"1350\" data-end=\"1542\">En Ortodoncia Beam no s\u00f3lo cuidamos de tu sonrisa, sino tambi\u00e9n de tu salud general. Nuestros ex\u00e1menes cl\u00ednicos y exploraciones orales nos ayudan a determinar el mejor plan adaptado a ti. <\/p><p data-start=\"1544\" data-end=\"1793\">Invertir hoy en tu sonrisa puede tener beneficios duraderos tanto para tu aspecto como para tu bienestar a largo plazo. Tanto si te preparas para presentaciones de trabajo, fotos de boda o citas especiales, el impulso de confianza de una gran sonrisa llega muy lejos. <\/p><h2 data-start=\"1800\" data-end=\"1843\">Opciones de alineamiento dental para adultos<\/h2><p data-start=\"1844\" data-end=\"2016\">\u00bfTe preocupa el aspecto o el tacto de los aparatos? La tecnolog\u00eda ortod\u00f3ncica actual ofrece opciones discretas y c\u00f3modas que se adaptan a tu estilo de vida. En Ortodoncia Beam, ofrecemos:  <\/p><ul><li data-start=\"2020\" data-end=\"2104\"><a href=\"https:\/\/beamorthodonticsinsugarland.com\/es\/invisalign\/\"><strong data-start=\"2020\" data-end=\"2050\">Alineadores transparentes Invisalign<\/strong><\/a> - Pr\u00e1cticamente invisibles, extra\u00edbles y f\u00e1ciles de limpiar<\/li><li data-start=\"2107\" data-end=\"2182\"><a href=\"https:\/\/beamorthodonticsinsugarland.com\/es\/tipos-de-ortodoncia\/\"><strong data-start=\"2107\" data-end=\"2131\">Brackets cer\u00e1micos transparentes<\/strong><\/a> - Brackets del color del diente que se integran de forma natural<\/li><li data-start=\"2185\" data-end=\"2258\"><a href=\"https:\/\/beamorthodonticsinsugarland.com\/es\/tipos-de-ortodoncia\/\"><strong data-start=\"2185\" data-end=\"2208\">Brackets met\u00e1licos modernos<\/strong><\/a> - M\u00e1s elegantes y c\u00f3modos que nunca<\/li><\/ul><p data-start=\"2260\" data-end=\"2381\">Sean cuales sean tus objetivos o preferencias, <a href=\"https:\/\/beamorthodonticsinsugarland.com\/es\/conoce-al-dr-rodriguez\/\">el Dr. Sebasti\u00e1n<\/a> Rodr\u00edguez te recomendar\u00e1 la soluci\u00f3n que mejor se adapte a tus necesidades particulares.<\/p><h2 data-start=\"2388\" data-end=\"2433\">Por qu\u00e9 es importante el tratamiento de ortodoncia para adultos<\/h2><ul><li><strong data-start=\"2436\" data-end=\"2464\">Dientes y enc\u00edas m\u00e1s sanos: <\/strong>Los dientes alineados son m\u00e1s f\u00e1ciles de cepillar y de limpiar con hilo dental, lo que reduce el riesgo de caries, p\u00e9rdida \u00f3sea y enfermedades de las enc\u00edas.<\/li><li><strong style=\"font-family: -apple-system, BlinkMacSystemFont, 'Segoe UI', Roboto, 'Helvetica Neue', Arial, 'Noto Sans', sans-serif, 'Apple Color Emoji', 'Segoe UI Emoji', 'Segoe UI Symbol', 'Noto Color Emoji';\" data-start=\"2573\" data-end=\"2597\">Mejora de la autoestima: <\/strong>Una sonrisa bonita y recta puede aumentar tu confianza personal y profesional, y ayudarte a sentirte bien en cualquier situaci\u00f3n.<\/li><li><strong style=\"font-family: -apple-system, BlinkMacSystemFont, 'Segoe UI', Roboto, 'Helvetica Neue', Arial, 'Noto Sans', sans-serif, 'Apple Color Emoji', 'Segoe UI Emoji', 'Segoe UI Symbol', 'Noto Color Emoji';\" data-start=\"2731\" data-end=\"2762\">Prevenci\u00f3n de problemas futuros: <\/strong>Los problemas de alineaci\u00f3n no tratados pueden empeorar con el tiempo, provocando dolores de cabeza, dolor de mand\u00edbula o costosos procedimientos dentales m\u00e1s adelante.<\/li><\/ul><h2 data-start=\"2894\" data-end=\"2927\">\u00bfListo para empezar una consulta con el ortodoncista?<\/h2><p data-start=\"2894\" data-end=\"2927\">Entendemos lo ajetreada que puede ser la vida, y trabajaremos con tu horario para que cada visita sea lo m\u00e1s c\u00f3moda posible. Ponte en contacto con nosotros hoy mismo para <a href=\"https:\/\/beamorthodonticsinsugarland.com\/es\/pide-una-cita\/\">programar tu consulta gratuita<\/a> con el Dr. Rodr\u00edguez y saber m\u00e1s sobre c\u00f3mo el tratamiento de ortodoncia para adultos puede encajar perfectamente en tu vida. <\/p>\t\t\t\t\t\t\t\t<\/div>\n\t\t\t\t<\/div>\n\t\t\t\t\t<\/div>\n\t\t\t\t<\/div>\n\t\t<div data-particle_enable=\"false\" data-particle-mobile-disabled=\"false\" class=\"elementor-element elementor-element-7e0530d e-flex e-con-boxed e-con e-parent\" data-id=\"7e0530d\" data-element_type=\"container\" data-e-type=\"container\" data-settings=\"{&quot;background_background&quot;:&quot;classic&quot;}\">\n\t\t\t\t\t<div class=\"e-con-inner\">\n\t\t\t\t<div class=\"elementor-element elementor-element-568a3ce3 elementor-widget elementor-widget-heading\" data-id=\"568a3ce3\" data-element_type=\"widget\" data-e-type=\"widget\" data-widget_type=\"heading.default\">\n\t\t\t\t<div class=\"elementor-widget-container\">\n\t\t\t\t\t<h2 class=\"elementor-heading-title elementor-size-default\">Preguntas frecuentes<\/h2>\t\t\t\t<\/div>\n\t\t\t\t<\/div>\n\t\t\t\t<div class=\"elementor-element elementor-element-5e525e1b elementor-widget__width-inherit elementor-widget elementor-widget-text-editor\" data-id=\"5e525e1b\" data-element_type=\"widget\" data-e-type=\"widget\" data-widget_type=\"text-editor.default\">\n\t\t\t\t<div class=\"elementor-widget-container\">\n\t\t\t\t\t\t\t\t\t<p data-start=\"421\" data-end=\"687\">A menudo, los adultos tienen preguntas espec\u00edficas cuando se plantean un tratamiento de ortodoncia: desde la apariencia profesional hasta la comodidad, los plazos y los beneficios para la salud. Estas preguntas frecuentes ofrecen respuestas claras y tranquilizadoras para los adultos que se plantean el uso de ortodoncia o Invisalign en Beam Orthodontics. <\/p>\t\t\t\t\t\t\t\t<\/div>\n\t\t\t\t<\/div>\n\t\t\t\t<div class=\"elementor-element elementor-element-6acbced6 elementor-widget elementor-widget-n-accordion\" data-id=\"6acbced6\" data-element_type=\"widget\" data-e-type=\"widget\" data-settings=\"{&quot;default_state&quot;:&quot;expanded&quot;,&quot;max_items_expended&quot;:&quot;one&quot;,&quot;n_accordion_animation_duration&quot;:{&quot;unit&quot;:&quot;ms&quot;,&quot;size&quot;:400,&quot;sizes&quot;:[]}}\" data-widget_type=\"nested-accordion.default\">\n\t\t\t\t<div class=\"elementor-widget-container\">\n\t\t\t\t\t\t\t<div class=\"e-n-accordion\" aria-label=\"Accordion. Open links with Enter or Space, close with Escape, and navigate with Arrow Keys\">\n\t\t\t\t\t\t<details id=\"e-n-accordion-item-1790\" class=\"e-n-accordion-item\" open>\n\t\t\t\t<summary class=\"e-n-accordion-item-title\" data-accordion-index=\"1\" tabindex=\"0\" aria-expanded=\"true\" aria-controls=\"e-n-accordion-item-1790\" >\n\t\t\t\t\t<span class='e-n-accordion-item-title-header'><div class=\"e-n-accordion-item-title-text\"> \u00bfSoy demasiado mayor para enderezarme los dientes? <\/div><\/span>\n\t\t\t\t\t\t\t<span class='e-n-accordion-item-title-icon'>\n\t\t\t<span class='e-opened' ><i aria-hidden=\"true\" class=\"fas fa-minus\"><\/i><\/span>\n\t\t\t<span class='e-closed'><i aria-hidden=\"true\" class=\"fas fa-plus\"><\/i><\/span>\n\t\t<\/span>\n\n\t\t\t\t\t\t<\/summary>\n\t\t\t\t<div data-particle_enable=\"false\" data-particle-mobile-disabled=\"false\" role=\"region\" aria-labelledby=\"e-n-accordion-item-1790\" class=\"elementor-element elementor-element-74ae7868 e-con-full e-flex e-con e-child\" data-id=\"74ae7868\" data-element_type=\"container\" data-e-type=\"container\">\n\t\t\t\t<div class=\"elementor-element elementor-element-4f77c6c6 elementor-widget__width-inherit elementor-widget elementor-widget-text-editor\" data-id=\"4f77c6c6\" data-element_type=\"widget\" data-e-type=\"widget\" data-widget_type=\"text-editor.default\">\n\t\t\t\t<div class=\"elementor-widget-container\">\n\t\t\t\t\t\t\t\t\t<p data-start=\"741\" data-end=\"1050\">En absoluto. Los dientes sanos pueden moverse a cualquier edad, y muchos adultos empiezan el tratamiento de ortodoncia m\u00e1s tarde. Siempre que tus enc\u00edas y niveles \u00f3seos est\u00e9n en buen estado, la ortodoncia puede ser tan eficaz para los adultos como para los adolescentes. La edad nunca es un obst\u00e1culo para conseguir una sonrisa m\u00e1s sana y segura.   <\/p>\t\t\t\t\t\t\t\t<\/div>\n\t\t\t\t<\/div>\n\t\t\t\t<\/div>\n\t\t\t\t\t<\/details>\n\t\t\t\t\t\t<details id=\"e-n-accordion-item-1791\" class=\"e-n-accordion-item\" >\n\t\t\t\t<summary class=\"e-n-accordion-item-title\" data-accordion-index=\"2\" tabindex=\"-1\" aria-expanded=\"false\" aria-controls=\"e-n-accordion-item-1791\" >\n\t\t\t\t\t<span class='e-n-accordion-item-title-header'><div class=\"e-n-accordion-item-title-text\"> \u00bfEl tratamiento de ortodoncia para adultos interferir\u00e1 en mi trabajo o en mi rutina diaria? <\/div><\/span>\n\t\t\t\t\t\t\t<span class='e-n-accordion-item-title-icon'>\n\t\t\t<span class='e-opened' ><i aria-hidden=\"true\" class=\"fas fa-minus\"><\/i><\/span>\n\t\t\t<span class='e-closed'><i aria-hidden=\"true\" class=\"fas fa-plus\"><\/i><\/span>\n\t\t<\/span>\n\n\t\t\t\t\t\t<\/summary>\n\t\t\t\t<div data-particle_enable=\"false\" data-particle-mobile-disabled=\"false\" role=\"region\" aria-labelledby=\"e-n-accordion-item-1791\" class=\"elementor-element elementor-element-61261bc e-con-full e-flex e-con e-child\" data-id=\"61261bc\" data-element_type=\"container\" data-e-type=\"container\">\n\t\t\t\t<div class=\"elementor-element elementor-element-1fcad2bd elementor-widget__width-inherit elementor-widget elementor-widget-text-editor\" data-id=\"1fcad2bd\" data-element_type=\"widget\" data-e-type=\"widget\" data-widget_type=\"text-editor.default\">\n\t\t\t\t<div class=\"elementor-widget-container\">\n\t\t\t\t\t\t\t\t\t<p data-start=\"1141\" data-end=\"1480\">La mayor\u00eda de los pacientes descubren que el tratamiento se adapta f\u00e1cilmente a su vida cotidiana. Los alineadores transparentes como Invisalign son casi invisibles y se pueden quitar para las comidas, presentaciones y reuniones. Incluso los modernos aparatos de ortodoncia son discretos y c\u00f3modos. Tambi\u00e9n ofrecemos un horario flexible para que las citas sean f\u00e1ciles de conciliar con los compromisos laborales o familiares.   <\/p>\t\t\t\t\t\t\t\t<\/div>\n\t\t\t\t<\/div>\n\t\t\t\t<\/div>\n\t\t\t\t\t<\/details>\n\t\t\t\t\t\t<details id=\"e-n-accordion-item-1792\" class=\"e-n-accordion-item\" >\n\t\t\t\t<summary class=\"e-n-accordion-item-title\" data-accordion-index=\"3\" tabindex=\"-1\" aria-expanded=\"false\" aria-controls=\"e-n-accordion-item-1792\" >\n\t\t\t\t\t<span class='e-n-accordion-item-title-header'><div class=\"e-n-accordion-item-title-text\"> \u00bfPuede ayudar el tratamiento de ortodoncia con el dolor de mand\u00edbula o de cabeza? <\/div><\/span>\n\t\t\t\t\t\t\t<span class='e-n-accordion-item-title-icon'>\n\t\t\t<span class='e-opened' ><i aria-hidden=\"true\" class=\"fas fa-minus\"><\/i><\/span>\n\t\t\t<span class='e-closed'><i aria-hidden=\"true\" class=\"fas fa-plus\"><\/i><\/span>\n\t\t<\/span>\n\n\t\t\t\t\t\t<\/summary>\n\t\t\t\t<div data-particle_enable=\"false\" data-particle-mobile-disabled=\"false\" role=\"region\" aria-labelledby=\"e-n-accordion-item-1792\" class=\"elementor-element elementor-element-7d9f80a6 e-con-full e-flex e-con e-child\" data-id=\"7d9f80a6\" data-element_type=\"container\" data-e-type=\"container\">\n\t\t\t\t<div class=\"elementor-element elementor-element-19d312d1 elementor-widget__width-inherit elementor-widget elementor-widget-text-editor\" data-id=\"19d312d1\" data-element_type=\"widget\" data-e-type=\"widget\" data-widget_type=\"text-editor.default\">\n\t\t\t\t<div class=\"elementor-widget-container\">\n\t\t\t\t\t\t\t\t\t<p data-start=\"1556\" data-end=\"1822\">S\u00ed. La desalineaci\u00f3n de la mordida puede tensar las articulaciones mandibulares y los m\u00fasculos faciales, contribuyendo a dolores de cabeza, molestias mandibulares e incluso s\u00edntomas de ATM. Corregir tu mordida puede ayudar a mejorar la funci\u00f3n y aliviar la tensi\u00f3n, ofreciendo comodidad a largo plazo adem\u00e1s de una mejora est\u00e9tica.  <\/p>\t\t\t\t\t\t\t\t<\/div>\n\t\t\t\t<\/div>\n\t\t\t\t<\/div>\n\t\t\t\t\t<\/details>\n\t\t\t\t\t\t<details id=\"e-n-accordion-item-1793\" class=\"e-n-accordion-item\" >\n\t\t\t\t<summary class=\"e-n-accordion-item-title\" data-accordion-index=\"4\" tabindex=\"-1\" aria-expanded=\"false\" aria-controls=\"e-n-accordion-item-1793\" >\n\t\t\t\t\t<span class='e-n-accordion-item-title-header'><div class=\"e-n-accordion-item-title-text\"> \u00bfQu\u00e9 pasa si he llevado ortodoncia antes y se me han vuelto a mover los dientes? <\/div><\/span>\n\t\t\t\t\t\t\t<span class='e-n-accordion-item-title-icon'>\n\t\t\t<span class='e-opened' ><i aria-hidden=\"true\" class=\"fas fa-minus\"><\/i><\/span>\n\t\t\t<span class='e-closed'><i aria-hidden=\"true\" class=\"fas fa-plus\"><\/i><\/span>\n\t\t<\/span>\n\n\t\t\t\t\t\t<\/summary>\n\t\t\t\t<div data-particle_enable=\"false\" data-particle-mobile-disabled=\"false\" role=\"region\" aria-labelledby=\"e-n-accordion-item-1793\" class=\"elementor-element elementor-element-6d38403 e-con-full e-flex e-con e-child\" data-id=\"6d38403\" data-element_type=\"container\" data-e-type=\"container\">\n\t\t\t\t<div class=\"elementor-element elementor-element-cfa4b50 elementor-widget__width-inherit elementor-widget elementor-widget-text-editor\" data-id=\"cfa4b50\" data-element_type=\"widget\" data-e-type=\"widget\" data-widget_type=\"text-editor.default\">\n\t\t\t\t<div class=\"elementor-widget-container\">\n\t\t\t\t\t\t\t\t\t<p data-start=\"2993\" data-end=\"3272\">No eres el \u00fanico, muchos adultos vuelven a someterse a tratamiento despu\u00e9s de que los dientes se hayan desplazado por no llevar retenedores, por cambios naturales con el tiempo o por una correcci\u00f3n anterior incompleta. Invisalign suele ser una opci\u00f3n excelente para estos casos, ya que ofrece una forma discreta y eficaz de realinear tu sonrisa. <\/p>\t\t\t\t\t\t\t\t<\/div>\n\t\t\t\t<\/div>\n\t\t\t\t<\/div>\n\t\t\t\t\t<\/details>\n\t\t\t\t\t\t<details id=\"e-n-accordion-item-1794\" class=\"e-n-accordion-item\" >\n\t\t\t\t<summary class=\"e-n-accordion-item-title\" data-accordion-index=\"5\" tabindex=\"-1\" aria-expanded=\"false\" aria-controls=\"e-n-accordion-item-1794\" >\n\t\t\t\t\t<span class='e-n-accordion-item-title-header'><div class=\"e-n-accordion-item-title-text\"> \u00bfEl seguro dental cubre el tratamiento de ortodoncia para adultos? <\/div><\/span>\n\t\t\t\t\t\t\t<span class='e-n-accordion-item-title-icon'>\n\t\t\t<span class='e-opened' ><i aria-hidden=\"true\" class=\"fas fa-minus\"><\/i><\/span>\n\t\t\t<span class='e-closed'><i aria-hidden=\"true\" class=\"fas fa-plus\"><\/i><\/span>\n\t\t<\/span>\n\n\t\t\t\t\t\t<\/summary>\n\t\t\t\t<div data-particle_enable=\"false\" data-particle-mobile-disabled=\"false\" role=\"region\" aria-labelledby=\"e-n-accordion-item-1794\" class=\"elementor-element elementor-element-20fcd9c5 e-con-full e-flex e-con e-child\" data-id=\"20fcd9c5\" data-element_type=\"container\" data-e-type=\"container\">\n\t\t\t\t<div class=\"elementor-element elementor-element-3380ffca elementor-widget__width-inherit elementor-widget elementor-widget-text-editor\" data-id=\"3380ffca\" data-element_type=\"widget\" data-e-type=\"widget\" data-widget_type=\"text-editor.default\">\n\t\t\t\t<div class=\"elementor-widget-container\">\n\t\t\t\t\t\t\t\t\t<p data-start=\"3744\" data-end=\"4007\">La cobertura var\u00eda, pero muchos planes incluyen prestaciones parciales para adultos. Durante tu consulta, revisaremos los datos de tu seguro y te ayudaremos a entender c\u00f3mo se aplican tus prestaciones de ortodoncia. Tambi\u00e9n ofrecemos planes de pago flexibles para que el tratamiento sea asequible.  <\/p>\t\t\t\t\t\t\t\t<\/div>\n\t\t\t\t<\/div>\n\t\t\t\t<\/div>\n\t\t\t\t\t<\/details>\n\t\t\t\t\t<\/div>\n\t\t\t\t\t\t<\/div>\n\t\t\t\t<\/div>\n\t\t\t\t\t<\/div>\n\t\t\t\t<\/div>\n\t\t\t\t<\/div>\n\t\t","protected":false},"excerpt":{"rendered":"<p>Ortodoncia para adultos en Sugar Land, TX El tratamiento de ortodoncia ya no es s\u00f3lo para ni\u00f1os y adolescentes. De hecho, la Asociaci\u00f3n Americana de Ortodoncistas informa de que 1 de cada 5 pacientes de ortodoncia tiene m\u00e1s de 21 a\u00f1os. En Beam Orthodontics hemos ayudado a muchos adultos de Houston y Sugar Land a mejorar su salud [&hellip;]<\/p>\n","protected":false},"author":2,"featured_media":0,"parent":0,"menu_order":37,"comment_status":"closed","ping_status":"closed","template":"","meta":{"_seopress_robots_primary_cat":"","_seopress_titles_title":"Adult Orthodontics Sugar Land TX | Beam Orthodontics","_seopress_titles_desc":"Dr. Sebastian Rodriguez provides expert adult orthodontics with personalized teeth straightening options, including adult braces and Invisalign clear aligners.","_seopress_robots_index":"","footnotes":""},"class_list":["post-5983","page","type-page","status-publish"],"_links":{"self":[{"href":"https:\/\/beamorthodonticsinsugarland.com\/es\/wp-json\/wp\/v2\/pages\/5983","targetHints":{"allow":["GET"]}}],"collection":[{"href":"https:\/\/beamorthodonticsinsugarland.com\/es\/wp-json\/wp\/v2\/pages"}],"about":[{"href":"https:\/\/beamorthodonticsinsugarland.com\/es\/wp-json\/wp\/v2\/types\/page"}],"author":[{"embeddable":true,"href":"https:\/\/beamorthodonticsinsugarland.com\/es\/wp-json\/wp\/v2\/users\/2"}],"replies":[{"embeddable":true,"href":"https:\/\/beamorthodonticsinsugarland.com\/es\/wp-json\/wp\/v2\/comments?post=5983"}],"version-history":[{"count":8,"href":"https:\/\/beamorthodonticsinsugarland.com\/es\/wp-json\/wp\/v2\/pages\/5983\/revisions"}],"predecessor-version":[{"id":7977,"href":"https:\/\/beamorthodonticsinsugarland.com\/es\/wp-json\/wp\/v2\/pages\/5983\/revisions\/7977"}],"wp:attachment":[{"href":"https:\/\/beamorthodonticsinsugarland.com\/es\/wp-json\/wp\/v2\/media?parent=5983"}],"curies":[{"name":"wp","href":"https:\/\/api.w.org\/{rel}","templated":true}]}}