{"id":6052,"date":"2017-02-06T01:33:06","date_gmt":"2017-02-06T01:33:06","guid":{"rendered":"https:\/\/beamorthodonticsinsugarland.com\/ortodoncia-temprana\/"},"modified":"2026-04-16T10:28:37","modified_gmt":"2026-04-16T10:28:37","slug":"ortodoncia-temprana","status":"publish","type":"page","link":"https:\/\/beamorthodonticsinsugarland.com\/es\/ortodoncia-temprana\/","title":{"rendered":"Ortodoncia temprana"},"content":{"rendered":"\t\t<div data-elementor-type=\"wp-page\" data-elementor-id=\"6052\" class=\"elementor elementor-6052 elementor-36\" data-elementor-post-type=\"page\">\n\t\t\t\t\t\t<section data-particle_enable=\"false\" data-particle-mobile-disabled=\"false\" class=\"elementor-section elementor-top-section elementor-element elementor-element-444ee7ad elementor-section-boxed elementor-section-height-default elementor-section-height-default\" data-id=\"444ee7ad\" data-element_type=\"section\" data-e-type=\"section\">\n\t\t\t\t\t\t<div class=\"elementor-container elementor-column-gap-default\">\n\t\t\t\t\t<div class=\"elementor-column elementor-col-100 elementor-top-column elementor-element elementor-element-dc59cc\" data-id=\"dc59cc\" data-element_type=\"column\" data-e-type=\"column\">\n\t\t\t<div class=\"elementor-widget-wrap elementor-element-populated\">\n\t\t\t\t\t\t<div class=\"elementor-element elementor-element-648f2d4 elementor-widget elementor-widget-heading\" data-id=\"648f2d4\" data-element_type=\"widget\" data-e-type=\"widget\" data-widget_type=\"heading.default\">\n\t\t\t\t<div class=\"elementor-widget-container\">\n\t\t\t\t\t<h1 class=\"elementor-heading-title elementor-size-default\">Tratamiento temprano de ortodoncia en Sugar Land, TX<\/h1>\t\t\t\t<\/div>\n\t\t\t\t<\/div>\n\t\t\t\t<div class=\"elementor-element elementor-element-788fbfeb elementor-widget elementor-widget-text-editor\" data-id=\"788fbfeb\" data-element_type=\"widget\" data-e-type=\"widget\" data-widget_type=\"text-editor.default\">\n\t\t\t\t<div class=\"elementor-widget-container\">\n\t\t\t\t\t\t\t\t\t<p data-start=\"258\" data-end=\"587\">\u00bfTe preguntas cu\u00e1ndo debe tu hijo acudir al ortodoncista por primera vez? En Beam Orthodontics estamos especializados en evaluaciones ortod\u00f3ncicas tempranas que ayudan a garantizar que la sonrisa de tu hijo se desarrolle de la forma m\u00e1s sana posible. A veces, los ni\u00f1os pueden heredar problemas dentales sin signos evidentes, por eso es esencial una evaluaci\u00f3n precoz.  <\/p><p data-start=\"589\" data-end=\"999\">Seg\u00fan la Asociaci\u00f3n Americana de Ortodoncistas, los ni\u00f1os deben someterse a su primera revisi\u00f3n ortod\u00f3ncica a los 7 a\u00f1os y antes si lo recomienda su dentista de cabecera. En Beam Orthodontics, realizamos tanto ex\u00e1menes cl\u00ednicos como exploraciones orales para conocer a fondo los dientes de tu hijo. Esta visita temprana da <a href=\"https:\/\/beamorthodonticsinsugarland.com\/es\/conoce-al-dr-rodriguez\/\">al Dr. Sebasti\u00e1n Rodr\u00edguez<\/a> la oportunidad de evaluar el crecimiento de la mand\u00edbula de tu hijo, la erupci\u00f3n de los dientes y la alineaci\u00f3n de la mordida.  <\/p><h2 data-start=\"1001\" data-end=\"1064\">\u00bfPor qu\u00e9 es importante visitar al ortodoncista pedi\u00e1trico a los 7 a\u00f1os?<\/h2><p data-start=\"1065\" data-end=\"1176\">A los 7 a\u00f1os, los ni\u00f1os suelen tener una mezcla de dientes de leche y dientes permanentes. Esta etapa es ideal para identificarlos: <\/p><ul><li data-start=\"1180\" data-end=\"1240\">Problemas de crecimiento de la mand\u00edbula, como maxilar superior estrecho o prognatismo<\/li><li data-start=\"1243\" data-end=\"1286\">Problemas de mordida cruzada, api\u00f1amiento o espaciado<\/li><li><span data-preserver-spaces=\"true\">H\u00e1bitos como chuparse el dedo pueden afectar a la alineaci\u00f3n de los dientes<\/span><\/li><li data-start=\"1351\" data-end=\"1393\">Riesgo de traumatismo en los dientes frontales salientes<\/li><li data-start=\"1396\" data-end=\"1474\">Los retrasos o la p\u00e9rdida precoz de los dientes de leche pueden provocar lesiones o desalineaci\u00f3n<\/li><\/ul><p data-start=\"1476\" data-end=\"1568\">Una evaluaci\u00f3n precoz no siempre significa un tratamiento precoz, pero s\u00ed una tranquilidad precoz.<\/p><h2 data-start=\"3844\" data-end=\"3907\">\u00bfEl tratamiento precoz eliminar\u00e1 la necesidad de ortodoncia para los ni\u00f1os m\u00e1s adelante?<\/h2><p data-start=\"3908\" data-end=\"4153\">El tratamiento precoz suele abordar los problemas m\u00e1s acuciantes, pero puede seguir siendo necesario un cuidado adicional. A veces es necesaria una segunda fase de tratamiento (Fase II) durante la adolescencia para perfeccionar la alineaci\u00f3n despu\u00e9s de que hayan erupcionado todos los dientes permanentes. <\/p><p data-start=\"4155\" data-end=\"4252\">En algunos casos, sin embargo, el tratamiento de Fase I puede reducir o eliminar la necesidad de <a href=\"https:\/\/beamorthodonticsinsugarland.com\/es\/tipos-de-ortodoncia\/\">ortodoncia<\/a> completa m\u00e1s adelante.<\/p><h2 data-start=\"1570\" data-end=\"1629\">\u00bfCu\u00e1les son los beneficios de un tratamiento de ortodoncia precoz?<\/h2><p data-start=\"1630\" data-end=\"1819\">Si se recomienda un tratamiento precoz, el Dr. Rodr\u00edguez puede guiar el desarrollo de los dientes y maxilares de tu hijo para evitar futuras complicaciones. Los beneficios del tratamiento precoz (Fase I) pueden incluir: <\/p><ul><li data-start=\"1823\" data-end=\"1868\">Crear espacio para los nuevos dientes permanentes<\/li><li data-start=\"1871\" data-end=\"1920\">Reducir el riesgo de extracciones dentales posteriores<\/li><li data-start=\"1923\" data-end=\"1989\">Corregir h\u00e1bitos orales perjudiciales (chuparse el dedo, empujar con la lengua)<\/li><li data-start=\"1992\" data-end=\"2036\">Mejorar el equilibrio facial y la alineaci\u00f3n de la mand\u00edbula<\/li><li data-start=\"2039\" data-end=\"2078\">Minimizar el riesgo de dientes retenidos<\/li><li data-start=\"2081\" data-end=\"2117\">Proteger los dientes frontales de lesiones<\/li><\/ul><p data-start=\"2119\" data-end=\"2493\">En Ortodoncia Beam, nuestro enfoque combina la atenci\u00f3n temprana basada en el crecimiento con la precisi\u00f3n de la alta tecnolog\u00eda. Ofrecemos herramientas como Invisalign First, planificaci\u00f3n respetuosa con las v\u00edas respiratorias y tecnolog\u00eda digital avanzada para adaptar el tratamiento a cada etapa, lo que nos ayuda a prevenir problemas m\u00e1s complejos en el futuro. La atenci\u00f3n temprana tambi\u00e9n puede simplificar o acortar futuros tratamientos de ortodoncia durante la adolescencia.  <\/p><h2 data-start=\"2495\" data-end=\"2539\">\u00bfTodos los ni\u00f1os necesitan tratamiento temprano?<\/h2><p data-start=\"2540\" data-end=\"2811\">No necesariamente. Aunque algunos ni\u00f1os se benefician de una intervenci\u00f3n temprana otros pueden estar m\u00e1s indicados para el tratamiento una vez hayan erupcionado todos los dientes permanentes. Tambi\u00e9n es importante asegurarse de que los dientes de leche se extraen alrededor de los 13 a\u00f1os para permitir un desarrollo sano de los dientes adultos.  <\/p><p data-start=\"2813\" data-end=\"3018\">Si no necesita atenci\u00f3n inmediata, inscribiremos a tu hijo en nuestro Programa de Supervisi\u00f3n Ortod\u00f3ncica, un programa complementario dise\u00f1ado para controlar el crecimiento y desarrollo dental hasta el momento ideal para el tratamiento.<\/p><h2 data-start=\"3020\" data-end=\"3070\">\u00bfQu\u00e9 es el Programa de Supervisi\u00f3n en Ortodoncia?<\/h2><p data-start=\"3071\" data-end=\"3097\">Este programa nos permite<\/p><ul><li data-start=\"3101\" data-end=\"3143\">Sigue el desarrollo de la mand\u00edbula y la erupci\u00f3n de los dientes<\/li><li data-start=\"3146\" data-end=\"3212\">Recomendar medidas preventivas, como la extracci\u00f3n temprana de los dientes de leche<\/li><li data-start=\"3215\" data-end=\"3276\">Temporiza el tratamiento para obtener los resultados m\u00e1s eficaces y eficientes<\/li><\/ul><p data-start=\"3278\" data-end=\"3507\">Normalmente programamos visitas de revisi\u00f3n cada 6-8 meses y comunicamos nuestros resultados al dentista general de tu hijo. Lo mejor de todo es que este programa es totalmente gratuito y ofrece a tu hijo la mejor oportunidad de tener una sonrisa bonita y sana. <\/p><h2 data-start=\"3509\" data-end=\"3572\">\u00bfCu\u00e1les son los beneficios a largo plazo del tratamiento de ortodoncia?<\/h2><p data-start=\"3573\" data-end=\"3640\">Adem\u00e1s de mejorar el aspecto, los aparatos de ortodoncia pueden:<\/p><ul><li data-start=\"3644\" data-end=\"3678\">Mejorar la funci\u00f3n de la mordida y el habla<\/li><li data-start=\"3681\" data-end=\"3722\">Facilitan la limpieza y el mantenimiento de los dientes<\/li><li data-start=\"3725\" data-end=\"3765\">Evitar el desgaste desigual o da\u00f1os en los dientes<\/li><li data-start=\"3768\" data-end=\"3842\">Favorecen la salud dental a largo plazo y reducen la necesidad de cuidados restauradores<\/li><\/ul><h2 data-start=\"4254\" data-end=\"4329\">\u00bfDebe mi hijo seguir yendo al dentista durante el tratamiento de ortodoncia?<\/h2><p data-start=\"4330\" data-end=\"4566\">Absolutamente. Las revisiones y limpiezas peri\u00f3dicas con tu dentista de familia son esenciales durante todo el tratamiento de ortodoncia. Recomendamos visitas cada seis meses para ayudar a mantener una salud bucodental \u00f3ptima mientras tu hijo lleva aparatos de ortodoncia u otros dispositivos.  <\/p><p data-start=\"4568\" data-end=\"4785\">La atenci\u00f3n ortod\u00f3ncica temprana es una inversi\u00f3n en la salud, la confianza y el futuro de tu hijo. Programa hoy una consulta gratuita con Ortodoncia Beam para saber m\u00e1s sobre c\u00f3mo podemos guiar la sonrisa de tu hijo desde el principio. <\/p>\t\t\t\t\t\t\t\t<\/div>\n\t\t\t\t<\/div>\n\t\t\t\t\t<\/div>\n\t\t<\/div>\n\t\t\t\t\t<\/div>\n\t\t<\/section>\n\t\t<div data-particle_enable=\"false\" data-particle-mobile-disabled=\"false\" class=\"elementor-element elementor-element-28b207a4 e-flex e-con-boxed e-con e-parent\" data-id=\"28b207a4\" data-element_type=\"container\" data-e-type=\"container\" data-settings=\"{&quot;background_background&quot;:&quot;classic&quot;}\">\n\t\t\t\t\t<div class=\"e-con-inner\">\n\t\t\t\t<div class=\"elementor-element elementor-element-21e53482 elementor-widget elementor-widget-heading\" data-id=\"21e53482\" data-element_type=\"widget\" data-e-type=\"widget\" data-widget_type=\"heading.default\">\n\t\t\t\t<div class=\"elementor-widget-container\">\n\t\t\t\t\t<h2 class=\"elementor-heading-title elementor-size-default\">Preguntas frecuentes<\/h2>\t\t\t\t<\/div>\n\t\t\t\t<\/div>\n\t\t\t\t<div class=\"elementor-element elementor-element-521ccd5c elementor-widget__width-inherit elementor-widget elementor-widget-text-editor\" data-id=\"521ccd5c\" data-element_type=\"widget\" data-e-type=\"widget\" data-widget_type=\"text-editor.default\">\n\t\t\t\t<div class=\"elementor-widget-container\">\n\t\t\t\t\t\t\t\t\t<p data-start=\"431\" data-end=\"785\">Los padres a menudo tienen preguntas sobre lo que realmente implica la ortodoncia temprana, c\u00f3mo saber si su hijo la necesita y qu\u00e9 signos hay que observar a medida que se desarrolla su sonrisa. Estas FAQS abordan las preocupaciones que las familias suelen plantear cuando exploran la atenci\u00f3n ortod\u00f3ncica temprana en Sugar Land, ayud\u00e1ndote a sentirte informado y seguro sobre los pr\u00f3ximos pasos de tu hijo. <\/p>\t\t\t\t\t\t\t\t<\/div>\n\t\t\t\t<\/div>\n\t\t\t\t<div class=\"elementor-element elementor-element-41c6f825 elementor-widget elementor-widget-n-accordion\" data-id=\"41c6f825\" data-element_type=\"widget\" data-e-type=\"widget\" data-settings=\"{&quot;default_state&quot;:&quot;expanded&quot;,&quot;max_items_expended&quot;:&quot;one&quot;,&quot;n_accordion_animation_duration&quot;:{&quot;unit&quot;:&quot;ms&quot;,&quot;size&quot;:400,&quot;sizes&quot;:[]}}\" data-widget_type=\"nested-accordion.default\">\n\t\t\t\t<div class=\"elementor-widget-container\">\n\t\t\t\t\t\t\t<div class=\"e-n-accordion\" aria-label=\"Accordion. Open links with Enter or Space, close with Escape, and navigate with Arrow Keys\">\n\t\t\t\t\t\t<details id=\"e-n-accordion-item-1100\" class=\"e-n-accordion-item\" open>\n\t\t\t\t<summary class=\"e-n-accordion-item-title\" data-accordion-index=\"1\" tabindex=\"0\" aria-expanded=\"true\" aria-controls=\"e-n-accordion-item-1100\" >\n\t\t\t\t\t<span class='e-n-accordion-item-title-header'><div class=\"e-n-accordion-item-title-text\"> \u00bfC\u00f3mo puedo saber si mi hijo puede necesitar un tratamiento de ortodoncia precoz antes de los 7 a\u00f1os? <\/div><\/span>\n\t\t\t\t\t\t\t<span class='e-n-accordion-item-title-icon'>\n\t\t\t<span class='e-opened' ><i aria-hidden=\"true\" class=\"fas fa-minus\"><\/i><\/span>\n\t\t\t<span class='e-closed'><i aria-hidden=\"true\" class=\"fas fa-plus\"><\/i><\/span>\n\t\t<\/span>\n\n\t\t\t\t\t\t<\/summary>\n\t\t\t\t<div data-particle_enable=\"false\" data-particle-mobile-disabled=\"false\" role=\"region\" aria-labelledby=\"e-n-accordion-item-1100\" class=\"elementor-element elementor-element-abcace1 e-con-full e-flex e-con e-child\" data-id=\"abcace1\" data-element_type=\"container\" data-e-type=\"container\">\n\t\t\t\t<div class=\"elementor-element elementor-element-74430979 elementor-widget__width-inherit elementor-widget elementor-widget-text-editor\" data-id=\"74430979\" data-element_type=\"widget\" data-e-type=\"widget\" data-widget_type=\"text-editor.default\">\n\t\t\t\t<div class=\"elementor-widget-container\">\n\t\t\t\t\t\t\t\t\t<p data-start=\"880\" data-end=\"991\">Incluso sin s\u00edntomas evidentes, algunos signos tempranos pueden indicar el desarrollo de problemas de ortodoncia. Puedes notarlo: <\/p><ul><li data-start=\"994\" data-end=\"1035\">Dificultad para masticar o morder los alimentos<\/li><li data-start=\"1038\" data-end=\"1066\">Respiraci\u00f3n bucal o ronquidos<\/li><li data-start=\"1069\" data-end=\"1110\">Chuparse el dedo o usar chupete de forma prolongada<\/li><li data-start=\"1113\" data-end=\"1152\">Dientes que no se juntan uniformemente<\/li><li data-start=\"1155\" data-end=\"1189\">P\u00e9rdida precoz o tard\u00eda de los dientes de leche<\/li><\/ul><p data-start=\"1191\" data-end=\"1277\">Si no est\u00e1s segura, un examen r\u00e1pido con el Dr. Rodr\u00edguez puede aclararte las dudas y tranquilizarte.<\/p>\t\t\t\t\t\t\t\t<\/div>\n\t\t\t\t<\/div>\n\t\t\t\t<\/div>\n\t\t\t\t\t<\/details>\n\t\t\t\t\t\t<details id=\"e-n-accordion-item-1101\" class=\"e-n-accordion-item\" >\n\t\t\t\t<summary class=\"e-n-accordion-item-title\" data-accordion-index=\"2\" tabindex=\"-1\" aria-expanded=\"false\" aria-controls=\"e-n-accordion-item-1101\" >\n\t\t\t\t\t<span class='e-n-accordion-item-title-header'><div class=\"e-n-accordion-item-title-text\"> \u00bfCu\u00e1nto suele durar el tratamiento de Fase I? <\/div><\/span>\n\t\t\t\t\t\t\t<span class='e-n-accordion-item-title-icon'>\n\t\t\t<span class='e-opened' ><i aria-hidden=\"true\" class=\"fas fa-minus\"><\/i><\/span>\n\t\t\t<span class='e-closed'><i aria-hidden=\"true\" class=\"fas fa-plus\"><\/i><\/span>\n\t\t<\/span>\n\n\t\t\t\t\t\t<\/summary>\n\t\t\t\t<div data-particle_enable=\"false\" data-particle-mobile-disabled=\"false\" role=\"region\" aria-labelledby=\"e-n-accordion-item-1101\" class=\"elementor-element elementor-element-222e8241 e-con-full e-flex e-con e-child\" data-id=\"222e8241\" data-element_type=\"container\" data-e-type=\"container\">\n\t\t\t\t<div class=\"elementor-element elementor-element-791d7201 elementor-widget__width-inherit elementor-widget elementor-widget-text-editor\" data-id=\"791d7201\" data-element_type=\"widget\" data-e-type=\"widget\" data-widget_type=\"text-editor.default\">\n\t\t\t\t<div class=\"elementor-widget-container\">\n\t\t\t\t\t\t\t\t\t<p data-start=\"1742\" data-end=\"1998\">Cada ni\u00f1o es diferente, pero el tratamiento de la Fase I suele durar de 9 a 18 meses, dependiendo de los objetivos y del patr\u00f3n de crecimiento del ni\u00f1o. Tras completar la Fase I, pasamos a una fase de seguimiento hasta que llega el momento de considerar la Fase II durante la adolescencia. <\/p>\t\t\t\t\t\t\t\t<\/div>\n\t\t\t\t<\/div>\n\t\t\t\t<\/div>\n\t\t\t\t\t<\/details>\n\t\t\t\t\t\t<details id=\"e-n-accordion-item-1102\" class=\"e-n-accordion-item\" >\n\t\t\t\t<summary class=\"e-n-accordion-item-title\" data-accordion-index=\"3\" tabindex=\"-1\" aria-expanded=\"false\" aria-controls=\"e-n-accordion-item-1102\" >\n\t\t\t\t\t<span class='e-n-accordion-item-title-header'><div class=\"e-n-accordion-item-title-text\"> \u00bfAyudar\u00e1 el tratamiento ortod\u00f3ncico precoz a resolver problemas respiratorios o de las v\u00edas respiratorias? <\/div><\/span>\n\t\t\t\t\t\t\t<span class='e-n-accordion-item-title-icon'>\n\t\t\t<span class='e-opened' ><i aria-hidden=\"true\" class=\"fas fa-minus\"><\/i><\/span>\n\t\t\t<span class='e-closed'><i aria-hidden=\"true\" class=\"fas fa-plus\"><\/i><\/span>\n\t\t<\/span>\n\n\t\t\t\t\t\t<\/summary>\n\t\t\t\t<div data-particle_enable=\"false\" data-particle-mobile-disabled=\"false\" role=\"region\" aria-labelledby=\"e-n-accordion-item-1102\" class=\"elementor-element elementor-element-27176fc4 e-con-full e-flex e-con e-child\" data-id=\"27176fc4\" data-element_type=\"container\" data-e-type=\"container\">\n\t\t\t\t<div class=\"elementor-element elementor-element-531610d7 elementor-widget__width-inherit elementor-widget elementor-widget-text-editor\" data-id=\"531610d7\" data-element_type=\"widget\" data-e-type=\"widget\" data-widget_type=\"text-editor.default\">\n\t\t\t\t<div class=\"elementor-widget-container\">\n\t\t\t\t\t\t\t\t\t<p data-start=\"2445\" data-end=\"2730\">En muchos casos, s\u00ed. Una evaluaci\u00f3n temprana nos permite identificar problemas relacionados con las v\u00edas respiratorias o el crecimiento que pueden contribuir a la respiraci\u00f3n bucal, los ronquidos o los problemas de sue\u00f1o. La ortodoncia guiada puede ayudar a mantener una postura oral y un desarrollo mandibular m\u00e1s sanos, lo que puede mejorar el flujo de aire y la comodidad.  <\/p>\t\t\t\t\t\t\t\t<\/div>\n\t\t\t\t<\/div>\n\t\t\t\t<\/div>\n\t\t\t\t\t<\/details>\n\t\t\t\t\t\t<details id=\"e-n-accordion-item-1103\" class=\"e-n-accordion-item\" >\n\t\t\t\t<summary class=\"e-n-accordion-item-title\" data-accordion-index=\"4\" tabindex=\"-1\" aria-expanded=\"false\" aria-controls=\"e-n-accordion-item-1103\" >\n\t\t\t\t\t<span class='e-n-accordion-item-title-header'><div class=\"e-n-accordion-item-title-text\"> \u00bfQu\u00e9 ocurre si retraso el tratamiento de ortodoncia precoz? <\/div><\/span>\n\t\t\t\t\t\t\t<span class='e-n-accordion-item-title-icon'>\n\t\t\t<span class='e-opened' ><i aria-hidden=\"true\" class=\"fas fa-minus\"><\/i><\/span>\n\t\t\t<span class='e-closed'><i aria-hidden=\"true\" class=\"fas fa-plus\"><\/i><\/span>\n\t\t<\/span>\n\n\t\t\t\t\t\t<\/summary>\n\t\t\t\t<div data-particle_enable=\"false\" data-particle-mobile-disabled=\"false\" role=\"region\" aria-labelledby=\"e-n-accordion-item-1103\" class=\"elementor-element elementor-element-315389e7 e-con-full e-flex e-con e-child\" data-id=\"315389e7\" data-element_type=\"container\" data-e-type=\"container\">\n\t\t\t\t<div class=\"elementor-element elementor-element-4a762dc4 elementor-widget__width-inherit elementor-widget elementor-widget-text-editor\" data-id=\"4a762dc4\" data-element_type=\"widget\" data-e-type=\"widget\" data-widget_type=\"text-editor.default\">\n\t\t\t\t<div class=\"elementor-widget-container\">\n\t\t\t\t\t\t\t\t\t<p data-start=\"2800\" data-end=\"3166\">Algunos ni\u00f1os pueden no verse afectados por un retraso, pero otros pueden desarrollar problemas m\u00e1s complicados a medida que los maxilares y los dientes siguen creciendo. El tratamiento precoz a menudo puede evitar extracciones, reducir el api\u00f1amiento y evitar procedimientos de ortodoncia m\u00e1s complicados en la adolescencia. Una evaluaci\u00f3n a tiempo nos ayuda a determinar si esperar es seguro o si es importante una atenci\u00f3n temprana.  <\/p>\t\t\t\t\t\t\t\t<\/div>\n\t\t\t\t<\/div>\n\t\t\t\t<\/div>\n\t\t\t\t\t<\/details>\n\t\t\t\t\t\t<details id=\"e-n-accordion-item-1104\" class=\"e-n-accordion-item\" >\n\t\t\t\t<summary class=\"e-n-accordion-item-title\" data-accordion-index=\"5\" tabindex=\"-1\" aria-expanded=\"false\" aria-controls=\"e-n-accordion-item-1104\" >\n\t\t\t\t\t<span class='e-n-accordion-item-title-header'><div class=\"e-n-accordion-item-title-text\"> \u00bfEl seguro cubre el tratamiento de ortodoncia precoz? <\/div><\/span>\n\t\t\t\t\t\t\t<span class='e-n-accordion-item-title-icon'>\n\t\t\t<span class='e-opened' ><i aria-hidden=\"true\" class=\"fas fa-minus\"><\/i><\/span>\n\t\t\t<span class='e-closed'><i aria-hidden=\"true\" class=\"fas fa-plus\"><\/i><\/span>\n\t\t<\/span>\n\n\t\t\t\t\t\t<\/summary>\n\t\t\t\t<div data-particle_enable=\"false\" data-particle-mobile-disabled=\"false\" role=\"region\" aria-labelledby=\"e-n-accordion-item-1104\" class=\"elementor-element elementor-element-5b60af40 e-con-full e-flex e-con e-child\" data-id=\"5b60af40\" data-element_type=\"container\" data-e-type=\"container\">\n\t\t\t\t<div class=\"elementor-element elementor-element-35d0c9ac elementor-widget__width-inherit elementor-widget elementor-widget-text-editor\" data-id=\"35d0c9ac\" data-element_type=\"widget\" data-e-type=\"widget\" data-widget_type=\"text-editor.default\">\n\t\t\t\t<div class=\"elementor-widget-container\">\n\t\t\t\t\t\t\t\t\t<p data-start=\"3236\" data-end=\"3495\">Muchos planes de seguro ofrecen cobertura parcial para el tratamiento de Fase I. Durante tu visita, revisaremos las prestaciones de tu hijo y te ayudaremos a entender c\u00f3mo se aplica tu seguro. Tambi\u00e9n ofrecemos opciones de pago flexibles para que el tratamiento sea m\u00e1s accesible para las familias.  <\/p>\t\t\t\t\t\t\t\t<\/div>\n\t\t\t\t<\/div>\n\t\t\t\t<\/div>\n\t\t\t\t\t<\/details>\n\t\t\t\t\t<\/div>\n\t\t\t\t\t\t<\/div>\n\t\t\t\t<\/div>\n\t\t\t\t\t<\/div>\n\t\t\t\t<\/div>\n\t\t\t\t<\/div>\n\t\t","protected":false},"excerpt":{"rendered":"<p>Tratamiento temprano de ortodoncia en Sugar Land, TX \u00bfTe preguntas cu\u00e1ndo debe tu hijo acudir al ortodoncista por primera vez? En Beam Orthodontics estamos especializados en evaluaciones ortod\u00f3ncicas tempranas que ayudan a garantizar que la sonrisa de tu hijo se desarrolle de la forma m\u00e1s sana posible. A veces, los ni\u00f1os pueden heredar problemas dentales sin signos evidentes, [&hellip;]<\/p>\n","protected":false},"author":2,"featured_media":0,"parent":0,"menu_order":33,"comment_status":"closed","ping_status":"closed","template":"","meta":{"_seopress_robots_primary_cat":"","_seopress_titles_title":"Pediatric Orthodontist Sugar Land TX | Beam Orthodontics","_seopress_titles_desc":"Dr. Sebastian Rodriguez, a pediatric orthodontist, provides early orthodontic treatment, offering braces for kids when needed for healthy smile development.","_seopress_robots_index":"","footnotes":""},"class_list":["post-6052","page","type-page","status-publish"],"_links":{"self":[{"href":"https:\/\/beamorthodonticsinsugarland.com\/es\/wp-json\/wp\/v2\/pages\/6052","targetHints":{"allow":["GET"]}}],"collection":[{"href":"https:\/\/beamorthodonticsinsugarland.com\/es\/wp-json\/wp\/v2\/pages"}],"about":[{"href":"https:\/\/beamorthodonticsinsugarland.com\/es\/wp-json\/wp\/v2\/types\/page"}],"author":[{"embeddable":true,"href":"https:\/\/beamorthodonticsinsugarland.com\/es\/wp-json\/wp\/v2\/users\/2"}],"replies":[{"embeddable":true,"href":"https:\/\/beamorthodonticsinsugarland.com\/es\/wp-json\/wp\/v2\/comments?post=6052"}],"version-history":[{"count":10,"href":"https:\/\/beamorthodonticsinsugarland.com\/es\/wp-json\/wp\/v2\/pages\/6052\/revisions"}],"predecessor-version":[{"id":7973,"href":"https:\/\/beamorthodonticsinsugarland.com\/es\/wp-json\/wp\/v2\/pages\/6052\/revisions\/7973"}],"wp:attachment":[{"href":"https:\/\/beamorthodonticsinsugarland.com\/es\/wp-json\/wp\/v2\/media?parent=6052"}],"curies":[{"name":"wp","href":"https:\/\/api.w.org\/{rel}","templated":true}]}}