{"id":6056,"date":"2017-02-06T01:34:28","date_gmt":"2017-02-06T01:34:28","guid":{"rendered":"https:\/\/beamorthodonticsinsugarland.com\/tipos-de-ortodoncia\/"},"modified":"2025-07-25T16:15:32","modified_gmt":"2025-07-25T16:15:32","slug":"tipos-de-ortodoncia","status":"publish","type":"page","link":"https:\/\/beamorthodonticsinsugarland.com\/es\/tipos-de-ortodoncia\/","title":{"rendered":"Tipos de ortodoncia"},"content":{"rendered":"\t\t<div data-elementor-type=\"wp-page\" data-elementor-id=\"6056\" class=\"elementor elementor-6056 elementor-3074\" data-elementor-post-type=\"page\">\n\t\t\t\t\t\t<section data-particle_enable=\"false\" data-particle-mobile-disabled=\"false\" class=\"elementor-section elementor-top-section elementor-element elementor-element-6398f3b7 elementor-section-boxed elementor-section-height-default elementor-section-height-default\" data-id=\"6398f3b7\" data-element_type=\"section\" data-e-type=\"section\">\n\t\t\t\t\t\t<div class=\"elementor-container elementor-column-gap-default\">\n\t\t\t\t\t<div class=\"elementor-column elementor-col-100 elementor-top-column elementor-element elementor-element-d50ff4c\" data-id=\"d50ff4c\" data-element_type=\"column\" data-e-type=\"column\">\n\t\t\t<div class=\"elementor-widget-wrap elementor-element-populated\">\n\t\t\t\t\t\t<div class=\"elementor-element elementor-element-d5b4d26 elementor-widget elementor-widget-heading\" data-id=\"d5b4d26\" data-element_type=\"widget\" data-e-type=\"widget\" data-widget_type=\"heading.default\">\n\t\t\t\t<div class=\"elementor-widget-container\">\n\t\t\t\t\t<h1 class=\"elementor-heading-title elementor-size-default\">Tipos de ortodoncia en Sugar Land, TX<\/h1>\t\t\t\t<\/div>\n\t\t\t\t<\/div>\n\t\t\t\t<div class=\"elementor-element elementor-element-7c3b51fd elementor-widget elementor-widget-text-editor\" data-id=\"7c3b51fd\" data-element_type=\"widget\" data-e-type=\"widget\" data-widget_type=\"text-editor.default\">\n\t\t\t\t<div class=\"elementor-widget-container\">\n\t\t\t\t\t\t\t\t\t<article class=\"text-token-text-primary w-full\" dir=\"auto\" data-testid=\"conversation-turn-28\" data-scroll-anchor=\"true\"><div class=\"text-base my-auto mx-auto py-5 [--thread-content-margin:--spacing(4)] @[37rem]:[--thread-content-margin:--spacing(6)] @[72rem]:[--thread-content-margin:--spacing(16)] px-(--thread-content-margin)\"><div class=\"[--thread-content-max-width:32rem] @[34rem]:[--thread-content-max-width:40rem] @[64rem]:[--thread-content-max-width:48rem] mx-auto flex max-w-(--thread-content-max-width) flex-1 text-base gap-4 md:gap-5 lg:gap-6 group\/turn-messages focus-visible:outline-hidden\" tabindex=\"-1\"><div class=\"group\/conversation-turn relative flex w-full min-w-0 flex-col agent-turn\"><div class=\"relative flex-col gap-1 md:gap-3\"><div class=\"flex max-w-full flex-col grow\"><div class=\"min-h-8 text-message relative flex w-full flex-col items-end gap-2 text-start break-words whitespace-normal [.text-message+&amp;]:mt-5\" dir=\"auto\" data-message-author-role=\"assistant\" data-message-id=\"de20c7f9-782a-4696-af0e-eadcbe061c48\" data-message-model-slug=\"gpt-4o\"><div class=\"flex w-full flex-col gap-1 empty:hidden first:pt-[3px]\"><div class=\"markdown prose dark:prose-invert w-full break-words light\"><p data-start=\"191\" data-end=\"749\">El cuidado ortod\u00f3ncico ha evolucionado significativamente, ofreciendo a los pacientes m\u00e1s flexibilidad y comodidad a lo largo de su tratamiento. En Beam Ortodoncia, estamos orgullosos de ofrecer una atenci\u00f3n personalizada que se alinea con tus necesidades y objetivos \u00fanicos. Las t\u00e9cnicas modernas hacen que sea m\u00e1s f\u00e1cil que nunca conseguir una sonrisa sana y segura con menos trastornos en tu vida diaria. Los planes de tratamiento se adaptan a tu estilo de vida, garantizando una experiencia positiva y sin complicaciones de principio a fin. No importa tu edad, hay una soluci\u00f3n dise\u00f1ada para ayudarte a sonre\u00edr con confianza.    <\/p><h2 data-start=\"751\" data-end=\"798\">Opciones modernas de alineamiento dental<\/h2><p data-start=\"800\" data-end=\"1041\" data-is-last-node=\"\" data-is-only-node=\"\">Durante tu consulta, <a href=\"https:\/\/rodriguez.klsite.dev\/orthodontist-sebastian-rodriguez\/\">el Dr. Sebasti\u00e1n<\/a> Rodr\u00edguez se tomar\u00e1 el tiempo necesario para discutir tus opciones y recomendarte el camino m\u00e1s eficaz. Nuestro equipo est\u00e1 aqu\u00ed para responder a tus preguntas y apoyarte en cada etapa de tu viaje ortod\u00f3ncico.<\/p><\/div><\/div><\/div><\/div><\/div><\/div><\/div><\/div><\/article>\t\t\t\t\t\t\t\t<\/div>\n\t\t\t\t<\/div>\n\t\t\t\t\t<\/div>\n\t\t<\/div>\n\t\t\t\t\t<\/div>\n\t\t<\/section>\n\t\t\t\t<section data-particle_enable=\"false\" data-particle-mobile-disabled=\"false\" class=\"elementor-section elementor-top-section elementor-element elementor-element-70a66a19 elementor-section-boxed elementor-section-height-default elementor-section-height-default\" data-id=\"70a66a19\" data-element_type=\"section\" data-e-type=\"section\">\n\t\t\t\t\t\t<div class=\"elementor-container elementor-column-gap-default\">\n\t\t\t\t\t<div class=\"elementor-column elementor-col-50 elementor-top-column elementor-element elementor-element-6195a82\" data-id=\"6195a82\" data-element_type=\"column\" data-e-type=\"column\">\n\t\t\t<div class=\"elementor-widget-wrap elementor-element-populated\">\n\t\t\t\t\t\t<div class=\"elementor-element elementor-element-592a298c elementor-cta--skin-classic elementor-animated-content elementor-bg-transform elementor-bg-transform-zoom-in elementor-widget elementor-widget-call-to-action\" data-id=\"592a298c\" data-element_type=\"widget\" data-e-type=\"widget\" data-widget_type=\"call-to-action.default\">\n\t\t\t\t<div class=\"elementor-widget-container\">\n\t\t\t\t\t\t\t<div class=\"elementor-cta\">\n\t\t\t\t\t<div class=\"elementor-cta__bg-wrapper\">\n\t\t\t\t<div class=\"elementor-cta__bg elementor-bg\" style=\"background-image: url(https:\/\/beamorthodonticsinsugarland.com\/wp-content\/uploads\/2024\/10\/Types-of-Braces-Metal-Braces.jpg);\" role=\"img\" aria-label=\"Metal Braces Beam Orthodontics in Sugar Land, TX\"><\/div>\n\t\t\t\t<div class=\"elementor-cta__bg-overlay\"><\/div>\n\t\t\t<\/div>\n\t\t\t\t\t\t\t<div class=\"elementor-cta__content\">\n\t\t\t\t\n\t\t\t\t\t\t\t\t\t<h2 class=\"elementor-cta__title elementor-cta__content-item elementor-content-item\">\n\t\t\t\t\t\tBrackets met\u00e1licos\t\t\t\t\t<\/h2>\n\t\t\t\t\n\t\t\t\t\t\t\t\t\t<div class=\"elementor-cta__description elementor-cta__content-item elementor-content-item\">\n\t\t\t\t\t\tA\u00fan siendo el tratamiento de ortodoncia m\u00e1s utilizado, los aparatos met\u00e1licos han avanzado mucho en comodidad y dise\u00f1o. Los brackets modernos son m\u00e1s peque\u00f1os, m\u00e1s eficaces y est\u00e1n hechos de acero inoxidable duradero y de alta calidad. Tambi\u00e9n puedes personalizar tu aspecto eligiendo el\u00e1sticos de colores para que tu sonrisa destaque.  \n\t\t\t\t\t<\/div>\n\t\t\t\t\n\t\t\t\t\t\t\t<\/div>\n\t\t\t\t\t\t<\/div>\n\t\t\t\t\t\t<\/div>\n\t\t\t\t<\/div>\n\t\t\t\t\t<\/div>\n\t\t<\/div>\n\t\t\t\t<div class=\"elementor-column elementor-col-50 elementor-top-column elementor-element elementor-element-5be6092e\" data-id=\"5be6092e\" data-element_type=\"column\" data-e-type=\"column\">\n\t\t\t<div class=\"elementor-widget-wrap elementor-element-populated\">\n\t\t\t\t\t\t<div class=\"elementor-element elementor-element-52d36f3b elementor-cta--skin-classic elementor-animated-content elementor-bg-transform elementor-bg-transform-zoom-in elementor-widget elementor-widget-call-to-action\" data-id=\"52d36f3b\" data-element_type=\"widget\" data-e-type=\"widget\" data-widget_type=\"call-to-action.default\">\n\t\t\t\t<div class=\"elementor-widget-container\">\n\t\t\t\t\t\t\t<div class=\"elementor-cta\">\n\t\t\t\t\t<div class=\"elementor-cta__bg-wrapper\">\n\t\t\t\t<div class=\"elementor-cta__bg elementor-bg\" style=\"background-image: url(https:\/\/beamorthodonticsinsugarland.com\/wp-content\/uploads\/2024\/10\/Types-of-Braces-Ceramic-Braces.jpg);\" role=\"img\" aria-label=\"Ceramic Braces Beam Orthodontics in Sugar Land, TX\"><\/div>\n\t\t\t\t<div class=\"elementor-cta__bg-overlay\"><\/div>\n\t\t\t<\/div>\n\t\t\t\t\t\t\t<div class=\"elementor-cta__content\">\n\t\t\t\t\n\t\t\t\t\t\t\t\t\t<h2 class=\"elementor-cta__title elementor-cta__content-item elementor-content-item\">\n\t\t\t\t\t\tBrackets cer\u00e1micos\t\t\t\t\t<\/h2>\n\t\t\t\t\n\t\t\t\t\t\t\t\t\t<div class=\"elementor-cta__description elementor-cta__content-item elementor-content-item\">\n\t\t\t\t\t\tTambi\u00e9n conocidos como aparatos transparentes, los aparatos cer\u00e1micos utilizan materiales transl\u00facidos o del color del diente que se funden con tus dientes naturales. Proporcionan los mismos resultados fiables que los aparatos met\u00e1licos, pero con un aspecto m\u00e1s sutil, lo que los convierte en una gran opci\u00f3n para los pacientes que prefieren un tratamiento menos perceptible. \n\t\t\t\t\t<\/div>\n\t\t\t\t\n\t\t\t\t\t\t\t<\/div>\n\t\t\t\t\t\t<\/div>\n\t\t\t\t\t\t<\/div>\n\t\t\t\t<\/div>\n\t\t\t\t\t<\/div>\n\t\t<\/div>\n\t\t\t\t\t<\/div>\n\t\t<\/section>\n\t\t\t\t<section data-particle_enable=\"false\" data-particle-mobile-disabled=\"false\" class=\"elementor-section elementor-top-section elementor-element elementor-element-7adeac45 elementor-section-boxed elementor-section-height-default elementor-section-height-default\" data-id=\"7adeac45\" data-element_type=\"section\" data-e-type=\"section\">\n\t\t\t\t\t\t<div class=\"elementor-container elementor-column-gap-default\">\n\t\t\t\t\t<div class=\"elementor-column elementor-col-50 elementor-top-column elementor-element elementor-element-5c435289\" data-id=\"5c435289\" data-element_type=\"column\" data-e-type=\"column\">\n\t\t\t<div class=\"elementor-widget-wrap elementor-element-populated\">\n\t\t\t\t\t\t<div class=\"elementor-element elementor-element-6ddb9b22 elementor-cta--skin-classic elementor-animated-content elementor-bg-transform elementor-bg-transform-zoom-in elementor-widget elementor-widget-call-to-action\" data-id=\"6ddb9b22\" data-element_type=\"widget\" data-e-type=\"widget\" data-widget_type=\"call-to-action.default\">\n\t\t\t\t<div class=\"elementor-widget-container\">\n\t\t\t\t\t\t\t<div class=\"elementor-cta\">\n\t\t\t\t\t<div class=\"elementor-cta__bg-wrapper\">\n\t\t\t\t<div class=\"elementor-cta__bg elementor-bg\" style=\"background-image: url(https:\/\/beamorthodonticsinsugarland.com\/wp-content\/uploads\/2024\/10\/Types-of-Braces-Clear-Aligners-2.jpg);\" role=\"img\" aria-label=\"Invisalign Clear Aligners Beam Orthodontics in Sugar Land, TX\"><\/div>\n\t\t\t\t<div class=\"elementor-cta__bg-overlay\"><\/div>\n\t\t\t<\/div>\n\t\t\t\t\t\t\t<div class=\"elementor-cta__content\">\n\t\t\t\t\n\t\t\t\t\t\t\t\t\t<h2 class=\"elementor-cta__title elementor-cta__content-item elementor-content-item\">\n\t\t\t\t\t\tAlineadores transparentes Invisalign\t\t\t\t\t<\/h2>\n\t\t\t\t\n\t\t\t\t\t\t\t\t\t<div class=\"elementor-cta__description elementor-cta__content-item elementor-content-item\">\n\t\t\t\t\t\tInvisalign utiliza una serie de alineadores transparentes hechos a medida para colocar gradualmente los dientes en su sitio. Estos alineadores extra\u00edbles te permiten disfrutar de todas tus comidas favoritas y mantener tu rutina normal de cepillado y uso del hilo dental. Dise\u00f1ados para ser c\u00f3modos y pr\u00e1cticos, los alineadores Invisalign ofrecen una forma f\u00e1cil y sin metal de conseguir una sonrisa m\u00e1s recta.  \n\t\t\t\t\t<\/div>\n\t\t\t\t\n\t\t\t\t\t\t\t\t\t<div class=\"elementor-cta__button-wrapper elementor-cta__content-item elementor-content-item \">\n\t\t\t\t\t<a class=\"elementor-cta__button elementor-button elementor-size-xs\" href=\"https:\/\/beamorthodonticsinsugarland.com\/es\/invisalign\/\">\n\t\t\t\t\t\tM\u00e1s sobre Invisalign\t\t\t\t\t<\/a>\n\t\t\t\t\t<\/div>\n\t\t\t\t\t\t\t<\/div>\n\t\t\t\t\t\t<\/div>\n\t\t\t\t\t\t<\/div>\n\t\t\t\t<\/div>\n\t\t\t\t\t<\/div>\n\t\t<\/div>\n\t\t\t\t<div class=\"elementor-column elementor-col-50 elementor-top-column elementor-element elementor-element-183ba9d0\" data-id=\"183ba9d0\" data-element_type=\"column\" data-e-type=\"column\">\n\t\t\t<div class=\"elementor-widget-wrap\">\n\t\t\t\t\t\t\t<\/div>\n\t\t<\/div>\n\t\t\t\t\t<\/div>\n\t\t<\/section>\n\t\t\t\t<\/div>\n\t\t","protected":false},"excerpt":{"rendered":"<p>Tipos de ortodoncia en Sugar Land, TX El cuidado ortod\u00f3ncico ha evolucionado significativamente, ofreciendo a los pacientes m\u00e1s flexibilidad y comodidad a lo largo de su tratamiento. En Beam Ortodoncia, estamos orgullosos de ofrecer una atenci\u00f3n personalizada que se alinea con tus necesidades y objetivos \u00fanicos. Las t\u00e9cnicas modernas hacen que sea m\u00e1s f\u00e1cil que nunca conseguir una [&hellip;]<\/p>\n","protected":false},"author":2,"featured_media":0,"parent":0,"menu_order":45,"comment_status":"closed","ping_status":"closed","template":"","meta":{"_seopress_robots_primary_cat":"","_seopress_titles_title":"Tipos de ortodoncia Sugar Land TX | Beam Orthodontics","_seopress_titles_desc":"Ortodoncia Beam ofrece distintos tipos de aparatos para enderezar los dientes, como aparatos met\u00e1licos, aparatos cer\u00e1micos y alineadores transparentes Invisalign.","_seopress_robots_index":"","_seopress_analysis_target_kw":"","footnotes":""},"class_list":["post-6056","page","type-page","status-publish"],"_links":{"self":[{"href":"https:\/\/beamorthodonticsinsugarland.com\/es\/wp-json\/wp\/v2\/pages\/6056","targetHints":{"allow":["GET"]}}],"collection":[{"href":"https:\/\/beamorthodonticsinsugarland.com\/es\/wp-json\/wp\/v2\/pages"}],"about":[{"href":"https:\/\/beamorthodonticsinsugarland.com\/es\/wp-json\/wp\/v2\/types\/page"}],"author":[{"embeddable":true,"href":"https:\/\/beamorthodonticsinsugarland.com\/es\/wp-json\/wp\/v2\/users\/2"}],"replies":[{"embeddable":true,"href":"https:\/\/beamorthodonticsinsugarland.com\/es\/wp-json\/wp\/v2\/comments?post=6056"}],"version-history":[{"count":6,"href":"https:\/\/beamorthodonticsinsugarland.com\/es\/wp-json\/wp\/v2\/pages\/6056\/revisions"}],"predecessor-version":[{"id":6432,"href":"https:\/\/beamorthodonticsinsugarland.com\/es\/wp-json\/wp\/v2\/pages\/6056\/revisions\/6432"}],"wp:attachment":[{"href":"https:\/\/beamorthodonticsinsugarland.com\/es\/wp-json\/wp\/v2\/media?parent=6056"}],"curies":[{"name":"wp","href":"https:\/\/api.w.org\/{rel}","templated":true}]}}