{"id":6058,"date":"2017-02-06T01:29:19","date_gmt":"2017-02-06T01:29:19","guid":{"rendered":"https:\/\/beamorthodonticsinsugarland.com\/financiacion-facil\/"},"modified":"2026-03-13T04:52:30","modified_gmt":"2026-03-13T04:52:30","slug":"financiacion-facil","status":"publish","type":"page","link":"https:\/\/beamorthodonticsinsugarland.com\/es\/financiacion-facil\/","title":{"rendered":"Financiaci\u00f3n f\u00e1cil"},"content":{"rendered":"\t\t<div data-elementor-type=\"wp-page\" data-elementor-id=\"6058\" class=\"elementor elementor-6058 elementor-26\" data-elementor-post-type=\"page\">\n\t\t\t\t\t\t<section data-particle_enable=\"false\" data-particle-mobile-disabled=\"false\" class=\"elementor-section elementor-top-section elementor-element elementor-element-40f81338 elementor-section-boxed elementor-section-height-default elementor-section-height-default\" data-id=\"40f81338\" data-element_type=\"section\" data-e-type=\"section\">\n\t\t\t\t\t\t<div class=\"elementor-container elementor-column-gap-default\">\n\t\t\t\t\t<div class=\"elementor-column elementor-col-100 elementor-top-column elementor-element elementor-element-309aeccf\" data-id=\"309aeccf\" data-element_type=\"column\" data-e-type=\"column\">\n\t\t\t<div class=\"elementor-widget-wrap elementor-element-populated\">\n\t\t\t\t\t\t<div class=\"elementor-element elementor-element-0fc0b31 elementor-widget elementor-widget-heading\" data-id=\"0fc0b31\" data-element_type=\"widget\" data-e-type=\"widget\" data-widget_type=\"heading.default\">\n\t\t\t\t<div class=\"elementor-widget-container\">\n\t\t\t\t\t<h1 class=\"elementor-heading-title elementor-size-default\">Cuidado ortod\u00f3ncico flexible gracias a una financiaci\u00f3n sencilla\n<\/h1>\t\t\t\t<\/div>\n\t\t\t\t<\/div>\n\t\t\t\t<div class=\"elementor-element elementor-element-376fec3f elementor-widget elementor-widget-text-editor\" data-id=\"376fec3f\" data-element_type=\"widget\" data-e-type=\"widget\" data-widget_type=\"text-editor.default\">\n\t\t\t\t<div class=\"elementor-widget-container\">\n\t\t\t\t\t\t\t\t\t<p data-start=\"395\" data-end=\"776\">En Beam Ortodoncia, creemos que todos los ni\u00f1os, adolescentes y adultos merecen tener acceso a una ortodoncia de alta calidad, y que el coste nunca debe impedir que consigas una sonrisa sana y segura. Por eso <a href=\"https:\/\/beamorthodonticsinsugarland.com\/es\/conoce-al-dr-rodriguez\/\">el Dr. Sebasti\u00e1n Rodr\u00edguez<\/a> ha dise\u00f1ado un sistema de financiaci\u00f3n flexible y familiar, que ofrece opciones para que el tratamiento de ortodoncia sea asequible para todos los bolsillos. <\/p><p data-start=\"778\" data-end=\"1104\">Tanto si est\u00e1s explorando <a href=\"https:\/\/beamorthodonticsinsugarland.com\/es\/tipos-de-ortodoncia\/\"><strong data-start=\"803\" data-end=\"813\">aparatos ortop\u00e9dicos<\/strong><\/a> o <a href=\"https:\/\/beamorthodonticsinsugarland.com\/es\/invisalign\/\"><strong data-start=\"817\" data-end=\"831\">Invisalign<\/strong><\/a> para ti o para tu hijo, nuestro equipo est\u00e1 aqu\u00ed para guiarte a trav\u00e9s de soluciones de pago que se ajusten a tus necesidades. Para mayor comodidad, tambi\u00e9n gestionamos directamente todas las reclamaciones al seguro, quit\u00e1ndote papeleo de encima para que puedas centrarte en tu sonrisa, no en los detalles administrativos. <\/p><h2 data-start=\"1111\" data-end=\"1166\">Ortodoncia e Invisalign asequibles para todos los presupuestos<\/h2><p data-start=\"1168\" data-end=\"1377\">Para que el tratamiento de ortodoncia sea accesible, ofrecemos varias opciones de pago c\u00f3modas y flexibles. Estas opciones permiten a los pacientes y a sus familias seguir adelante con el tratamiento con confianza y sin estr\u00e9s financiero. <\/p><p data-start=\"1379\" data-end=\"1402\">Esto es lo que ofrecemos:<\/p><ul><li data-start=\"1406\" data-end=\"1470\"><strong data-start=\"1406\" data-end=\"1432\">Descuentos por pago completo<\/strong> para quienes opten por pagar por adelantado<\/li><li data-start=\"1473\" data-end=\"1556\"><strong data-start=\"1473\" data-end=\"1498\">Financiaci\u00f3n sin intereses<\/strong> con pagos iniciales bajos y cuotas mensuales sencillas<\/li><li data-start=\"1559\" data-end=\"1658\"><strong data-start=\"1559\" data-end=\"1587\">Opciones de pago ampliadas<\/strong>, incluidos planes de hasta 60 meses (ponte en contacto con nuestro equipo para consultar la disponibilidad).<\/li><li data-start=\"1661\" data-end=\"1782\"><strong data-start=\"1661\" data-end=\"1691\">Opciones de pago con giro autom\u00e1tico<\/strong> desde cuentas corrientes, tarjetas de d\u00e9bito y las principales tarjetas de cr\u00e9dito (Visa, MasterCard, Discover)<\/li><\/ul><p data-start=\"1784\" data-end=\"1988\">Las familias valoran especialmente opciones como nuestra suscripci\u00f3n al retenedor Vivera y nuestros planes de pago internos sin intereses, que ayudan a que el cuidado ortod\u00f3ncico a largo plazo sea m\u00e1s asequible y predecible.<\/p><h2 data-start=\"2117\" data-end=\"2170\">\u00bfQu\u00e9 incluye la tarifa de tu tratamiento de ortodoncia?<\/h2><p data-start=\"2172\" data-end=\"2341\">Tu inversi\u00f3n en ortodoncia o Invisalign incluye todo lo necesario para empezar el tratamiento con confianza y mantenerte en el buen camino durante todo el viaje de tu sonrisa. Tu tarifa cubre: <\/p><ul><li data-start=\"2345\" data-end=\"2381\"><strong data-start=\"2345\" data-end=\"2379\">Expedientes de ortodoncia y radiograf\u00edas<\/strong><\/li><li data-start=\"2384\" data-end=\"2425\"><strong data-start=\"2384\" data-end=\"2423\">Todos los aparatos y frenos necesarios<\/strong><\/li><li data-start=\"2428\" data-end=\"2500\"><strong data-start=\"2428\" data-end=\"2460\">Cada visita programada a la consulta<\/strong>, incluida la atenci\u00f3n de urgencia cuando sea necesario<\/li><li data-start=\"2503\" data-end=\"2577\"><strong data-start=\"2503\" data-end=\"2533\">Un juego de retenedores definitivos<\/strong> para ayudar a mantener tu nueva y bella sonrisa<\/li><\/ul><p data-start=\"2579\" data-end=\"2657\">Estas inclusiones garantizan claridad, transparencia y tranquilidad desde el primer d\u00eda.<\/p><h2 data-start=\"2664\" data-end=\"2722\">Apoyo financiero personalizado durante tu consulta<\/h2><p data-start=\"2724\" data-end=\"2895\">Durante tu consulta gratuita, nuestro equipo se tomar\u00e1 el tiempo necesario para explicarte tus opciones financieras de forma sencilla y f\u00e1cil de entender. Durante esta visita: <\/p><ul><li data-start=\"2899\" data-end=\"2965\">Revisa tu <strong data-start=\"2911\" data-end=\"2943\">plan de tratamiento integral<\/strong> y las tarifas asociadas<\/li><li data-start=\"2968\" data-end=\"3024\">Habla de <strong data-start=\"2981\" data-end=\"3003\">las prestaciones de<\/strong> tu <strong data-start=\"2981\" data-end=\"3003\">seguro<\/strong> y de c\u00f3mo se aplican<\/li><li data-start=\"3027\" data-end=\"3103\">Explora <strong data-start=\"3035\" data-end=\"3063\">planes de pago personalizados<\/strong> dise\u00f1ados para ajustarse a tu presupuesto preferido<\/li><\/ul><p data-start=\"3105\" data-end=\"3274\">Aceptamos la asignaci\u00f3n de prestaciones del seguro de ortodoncia para la mayor\u00eda de los planes de seguro dental y presentamos todos los formularios de reclamaci\u00f3n por ti, otra forma en que te ayudamos a agilizar tu experiencia.<\/p><p data-start=\"3276\" data-end=\"3441\">En Beam Orthodontics, nuestro objetivo es ofrecer una atenci\u00f3n ortod\u00f3ncica asequible y de alta calidad, manteniendo el proceso flexible y sin estr\u00e9s para toda tu familia.<\/p><h2 data-start=\"3622\" data-end=\"3682\">\u00bfQu\u00e9 factores influyen en el coste del tratamiento de ortodoncia?<\/h2><p data-start=\"3684\" data-end=\"3892\">Cada sonrisa es \u00fanica, lo que significa que el coste de la ortodoncia var\u00eda en funci\u00f3n de varios factores importantes. Conocer estos detalles te ayudar\u00e1 a tomar decisiones informadas sobre el plan de tratamiento de tu familia. <\/p><p data-start=\"3894\" data-end=\"3931\">Los factores clave que influyen en los costes son<\/p><ul><li data-start=\"3935\" data-end=\"4014\"><strong>Tipo de tratamiento (ortodoncia tradicional, ortodoncia transparente, alineadores Invisalign)<\/strong><\/li><li data-start=\"4017\" data-end=\"4057\"><strong>Complejidad del caso ortod\u00f3ncico<\/strong><\/li><li data-start=\"4060\" data-end=\"4091\"><strong>Duraci\u00f3n prevista del tratamiento<\/strong><\/li><li data-start=\"4094\" data-end=\"4150\"><strong>Edad del paciente, especialmente en ni\u00f1os en crecimiento<\/strong><\/li><li data-start=\"4153\" data-end=\"4220\"><strong>Necesidad de aparatos adicionales, como expansores o el\u00e1sticos<\/strong><\/li><\/ul><p data-start=\"4222\" data-end=\"4350\">Incluso con estas variables, nuestro equipo te proporcionar\u00e1 un desglose claro y por adelantado para que sepas exactamente qu\u00e9 esperar antes de empezar.<\/p><h2 data-start=\"4357\" data-end=\"4404\">\u00bfAyudar\u00e1 el seguro a cubrir los gastos de ortodoncia?<\/h2><p data-start=\"4406\" data-end=\"4646\">Muchos planes de seguro dental ofrecen prestaciones de ortodoncia, que pueden reducir significativamente los gastos de tu bolsillo. Nuestro equipo revisar\u00e1 tu cobertura durante la consulta para ayudarte a comprender c\u00f3mo contribuye tu plan al coste total. <\/p><p data-start=\"4648\" data-end=\"4680\">La cobertura del seguro puede aplicarse a:<\/p><ul><li data-start=\"4684\" data-end=\"4719\">Ortodoncia para ni\u00f1os y adolescentes<\/li><li data-start=\"4722\" data-end=\"4781\">Tratamiento de ortodoncia para adultos, seg\u00fan tu p\u00f3liza<\/li><li data-start=\"4784\" data-end=\"4833\">Terapia con alineadores transparentes, incluido Invisalign<\/li><li data-start=\"4836\" data-end=\"4871\">Historiales de diagn\u00f3stico y radiograf\u00edas<\/li><\/ul><p data-start=\"4873\" data-end=\"5024\">Si tu plan de seguros no permite la asignaci\u00f3n directa de prestaciones, te ayudaremos igualmente a presentar las reclamaciones para que puedas recibir el reembolso sin demora.<\/p><h2 data-start=\"5031\" data-end=\"5083\">\u00bfC\u00f3mo s\u00e9 qu\u00e9 plan de pago es el adecuado para m\u00ed?<\/h2><p data-start=\"5085\" data-end=\"5309\">Elegir el mejor plan de pago depende de tu presupuesto y del enfoque financiero que prefieras. Durante la consulta, nuestro coordinador de tratamiento te orientar\u00e1 sobre cada opci\u00f3n y responder\u00e1 a todas tus preguntas. <\/p><p data-start=\"5311\" data-end=\"5358\">Ten en cuenta lo siguiente cuando decidas un plan:<\/p><ul><li data-start=\"5362\" data-end=\"5426\">\u00bfPrefieres pagos mensuales m\u00e1s bajos durante un periodo m\u00e1s largo?<\/li><li data-start=\"5429\" data-end=\"5494\">\u00bfQuieres beneficiarte de los descuentos por pago completo?<\/li><li data-start=\"5497\" data-end=\"5561\">\u00bfEl giro autom\u00e1tico facilita a tu familia la gesti\u00f3n de los pagos?<\/li><li data-start=\"5564\" data-end=\"5639\">\u00bfEsperas coordinarte con las prestaciones del seguro para reducir costes?<\/li><\/ul><p data-start=\"5641\" data-end=\"5761\">Sea cual sea tu situaci\u00f3n, estamos aqu\u00ed para ayudarte a crear una soluci\u00f3n que apoye tanto tus objetivos como tu comodidad financiera.<\/p>\t\t\t\t\t\t\t\t<\/div>\n\t\t\t\t<\/div>\n\t\t\t\t\t<\/div>\n\t\t<\/div>\n\t\t\t\t\t<\/div>\n\t\t<\/section>\n\t\t<div data-particle_enable=\"false\" data-particle-mobile-disabled=\"false\" class=\"elementor-element elementor-element-774da99c e-flex e-con-boxed e-con e-parent\" data-id=\"774da99c\" data-element_type=\"container\" data-e-type=\"container\" data-settings=\"{&quot;background_background&quot;:&quot;classic&quot;}\">\n\t\t\t\t\t<div class=\"e-con-inner\">\n\t\t\t\t<div class=\"elementor-element elementor-element-1fe41a61 elementor-widget elementor-widget-heading\" data-id=\"1fe41a61\" data-element_type=\"widget\" data-e-type=\"widget\" data-widget_type=\"heading.default\">\n\t\t\t\t<div class=\"elementor-widget-container\">\n\t\t\t\t\t<h2 class=\"elementor-heading-title elementor-size-default\">Preguntas frecuentes<\/h2>\t\t\t\t<\/div>\n\t\t\t\t<\/div>\n\t\t\t\t<div class=\"elementor-element elementor-element-401e3253 elementor-widget__width-inherit elementor-widget elementor-widget-text-editor\" data-id=\"401e3253\" data-element_type=\"widget\" data-e-type=\"widget\" data-widget_type=\"text-editor.default\">\n\t\t\t\t<div class=\"elementor-widget-container\">\n\t\t\t\t\t\t\t\t\t<p data-start=\"465\" data-end=\"820\">Elegir el tratamiento de ortodoncia adecuado a menudo conlleva preguntas sobre el coste, el seguro y las opciones de pago. Las familias de nuestra comunidad preguntan con frecuencia c\u00f3mo funciona la financiaci\u00f3n, qu\u00e9 esperar a largo plazo y c\u00f3mo planificarse. Estas preguntas frecuentes est\u00e1n dise\u00f1adas para ayudarte a sentirte seguro y preparado cuando empieces con los aparatos o Invisalign en Beam Ortodoncia.  <\/p>\t\t\t\t\t\t\t\t<\/div>\n\t\t\t\t<\/div>\n\t\t\t\t<div class=\"elementor-element elementor-element-3fd9c965 elementor-widget elementor-widget-n-accordion\" data-id=\"3fd9c965\" data-element_type=\"widget\" data-e-type=\"widget\" data-settings=\"{&quot;default_state&quot;:&quot;expanded&quot;,&quot;max_items_expended&quot;:&quot;one&quot;,&quot;n_accordion_animation_duration&quot;:{&quot;unit&quot;:&quot;ms&quot;,&quot;size&quot;:400,&quot;sizes&quot;:[]}}\" data-widget_type=\"nested-accordion.default\">\n\t\t\t\t<div class=\"elementor-widget-container\">\n\t\t\t\t\t\t\t<div class=\"e-n-accordion\" aria-label=\"Accordion. Open links with Enter or Space, close with Escape, and navigate with Arrow Keys\">\n\t\t\t\t\t\t<details id=\"e-n-accordion-item-1070\" class=\"e-n-accordion-item\" open>\n\t\t\t\t<summary class=\"e-n-accordion-item-title\" data-accordion-index=\"1\" tabindex=\"0\" aria-expanded=\"true\" aria-controls=\"e-n-accordion-item-1070\" >\n\t\t\t\t\t<span class='e-n-accordion-item-title-header'><div class=\"e-n-accordion-item-title-text\"> \u00bfOfrec\u00e9is financiaci\u00f3n tanto para ni\u00f1os como para adultos? <\/div><\/span>\n\t\t\t\t\t\t\t<span class='e-n-accordion-item-title-icon'>\n\t\t\t<span class='e-opened' ><i aria-hidden=\"true\" class=\"fas fa-minus\"><\/i><\/span>\n\t\t\t<span class='e-closed'><i aria-hidden=\"true\" class=\"fas fa-plus\"><\/i><\/span>\n\t\t<\/span>\n\n\t\t\t\t\t\t<\/summary>\n\t\t\t\t<div data-particle_enable=\"false\" data-particle-mobile-disabled=\"false\" role=\"region\" aria-labelledby=\"e-n-accordion-item-1070\" class=\"elementor-element elementor-element-540d7719 e-con-full e-flex e-con e-child\" data-id=\"540d7719\" data-element_type=\"container\" data-e-type=\"container\">\n\t\t\t\t<div class=\"elementor-element elementor-element-2be6c966 elementor-widget__width-inherit elementor-widget elementor-widget-text-editor\" data-id=\"2be6c966\" data-element_type=\"widget\" data-e-type=\"widget\" data-widget_type=\"text-editor.default\">\n\t\t\t\t<div class=\"elementor-widget-container\">\n\t\t\t\t\t\t\t\t\t<p data-start=\"890\" data-end=\"1164\">S\u00ed. Ofrecemos opciones de financiaci\u00f3n flexibles para pacientes de todas las edades, incluidos ni\u00f1os, adolescentes y adultos. Tanto si est\u00e1s empezando el tratamiento para tu hijo como si est\u00e1s explorando Invisalign como adulto, nuestros planes de pago est\u00e1n dise\u00f1ados para adaptarse a diferentes presupuestos y necesidades familiares.  <\/p>\t\t\t\t\t\t\t\t<\/div>\n\t\t\t\t<\/div>\n\t\t\t\t<\/div>\n\t\t\t\t\t<\/details>\n\t\t\t\t\t\t<details id=\"e-n-accordion-item-1071\" class=\"e-n-accordion-item\" >\n\t\t\t\t<summary class=\"e-n-accordion-item-title\" data-accordion-index=\"2\" tabindex=\"-1\" aria-expanded=\"false\" aria-controls=\"e-n-accordion-item-1071\" >\n\t\t\t\t\t<span class='e-n-accordion-item-title-header'><div class=\"e-n-accordion-item-title-text\"> \u00bfPuedo utilizar mi HSA o FSA para pagar un tratamiento de ortodoncia? <\/div><\/span>\n\t\t\t\t\t\t\t<span class='e-n-accordion-item-title-icon'>\n\t\t\t<span class='e-opened' ><i aria-hidden=\"true\" class=\"fas fa-minus\"><\/i><\/span>\n\t\t\t<span class='e-closed'><i aria-hidden=\"true\" class=\"fas fa-plus\"><\/i><\/span>\n\t\t<\/span>\n\n\t\t\t\t\t\t<\/summary>\n\t\t\t\t<div data-particle_enable=\"false\" data-particle-mobile-disabled=\"false\" role=\"region\" aria-labelledby=\"e-n-accordion-item-1071\" class=\"elementor-element elementor-element-5bfd1f21 e-con-full e-flex e-con e-child\" data-id=\"5bfd1f21\" data-element_type=\"container\" data-e-type=\"container\">\n\t\t\t\t<div class=\"elementor-element elementor-element-58ae0e67 elementor-widget__width-inherit elementor-widget elementor-widget-text-editor\" data-id=\"58ae0e67\" data-element_type=\"widget\" data-e-type=\"widget\" data-widget_type=\"text-editor.default\">\n\t\t\t\t<div class=\"elementor-widget-container\">\n\t\t\t\t\t\t\t\t\t<p data-start=\"1239\" data-end=\"1529\">En la mayor\u00eda de los casos, s\u00ed. <strong data-start=\"1259\" data-end=\"1280\">Los fondos de la HSA y la FSA<\/strong> suelen poder aplicarse a gastos de ortodoncia, incluidos aparatos, Invisalign y registros de diagn\u00f3stico. Durante tu consulta, podemos ayudarte a entender c\u00f3mo utilizar estos beneficios y facilitarte la documentaci\u00f3n que puedas necesitar para el reembolso. <\/p>\t\t\t\t\t\t\t\t<\/div>\n\t\t\t\t<\/div>\n\t\t\t\t<\/div>\n\t\t\t\t\t<\/details>\n\t\t\t\t\t\t<details id=\"e-n-accordion-item-1072\" class=\"e-n-accordion-item\" >\n\t\t\t\t<summary class=\"e-n-accordion-item-title\" data-accordion-index=\"3\" tabindex=\"-1\" aria-expanded=\"false\" aria-controls=\"e-n-accordion-item-1072\" >\n\t\t\t\t\t<span class='e-n-accordion-item-title-header'><div class=\"e-n-accordion-item-title-text\"> \u00bfHay alg\u00fan coste adicional que deba conocer antes de empezar el tratamiento? <\/div><\/span>\n\t\t\t\t\t\t\t<span class='e-n-accordion-item-title-icon'>\n\t\t\t<span class='e-opened' ><i aria-hidden=\"true\" class=\"fas fa-minus\"><\/i><\/span>\n\t\t\t<span class='e-closed'><i aria-hidden=\"true\" class=\"fas fa-plus\"><\/i><\/span>\n\t\t<\/span>\n\n\t\t\t\t\t\t<\/summary>\n\t\t\t\t<div data-particle_enable=\"false\" data-particle-mobile-disabled=\"false\" role=\"region\" aria-labelledby=\"e-n-accordion-item-1072\" class=\"elementor-element elementor-element-1f1b23e4 e-con-full e-flex e-con e-child\" data-id=\"1f1b23e4\" data-element_type=\"container\" data-e-type=\"container\">\n\t\t\t\t<div class=\"elementor-element elementor-element-1f9aa568 elementor-widget__width-inherit elementor-widget elementor-widget-text-editor\" data-id=\"1f9aa568\" data-element_type=\"widget\" data-e-type=\"widget\" data-widget_type=\"text-editor.default\">\n\t\t\t\t<div class=\"elementor-widget-container\">\n\t\t\t\t\t\t\t\t\t<p data-start=\"1619\" data-end=\"1800\">Tu plan de tratamiento est\u00e1 dise\u00f1ado para ser transparente y predecible. Aunque tus honorarios incluyen todo lo necesario para iniciar y completar el tratamiento, pueden aplicarse cargos adicionales s\u00f3lo si: <\/p><ul><li data-start=\"1803\" data-end=\"1835\">Los aparatos se pierden o se estropean<\/li><li data-start=\"1838\" data-end=\"1881\">El tratamiento se interrumpe por un traumatismo dental<\/li><li data-start=\"1884\" data-end=\"2026\">Se requieren procedimientos adicionales ajenos a la ortodoncia<br data-start=\"1939\" data-end=\"1942\">Siempre te explicamos de antemano los posibles costes para que puedas tomar decisiones con conocimiento de causa.<\/li><\/ul>\t\t\t\t\t\t\t\t<\/div>\n\t\t\t\t<\/div>\n\t\t\t\t<\/div>\n\t\t\t\t\t<\/details>\n\t\t\t\t\t\t<details id=\"e-n-accordion-item-1073\" class=\"e-n-accordion-item\" >\n\t\t\t\t<summary class=\"e-n-accordion-item-title\" data-accordion-index=\"4\" tabindex=\"-1\" aria-expanded=\"false\" aria-controls=\"e-n-accordion-item-1073\" >\n\t\t\t\t\t<span class='e-n-accordion-item-title-header'><div class=\"e-n-accordion-item-title-text\"> \u00bfCu\u00e1ndo puede empezar el tratamiento despu\u00e9s de seleccionar un plan de pago? <\/div><\/span>\n\t\t\t\t\t\t\t<span class='e-n-accordion-item-title-icon'>\n\t\t\t<span class='e-opened' ><i aria-hidden=\"true\" class=\"fas fa-minus\"><\/i><\/span>\n\t\t\t<span class='e-closed'><i aria-hidden=\"true\" class=\"fas fa-plus\"><\/i><\/span>\n\t\t<\/span>\n\n\t\t\t\t\t\t<\/summary>\n\t\t\t\t<div data-particle_enable=\"false\" data-particle-mobile-disabled=\"false\" role=\"region\" aria-labelledby=\"e-n-accordion-item-1073\" class=\"elementor-element elementor-element-a8dacb8 e-con-full e-flex e-con e-child\" data-id=\"a8dacb8\" data-element_type=\"container\" data-e-type=\"container\">\n\t\t\t\t<div class=\"elementor-element elementor-element-1b1aec4a elementor-widget__width-inherit elementor-widget elementor-widget-text-editor\" data-id=\"1b1aec4a\" data-element_type=\"widget\" data-e-type=\"widget\" data-widget_type=\"text-editor.default\">\n\t\t\t\t<div class=\"elementor-widget-container\">\n\t\t\t\t\t\t\t\t\t<p data-start=\"2507\" data-end=\"2820\">En muchos casos, el tratamiento puede comenzar de inmediato. Una vez completados tus registros y establecida tu opci\u00f3n de pago, a menudo podemos programar la primera cita sin demora. Para los pacientes que prefieren m\u00e1s tiempo para prepararse o coordinarse con el seguro, te ayudaremos a elegir una fecha de inicio que se ajuste a tu horario.  <\/p>\t\t\t\t\t\t\t\t<\/div>\n\t\t\t\t<\/div>\n\t\t\t\t<\/div>\n\t\t\t\t\t<\/details>\n\t\t\t\t\t\t<details id=\"e-n-accordion-item-1074\" class=\"e-n-accordion-item\" >\n\t\t\t\t<summary class=\"e-n-accordion-item-title\" data-accordion-index=\"5\" tabindex=\"-1\" aria-expanded=\"false\" aria-controls=\"e-n-accordion-item-1074\" >\n\t\t\t\t\t<span class='e-n-accordion-item-title-header'><div class=\"e-n-accordion-item-title-text\"> \u00bfQu\u00e9 pasa si mi situaci\u00f3n econ\u00f3mica cambia durante el tratamiento? <\/div><\/span>\n\t\t\t\t\t\t\t<span class='e-n-accordion-item-title-icon'>\n\t\t\t<span class='e-opened' ><i aria-hidden=\"true\" class=\"fas fa-minus\"><\/i><\/span>\n\t\t\t<span class='e-closed'><i aria-hidden=\"true\" class=\"fas fa-plus\"><\/i><\/span>\n\t\t<\/span>\n\n\t\t\t\t\t\t<\/summary>\n\t\t\t\t<div data-particle_enable=\"false\" data-particle-mobile-disabled=\"false\" role=\"region\" aria-labelledby=\"e-n-accordion-item-1074\" class=\"elementor-element elementor-element-4e2f1514 e-con-full e-flex e-con e-child\" data-id=\"4e2f1514\" data-element_type=\"container\" data-e-type=\"container\">\n\t\t\t\t<div class=\"elementor-element elementor-element-b0c987f elementor-widget__width-inherit elementor-widget elementor-widget-text-editor\" data-id=\"b0c987f\" data-element_type=\"widget\" data-e-type=\"widget\" data-widget_type=\"text-editor.default\">\n\t\t\t\t<div class=\"elementor-widget-container\">\n\t\t\t\t\t\t\t\t\t<p data-start=\"2894\" data-end=\"3177\">La vida pasa, y entendemos que los presupuestos pueden cambiar. Si cambian tus circunstancias, av\u00edsanos lo antes posible. Estamos aqu\u00ed para ayudarte a ajustar tu plan de pagos cuando sea posible, revisar las actualizaciones del seguro o explorar otras opciones para asegurarnos de que tu asistencia se mantiene c\u00f3modamente.  <\/p>\t\t\t\t\t\t\t\t<\/div>\n\t\t\t\t<\/div>\n\t\t\t\t<\/div>\n\t\t\t\t\t<\/details>\n\t\t\t\t\t<\/div>\n\t\t\t\t\t\t<\/div>\n\t\t\t\t<\/div>\n\t\t\t\t\t<\/div>\n\t\t\t\t<\/div>\n\t\t\t\t<\/div>\n\t\t","protected":false},"excerpt":{"rendered":"<p>Cuidado ortod\u00f3ncico flexible gracias a una financiaci\u00f3n sencilla En Beam Ortodoncia, creemos que todos los ni\u00f1os, adolescentes y adultos merecen tener acceso a una ortodoncia de alta calidad, y que el coste nunca debe impedir que consigas una sonrisa sana y segura. Por eso el Dr. Sebasti\u00e1n Rodr\u00edguez ha dise\u00f1ado un sistema de financiaci\u00f3n flexible y familiar, que [&hellip;]<\/p>\n","protected":false},"author":2,"featured_media":0,"parent":0,"menu_order":27,"comment_status":"closed","ping_status":"closed","template":"","meta":{"_seopress_robots_primary_cat":"","_seopress_titles_title":"Financing Affordable Braces Invisalign | Beam Orthodontics","_seopress_titles_desc":"Beam Orthodontics provides affordable braces and Invisalign with flexible payment plans, helping families access expert orthodontic care that fits their budget.","_seopress_robots_index":"","footnotes":""},"class_list":["post-6058","page","type-page","status-publish"],"_links":{"self":[{"href":"https:\/\/beamorthodonticsinsugarland.com\/es\/wp-json\/wp\/v2\/pages\/6058","targetHints":{"allow":["GET"]}}],"collection":[{"href":"https:\/\/beamorthodonticsinsugarland.com\/es\/wp-json\/wp\/v2\/pages"}],"about":[{"href":"https:\/\/beamorthodonticsinsugarland.com\/es\/wp-json\/wp\/v2\/types\/page"}],"author":[{"embeddable":true,"href":"https:\/\/beamorthodonticsinsugarland.com\/es\/wp-json\/wp\/v2\/users\/2"}],"replies":[{"embeddable":true,"href":"https:\/\/beamorthodonticsinsugarland.com\/es\/wp-json\/wp\/v2\/comments?post=6058"}],"version-history":[{"count":9,"href":"https:\/\/beamorthodonticsinsugarland.com\/es\/wp-json\/wp\/v2\/pages\/6058\/revisions"}],"predecessor-version":[{"id":7971,"href":"https:\/\/beamorthodonticsinsugarland.com\/es\/wp-json\/wp\/v2\/pages\/6058\/revisions\/7971"}],"wp:attachment":[{"href":"https:\/\/beamorthodonticsinsugarland.com\/es\/wp-json\/wp\/v2\/media?parent=6058"}],"curies":[{"name":"wp","href":"https:\/\/api.w.org\/{rel}","templated":true}]}}