{"id":6059,"date":"2017-02-06T01:35:10","date_gmt":"2017-02-06T01:35:10","guid":{"rendered":"https:\/\/beamorthodonticsinsugarland.com\/retenedores-de-ortodoncia\/"},"modified":"2026-03-13T05:56:57","modified_gmt":"2026-03-13T05:56:57","slug":"retenedores-de-ortodoncia","status":"publish","type":"page","link":"https:\/\/beamorthodonticsinsugarland.com\/es\/retenedores-de-ortodoncia\/","title":{"rendered":"Retenedores de ortodoncia"},"content":{"rendered":"\t\t<div data-elementor-type=\"wp-page\" data-elementor-id=\"6059\" class=\"elementor elementor-6059 elementor-42\" data-elementor-post-type=\"page\">\n\t\t\t\t\t\t<section data-particle_enable=\"false\" data-particle-mobile-disabled=\"false\" class=\"elementor-section elementor-top-section elementor-element elementor-element-64a401e1 elementor-section-boxed elementor-section-height-default elementor-section-height-default\" data-id=\"64a401e1\" data-element_type=\"section\" data-e-type=\"section\">\n\t\t\t\t\t\t<div class=\"elementor-container elementor-column-gap-default\">\n\t\t\t\t\t<div class=\"elementor-column elementor-col-100 elementor-top-column elementor-element elementor-element-6fe7d140\" data-id=\"6fe7d140\" data-element_type=\"column\" data-e-type=\"column\">\n\t\t\t<div class=\"elementor-widget-wrap elementor-element-populated\">\n\t\t\t\t\t\t<div class=\"elementor-element elementor-element-2e42f1b elementor-widget elementor-widget-heading\" data-id=\"2e42f1b\" data-element_type=\"widget\" data-e-type=\"widget\" data-widget_type=\"heading.default\">\n\t\t\t\t<div class=\"elementor-widget-container\">\n\t\t\t\t\t<h1 class=\"elementor-heading-title elementor-size-default\">Los retenedores de ortodoncia protegen del desplazamiento de los dientes<\/h1>\t\t\t\t<\/div>\n\t\t\t\t<\/div>\n\t\t\t\t<div class=\"elementor-element elementor-element-1d4493af elementor-widget elementor-widget-text-editor\" data-id=\"1d4493af\" data-element_type=\"widget\" data-e-type=\"widget\" data-widget_type=\"text-editor.default\">\n\t\t\t\t<div class=\"elementor-widget-container\">\n\t\t\t\t\t\t\t\t\t<p data-start=\"199\" data-end=\"552\">Tu tratamiento de ortodoncia no termina cuando te quitan los <a href=\"https:\/\/beamorthodonticsinsugarland.com\/es\/tipos-de-ortodoncia\/\">brackets<\/a> o el \u00faltimo alineador <a href=\"https:\/\/beamorthodonticsinsugarland.com\/es\/invisalign\/\">Invisalign<\/a>. Est\u00e1s entrando en la importante fase de retenci\u00f3n, en la que los retenedores desempe\u00f1an un papel vital para conservar tu bonita sonrisa alineada. <a href=\"https:\/\/beamorthodonticsinsugarland.com\/es\/conoce-al-dr-rodriguez\/\">El Dr. Sebasti\u00e1n Rodr\u00edguez<\/a> y nuestro equipo est\u00e1n aqu\u00ed para guiarte en este siguiente paso con una atenci\u00f3n experta e instrucciones claras. <\/p><h2 data-start=\"559\" data-end=\"594\">\u00bfPor qu\u00e9 son tan importantes los retenedores despu\u00e9s de la ortodoncia e Invisalign?<\/h2><p data-start=\"596\" data-end=\"906\">Despu\u00e9s de colocar los dientes en su posici\u00f3n ideal, el hueso y los tejidos circundantes necesitan tiempo para estabilizarse. Sin apoyo, hay una tendencia natural a que los dientes se desplacen. Llevar los retenedores seg\u00fan las indicaciones ayuda a fijar los resultados y reduce la probabilidad de necesitar un retratamiento en el futuro.  <\/p>\t\t\t\t\t\t\t\t<\/div>\n\t\t\t\t<\/div>\n\t\t\t\t\t<\/div>\n\t\t<\/div>\n\t\t\t\t\t<\/div>\n\t\t<\/section>\n\t\t\t\t<section data-particle_enable=\"false\" data-particle-mobile-disabled=\"false\" class=\"elementor-section elementor-top-section elementor-element elementor-element-39e2927 elementor-section-boxed elementor-section-height-default elementor-section-height-default\" data-id=\"39e2927\" data-element_type=\"section\" data-e-type=\"section\">\n\t\t\t\t\t\t<div class=\"elementor-container elementor-column-gap-default\">\n\t\t\t\t\t<div class=\"elementor-column elementor-col-100 elementor-top-column elementor-element elementor-element-0828f75\" data-id=\"0828f75\" data-element_type=\"column\" data-e-type=\"column\">\n\t\t\t<div class=\"elementor-widget-wrap elementor-element-populated\">\n\t\t\t\t\t\t<div class=\"elementor-element elementor-element-c6f48ab elementor-widget elementor-widget-video\" data-id=\"c6f48ab\" data-element_type=\"widget\" data-e-type=\"widget\" data-settings=\"{&quot;youtube_url&quot;:&quot;https:\\\/\\\/youtu.be\\\/5pl9vUFL6ZU&quot;,&quot;show_image_overlay&quot;:&quot;yes&quot;,&quot;image_overlay&quot;:{&quot;url&quot;:&quot;&quot;,&quot;id&quot;:&quot;&quot;,&quot;size&quot;:&quot;&quot;,&quot;alt&quot;:&quot;&quot;,&quot;source&quot;:&quot;library&quot;},&quot;video_type&quot;:&quot;youtube&quot;,&quot;controls&quot;:&quot;yes&quot;}\" data-widget_type=\"video.default\">\n\t\t\t\t<div class=\"elementor-widget-container\">\n\t\t\t\t\t\t\t<div class=\"elementor-wrapper elementor-open-inline\">\n\t\t\t<div class=\"elementor-video\"><\/div>\t\t<\/div>\n\t\t\t\t\t\t<\/div>\n\t\t\t\t<\/div>\n\t\t\t\t\t<\/div>\n\t\t<\/div>\n\t\t\t\t\t<\/div>\n\t\t<\/section>\n\t\t\t\t<section data-particle_enable=\"false\" data-particle-mobile-disabled=\"false\" class=\"elementor-section elementor-top-section elementor-element elementor-element-0f2000d elementor-section-boxed elementor-section-height-default elementor-section-height-default\" data-id=\"0f2000d\" data-element_type=\"section\" data-e-type=\"section\">\n\t\t\t\t\t\t<div class=\"elementor-container elementor-column-gap-default\">\n\t\t\t\t\t<div class=\"elementor-column elementor-col-100 elementor-top-column elementor-element elementor-element-adc445c\" data-id=\"adc445c\" data-element_type=\"column\" data-e-type=\"column\">\n\t\t\t<div class=\"elementor-widget-wrap elementor-element-populated\">\n\t\t\t\t\t\t<div class=\"elementor-element elementor-element-1e195da elementor-widget elementor-widget-text-editor\" data-id=\"1e195da\" data-element_type=\"widget\" data-e-type=\"widget\" data-widget_type=\"text-editor.default\">\n\t\t\t\t<div class=\"elementor-widget-container\">\n\t\t\t\t\t\t\t\t\t<h2 data-start=\"913\" data-end=\"957\">\u00bfCu\u00e1nto tiempo debes llevar los retenedores?<\/h2><p data-start=\"959\" data-end=\"1029\"><strong data-start=\"959\" data-end=\"1029\">La respuesta corta: todo el tiempo que quieras que tu sonrisa permanezca recta.<\/strong><\/p><p data-start=\"1031\" data-end=\"1078\">He aqu\u00ed un calendario general que siguen la mayor\u00eda de los pacientes:<\/p><ul><li data-start=\"1082\" data-end=\"1177\"><strong data-start=\"1082\" data-end=\"1113\">Primera semana despu\u00e9s del tratamiento:<\/strong> Lleva los retenedores de 8 a 12 horas al d\u00eda, idealmente mientras duermes.<\/li><li data-start=\"1180\" data-end=\"1264\"><strong data-start=\"1180\" data-end=\"1209\">Despu\u00e9s del periodo inicial:<\/strong> Contin\u00faa con el uso nocturno: unas 8 horas cada noche.<\/li><li data-start=\"1267\" data-end=\"1374\"><strong data-start=\"1267\" data-end=\"1297\">\u00bfTe queda bien? Sigue llev\u00e1ndolo: <\/strong>  Si el retenedor te aprieta, es se\u00f1al de que tus dientes a\u00fan se est\u00e1n asentando.<\/li><li data-start=\"1377\" data-end=\"1511\"><strong data-start=\"1377\" data-end=\"1399\">Finalizaci\u00f3n del crecimiento:<\/strong> Contin\u00faa llev\u00e1ndolo por la noche hasta el final del crecimiento facial (normalmente a los 17-19 a\u00f1os en las mujeres y a los 19-21 en los hombres).<\/li><li data-start=\"1514\" data-end=\"1610\"><strong data-start=\"1514\" data-end=\"1541\">Controles anuales de retenci\u00f3n:<\/strong> Estaremos encantados de supervisar tus progresos y hacer los ajustes necesarios.<\/li><\/ul><h2 data-start=\"1617\" data-end=\"1656\">C\u00f3mo cuidar los retenedores removibles<\/h2><p data-start=\"1658\" data-end=\"1711\">Protege tu inversi\u00f3n con estos \u00fatiles consejos de cuidado:<\/p><ul><li data-start=\"1715\" data-end=\"1822\"><strong data-start=\"1715\" data-end=\"1730\">Evita el calor:<\/strong> el agua caliente, los lavavajillas y los salpicaderos de los coches pueden deformar el pl\u00e1stico; mant\u00e9n fr\u00edos los retenedores.<\/li><li data-start=\"1825\" data-end=\"1899\"><strong data-start=\"1825\" data-end=\"1840\">Utiliza una funda:<\/strong> Guarda siempre los retenedores en un estuche resistente cuando no los utilices.<\/li><li data-start=\"1902\" data-end=\"1989\"><strong data-start=\"1902\" data-end=\"1926\">Mantener lejos de las mascotas:<\/strong> A los perros les encanta masticar los retenedores, \u00a1gu\u00e1rdalos de forma segura!<\/li><li data-start=\"1992\" data-end=\"2089\"><strong data-start=\"1992\" data-end=\"2009\">Limpia suavemente:<\/strong> Utiliza jab\u00f3n suave y un cepillo de dientes blando. Evita la pasta de dientes, que es demasiado abrasiva. <\/li><li data-start=\"2092\" data-end=\"2195\"><strong data-start=\"2092\" data-end=\"2120\">Limpia en profundidad de vez en cuando:<\/strong> Utiliza pastillas limpiadoras de dentaduras postizas como Efferdent para una limpieza m\u00e1s profunda.<\/li><li data-start=\"2198\" data-end=\"2326\"><strong data-start=\"2198\" data-end=\"2220\">Sustit\u00fayelos cuando sea necesario:<\/strong> Los retenedores se desgastan con el tiempo. Si se pierden, se rompen o se da\u00f1an, puedes sustituirlos (se aplicar\u00e1n las tarifas correspondientes). <\/li><\/ul><p data-start=\"2328\" data-end=\"2419\">Si tu retenedor est\u00e1 suelto, agrietado o te resulta inc\u00f3modo, ll\u00e1manos, estamos aqu\u00ed para ayudarte.<\/p><h2 data-start=\"2426\" data-end=\"2468\">Retenedores fijos (adheridos) frente a removibles<\/h2><p data-start=\"2470\" data-end=\"2739\">Aunque algunos pacientes pueden beneficiarse de los retenedores adheridos (permanentes), el Dr. Rodr\u00edguez suele recomendar los retenedores removibles debido a que facilitan la higiene y reducen el riesgo a largo plazo de caries y enfermedades de las enc\u00edas. Te ayudaremos a determinar qu\u00e9 tipo se adapta mejor a tu sonrisa y estilo de vida. <\/p><h2 data-start=\"2746\" data-end=\"2784\">Cu\u00e1ndo puede ser necesaria una retenci\u00f3n adicional<\/h2><p data-start=\"2786\" data-end=\"2920\">Algunos pacientes son m\u00e1s propensos a las reca\u00eddas y pueden requerir un plan de retenci\u00f3n m\u00e1s personalizado. Inf\u00f3rmanos si se da alguno de los siguientes casos: <\/p><ul><li data-start=\"2924\" data-end=\"2941\">Respiraci\u00f3n bucal<\/li><li data-start=\"2944\" data-end=\"2973\">Rechinar o apretar los dientes<\/li><li data-start=\"2976\" data-end=\"3014\">Empuje lingual o mala postura de la lengua<\/li><li data-start=\"3017\" data-end=\"3051\">Tocar instrumentos de viento o de leng\u00fceta<\/li><li data-start=\"3054\" data-end=\"3094\">Chuparse el labio o masticar bol\u00edgrafos\/l\u00e1pices<\/li><li data-start=\"3097\" data-end=\"3152\">Huecos grandes o dientes muy girados antes del tratamiento<\/li><\/ul><p data-start=\"3154\" data-end=\"3230\">Evaluaremos tus necesidades espec\u00edficas y ajustaremos tu plan de retenci\u00f3n en consecuencia.<\/p><h2 data-start=\"3237\" data-end=\"3279\">Mantener la salud de tu sonrisa a largo plazo<\/h2><p data-start=\"3281\" data-end=\"3402\">Los retenedores son una pieza clave para conservar tus resultados ortod\u00f3ncicos, pero mantener una salud bucodental general es igual de importante:<\/p><ul><li data-start=\"3406\" data-end=\"3429\">Cep\u00edllate los dientes y usa hilo dental a diario<\/li><li data-start=\"3432\" data-end=\"3473\">Visita a tu dentista general dos veces al a\u00f1o<\/li><li data-start=\"3476\" data-end=\"3514\">Vigila si se desplaza o se desgasta<\/li><\/ul><p data-start=\"3516\" data-end=\"3696\">En Beam Orthodontics, siempre merece la pena proteger tu sonrisa. Ponte en contacto con nosotros en cualquier momento si tienes preguntas o para programar tu pr\u00f3xima revisi\u00f3n de retenedores, estamos aqu\u00ed para ti en cada paso del camino. <\/p>\t\t\t\t\t\t\t\t<\/div>\n\t\t\t\t<\/div>\n\t\t\t\t\t<\/div>\n\t\t<\/div>\n\t\t\t\t\t<\/div>\n\t\t<\/section>\n\t\t<div data-particle_enable=\"false\" data-particle-mobile-disabled=\"false\" class=\"elementor-element elementor-element-678c24b e-flex e-con-boxed e-con e-parent\" data-id=\"678c24b\" data-element_type=\"container\" data-e-type=\"container\" data-settings=\"{&quot;background_background&quot;:&quot;classic&quot;}\">\n\t\t\t\t\t<div class=\"e-con-inner\">\n\t\t\t\t<div class=\"elementor-element elementor-element-5445299d elementor-widget elementor-widget-heading\" data-id=\"5445299d\" data-element_type=\"widget\" data-e-type=\"widget\" data-widget_type=\"heading.default\">\n\t\t\t\t<div class=\"elementor-widget-container\">\n\t\t\t\t\t<h2 class=\"elementor-heading-title elementor-size-default\">Preguntas frecuentes<\/h2>\t\t\t\t<\/div>\n\t\t\t\t<\/div>\n\t\t\t\t<div class=\"elementor-element elementor-element-10c130c5 elementor-widget__width-inherit elementor-widget elementor-widget-text-editor\" data-id=\"10c130c5\" data-element_type=\"widget\" data-e-type=\"widget\" data-widget_type=\"text-editor.default\">\n\t\t\t\t<div class=\"elementor-widget-container\">\n\t\t\t\t\t\t\t\t\t<p data-start=\"365\" data-end=\"709\">La fase de retenci\u00f3n puede parecer un cap\u00edtulo totalmente nuevo despu\u00e9s de la ortodoncia o Invisalign, y es normal tener preguntas sobre c\u00f3mo funcionan los retenedores, cu\u00e1nto tiempo hay que llevarlos y qu\u00e9 hacer si algo no va del todo bien. Estas preguntas frecuentes responden a las preocupaciones m\u00e1s frecuentes de los pacientes de Sugar Land que quieren proteger su nueva sonrisa a largo plazo. <\/p>\t\t\t\t\t\t\t\t<\/div>\n\t\t\t\t<\/div>\n\t\t\t\t<div class=\"elementor-element elementor-element-4b19f669 elementor-widget elementor-widget-n-accordion\" data-id=\"4b19f669\" data-element_type=\"widget\" data-e-type=\"widget\" data-settings=\"{&quot;default_state&quot;:&quot;expanded&quot;,&quot;max_items_expended&quot;:&quot;one&quot;,&quot;n_accordion_animation_duration&quot;:{&quot;unit&quot;:&quot;ms&quot;,&quot;size&quot;:400,&quot;sizes&quot;:[]}}\" data-widget_type=\"nested-accordion.default\">\n\t\t\t\t<div class=\"elementor-widget-container\">\n\t\t\t\t\t\t\t<div class=\"e-n-accordion\" aria-label=\"Accordion. Open links with Enter or Space, close with Escape, and navigate with Arrow Keys\">\n\t\t\t\t\t\t<details id=\"e-n-accordion-item-1250\" class=\"e-n-accordion-item\" open>\n\t\t\t\t<summary class=\"e-n-accordion-item-title\" data-accordion-index=\"1\" tabindex=\"0\" aria-expanded=\"true\" aria-controls=\"e-n-accordion-item-1250\" >\n\t\t\t\t\t<span class='e-n-accordion-item-title-header'><div class=\"e-n-accordion-item-title-text\"> \u00bfCon qu\u00e9 frecuencia deben sustituirse los retenedores? <\/div><\/span>\n\t\t\t\t\t\t\t<span class='e-n-accordion-item-title-icon'>\n\t\t\t<span class='e-opened' ><i aria-hidden=\"true\" class=\"fas fa-minus\"><\/i><\/span>\n\t\t\t<span class='e-closed'><i aria-hidden=\"true\" class=\"fas fa-plus\"><\/i><\/span>\n\t\t<\/span>\n\n\t\t\t\t\t\t<\/summary>\n\t\t\t\t<div data-particle_enable=\"false\" data-particle-mobile-disabled=\"false\" role=\"region\" aria-labelledby=\"e-n-accordion-item-1250\" class=\"elementor-element elementor-element-6b6d9c16 e-con-full e-flex e-con e-child\" data-id=\"6b6d9c16\" data-element_type=\"container\" data-e-type=\"container\">\n\t\t\t\t<div class=\"elementor-element elementor-element-2fe76762 elementor-widget__width-inherit elementor-widget elementor-widget-text-editor\" data-id=\"2fe76762\" data-element_type=\"widget\" data-e-type=\"widget\" data-widget_type=\"text-editor.default\">\n\t\t\t\t<div class=\"elementor-widget-container\">\n\t\t\t\t\t\t\t\t\t<p data-start=\"1203\" data-end=\"1533\">Depende de lo bien que se cuiden y del tipo de retenedor que lleves. Los retenedores removibles suelen durar <strong data-start=\"1314\" data-end=\"1327\">entre 1 y 5 a\u00f1os<\/strong>, dependiendo del uso, las rutinas de limpieza y el desgaste natural. Si tu retenedor se agrieta, deforma o afloja, es hora de sustituirlo. Las sustituciones peri\u00f3dicas ayudan a mantener una retenci\u00f3n predecible a largo plazo.   <\/p>\t\t\t\t\t\t\t\t<\/div>\n\t\t\t\t<\/div>\n\t\t\t\t<\/div>\n\t\t\t\t\t<\/details>\n\t\t\t\t\t\t<details id=\"e-n-accordion-item-1251\" class=\"e-n-accordion-item\" >\n\t\t\t\t<summary class=\"e-n-accordion-item-title\" data-accordion-index=\"2\" tabindex=\"-1\" aria-expanded=\"false\" aria-controls=\"e-n-accordion-item-1251\" >\n\t\t\t\t\t<span class='e-n-accordion-item-title-header'><div class=\"e-n-accordion-item-title-text\"> \u00bfPuedo comer o beber mientras llevo el retenedor removible? <\/div><\/span>\n\t\t\t\t\t\t\t<span class='e-n-accordion-item-title-icon'>\n\t\t\t<span class='e-opened' ><i aria-hidden=\"true\" class=\"fas fa-minus\"><\/i><\/span>\n\t\t\t<span class='e-closed'><i aria-hidden=\"true\" class=\"fas fa-plus\"><\/i><\/span>\n\t\t<\/span>\n\n\t\t\t\t\t\t<\/summary>\n\t\t\t\t<div data-particle_enable=\"false\" data-particle-mobile-disabled=\"false\" role=\"region\" aria-labelledby=\"e-n-accordion-item-1251\" class=\"elementor-element elementor-element-53ef79ac e-con-full e-flex e-con e-child\" data-id=\"53ef79ac\" data-element_type=\"container\" data-e-type=\"container\">\n\t\t\t\t<div class=\"elementor-element elementor-element-c392e27 elementor-widget__width-inherit elementor-widget elementor-widget-text-editor\" data-id=\"c392e27\" data-element_type=\"widget\" data-e-type=\"widget\" data-widget_type=\"text-editor.default\">\n\t\t\t\t<div class=\"elementor-widget-container\">\n\t\t\t\t\t\t\t\t\t<p data-start=\"1606\" data-end=\"1871\">Es mejor quitarse los retenedores extra\u00edbles antes de comer o beber algo que no sea agua. Los alimentos pueden da\u00f1ar el pl\u00e1stico, atrapar olores o decolorar el material. Las bebidas calientes pueden deformar el retenedor. Guarda siempre tu retenedor en su funda durante las comidas para mantenerlo seguro.   <\/p>\t\t\t\t\t\t\t\t<\/div>\n\t\t\t\t<\/div>\n\t\t\t\t<\/div>\n\t\t\t\t\t<\/details>\n\t\t\t\t\t\t<details id=\"e-n-accordion-item-1252\" class=\"e-n-accordion-item\" >\n\t\t\t\t<summary class=\"e-n-accordion-item-title\" data-accordion-index=\"3\" tabindex=\"-1\" aria-expanded=\"false\" aria-controls=\"e-n-accordion-item-1252\" >\n\t\t\t\t\t<span class='e-n-accordion-item-title-header'><div class=\"e-n-accordion-item-title-text\"> \u00bfPuedo utilizar los alineadores Invisalign como retenedores despu\u00e9s del tratamiento? <\/div><\/span>\n\t\t\t\t\t\t\t<span class='e-n-accordion-item-title-icon'>\n\t\t\t<span class='e-opened' ><i aria-hidden=\"true\" class=\"fas fa-minus\"><\/i><\/span>\n\t\t\t<span class='e-closed'><i aria-hidden=\"true\" class=\"fas fa-plus\"><\/i><\/span>\n\t\t<\/span>\n\n\t\t\t\t\t\t<\/summary>\n\t\t\t\t<div data-particle_enable=\"false\" data-particle-mobile-disabled=\"false\" role=\"region\" aria-labelledby=\"e-n-accordion-item-1252\" class=\"elementor-element elementor-element-6f3fadd3 e-con-full e-flex e-con e-child\" data-id=\"6f3fadd3\" data-element_type=\"container\" data-e-type=\"container\">\n\t\t\t\t<div class=\"elementor-element elementor-element-6b8b0ec1 elementor-widget__width-inherit elementor-widget elementor-widget-text-editor\" data-id=\"6b8b0ec1\" data-element_type=\"widget\" data-e-type=\"widget\" data-widget_type=\"text-editor.default\">\n\t\t\t\t<div class=\"elementor-widget-container\">\n\t\t\t\t\t\t\t\t\t<p data-start=\"2304\" data-end=\"2621\">No exactamente. Los alineadores Invisalign est\u00e1n dise\u00f1ados para mover los dientes, no para mantenerlos en su sitio a largo plazo. Los retenedores est\u00e1n hechos de distintos materiales y tienen una forma espec\u00edfica para mantener tu resultado final. Despu\u00e9s del tratamiento Invisalign, recibir\u00e1s un juego de retenedores dise\u00f1ados para conservar tu sonrisa de forma segura y eficaz.   <\/p>\t\t\t\t\t\t\t\t<\/div>\n\t\t\t\t<\/div>\n\t\t\t\t<\/div>\n\t\t\t\t\t<\/details>\n\t\t\t\t\t\t<details id=\"e-n-accordion-item-1253\" class=\"e-n-accordion-item\" >\n\t\t\t\t<summary class=\"e-n-accordion-item-title\" data-accordion-index=\"4\" tabindex=\"-1\" aria-expanded=\"false\" aria-controls=\"e-n-accordion-item-1253\" >\n\t\t\t\t\t<span class='e-n-accordion-item-title-header'><div class=\"e-n-accordion-item-title-text\"> \u00bfPor qu\u00e9 mi retenedor huele o se enturbia? <\/div><\/span>\n\t\t\t\t\t\t\t<span class='e-n-accordion-item-title-icon'>\n\t\t\t<span class='e-opened' ><i aria-hidden=\"true\" class=\"fas fa-minus\"><\/i><\/span>\n\t\t\t<span class='e-closed'><i aria-hidden=\"true\" class=\"fas fa-plus\"><\/i><\/span>\n\t\t<\/span>\n\n\t\t\t\t\t\t<\/summary>\n\t\t\t\t<div data-particle_enable=\"false\" data-particle-mobile-disabled=\"false\" role=\"region\" aria-labelledby=\"e-n-accordion-item-1253\" class=\"elementor-element elementor-element-4c7b6a62 e-con-full e-flex e-con e-child\" data-id=\"4c7b6a62\" data-element_type=\"container\" data-e-type=\"container\">\n\t\t\t\t<div class=\"elementor-element elementor-element-6753d935 elementor-widget__width-inherit elementor-widget elementor-widget-text-editor\" data-id=\"6753d935\" data-element_type=\"widget\" data-e-type=\"widget\" data-widget_type=\"text-editor.default\">\n\t\t\t\t<div class=\"elementor-widget-container\">\n\t\t\t\t\t\t\t\t\t<p data-start=\"2680\" data-end=\"3010\">Los retenedores acumulan de forma natural bacterias, minerales y placa si no se limpian con regularidad. Utilizar a diario un jab\u00f3n suave y un cepillo de dientes blando ayuda a prevenir la acumulaci\u00f3n. En caso de opacidad u olor, una inmersi\u00f3n semanal en una soluci\u00f3n limpiadora de retenedores o dentaduras postizas puede devolver el frescor. Evita la pasta de dientes: es demasiado abrasiva y puede ara\u00f1ar el pl\u00e1stico.   <\/p>\t\t\t\t\t\t\t\t<\/div>\n\t\t\t\t<\/div>\n\t\t\t\t<\/div>\n\t\t\t\t\t<\/details>\n\t\t\t\t\t\t<details id=\"e-n-accordion-item-1254\" class=\"e-n-accordion-item\" >\n\t\t\t\t<summary class=\"e-n-accordion-item-title\" data-accordion-index=\"5\" tabindex=\"-1\" aria-expanded=\"false\" aria-controls=\"e-n-accordion-item-1254\" >\n\t\t\t\t\t<span class='e-n-accordion-item-title-header'><div class=\"e-n-accordion-item-title-text\"> \u00bfPuedo cambiar de un retenedor adherido a uno extra\u00edble m\u00e1s adelante? <\/div><\/span>\n\t\t\t\t\t\t\t<span class='e-n-accordion-item-title-icon'>\n\t\t\t<span class='e-opened' ><i aria-hidden=\"true\" class=\"fas fa-minus\"><\/i><\/span>\n\t\t\t<span class='e-closed'><i aria-hidden=\"true\" class=\"fas fa-plus\"><\/i><\/span>\n\t\t<\/span>\n\n\t\t\t\t\t\t<\/summary>\n\t\t\t\t<div data-particle_enable=\"false\" data-particle-mobile-disabled=\"false\" role=\"region\" aria-labelledby=\"e-n-accordion-item-1254\" class=\"elementor-element elementor-element-6929dcbe e-con-full e-flex e-con e-child\" data-id=\"6929dcbe\" data-element_type=\"container\" data-e-type=\"container\">\n\t\t\t\t<div class=\"elementor-element elementor-element-2857e872 elementor-widget__width-inherit elementor-widget elementor-widget-text-editor\" data-id=\"2857e872\" data-element_type=\"widget\" data-e-type=\"widget\" data-widget_type=\"text-editor.default\">\n\t\t\t\t<div class=\"elementor-widget-container\">\n\t\t\t\t\t\t\t\t\t<p data-start=\"3711\" data-end=\"3969\">En muchos casos, s\u00ed. Algunos pacientes optan por cambiar a retenedores removibles si consideran que los retenedores adheridos son dif\u00edciles de limpiar o si la salud de las enc\u00edas se convierte en un problema. El Dr. Rodr\u00edguez evaluar\u00e1 tu mordida, alineamiento y necesidades de higiene para recomendarte la opci\u00f3n m\u00e1s segura.  <\/p>\t\t\t\t\t\t\t\t<\/div>\n\t\t\t\t<\/div>\n\t\t\t\t<\/div>\n\t\t\t\t\t<\/details>\n\t\t\t\t\t<\/div>\n\t\t\t\t\t\t<\/div>\n\t\t\t\t<\/div>\n\t\t\t\t\t<\/div>\n\t\t\t\t<\/div>\n\t\t\t\t<\/div>\n\t\t","protected":false},"excerpt":{"rendered":"<p>Los retenedores de ortodoncia protegen del desplazamiento de los dientes Tu tratamiento de ortodoncia no termina cuando te quitan los brackets o el \u00faltimo alineador Invisalign. Est\u00e1s entrando en la importante fase de retenci\u00f3n, en la que los retenedores desempe\u00f1an un papel vital para conservar tu bonita sonrisa alineada. El Dr. Sebasti\u00e1n Rodr\u00edguez y nuestro equipo est\u00e1n aqu\u00ed [&hellip;]<\/p>\n","protected":false},"author":2,"featured_media":0,"parent":0,"menu_order":47,"comment_status":"closed","ping_status":"closed","template":"","meta":{"_seopress_robots_primary_cat":"","_seopress_titles_title":"Retenedores despu\u00e9s de la ortodoncia Sugar Land TX | Beam Orthodontics","_seopress_titles_desc":"Los retenedores despu\u00e9s de los aparatos de ortodoncia e Invisalign son importantes para evitar el desplazamiento de los dientes y mantener tu sonrisa, con orientaci\u00f3n experta para un cuidado ortod\u00f3ncico a largo plazo.","_seopress_robots_index":"","footnotes":""},"class_list":["post-6059","page","type-page","status-publish"],"_links":{"self":[{"href":"https:\/\/beamorthodonticsinsugarland.com\/es\/wp-json\/wp\/v2\/pages\/6059","targetHints":{"allow":["GET"]}}],"collection":[{"href":"https:\/\/beamorthodonticsinsugarland.com\/es\/wp-json\/wp\/v2\/pages"}],"about":[{"href":"https:\/\/beamorthodonticsinsugarland.com\/es\/wp-json\/wp\/v2\/types\/page"}],"author":[{"embeddable":true,"href":"https:\/\/beamorthodonticsinsugarland.com\/es\/wp-json\/wp\/v2\/users\/2"}],"replies":[{"embeddable":true,"href":"https:\/\/beamorthodonticsinsugarland.com\/es\/wp-json\/wp\/v2\/comments?post=6059"}],"version-history":[{"count":6,"href":"https:\/\/beamorthodonticsinsugarland.com\/es\/wp-json\/wp\/v2\/pages\/6059\/revisions"}],"predecessor-version":[{"id":7985,"href":"https:\/\/beamorthodonticsinsugarland.com\/es\/wp-json\/wp\/v2\/pages\/6059\/revisions\/7985"}],"wp:attachment":[{"href":"https:\/\/beamorthodonticsinsugarland.com\/es\/wp-json\/wp\/v2\/media?parent=6059"}],"curies":[{"name":"wp","href":"https:\/\/api.w.org\/{rel}","templated":true}]}}