{"id":6061,"date":"2017-02-06T01:30:01","date_gmt":"2017-02-06T01:30:01","guid":{"rendered":"https:\/\/beamorthodonticsinsugarland.com\/primera-visita\/"},"modified":"2026-03-13T04:44:07","modified_gmt":"2026-03-13T04:44:07","slug":"primera-visita","status":"publish","type":"page","link":"https:\/\/beamorthodonticsinsugarland.com\/es\/primera-visita\/","title":{"rendered":"Primera visita"},"content":{"rendered":"\t\t<div data-elementor-type=\"wp-page\" data-elementor-id=\"6061\" class=\"elementor elementor-6061 elementor-28\" data-elementor-post-type=\"page\">\n\t\t\t\t\t\t<section data-particle_enable=\"false\" data-particle-mobile-disabled=\"false\" class=\"elementor-section elementor-top-section elementor-element elementor-element-600a6db2 elementor-section-boxed elementor-section-height-default elementor-section-height-default\" data-id=\"600a6db2\" data-element_type=\"section\" data-e-type=\"section\">\n\t\t\t\t\t\t<div class=\"elementor-container elementor-column-gap-default\">\n\t\t\t\t\t<div class=\"elementor-column elementor-col-100 elementor-top-column elementor-element elementor-element-10d72020\" data-id=\"10d72020\" data-element_type=\"column\" data-e-type=\"column\">\n\t\t\t<div class=\"elementor-widget-wrap elementor-element-populated\">\n\t\t\t\t\t\t<div class=\"elementor-element elementor-element-ba9e418 elementor-widget elementor-widget-heading\" data-id=\"ba9e418\" data-element_type=\"widget\" data-e-type=\"widget\" data-widget_type=\"heading.default\">\n\t\t\t\t<div class=\"elementor-widget-container\">\n\t\t\t\t\t<h1 class=\"elementor-heading-title elementor-size-default\">Primera visita de ortodoncia en Beam Orthodontics<\/h1>\t\t\t\t<\/div>\n\t\t\t\t<\/div>\n\t\t\t\t<div class=\"elementor-element elementor-element-5472c7d1 elementor-widget elementor-widget-text-editor\" data-id=\"5472c7d1\" data-element_type=\"widget\" data-e-type=\"widget\" data-widget_type=\"text-editor.default\">\n\t\t\t\t<div class=\"elementor-widget-container\">\n\t\t\t\t\t\t\t\t\t<p data-start=\"324\" data-end=\"634\">Nos complace darte la bienvenida a tu primera cita en Beam Orthodontics, \u00a1donde comienza el viaje de tu sonrisa! Cuando llegues, reg\u00edstrate con nuestro amable equipo de recepci\u00f3n. Te daremos una vuelta por nuestra oficina y te presentaremos a nuestro maravilloso personal para que te sientas como en casa antes de que empiece tu consulta.  <\/p><p data-start=\"636\" data-end=\"895\">Durante tu visita, <a href=\"https:\/\/beamorthodonticsinsugarland.com\/es\/conoce-al-dr-rodriguez\/\">el Dr. Sebasti\u00e1n Rodr\u00edguez<\/a> realizar\u00e1 una evaluaci\u00f3n ortod\u00f3ncica completa, explic\u00e1ndote detalladamente el plan de tratamiento recomendado y respondiendo a todas tus preguntas, tanto si eres un padre que busca atenci\u00f3n para su hijo como si eres un adulto que est\u00e1 considerando someterse a un tratamiento.<\/p><h2 data-start=\"897\" data-end=\"954\">\u00bfCu\u00e1l es el objetivo de la consulta inicial con el ortodoncista?<\/h2><p data-start=\"955\" data-end=\"1132\">La consulta inicial consiste en comprender tus necesidades y planificar tu camino hacia una sonrisa sana y segura. Durante esta visita, responderemos a preguntas importantes como: <\/p><ul><li data-start=\"1136\" data-end=\"1176\">\u00bfHay alg\u00fan problema de ortodoncia?<\/li><li data-start=\"1179\" data-end=\"1222\">\u00bfCu\u00e1ndo es el mejor momento para empezar el tratamiento?<\/li><li data-start=\"1225\" data-end=\"1272\">\u00bfQu\u00e9 tipo de tratamiento de ortodoncia se necesita?<\/li><li data-start=\"1275\" data-end=\"1306\">\u00bfCu\u00e1nto durar\u00e1 el tratamiento?<\/li><li data-start=\"1309\" data-end=\"1349\">\u00bfCu\u00e1l es el coste estimado del tratamiento?<\/li><\/ul><h2 data-start=\"1351\" data-end=\"1390\">\u00bfQu\u00e9 ocurre despu\u00e9s del primer examen?<\/h2><p data-start=\"1391\" data-end=\"1826\">Si se recomienda tratamiento ortod\u00f3ncico durante tu primera visita, podemos tomar registros diagn\u00f3sticos de inmediato o programar un seguimiento si es necesario. Estos registros dan a nuestro equipo una visi\u00f3n completa para dise\u00f1ar un plan de tratamiento personalizado s\u00f3lo para ti. En algunos casos, el tratamiento puede comenzar el mismo d\u00eda. Si tu caso es m\u00e1s complejo, concertaremos otra cita para recoger diagn\u00f3sticos adicionales y asegurarnos de que todo est\u00e1 listo antes de iniciar el tratamiento.   <\/p><p data-start=\"1828\" data-end=\"2037\">Tambi\u00e9n nos coordinamos con tu dentista general para asegurarnos de que est\u00e1s preparado para iniciar el tratamiento con seguridad. Si es necesario, consultaremos con cualquier especialista para asegurarnos de que tu caso \u00fanico se trata de principio a fin. <\/p><h2 data-start=\"2039\" data-end=\"2072\">\u00bfQu\u00e9 son los Registros Diagn\u00f3sticos?<\/h2><p data-start=\"2073\" data-end=\"2193\">Los registros diagn\u00f3sticos son esenciales para planificar un tratamiento ortod\u00f3ncico eficaz y personalizado. Suelen incluir: <\/p><ul><li data-start=\"2197\" data-end=\"2233\">Modelos digitales de estudio de tus dientes<\/li><li data-start=\"2236\" data-end=\"2285\">Radiograf\u00edas panor\u00e1micas y cefalom\u00e9tricas y trazados<\/li><li data-start=\"2288\" data-end=\"2349\">An\u00e1lisis del crecimiento y planificaci\u00f3n detallada del tratamiento por el m\u00e9dico<\/li><\/ul><h2 data-start=\"2351\" data-end=\"2397\">\u00bfCu\u00e1nto cuesta un tratamiento de ortodoncia?<\/h2><p data-start=\"2398\" data-end=\"2535\">El <a href=\"https:\/\/beamorthodonticsinsugarland.com\/es\/financiacion-facil\/\">coste de la ortodoncia o Invisalign<\/a> depende de la complejidad de tu caso. Durante la visita inicial, nuestro coordinador de tratamiento revisar\u00e1: <\/p><ul><li data-start=\"2539\" data-end=\"2561\">Tasas totales estimadas<\/li><li data-start=\"2564\" data-end=\"2595\">Opciones flexibles de planes de pago<\/li><li data-start=\"2598\" data-end=\"2631\">Informaci\u00f3n sobre la cobertura del seguro<\/li><\/ul><p data-start=\"2633\" data-end=\"2741\">Aceptamos la mayor\u00eda de los planes de seguro y ofrecemos m\u00faltiples formas de hacer asequible la atenci\u00f3n ortod\u00f3ncica a todas las familias.<\/p><h3 data-start=\"2743\" data-end=\"2783\">\u00bfQu\u00e9 incluye tu inversi\u00f3n?<\/h3><p data-start=\"2784\" data-end=\"2851\">Cuando comienzas el tratamiento en Beam Orthodontics, tu inversi\u00f3n cubre:<\/p><ul><li data-start=\"2855\" data-end=\"2929\">Registros de diagn\u00f3stico completos: Radiograf\u00edas, modelos y planificaci\u00f3n del tratamiento<\/li><li data-start=\"2932\" data-end=\"3004\">Tarifas de tratamiento activo para intervenci\u00f3n temprana, <a href=\"https:\/\/beamorthodonticsinsugarland.com\/es\/tipos-de-ortodoncia\/\">ortodoncia<\/a> completa e <a href=\"https:\/\/beamorthodonticsinsugarland.com\/es\/invisalign\/\">Invisalign<\/a><\/li><li data-start=\"3007\" data-end=\"3063\">Todos los aparatos de ortodoncia necesarios y las visitas al consultorio<\/li><li data-start=\"3066\" data-end=\"3129\">Un \u00faltimo juego de retenedores (para pacientes de tratamiento integral)<\/li><\/ul><p data-start=\"3131\" data-end=\"3271\"><em data-start=\"3131\" data-end=\"3271\">Nota: Los aparatos est\u00e1n dise\u00f1ados para durar durante todo el tratamiento. Si es necesario sustituirlos por p\u00e9rdida o mal uso, puede aplicarse una tarifa de sustituci\u00f3n. <\/em><\/p><h2 data-start=\"3574\" data-end=\"3615\">Seguro y cesi\u00f3n de prestaciones<\/h2><p data-start=\"3616\" data-end=\"3852\">Trabajamos con la mayor\u00eda de las aseguradoras y aceptamos la asignaci\u00f3n de prestaciones siempre que es posible, lo que reduce tus gastos de bolsillo. Si tu plan no permite la asignaci\u00f3n directa, te ayudaremos a presentar tus reclamaciones para que puedas recibir el reembolso. <\/p><p data-start=\"3854\" data-end=\"4009\">Te rogamos que nos notifiques inmediatamente si tu p\u00f3liza de seguro cambia antes de finalizar el tratamiento. Esto nos ayuda a mantener tu plan financiero exacto y actualizado. <\/p><h2 data-start=\"4011\" data-end=\"4054\">Horario de oficina y etiqueta para las citas<\/h2><p data-start=\"4055\" data-end=\"4228\">Valoramos tu tiempo y nuestro objetivo es cumplir los plazos. Cada visita se planifica cuidadosamente para proporcionarte el tratamiento que necesitas, al tiempo que respondemos a todas tus preguntas. Para ayudarnos a cumplir los plazos:  <\/p><ul><li data-start=\"4232\" data-end=\"4288\">Por favor, llega puntualmente a tu <a href=\"https:\/\/beamorthodonticsinsugarland.com\/es\/pide-una-cita\/\">cita<\/a>.<\/li><li data-start=\"4291\" data-end=\"4344\">Av\u00edsanos si te vas a retrasar o necesitas cambiar la cita.<\/li><\/ul><p data-start=\"4346\" data-end=\"4418\">Tu puntualidad garantiza una experiencia fluida para ti y para los dem\u00e1s pacientes.<\/p><p data-start=\"4420\" data-end=\"4569\">Hagamos que tu primera visita sea lo m\u00e1s fluida e informativa posible. Si tienes alguna pregunta antes de tu cita, \u00a1no dudes en ponerte en contacto con nosotros! <\/p>\t\t\t\t\t\t\t\t<\/div>\n\t\t\t\t<\/div>\n\t\t\t\t\t<\/div>\n\t\t<\/div>\n\t\t\t\t\t<\/div>\n\t\t<\/section>\n\t\t<div data-particle_enable=\"false\" data-particle-mobile-disabled=\"false\" class=\"elementor-element elementor-element-23739721 e-flex e-con-boxed e-con e-parent\" data-id=\"23739721\" data-element_type=\"container\" data-e-type=\"container\" data-settings=\"{&quot;background_background&quot;:&quot;classic&quot;}\">\n\t\t\t\t\t<div class=\"e-con-inner\">\n\t\t\t\t<div class=\"elementor-element elementor-element-272084e6 elementor-widget elementor-widget-heading\" data-id=\"272084e6\" data-element_type=\"widget\" data-e-type=\"widget\" data-widget_type=\"heading.default\">\n\t\t\t\t<div class=\"elementor-widget-container\">\n\t\t\t\t\t<h2 class=\"elementor-heading-title elementor-size-default\">Preguntas frecuentes<\/h2>\t\t\t\t<\/div>\n\t\t\t\t<\/div>\n\t\t\t\t<div class=\"elementor-element elementor-element-61b38889 elementor-widget__width-inherit elementor-widget elementor-widget-text-editor\" data-id=\"61b38889\" data-element_type=\"widget\" data-e-type=\"widget\" data-widget_type=\"text-editor.default\">\n\t\t\t\t<div class=\"elementor-widget-container\">\n\t\t\t\t\t\t\t\t\t<p data-start=\"473\" data-end=\"890\">Antes de acudir a tu primera cita en Ortodoncia Beam, es completamente normal que tengas algunas preguntas, sobre todo si es la primera experiencia ortod\u00f3ncica de tu hijo o est\u00e1s considerando un tratamiento como adulto. A continuaci\u00f3n, hemos reunido respuestas \u00fatiles a preguntas que las familias de nuestra comunidad suelen plantearse cuando se preparan para su primera visita, exploran las opciones de tratamiento o planifican con antelaci\u00f3n la atenci\u00f3n ortod\u00f3ncica. <\/p>\t\t\t\t\t\t\t\t<\/div>\n\t\t\t\t<\/div>\n\t\t\t\t<div class=\"elementor-element elementor-element-5d0047e elementor-widget elementor-widget-n-accordion\" data-id=\"5d0047e\" data-element_type=\"widget\" data-e-type=\"widget\" data-settings=\"{&quot;default_state&quot;:&quot;expanded&quot;,&quot;max_items_expended&quot;:&quot;one&quot;,&quot;n_accordion_animation_duration&quot;:{&quot;unit&quot;:&quot;ms&quot;,&quot;size&quot;:400,&quot;sizes&quot;:[]}}\" data-widget_type=\"nested-accordion.default\">\n\t\t\t\t<div class=\"elementor-widget-container\">\n\t\t\t\t\t\t\t<div class=\"e-n-accordion\" aria-label=\"Accordion. Open links with Enter or Space, close with Escape, and navigate with Arrow Keys\">\n\t\t\t\t\t\t<details id=\"e-n-accordion-item-9750\" class=\"e-n-accordion-item\" open>\n\t\t\t\t<summary class=\"e-n-accordion-item-title\" data-accordion-index=\"1\" tabindex=\"0\" aria-expanded=\"true\" aria-controls=\"e-n-accordion-item-9750\" >\n\t\t\t\t\t<span class='e-n-accordion-item-title-header'><div class=\"e-n-accordion-item-title-text\"> \u00bfNecesito una remisi\u00f3n para programar mi primera visita de ortodoncia? <\/div><\/span>\n\t\t\t\t\t\t\t<span class='e-n-accordion-item-title-icon'>\n\t\t\t<span class='e-opened' ><i aria-hidden=\"true\" class=\"fas fa-minus\"><\/i><\/span>\n\t\t\t<span class='e-closed'><i aria-hidden=\"true\" class=\"fas fa-plus\"><\/i><\/span>\n\t\t<\/span>\n\n\t\t\t\t\t\t<\/summary>\n\t\t\t\t<div data-particle_enable=\"false\" data-particle-mobile-disabled=\"false\" role=\"region\" aria-labelledby=\"e-n-accordion-item-9750\" class=\"elementor-element elementor-element-30849d36 e-con-full e-flex e-con e-child\" data-id=\"30849d36\" data-element_type=\"container\" data-e-type=\"container\">\n\t\t\t\t<div class=\"elementor-element elementor-element-14b1ea48 elementor-widget__width-inherit elementor-widget elementor-widget-text-editor\" data-id=\"14b1ea48\" data-element_type=\"widget\" data-e-type=\"widget\" data-widget_type=\"text-editor.default\">\n\t\t\t\t<div class=\"elementor-widget-container\">\n\t\t\t\t\t\t\t\t\t<p data-start=\"968\" data-end=\"1232\">No. La mayor\u00eda de los pacientes acuden a nosotros sin ser remitidos. Aunque es posible que tu dentista te recomiende ortodoncia, puedes concertar una consulta gratuita en cualquier momento, tanto si te preocupa la mordida de tu hijo como si est\u00e1s pensando en ponerte ortodoncia o Invisalign.  <\/p>\t\t\t\t\t\t\t\t<\/div>\n\t\t\t\t<\/div>\n\t\t\t\t<\/div>\n\t\t\t\t\t<\/details>\n\t\t\t\t\t\t<details id=\"e-n-accordion-item-9751\" class=\"e-n-accordion-item\" >\n\t\t\t\t<summary class=\"e-n-accordion-item-title\" data-accordion-index=\"2\" tabindex=\"-1\" aria-expanded=\"false\" aria-controls=\"e-n-accordion-item-9751\" >\n\t\t\t\t\t<span class='e-n-accordion-item-title-header'><div class=\"e-n-accordion-item-title-text\"> \u00bfA qu\u00e9 edad debe mi hijo acudir por primera vez al ortodoncista? <\/div><\/span>\n\t\t\t\t\t\t\t<span class='e-n-accordion-item-title-icon'>\n\t\t\t<span class='e-opened' ><i aria-hidden=\"true\" class=\"fas fa-minus\"><\/i><\/span>\n\t\t\t<span class='e-closed'><i aria-hidden=\"true\" class=\"fas fa-plus\"><\/i><\/span>\n\t\t<\/span>\n\n\t\t\t\t\t\t<\/summary>\n\t\t\t\t<div data-particle_enable=\"false\" data-particle-mobile-disabled=\"false\" role=\"region\" aria-labelledby=\"e-n-accordion-item-9751\" class=\"elementor-element elementor-element-4a45d52 e-con-full e-flex e-con e-child\" data-id=\"4a45d52\" data-element_type=\"container\" data-e-type=\"container\">\n\t\t\t\t<div class=\"elementor-element elementor-element-3778287 elementor-widget__width-inherit elementor-widget elementor-widget-text-editor\" data-id=\"3778287\" data-element_type=\"widget\" data-e-type=\"widget\" data-widget_type=\"text-editor.default\">\n\t\t\t\t<div class=\"elementor-widget-container\">\n\t\t\t\t\t\t\t\t\t<p data-start=\"1301\" data-end=\"1634\">La Asociaci\u00f3n Americana de Ortodoncistas recomienda una primera revisi\u00f3n alrededor de los <strong data-start=\"1382\" data-end=\"1387\">7 a\u00f1os<\/strong>. A esta edad, tu hijo a\u00fan tiene hueso en crecimiento y una mezcla de dientes de leche y adultos, lo que facilita la identificaci\u00f3n precoz de problemas de alineaci\u00f3n o mordida. Muchos ni\u00f1os no necesitan tratamiento de inmediato, pero el control precoz nos ayuda a orientar el crecimiento si es necesario.  <\/p>\t\t\t\t\t\t\t\t<\/div>\n\t\t\t\t<\/div>\n\t\t\t\t<\/div>\n\t\t\t\t\t<\/details>\n\t\t\t\t\t\t<details id=\"e-n-accordion-item-9752\" class=\"e-n-accordion-item\" >\n\t\t\t\t<summary class=\"e-n-accordion-item-title\" data-accordion-index=\"3\" tabindex=\"-1\" aria-expanded=\"false\" aria-controls=\"e-n-accordion-item-9752\" >\n\t\t\t\t\t<span class='e-n-accordion-item-title-header'><div class=\"e-n-accordion-item-title-text\"> \u00bfPuedo empezar la ortodoncia o Invisalign el mismo d\u00eda de la consulta? <\/div><\/span>\n\t\t\t\t\t\t\t<span class='e-n-accordion-item-title-icon'>\n\t\t\t<span class='e-opened' ><i aria-hidden=\"true\" class=\"fas fa-minus\"><\/i><\/span>\n\t\t\t<span class='e-closed'><i aria-hidden=\"true\" class=\"fas fa-plus\"><\/i><\/span>\n\t\t<\/span>\n\n\t\t\t\t\t\t<\/summary>\n\t\t\t\t<div data-particle_enable=\"false\" data-particle-mobile-disabled=\"false\" role=\"region\" aria-labelledby=\"e-n-accordion-item-9752\" class=\"elementor-element elementor-element-6a125c21 e-con-full e-flex e-con e-child\" data-id=\"6a125c21\" data-element_type=\"container\" data-e-type=\"container\">\n\t\t\t\t<div class=\"elementor-element elementor-element-4f97fcaa elementor-widget__width-inherit elementor-widget elementor-widget-text-editor\" data-id=\"4f97fcaa\" data-element_type=\"widget\" data-e-type=\"widget\" data-widget_type=\"text-editor.default\">\n\t\t\t\t<div class=\"elementor-widget-container\">\n\t\t\t\t\t\t\t\t\t<p data-start=\"2063\" data-end=\"2304\">En muchos casos, s\u00ed. Si est\u00e1s preparado y tus registros diagn\u00f3sticos est\u00e1n completos, algunos pacientes pueden empezar el tratamiento el mismo d\u00eda. Esta opci\u00f3n es especialmente \u00fatil para familias ocupadas o adultos que quieren empezar su viaje de la sonrisa sin demora.  <\/p>\t\t\t\t\t\t\t\t<\/div>\n\t\t\t\t<\/div>\n\t\t\t\t<\/div>\n\t\t\t\t\t<\/details>\n\t\t\t\t\t\t<details id=\"e-n-accordion-item-9753\" class=\"e-n-accordion-item\" >\n\t\t\t\t<summary class=\"e-n-accordion-item-title\" data-accordion-index=\"4\" tabindex=\"-1\" aria-expanded=\"false\" aria-controls=\"e-n-accordion-item-9753\" >\n\t\t\t\t\t<span class='e-n-accordion-item-title-header'><div class=\"e-n-accordion-item-title-text\"> \u00bfCu\u00e1nto tardar\u00e9 en ver los resultados despu\u00e9s de empezar el tratamiento? <\/div><\/span>\n\t\t\t\t\t\t\t<span class='e-n-accordion-item-title-icon'>\n\t\t\t<span class='e-opened' ><i aria-hidden=\"true\" class=\"fas fa-minus\"><\/i><\/span>\n\t\t\t<span class='e-closed'><i aria-hidden=\"true\" class=\"fas fa-plus\"><\/i><\/span>\n\t\t<\/span>\n\n\t\t\t\t\t\t<\/summary>\n\t\t\t\t<div data-particle_enable=\"false\" data-particle-mobile-disabled=\"false\" role=\"region\" aria-labelledby=\"e-n-accordion-item-9753\" class=\"elementor-element elementor-element-62971e5d e-con-full e-flex e-con e-child\" data-id=\"62971e5d\" data-element_type=\"container\" data-e-type=\"container\">\n\t\t\t\t<div class=\"elementor-element elementor-element-3cdeaa05 elementor-widget__width-inherit elementor-widget elementor-widget-text-editor\" data-id=\"3cdeaa05\" data-element_type=\"widget\" data-e-type=\"widget\" data-widget_type=\"text-editor.default\">\n\t\t\t\t<div class=\"elementor-widget-container\">\n\t\t\t\t\t\t\t\t\t<p data-start=\"3149\" data-end=\"3472\">Cada sonrisa es diferente, pero muchos pacientes empiezan a notar peque\u00f1os cambios a las pocas semanas. Las mejoras m\u00e1s significativas suelen aparecer en los primeros meses. Los aparatos de ortodoncia e Invisalign act\u00faan gradualmente para mover tus dientes, y tu progreso ser\u00e1 supervisado de cerca en cada visita para garantizar unos resultados sanos y predecibles.  <\/p>\t\t\t\t\t\t\t\t<\/div>\n\t\t\t\t<\/div>\n\t\t\t\t<\/div>\n\t\t\t\t\t<\/details>\n\t\t\t\t\t\t<details id=\"e-n-accordion-item-9754\" class=\"e-n-accordion-item\" >\n\t\t\t\t<summary class=\"e-n-accordion-item-title\" data-accordion-index=\"5\" tabindex=\"-1\" aria-expanded=\"false\" aria-controls=\"e-n-accordion-item-9754\" >\n\t\t\t\t\t<span class='e-n-accordion-item-title-header'><div class=\"e-n-accordion-item-title-text\"> \u00bfPuedo transferir mi tratamiento si me mudo o cambio de proveedor dental? <\/div><\/span>\n\t\t\t\t\t\t\t<span class='e-n-accordion-item-title-icon'>\n\t\t\t<span class='e-opened' ><i aria-hidden=\"true\" class=\"fas fa-minus\"><\/i><\/span>\n\t\t\t<span class='e-closed'><i aria-hidden=\"true\" class=\"fas fa-plus\"><\/i><\/span>\n\t\t<\/span>\n\n\t\t\t\t\t\t<\/summary>\n\t\t\t\t<div data-particle_enable=\"false\" data-particle-mobile-disabled=\"false\" role=\"region\" aria-labelledby=\"e-n-accordion-item-9754\" class=\"elementor-element elementor-element-16afe38c e-con-full e-flex e-con e-child\" data-id=\"16afe38c\" data-element_type=\"container\" data-e-type=\"container\">\n\t\t\t\t<div class=\"elementor-element elementor-element-451499e1 elementor-widget__width-inherit elementor-widget elementor-widget-text-editor\" data-id=\"451499e1\" data-element_type=\"widget\" data-e-type=\"widget\" data-widget_type=\"text-editor.default\">\n\t\t\t\t<div class=\"elementor-widget-container\">\n\t\t\t\t\t\t\t\t\t<p data-start=\"3943\" data-end=\"4193\">S\u00ed. Si te trasladas o cambias de consulta, nos coordinaremos con tu nuevo ortodoncista para garantizar que tu tratamiento contin\u00fae sin problemas. Tus registros de diagn\u00f3stico, plan de tratamiento y notas de evoluci\u00f3n pueden transferirse directamente al siguiente proveedor.  <\/p>\t\t\t\t\t\t\t\t<\/div>\n\t\t\t\t<\/div>\n\t\t\t\t<\/div>\n\t\t\t\t\t<\/details>\n\t\t\t\t\t<\/div>\n\t\t\t\t\t\t<\/div>\n\t\t\t\t<\/div>\n\t\t\t\t\t<\/div>\n\t\t\t\t<\/div>\n\t\t\t\t<\/div>\n\t\t","protected":false},"excerpt":{"rendered":"<p>Primera visita de ortodoncia en Beam Orthodontics Nos complace darte la bienvenida a tu primera cita en Beam Orthodontics, \u00a1donde comienza el viaje de tu sonrisa! Cuando llegues, reg\u00edstrate con nuestro amable equipo de recepci\u00f3n. Te daremos una vuelta por nuestra oficina y te presentaremos a nuestro maravilloso personal para que te sientas como en casa antes de [&hellip;]<\/p>\n","protected":false},"author":2,"featured_media":0,"parent":0,"menu_order":25,"comment_status":"closed","ping_status":"closed","template":"","meta":{"_seopress_robots_primary_cat":"","_seopress_titles_title":"First Orthodontic Visit at Beam Orthodontics","_seopress_titles_desc":"Your first visit at Beam Orthodontics includes a detailed orthodontist consultation with Dr. Sebastian Rodriguez, digital records, and a custom treatment plan.","_seopress_robots_index":"","footnotes":""},"class_list":["post-6061","page","type-page","status-publish"],"_links":{"self":[{"href":"https:\/\/beamorthodonticsinsugarland.com\/es\/wp-json\/wp\/v2\/pages\/6061","targetHints":{"allow":["GET"]}}],"collection":[{"href":"https:\/\/beamorthodonticsinsugarland.com\/es\/wp-json\/wp\/v2\/pages"}],"about":[{"href":"https:\/\/beamorthodonticsinsugarland.com\/es\/wp-json\/wp\/v2\/types\/page"}],"author":[{"embeddable":true,"href":"https:\/\/beamorthodonticsinsugarland.com\/es\/wp-json\/wp\/v2\/users\/2"}],"replies":[{"embeddable":true,"href":"https:\/\/beamorthodonticsinsugarland.com\/es\/wp-json\/wp\/v2\/comments?post=6061"}],"version-history":[{"count":9,"href":"https:\/\/beamorthodonticsinsugarland.com\/es\/wp-json\/wp\/v2\/pages\/6061\/revisions"}],"predecessor-version":[{"id":7968,"href":"https:\/\/beamorthodonticsinsugarland.com\/es\/wp-json\/wp\/v2\/pages\/6061\/revisions\/7968"}],"wp:attachment":[{"href":"https:\/\/beamorthodonticsinsugarland.com\/es\/wp-json\/wp\/v2\/media?parent=6061"}],"curies":[{"name":"wp","href":"https:\/\/api.w.org\/{rel}","templated":true}]}}