{"id":6065,"date":"2017-02-06T01:30:55","date_gmt":"2017-02-06T01:30:55","guid":{"rendered":"https:\/\/beamorthodonticsinsugarland.com\/atencion-de-urgencias\/"},"modified":"2025-07-25T16:15:32","modified_gmt":"2025-07-25T16:15:32","slug":"atencion-de-urgencias","status":"publish","type":"page","link":"https:\/\/beamorthodonticsinsugarland.com\/es\/atencion-de-urgencias\/","title":{"rendered":"Atenci\u00f3n de urgencias"},"content":{"rendered":"\t\t<div data-elementor-type=\"wp-page\" data-elementor-id=\"6065\" class=\"elementor elementor-6065 elementor-30\" data-elementor-post-type=\"page\">\n\t\t\t\t\t\t<section data-particle_enable=\"false\" data-particle-mobile-disabled=\"false\" class=\"elementor-section elementor-top-section elementor-element elementor-element-39133a2d elementor-section-boxed elementor-section-height-default elementor-section-height-default\" data-id=\"39133a2d\" data-element_type=\"section\" data-e-type=\"section\">\n\t\t\t\t\t\t<div class=\"elementor-container elementor-column-gap-default\">\n\t\t\t\t\t<div class=\"elementor-column elementor-col-100 elementor-top-column elementor-element elementor-element-423a050a\" data-id=\"423a050a\" data-element_type=\"column\" data-e-type=\"column\">\n\t\t\t<div class=\"elementor-widget-wrap elementor-element-populated\">\n\t\t\t\t\t\t<div class=\"elementor-element elementor-element-16f22a0 elementor-widget elementor-widget-heading\" data-id=\"16f22a0\" data-element_type=\"widget\" data-e-type=\"widget\" data-widget_type=\"heading.default\">\n\t\t\t\t<div class=\"elementor-widget-container\">\n\t\t\t\t\t<h1 class=\"elementor-heading-title elementor-size-default\">Atenci\u00f3n de urgencia para pacientes de ortodoncia\n<\/h1>\t\t\t\t<\/div>\n\t\t\t\t<\/div>\n\t\t\t\t<div class=\"elementor-element elementor-element-3c018611 elementor-widget elementor-widget-text-editor\" data-id=\"3c018611\" data-element_type=\"widget\" data-e-type=\"widget\" data-widget_type=\"text-editor.default\">\n\t\t\t\t<div class=\"elementor-widget-container\">\n\t\t\t\t\t\t\t\t\t<p data-start=\"145\" data-end=\"364\">Las urgencias ortod\u00f3ncicas pueden ocurrir, pero saber c\u00f3mo manejarlas puede marcar la diferencia. Cuando se llevan <a href=\"https:\/\/rodriguez.klsite.dev\/braces-houston\/\">aparatos de<\/a> ortodoncia, las lesiones o problemas con los aparatos suelen clasificarse en dos categor\u00edas principales: <\/p>\t\t\t\t\t\t\t\t<\/div>\n\t\t\t\t<\/div>\n\t\t\t\t\t<\/div>\n\t\t<\/div>\n\t\t\t\t\t<\/div>\n\t\t<\/section>\n\t\t\t\t<section data-particle_enable=\"false\" data-particle-mobile-disabled=\"false\" class=\"elementor-section elementor-top-section elementor-element elementor-element-fa81ef9 elementor-section-boxed elementor-section-height-default elementor-section-height-default\" data-id=\"fa81ef9\" data-element_type=\"section\" data-e-type=\"section\">\n\t\t\t\t\t\t<div class=\"elementor-container elementor-column-gap-default\">\n\t\t\t\t\t<div class=\"elementor-column elementor-col-100 elementor-top-column elementor-element elementor-element-643dce3\" data-id=\"643dce3\" data-element_type=\"column\" data-e-type=\"column\">\n\t\t\t<div class=\"elementor-widget-wrap elementor-element-populated\">\n\t\t\t\t\t\t<div class=\"elementor-element elementor-element-5ac5af8 elementor-widget elementor-widget-video\" data-id=\"5ac5af8\" data-element_type=\"widget\" data-e-type=\"widget\" data-settings=\"{&quot;youtube_url&quot;:&quot;https:\\\/\\\/youtu.be\\\/XtoWJkqNAJ0&quot;,&quot;show_image_overlay&quot;:&quot;yes&quot;,&quot;image_overlay&quot;:{&quot;url&quot;:&quot;&quot;,&quot;id&quot;:&quot;&quot;,&quot;size&quot;:&quot;&quot;,&quot;alt&quot;:&quot;&quot;,&quot;source&quot;:&quot;library&quot;},&quot;video_type&quot;:&quot;youtube&quot;,&quot;controls&quot;:&quot;yes&quot;}\" data-widget_type=\"video.default\">\n\t\t\t\t<div class=\"elementor-widget-container\">\n\t\t\t\t\t\t\t<div class=\"elementor-wrapper elementor-open-inline\">\n\t\t\t<div class=\"elementor-video\"><\/div>\t\t<\/div>\n\t\t\t\t\t\t<\/div>\n\t\t\t\t<\/div>\n\t\t\t\t\t<\/div>\n\t\t<\/div>\n\t\t\t\t\t<\/div>\n\t\t<\/section>\n\t\t\t\t<section data-particle_enable=\"false\" data-particle-mobile-disabled=\"false\" class=\"elementor-section elementor-top-section elementor-element elementor-element-b31274a elementor-section-boxed elementor-section-height-default elementor-section-height-default\" data-id=\"b31274a\" data-element_type=\"section\" data-e-type=\"section\">\n\t\t\t\t\t\t<div class=\"elementor-container elementor-column-gap-default\">\n\t\t\t\t\t<div class=\"elementor-column elementor-col-100 elementor-top-column elementor-element elementor-element-fb7423e\" data-id=\"fb7423e\" data-element_type=\"column\" data-e-type=\"column\">\n\t\t\t<div class=\"elementor-widget-wrap elementor-element-populated\">\n\t\t\t\t\t\t<div class=\"elementor-element elementor-element-432d9c1 elementor-widget elementor-widget-text-editor\" data-id=\"432d9c1\" data-element_type=\"widget\" data-e-type=\"widget\" data-widget_type=\"text-editor.default\">\n\t\t\t\t<div class=\"elementor-widget-container\">\n\t\t\t\t\t\t\t\t\t<h2 data-start=\"371\" data-end=\"422\">Urgencias relacionadas con aparatos de ortodoncia<\/h2><p data-start=\"423\" data-end=\"732\">De vez en cuando, tus aparatos o frenos pueden aflojarse, romperse o doblarse. Si tienes alg\u00fan problema, como bandas sueltas, brackets o alambres punzantes, llama a nuestra consulta en horario de oficina para <a href=\"https:\/\/rodriguez.klsite.dev\/request-an-appointment\/\">concertar una cita<\/a>. Para comodidad de todos los pacientes, no aceptamos visitas sin cita para urgencias.  <\/p><h3 data-start=\"734\" data-end=\"788\">Consejos \u00fatiles mientras esperas tu cita<\/h3><ul data-start=\"789\" data-end=\"1245\"><li data-start=\"789\" data-end=\"957\"><p data-start=\"791\" data-end=\"957\">Si un alambre te pincha o te irrita la boca, c\u00fabrelo con cera ortod\u00f3ncica o emp\u00fajalo suavemente bajo el arco de alambre con un objeto romo, como la goma de borrar de un l\u00e1piz o un bastoncillo.<\/p><\/li><li data-start=\"958\" data-end=\"1083\"><p data-start=\"960\" data-end=\"1083\">Por lo general, las bandas o brackets sueltos pueden permanecer en su sitio hasta tu visita. Ponte en contacto con nosotros lo antes posible para concertar una reparaci\u00f3n. <\/p><\/li><li data-start=\"1084\" data-end=\"1245\"><p data-start=\"1086\" data-end=\"1245\">Si un arco de alambre se rompe o asoma, puedes doblarlo cuidadosamente hacia atr\u00e1s con la goma de borrar de un l\u00e1piz o recortarlo con un corta\u00fa\u00f1as. Llama a nuestra consulta si el problema persiste. <\/p><\/li><\/ul><h2 data-start=\"1252\" data-end=\"1296\">Lesiones directas en la boca y los dientes<\/h2><p data-start=\"1297\" data-end=\"1549\">Si sufres una lesi\u00f3n directa en la boca o los dientes, tanto si est\u00e1s en tratamiento de ortodoncia como si no, apl\u00edcate hielo inmediatamente para reducir la hinchaz\u00f3n y ponte en contacto enseguida con tu dentista de cabecera. Suele ser necesaria una radiograf\u00eda para evaluar cualquier da\u00f1o. <\/p><p data-start=\"1551\" data-end=\"1913\">En los casos en que un diente se ha ca\u00eddo, desplazado o fracturado, tu dentista de cabecera es el mejor primer punto de contacto, ya que dispone de las herramientas y la anestesia necesarias para un tratamiento urgente. Una vez que tu dentista de cabecera haya evaluado y tratado la lesi\u00f3n, podemos ayudarte con los ajustes o reparaciones de aparatos que sean necesarios para restablecer tu tratamiento de ortodoncia. <\/p><h2 data-start=\"1920\" data-end=\"1944\">Fuera del horario de oficina<\/h2><p data-start=\"1945\" data-end=\"2136\">Si tienes una urgencia ortod\u00f3ncica fuera del horario de consulta y sientes dolor, <a href=\"https:\/\/rodriguez.klsite.dev\/orthodontist-near-me-location\/\">ponte en contacto con nuestra consulta<\/a>. Te facilitamos informaci\u00f3n sobre a qui\u00e9n dirigirte para recibir ayuda urgente en esos momentos. <\/p><p data-start=\"2143\" data-end=\"2336\">Si tienes cualquier duda o problema urgente relacionado con tus aparatos de ortodoncia, no dudes en llamarnos; estamos aqu\u00ed para ayudarte a estar c\u00f3modo y a mantener tu tratamiento en marcha.<\/p>\t\t\t\t\t\t\t\t<\/div>\n\t\t\t\t<\/div>\n\t\t\t\t\t<\/div>\n\t\t<\/div>\n\t\t\t\t\t<\/div>\n\t\t<\/section>\n\t\t\t\t<\/div>\n\t\t","protected":false},"excerpt":{"rendered":"<p>Atenci\u00f3n de urgencia para pacientes de ortodoncia Las urgencias ortod\u00f3ncicas pueden ocurrir, pero saber c\u00f3mo manejarlas puede marcar la diferencia. Cuando se llevan aparatos de ortodoncia, las lesiones o problemas con los aparatos suelen clasificarse en dos categor\u00edas principales: https:\/\/youtu.be\/XtoWJkqNAJ0 Urgencias relacionadas con aparatos de ortodoncia De vez en cuando, tus aparatos o frenos pueden aflojarse, romperse o [&hellip;]<\/p>\n","protected":false},"author":2,"featured_media":0,"parent":0,"menu_order":61,"comment_status":"closed","ping_status":"closed","template":"","meta":{"_seopress_robots_primary_cat":"","_seopress_titles_title":"Atenci\u00f3n de urgencia de ortodoncia Sugar Land TX | Beam Orthodontics","_seopress_titles_desc":"Consejos de atenci\u00f3n de urgencia ortod\u00f3ncica para tratar problemas de aparatos y lesiones bucales, con orientaci\u00f3n experta sobre cu\u00e1ndo llamar para reparaciones y asistencia fuera del horario laboral.","_seopress_robots_index":"","footnotes":""},"class_list":["post-6065","page","type-page","status-publish"],"_links":{"self":[{"href":"https:\/\/beamorthodonticsinsugarland.com\/es\/wp-json\/wp\/v2\/pages\/6065","targetHints":{"allow":["GET"]}}],"collection":[{"href":"https:\/\/beamorthodonticsinsugarland.com\/es\/wp-json\/wp\/v2\/pages"}],"about":[{"href":"https:\/\/beamorthodonticsinsugarland.com\/es\/wp-json\/wp\/v2\/types\/page"}],"author":[{"embeddable":true,"href":"https:\/\/beamorthodonticsinsugarland.com\/es\/wp-json\/wp\/v2\/users\/2"}],"replies":[{"embeddable":true,"href":"https:\/\/beamorthodonticsinsugarland.com\/es\/wp-json\/wp\/v2\/comments?post=6065"}],"version-history":[{"count":4,"href":"https:\/\/beamorthodonticsinsugarland.com\/es\/wp-json\/wp\/v2\/pages\/6065\/revisions"}],"predecessor-version":[{"id":6433,"href":"https:\/\/beamorthodonticsinsugarland.com\/es\/wp-json\/wp\/v2\/pages\/6065\/revisions\/6433"}],"wp:attachment":[{"href":"https:\/\/beamorthodonticsinsugarland.com\/es\/wp-json\/wp\/v2\/media?parent=6065"}],"curies":[{"name":"wp","href":"https:\/\/api.w.org\/{rel}","templated":true}]}}