{"id":6068,"date":"2017-02-06T01:31:29","date_gmt":"2017-02-06T01:31:29","guid":{"rendered":"https:\/\/beamorthodonticsinsugarland.com\/preguntas-frecuentes\/"},"modified":"2026-03-13T16:05:09","modified_gmt":"2026-03-13T16:05:09","slug":"preguntas-frecuentes","status":"publish","type":"page","link":"https:\/\/beamorthodonticsinsugarland.com\/es\/preguntas-frecuentes\/","title":{"rendered":"PREGUNTAS FRECUENTES"},"content":{"rendered":"\t\t<div data-elementor-type=\"wp-page\" data-elementor-id=\"6068\" class=\"elementor elementor-6068 elementor-3073\" data-elementor-post-type=\"page\">\n\t\t\t\t<div data-particle_enable=\"false\" data-particle-mobile-disabled=\"false\" class=\"elementor-element elementor-element-19bb46a1 e-flex e-con-boxed e-con e-parent\" data-id=\"19bb46a1\" data-element_type=\"container\" data-e-type=\"container\">\n\t\t\t\t\t<div class=\"e-con-inner\">\n\t\t\t\t<div class=\"elementor-element elementor-element-b87ca72 elementor-widget elementor-widget-heading\" data-id=\"b87ca72\" data-element_type=\"widget\" data-e-type=\"widget\" data-widget_type=\"heading.default\">\n\t\t\t\t<div class=\"elementor-widget-container\">\n\t\t\t\t\t<h1 class=\"elementor-heading-title elementor-size-default\">Preguntas frecuentes sobre ortodoncia<\/h1>\t\t\t\t<\/div>\n\t\t\t\t<\/div>\n\t\t\t\t<div class=\"elementor-element elementor-element-6295ee83 elementor-widget elementor-widget-text-editor\" data-id=\"6295ee83\" data-element_type=\"widget\" data-e-type=\"widget\" data-widget_type=\"text-editor.default\">\n\t\t\t\t<div class=\"elementor-widget-container\">\n\t\t\t\t\t\t\t\t\t<h2 data-start=\"271\" data-end=\"546\">Visita inicial<\/h2><h3 data-start=\"271\" data-end=\"546\">\u00bfCobras por una visita inicial?<\/h3><p data-start=\"271\" data-end=\"546\">No, tu <a href=\"https:\/\/beamorthodonticsinsugarland.com\/es\/primera-visita\/\">primera visita<\/a> es totalmente gratuita. Nos complace ofrecerte una evaluaci\u00f3n ortod\u00f3ncica gratuita como un servicio para ti y tu dentista general. Ten en cuenta que si se necesitan radiograf\u00edas o registros diagn\u00f3sticos, puede aplicarse un peque\u00f1o copago.  <\/p><h3 data-start=\"548\" data-end=\"746\">\u00bfA qu\u00e9 edad empiezas a ver pacientes?<\/h3><p data-start=\"548\" data-end=\"746\">Recomendamos que los ni\u00f1os se sometan a su primera evaluaci\u00f3n ortod\u00f3ncica alrededor de los 7 a\u00f1os, siguiendo las directrices establecidas por la Asociaci\u00f3n Americana de Ortodoncistas.<\/p><h3 data-start=\"748\" data-end=\"1038\">\u00bfPor qu\u00e9 se eval\u00faa a pacientes tan j\u00f3venes durante una visita temprana de ortodoncia para ni\u00f1os?<\/h3><p data-start=\"748\" data-end=\"1038\">Estas <a href=\"https:\/\/beamorthodonticsinsugarland.com\/es\/ortodoncia-temprana\/\">evaluaciones tempranas<\/a> tienen por objeto observar el crecimiento y educar a las familias, no necesariamente iniciar un tratamiento. Nos ayudan a supervisar el desarrollo y a detectar problemas precozmente, aunque no sea necesario actuar de inmediato. <\/p><h3 data-start=\"1040\" data-end=\"1344\">\u00bfCu\u00e1nto durar\u00e1 la primera visita y est\u00e1 incluida la consulta con el ortodoncista?<\/h3><p data-start=\"1040\" data-end=\"1344\">Tu visita inicial suele durar entre 30 y 60 minutos. Podemos realizar un examen visual y tomar registros si es necesario. Tambi\u00e9n te reunir\u00e1s con el ortodoncista para revisar tus necesidades y discutir los posibles pasos siguientes.  <\/p><h3 data-start=\"1346\" data-end=\"1608\">\u00bfAceptas pacientes que se trasladan desde fuera de la ciudad?<\/h3><p data-start=\"1346\" data-end=\"1608\">\u00a1S\u00ed! Damos la bienvenida a los pacientes trasladados y garantizamos una transici\u00f3n sin problemas. Tras tu evaluaci\u00f3n, adaptaremos tu plan de ortodoncia y estableceremos pagos mensuales asequibles, sin exigir un gran coste inicial.  <\/p><h3 data-start=\"1610\" data-end=\"1824\">\u00bfTienes pacientes adultos con ortodoncia en tu consulta?<\/h3><p data-start=\"1610\" data-end=\"1824\">Sin duda, cada vez m\u00e1s <a href=\"https:\/\/beamorthodonticsinsugarland.com\/es\/ortodoncia-para-adultos\/\">adultos<\/a> optan por la ortodoncia, sobre todo con las discretas opciones actuales, como Invisalign y los aparatos transparentes.<\/p><h3 data-start=\"1826\" data-end=\"2121\">\u00bfCu\u00e1l es la diferencia entre un ortodoncista y un dentista, y a qui\u00e9n debo consultar para las opciones de alineaci\u00f3n de los dientes?<\/h3><p data-start=\"1826\" data-end=\"2121\">Los ortodoncistas son especialistas dentales con formaci\u00f3n adicional centrada en alinear los dientes y corregir los problemas de mordida. Para tratamientos como los aparatos de ortodoncia o Invisalign, lo mejor es acudir a un ortodoncista. <\/p><h3 data-start=\"2123\" data-end=\"2407\">\u00bfPuedo concertar todas mis citas por la tarde, despu\u00e9s del colegio y a \u00faltima hora del d\u00eda?<\/h3><p data-start=\"2123\" data-end=\"2407\">Nuestro objetivo es ser lo m\u00e1s flexibles posible. Aunque es posible que los procedimientos m\u00e1s largos deban programarse a primera hora del d\u00eda, reservamos <a href=\"https:\/\/beamorthodonticsinsugarland.com\/es\/pide-una-cita\/\">citas<\/a> a primera hora de la ma\u00f1ana y a \u00faltima hora de la tarde para visitas r\u00e1pidas, siempre que est\u00e9n disponibles. <\/p><h3 data-start=\"2409\" data-end=\"2617\">\u00bfAtiendes a pacientes de urgencias?<\/h3><p data-start=\"2409\" data-end=\"2617\">S\u00ed, la tenemos. Si tienes una urgencia ortod\u00f3ncica, ponte en contacto con nuestra consulta. Tambi\u00e9n puedes encontrar <a href=\"https:\/\/beamorthodonticsinsugarland.com\/es\/atencion-de-urgencias\/\">detalles e instrucciones para casos de emergencia<\/a> en nuestra p\u00e1gina web y en nuestro buz\u00f3n de voz. <\/p>\t\t\t\t\t\t\t\t<\/div>\n\t\t\t\t<\/div>\n\t\t\t\t<div class=\"elementor-element elementor-element-583c821 elementor-widget-divider--view-line elementor-widget elementor-widget-divider\" data-id=\"583c821\" data-element_type=\"widget\" data-e-type=\"widget\" data-widget_type=\"divider.default\">\n\t\t\t\t<div class=\"elementor-widget-container\">\n\t\t\t\t\t\t\t<div class=\"elementor-divider\">\n\t\t\t<span class=\"elementor-divider-separator\">\n\t\t\t\t\t\t<\/span>\n\t\t<\/div>\n\t\t\t\t\t\t<\/div>\n\t\t\t\t<\/div>\n\t\t\t\t<div class=\"elementor-element elementor-element-f3063b7 elementor-widget elementor-widget-text-editor\" data-id=\"f3063b7\" data-element_type=\"widget\" data-e-type=\"widget\" data-widget_type=\"text-editor.default\">\n\t\t\t\t<div class=\"elementor-widget-container\">\n\t\t\t\t\t\t\t\t\t<h2 data-start=\"2624\" data-end=\"2655\">Finanzas y Seguros<\/h2><h3 data-start=\"2657\" data-end=\"2842\">\u00bfPodemos hacer pagos de ortodoncia asequible e Invisalign a lo largo del tiempo?<\/h3><p data-start=\"2657\" data-end=\"2842\">Absolutamente. Ofrecemos <a href=\"https:\/\/beamorthodonticsinsugarland.com\/es\/financiacion-facil\/\">planes de pago<\/a> flexibles que se ajustan a tu presupuesto, tengas o no cobertura de seguro. <\/p><h3 data-start=\"2844\" data-end=\"3124\">\u00bfC\u00f3mo se gestiona el seguro, sobre todo cuando se planifica el coste de la ortodoncia o de Invisalign?<\/h3><p data-start=\"2844\" data-end=\"3124\">Una vez que verifiquemos las prestaciones de tu seguro, facturaremos directamente al proveedor. Si tu plan cambia o finaliza, seguir\u00e1s siendo responsable de la tarifa completa del tratamiento que se acord\u00f3. <\/p><h3 data-start=\"3126\" data-end=\"3248\">\u00bfAceptas pagos con tarjeta de cr\u00e9dito?<\/h3><p data-start=\"3126\" data-end=\"3248\">S\u00ed, aceptamos la mayor\u00eda de las principales tarjetas de cr\u00e9dito, incluidas Visa, MasterCard y Discover.<\/p><h3 data-start=\"3250\" data-end=\"3394\">\u00bfTienes domiciliaci\u00f3n bancaria?<\/h3><p data-start=\"3250\" data-end=\"3394\">S\u00ed. Puedes elegir pagos autom\u00e1ticos mediante domiciliaci\u00f3n bancaria, tarjeta de cr\u00e9dito o nuestro sistema seguro de pago online. <\/p><h3 data-start=\"3396\" data-end=\"3514\">\u00bfCobran intereses?<\/h3><p data-start=\"3396\" data-end=\"3514\">No. Ofrecemos opciones de financiaci\u00f3n sin intereses para que la ortodoncia sea m\u00e1s accesible. <\/p>\t\t\t\t\t\t\t\t<\/div>\n\t\t\t\t<\/div>\n\t\t\t\t<div class=\"elementor-element elementor-element-5184cb1 elementor-widget-divider--view-line elementor-widget elementor-widget-divider\" data-id=\"5184cb1\" data-element_type=\"widget\" data-e-type=\"widget\" data-widget_type=\"divider.default\">\n\t\t\t\t<div class=\"elementor-widget-container\">\n\t\t\t\t\t\t\t<div class=\"elementor-divider\">\n\t\t\t<span class=\"elementor-divider-separator\">\n\t\t\t\t\t\t<\/span>\n\t\t<\/div>\n\t\t\t\t\t\t<\/div>\n\t\t\t\t<\/div>\n\t\t\t\t<div class=\"elementor-element elementor-element-c52b065 elementor-widget elementor-widget-text-editor\" data-id=\"c52b065\" data-element_type=\"widget\" data-e-type=\"widget\" data-widget_type=\"text-editor.default\">\n\t\t\t\t<div class=\"elementor-widget-container\">\n\t\t\t\t\t\t\t\t\t<h2 data-start=\"3700\" data-end=\"3738\">Tipos de tratamiento de ortodoncia<\/h2><h3 data-start=\"3740\" data-end=\"4044\">\u00bfQu\u00e9 es el Tratamiento de Fase 1 y c\u00f3mo ayuda en las primeras necesidades del ortodoncista pedi\u00e1trico?<\/h3><p data-start=\"3740\" data-end=\"4044\">El tratamiento de fase 1 comienza cuando el ni\u00f1o a\u00fan tiene una mezcla de dientes de leche y adultos. Ayuda a abordar problemas tempranos graves, como el crecimiento de la mand\u00edbula o los desequilibrios de la mordida, y prepara el camino para futuros tratamientos si son necesarios. <\/p><h3 data-start=\"4046\" data-end=\"4296\">\u00bfQu\u00e9 es el Tratamiento de Fase 2 y c\u00f3mo se compara con los aparatos de ortodoncia frente a Invisalign para adolescentes?<\/h3><p data-start=\"4046\" data-end=\"4296\">La fase 2 comienza cuando han salido todos los dientes adultos. A lo largo de 18-24 meses, utilizamos <a href=\"https:\/\/beamorthodonticsinsugarland.com\/es\/tipos-de-ortodoncia\/\">aparatos de ortodoncia<\/a> o <a href=\"https:\/\/beamorthodonticsinsugarland.com\/es\/invisalign\/\">Invisalign<\/a> para afinar la alineaci\u00f3n y garantizar unos resultados duraderos y bonitos. <\/p><h3 data-start=\"4298\" data-end=\"4561\">\u00bfC\u00f3mo s\u00e9 que el tratamiento bif\u00e1sico es el enderezamiento dental adecuado para los adolescentes?<\/h3><p data-start=\"4298\" data-end=\"4561\">Cada ni\u00f1o es diferente. S\u00f3lo recomendamos el tratamiento en dos fases cuando beneficia claramente la situaci\u00f3n de tu hijo. Una evaluaci\u00f3n completa nos ayuda a determinar si este enfoque es el mejor.  <\/p>\t\t\t\t\t\t\t\t<\/div>\n\t\t\t\t<\/div>\n\t\t\t\t<div class=\"elementor-element elementor-element-e650726 elementor-widget-divider--view-line elementor-widget elementor-widget-divider\" data-id=\"e650726\" data-element_type=\"widget\" data-e-type=\"widget\" data-widget_type=\"divider.default\">\n\t\t\t\t<div class=\"elementor-widget-container\">\n\t\t\t\t\t\t\t<div class=\"elementor-divider\">\n\t\t\t<span class=\"elementor-divider-separator\">\n\t\t\t\t\t\t<\/span>\n\t\t<\/div>\n\t\t\t\t\t\t<\/div>\n\t\t\t\t<\/div>\n\t\t\t\t<div class=\"elementor-element elementor-element-9d7fe71 elementor-widget elementor-widget-text-editor\" data-id=\"9d7fe71\" data-element_type=\"widget\" data-e-type=\"widget\" data-widget_type=\"text-editor.default\">\n\t\t\t\t<div class=\"elementor-widget-container\">\n\t\t\t\t\t\t\t\t\t<h2 data-start=\"4568\" data-end=\"4603\">Movimiento de los dientes (Mec\u00e1nica)<\/h2><h3 data-start=\"4605\" data-end=\"4839\">Necesito medicarme previamente para ir al dentista. \u00bfNecesito medicarme para el ortodoncista? <\/h3><p data-start=\"4605\" data-end=\"4839\">Depende. Algunos procedimientos de ortodoncia pueden requerir medicaci\u00f3n previa. Consulta a tu m\u00e9dico o al <a href=\"https:\/\/beamorthodonticsinsugarland.com\/es\/conoce-al-dr-rodriguez\/\">Dr. Rodr\u00edguez<\/a> antes de la visita.  <\/p><h3 data-start=\"4841\" data-end=\"5058\">\u00bfCu\u00e1nto duran los aparatos y cu\u00e1l es el plazo t\u00edpico de un tratamiento de ortodoncia?<\/h3><p data-start=\"4841\" data-end=\"5058\">La mayor\u00eda de los pacientes completan su tratamiento de ortodoncia en unos dos a\u00f1os, pero la duraci\u00f3n exacta depende de la complejidad del caso.<\/p><h3 data-start=\"5060\" data-end=\"5298\">\u00bfC\u00f3mo mueven realmente tus dientes a su sitio las opciones de enderezamiento dental?<\/h3><p data-start=\"5060\" data-end=\"5298\">Los aparatos de ortodoncia y los alineadores transparentes utilizan fuerzas suaves y constantes para alinear los dientes. Tu ortodoncista traza cada paso para garantizar un movimiento preciso y seguro. <\/p><h3 data-start=\"5300\" data-end=\"5426\">\u00bfUtilizas tirantes reciclados?<\/h3><p data-start=\"5300\" data-end=\"5426\">No. Todos nuestros aparatos de ortodoncia son nuevos y personalizados para cada paciente. <\/p>\t\t\t\t\t\t\t\t<\/div>\n\t\t\t\t<\/div>\n\t\t\t\t<div class=\"elementor-element elementor-element-f7b6ef0 elementor-widget-divider--view-line elementor-widget elementor-widget-divider\" data-id=\"f7b6ef0\" data-element_type=\"widget\" data-e-type=\"widget\" data-widget_type=\"divider.default\">\n\t\t\t\t<div class=\"elementor-widget-container\">\n\t\t\t\t\t\t\t<div class=\"elementor-divider\">\n\t\t\t<span class=\"elementor-divider-separator\">\n\t\t\t\t\t\t<\/span>\n\t\t<\/div>\n\t\t\t\t\t\t<\/div>\n\t\t\t\t<\/div>\n\t\t\t\t<div class=\"elementor-element elementor-element-10d7835 elementor-widget elementor-widget-text-editor\" data-id=\"10d7835\" data-element_type=\"widget\" data-e-type=\"widget\" data-widget_type=\"text-editor.default\">\n\t\t\t\t<div class=\"elementor-widget-container\">\n\t\t\t\t\t\t\t\t\t<h2 data-start=\"5433\" data-end=\"5462\">Retenedores de ortodoncia<\/h2><h3 data-start=\"5464\" data-end=\"5672\">\u00bfEs necesario llevar retenedores despu\u00e9s de la ortodoncia o Invisalign durante mucho tiempo?<\/h3><p data-start=\"5464\" data-end=\"5672\">S\u00ed. Al principio, <a href=\"https:\/\/beamorthodonticsinsugarland.com\/es\/retenedores-de-ortodoncia\/\">los retenedores<\/a> se llevan a tiempo completo, y m\u00e1s tarde s\u00f3lo por la noche. Esto ayuda a mantener la alineaci\u00f3n y mantiene tu sonrisa en su sitio.  <\/p><h3 data-start=\"5674\" data-end=\"5875\">\u00bfPor qu\u00e9 se tuercen los dientes despu\u00e9s de llevar ortodoncia o alineadores transparentes?<\/h3><p data-start=\"5674\" data-end=\"5875\">Los dientes se mueven de forma natural con el tiempo. Llevar retenedores constantemente es la mejor manera de evitar que tu sonrisa se mueva despu\u00e9s del tratamiento. <\/p><h3 data-start=\"5877\" data-end=\"6088\">\u00bfQu\u00e9 te parecen los retenedores pegados a la parte posterior de los dientes?<\/h3><p data-start=\"5877\" data-end=\"6088\">Los retenedores adhesivos, que suelen colocarse detr\u00e1s de los dientes inferiores delanteros, ayudan a mantener la alineaci\u00f3n, pero requieren una buena higiene y revisiones peri\u00f3dicas para evitar complicaciones.<\/p>\t\t\t\t\t\t\t\t<\/div>\n\t\t\t\t<\/div>\n\t\t\t\t<div class=\"elementor-element elementor-element-255fb53 elementor-widget-divider--view-line elementor-widget elementor-widget-divider\" data-id=\"255fb53\" data-element_type=\"widget\" data-e-type=\"widget\" data-widget_type=\"divider.default\">\n\t\t\t\t<div class=\"elementor-widget-container\">\n\t\t\t\t\t\t\t<div class=\"elementor-divider\">\n\t\t\t<span class=\"elementor-divider-separator\">\n\t\t\t\t\t\t<\/span>\n\t\t<\/div>\n\t\t\t\t\t\t<\/div>\n\t\t\t\t<\/div>\n\t\t\t\t<div class=\"elementor-element elementor-element-25c98c1 elementor-widget elementor-widget-text-editor\" data-id=\"25c98c1\" data-element_type=\"widget\" data-e-type=\"widget\" data-widget_type=\"text-editor.default\">\n\t\t\t\t<div class=\"elementor-widget-container\">\n\t\t\t\t\t\t\t\t\t<h2 data-start=\"6095\" data-end=\"6130\">Muelas del juicio (terceros molares)<\/h2><h3 data-start=\"6132\" data-end=\"6321\">\u00bfLas muelas del juicio hacen que los dientes se tuerzan?<\/h3><p data-start=\"6132\" data-end=\"6321\">Las investigaciones no apoyan firmemente las muelas del juicio como causa de api\u00f1amiento. Otros factores suelen desempe\u00f1ar un papel m\u00e1s importante en el movimiento posterior al tratamiento. <\/p><h3 data-start=\"6323\" data-end=\"6564\">\u00bfPor qu\u00e9 hay que extraer las muelas del juicio antes o despu\u00e9s del tratamiento de alineaci\u00f3n mandibular?<\/h3><p data-start=\"6323\" data-end=\"6564\">Las muelas del juicio impactadas pueden causar problemas de enc\u00edas o infecciones. Aunque no desplacen otros dientes, a menudo se recomienda extraerlas para proteger la salud bucodental general. <\/p><h3 data-start=\"6566\" data-end=\"6728\">\u00bfCu\u00e1ndo es un buen momento para extraer las muelas del juicio?<\/h3><p data-start=\"6566\" data-end=\"6728\">Los cirujanos orales suelen sugerir la extirpaci\u00f3n entre los 16 y los 18 a\u00f1os, una vez que las ra\u00edces se han desarrollado unos dos tercios.<\/p>\t\t\t\t\t\t\t\t<\/div>\n\t\t\t\t<\/div>\n\t\t\t\t<div class=\"elementor-element elementor-element-d8b8e3d elementor-widget-divider--view-line elementor-widget elementor-widget-divider\" data-id=\"d8b8e3d\" data-element_type=\"widget\" data-e-type=\"widget\" data-widget_type=\"divider.default\">\n\t\t\t\t<div class=\"elementor-widget-container\">\n\t\t\t\t\t\t\t<div class=\"elementor-divider\">\n\t\t\t<span class=\"elementor-divider-separator\">\n\t\t\t\t\t\t<\/span>\n\t\t<\/div>\n\t\t\t\t\t\t<\/div>\n\t\t\t\t<\/div>\n\t\t\t\t<div class=\"elementor-element elementor-element-b6d4e2c elementor-widget elementor-widget-text-editor\" data-id=\"b6d4e2c\" data-element_type=\"widget\" data-e-type=\"widget\" data-widget_type=\"text-editor.default\">\n\t\t\t\t<div class=\"elementor-widget-container\">\n\t\t\t\t\t\t\t\t\t<h2 data-start=\"6735\" data-end=\"6776\">Trastornos temporomandibulares (ATM)<\/h2><h3 data-start=\"6778\" data-end=\"6977\">\u00bfPueden los aparatos o el tratamiento de ortodoncia tratar o causar problemas de ATM?<\/h3><p data-start=\"6778\" data-end=\"6977\">No existe una relaci\u00f3n concluyente entre los aparatos de ortodoncia y <a href=\"https:\/\/beamorthodonticsinsugarland.com\/es\/tmd-atm\/\">los trastornos de la ATM<\/a>. Estas afecciones pueden desarrollarse con o sin tratamiento ortod\u00f3ncico. <\/p>\t\t\t\t\t\t\t\t<\/div>\n\t\t\t\t<\/div>\n\t\t\t\t<div class=\"elementor-element elementor-element-39cdd08 elementor-widget-divider--view-line elementor-widget elementor-widget-divider\" data-id=\"39cdd08\" data-element_type=\"widget\" data-e-type=\"widget\" data-widget_type=\"divider.default\">\n\t\t\t\t<div class=\"elementor-widget-container\">\n\t\t\t\t\t\t\t<div class=\"elementor-divider\">\n\t\t\t<span class=\"elementor-divider-separator\">\n\t\t\t\t\t\t<\/span>\n\t\t<\/div>\n\t\t\t\t\t\t<\/div>\n\t\t\t\t<\/div>\n\t\t\t\t<div class=\"elementor-element elementor-element-bcd9dc9 elementor-widget elementor-widget-text-editor\" data-id=\"bcd9dc9\" data-element_type=\"widget\" data-e-type=\"widget\" data-widget_type=\"text-editor.default\">\n\t\t\t\t<div class=\"elementor-widget-container\">\n\t\t\t\t\t\t\t\t\t<h2 data-start=\"6984\" data-end=\"7005\">Impacto en la salud<\/h2><h3 data-start=\"7007\" data-end=\"7251\">\u00bfCu\u00e1les son los beneficios para la salud de llevar ortodoncia transparente para adultos o adolescentes?<\/h3><p data-start=\"7007\" data-end=\"7251\">Los dientes rectos son m\u00e1s f\u00e1ciles de limpiar, lo que mejora la higiene bucal y la salud dental en general. La ortodoncia tambi\u00e9n puede mejorar tu mordida, equilibrio facial y funci\u00f3n masticatoria. <\/p><h3 data-start=\"7253\" data-end=\"7446\">\u00bfC\u00f3mo afectan las adenoides agrandadas y las alergias a la ortodoncia?<\/h3><p data-start=\"7253\" data-end=\"7446\">La respiraci\u00f3n bucal cr\u00f3nica, a menudo debida a alergias o a adenoides agrandadas, puede influir en el desarrollo de la mand\u00edbula y provocar problemas de alineaci\u00f3n.<\/p><h3 data-start=\"7448\" data-end=\"7659\">\u00bfC\u00f3mo afecta la interposici\u00f3n lingual o la postura baja de la lengua a los aparatos dentales?<\/h3><p data-start=\"7448\" data-end=\"7659\">Una postura incorrecta de la lengua puede empujar los dientes delanteros hacia delante o causar espaciamiento. Corregir esto puede mejorar los resultados de la ortodoncia y la estabilidad a largo plazo. <\/p>\t\t\t\t\t\t\t\t<\/div>\n\t\t\t\t<\/div>\n\t\t\t\t\t<\/div>\n\t\t\t\t<\/div>\n\t\t\t\t<\/div>\n\t\t","protected":false},"excerpt":{"rendered":"<p>Preguntas frecuentes sobre ortodoncia Visita inicial \u00bfCobras por una visita inicial? No, tu primera visita es totalmente gratuita. Nos complace ofrecerte una evaluaci\u00f3n ortod\u00f3ncica gratuita como un servicio para ti y tu dentista general. Ten en cuenta que si se necesitan radiograf\u00edas o registros diagn\u00f3sticos, puede aplicarse un peque\u00f1o copago. \u00bfA qu\u00e9 edad empiezas a ver pacientes? Recomendamos [&hellip;]<\/p>\n","protected":false},"author":2,"featured_media":0,"parent":0,"menu_order":30,"comment_status":"closed","ping_status":"closed","template":"","meta":{"_seopress_robots_primary_cat":"","_seopress_titles_title":"FAQ About Braces Invisalign Sugar Land TX | Beam Orthodontics","_seopress_titles_desc":"Get answers to frequently asked questions about orthodontic treatment, Invisalign, braces, retainers, treatment timelines, and oral health considerations.","_seopress_robots_index":"","footnotes":""},"class_list":["post-6068","page","type-page","status-publish"],"_links":{"self":[{"href":"https:\/\/beamorthodonticsinsugarland.com\/es\/wp-json\/wp\/v2\/pages\/6068","targetHints":{"allow":["GET"]}}],"collection":[{"href":"https:\/\/beamorthodonticsinsugarland.com\/es\/wp-json\/wp\/v2\/pages"}],"about":[{"href":"https:\/\/beamorthodonticsinsugarland.com\/es\/wp-json\/wp\/v2\/types\/page"}],"author":[{"embeddable":true,"href":"https:\/\/beamorthodonticsinsugarland.com\/es\/wp-json\/wp\/v2\/users\/2"}],"replies":[{"embeddable":true,"href":"https:\/\/beamorthodonticsinsugarland.com\/es\/wp-json\/wp\/v2\/comments?post=6068"}],"version-history":[{"count":6,"href":"https:\/\/beamorthodonticsinsugarland.com\/es\/wp-json\/wp\/v2\/pages\/6068\/revisions"}],"predecessor-version":[{"id":7994,"href":"https:\/\/beamorthodonticsinsugarland.com\/es\/wp-json\/wp\/v2\/pages\/6068\/revisions\/7994"}],"wp:attachment":[{"href":"https:\/\/beamorthodonticsinsugarland.com\/es\/wp-json\/wp\/v2\/media?parent=6068"}],"curies":[{"name":"wp","href":"https:\/\/api.w.org\/{rel}","templated":true}]}}