{"id":7363,"date":"2026-01-09T22:08:40","date_gmt":"2026-01-09T22:08:40","guid":{"rendered":"https:\/\/beamorthodonticsinsugarland.com\/antes-y-despues\/"},"modified":"2026-04-10T17:19:17","modified_gmt":"2026-04-10T17:19:17","slug":"antes-y-despues","status":"publish","type":"page","link":"https:\/\/beamorthodonticsinsugarland.com\/es\/antes-y-despues\/","title":{"rendered":"Antes y despu\u00e9s"},"content":{"rendered":"\t\t<div data-elementor-type=\"wp-page\" data-elementor-id=\"7363\" class=\"elementor elementor-7363 elementor-7361\" data-elementor-post-type=\"page\">\n\t\t\t\t<div data-particle_enable=\"false\" data-particle-mobile-disabled=\"false\" class=\"elementor-element elementor-element-f5cc855 e-flex e-con-boxed e-con e-parent\" data-id=\"f5cc855\" data-element_type=\"container\" data-e-type=\"container\">\n\t\t\t\t\t<div class=\"e-con-inner\">\n\t\t\t\t<div class=\"elementor-element elementor-element-1cc794b elementor-widget elementor-widget-text-editor\" data-id=\"1cc794b\" data-element_type=\"widget\" data-e-type=\"widget\" data-widget_type=\"text-editor.default\">\n\t\t\t\t<div class=\"elementor-widget-container\">\n\t\t\t\t\t\t\t\t\t<div class=\"flex flex-col text-sm pb-25\"><article class=\"text-token-text-primary w-full focus:outline-none [--shadow-height:45px] has-data-writing-block:pointer-events-none has-data-writing-block:-mt-(--shadow-height) has-data-writing-block:pt-(--shadow-height) [&amp;:has([data-writing-block])&gt;*]:pointer-events-auto scroll-mt-[calc(var(--header-height)+min(200px,max(70px,20svh)))]\" dir=\"auto\" tabindex=\"-1\" data-turn-id=\"65a299c4-f6c8-41a9-af63-841be65a18ec\" data-testid=\"conversation-turn-22\" data-scroll-anchor=\"true\" data-turn=\"assistant\"><div class=\"text-base my-auto mx-auto pb-10 [--thread-content-margin:--spacing(4)] @w-sm\/main:[--thread-content-margin:--spacing(6)] @w-lg\/main:[--thread-content-margin:--spacing(16)] px-(--thread-content-margin)\"><div class=\"[--thread-content-max-width:40rem] @w-lg\/main:[--thread-content-max-width:48rem] mx-auto max-w-(--thread-content-max-width) flex-1 group\/turn-messages focus-visible:outline-hidden relative flex w-full min-w-0 flex-col agent-turn\" tabindex=\"-1\"><div class=\"flex max-w-full flex-col grow\"><div class=\"min-h-8 text-message relative flex w-full flex-col items-end gap-2 text-start break-words whitespace-normal [.text-message+&amp;]:mt-1\" dir=\"auto\" data-message-author-role=\"assistant\" data-message-id=\"c5ba7660-c559-4d6f-bf5c-2fcf78d8db15\" data-message-model-slug=\"gpt-5-2\"><div class=\"flex w-full flex-col gap-1 empty:hidden first:pt-[1px]\"><div class=\"markdown prose dark:prose-invert w-full break-words dark markdown-new-styling\"><p data-start=\"48\" data-end=\"311\" data-is-last-node=\"\" data-is-only-node=\"\">Mira los resultados reales del antes y el despu\u00e9s de los pacientes tratados en Beam Orthodontics en Sugar Land. Estas transformaciones ponen de relieve c\u00f3mo la ortodoncia personalizada -con brackets o Invisalign- puede crear mordidas m\u00e1s sanas, dientes m\u00e1s rectos y sonrisas m\u00e1s seguras a cualquier edad. <\/p><\/div><\/div><\/div><\/div><\/div><\/div><\/article><\/div>\t\t\t\t\t\t\t\t<\/div>\n\t\t\t\t<\/div>\n\t\t\t\t<div class=\"elementor-element elementor-element-5a6c7c2 elementor-widget elementor-widget-gallery\" data-id=\"5a6c7c2\" data-element_type=\"widget\" data-e-type=\"widget\" data-settings=\"{&quot;columns&quot;:3,&quot;aspect_ratio&quot;:&quot;1:1&quot;,&quot;lazyload&quot;:&quot;yes&quot;,&quot;gallery_layout&quot;:&quot;grid&quot;,&quot;columns_tablet&quot;:2,&quot;columns_mobile&quot;:1,&quot;gap&quot;:{&quot;unit&quot;:&quot;px&quot;,&quot;size&quot;:10,&quot;sizes&quot;:[]},&quot;gap_tablet&quot;:{&quot;unit&quot;:&quot;px&quot;,&quot;size&quot;:10,&quot;sizes&quot;:[]},&quot;gap_mobile&quot;:{&quot;unit&quot;:&quot;px&quot;,&quot;size&quot;:10,&quot;sizes&quot;:[]},&quot;link_to&quot;:&quot;file&quot;,&quot;overlay_background&quot;:&quot;yes&quot;,&quot;content_hover_animation&quot;:&quot;fade-in&quot;}\" data-widget_type=\"gallery.default\">\n\t\t\t\t<div class=\"elementor-widget-container\">\n\t\t\t\t\t\t\t<div class=\"elementor-gallery__container\">\n\t\t\t\t\t\t\t<a class=\"e-gallery-item elementor-gallery-item elementor-animated-content\" href=\"https:\/\/beamorthodonticsinsugarland.com\/wp-content\/uploads\/2026\/01\/Copy-of-Copy-of-Copy-of-Copy-of-Before.svg\" data-elementor-open-lightbox=\"yes\" data-elementor-lightbox-slideshow=\"5a6c7c2\" data-elementor-lightbox-title=\"Copy of Copy of Copy of Copy of Before\" data-e-action-hash=\"#elementor-action%3Aaction%3Dlightbox%26settings%3DeyJpZCI6NzM2NiwidXJsIjoiaHR0cHM6XC9cL2JlYW1vcnRob2RvbnRpY3NpbnN1Z2FybGFuZC5jb21cL3dwLWNvbnRlbnRcL3VwbG9hZHNcLzIwMjZcLzAxXC9Db3B5LW9mLUNvcHktb2YtQ29weS1vZi1Db3B5LW9mLUJlZm9yZS5zdmciLCJzbGlkZXNob3ciOiI1YTZjN2MyIn0%3D\">\n\t\t\t\t\t<div class=\"e-gallery-image elementor-gallery-item__image\" data-thumbnail=\"https:\/\/beamorthodonticsinsugarland.com\/wp-content\/uploads\/2026\/01\/Copy-of-Copy-of-Copy-of-Copy-of-Before.svg\" data-width=\"0\" data-height=\"0\" aria-label=\"\" role=\"img\" ><\/div>\n\t\t\t\t\t\t\t\t\t\t\t<div class=\"elementor-gallery-item__overlay\"><\/div>\n\t\t\t\t\t\t\t\t\t\t\t\t\t\t<\/a>\n\t\t\t\t\t\t\t<a class=\"e-gallery-item elementor-gallery-item elementor-animated-content\" href=\"https:\/\/beamorthodonticsinsugarland.com\/wp-content\/uploads\/2026\/01\/Copy-of-Copy-of-Untitled-Design.svg\" data-elementor-open-lightbox=\"yes\" data-elementor-lightbox-slideshow=\"5a6c7c2\" data-elementor-lightbox-title=\"Copy of Copy of Untitled Design\" data-e-action-hash=\"#elementor-action%3Aaction%3Dlightbox%26settings%3DeyJpZCI6NzM2OCwidXJsIjoiaHR0cHM6XC9cL2JlYW1vcnRob2RvbnRpY3NpbnN1Z2FybGFuZC5jb21cL3dwLWNvbnRlbnRcL3VwbG9hZHNcLzIwMjZcLzAxXC9Db3B5LW9mLUNvcHktb2YtVW50aXRsZWQtRGVzaWduLnN2ZyIsInNsaWRlc2hvdyI6IjVhNmM3YzIifQ%3D%3D\">\n\t\t\t\t\t<div class=\"e-gallery-image elementor-gallery-item__image\" data-thumbnail=\"https:\/\/beamorthodonticsinsugarland.com\/wp-content\/uploads\/2026\/01\/Copy-of-Copy-of-Untitled-Design.svg\" data-width=\"0\" data-height=\"0\" aria-label=\"\" role=\"img\" ><\/div>\n\t\t\t\t\t\t\t\t\t\t\t<div class=\"elementor-gallery-item__overlay\"><\/div>\n\t\t\t\t\t\t\t\t\t\t\t\t\t\t<\/a>\n\t\t\t\t\t\t\t<a class=\"e-gallery-item elementor-gallery-item elementor-animated-content\" href=\"https:\/\/beamorthodonticsinsugarland.com\/wp-content\/uploads\/2026\/01\/Beam-Orthodontics.svg\" data-elementor-open-lightbox=\"yes\" data-elementor-lightbox-slideshow=\"5a6c7c2\" data-elementor-lightbox-title=\"Beam Orthodontics\" data-e-action-hash=\"#elementor-action%3Aaction%3Dlightbox%26settings%3DeyJpZCI6NzM3MCwidXJsIjoiaHR0cHM6XC9cL2JlYW1vcnRob2RvbnRpY3NpbnN1Z2FybGFuZC5jb21cL3dwLWNvbnRlbnRcL3VwbG9hZHNcLzIwMjZcLzAxXC9CZWFtLU9ydGhvZG9udGljcy5zdmciLCJzbGlkZXNob3ciOiI1YTZjN2MyIn0%3D\">\n\t\t\t\t\t<div class=\"e-gallery-image elementor-gallery-item__image\" data-thumbnail=\"https:\/\/beamorthodonticsinsugarland.com\/wp-content\/uploads\/2026\/01\/Beam-Orthodontics.svg\" data-width=\"0\" data-height=\"0\" aria-label=\"\" role=\"img\" ><\/div>\n\t\t\t\t\t\t\t\t\t\t\t<div class=\"elementor-gallery-item__overlay\"><\/div>\n\t\t\t\t\t\t\t\t\t\t\t\t\t\t<\/a>\n\t\t\t\t\t\t\t<a class=\"e-gallery-item elementor-gallery-item elementor-animated-content\" href=\"https:\/\/beamorthodonticsinsugarland.com\/wp-content\/uploads\/2026\/01\/Before-1.svg\" data-elementor-open-lightbox=\"yes\" data-elementor-lightbox-slideshow=\"5a6c7c2\" data-elementor-lightbox-title=\"Before (1)\" data-e-action-hash=\"#elementor-action%3Aaction%3Dlightbox%26settings%3DeyJpZCI6NzM3MiwidXJsIjoiaHR0cHM6XC9cL2JlYW1vcnRob2RvbnRpY3NpbnN1Z2FybGFuZC5jb21cL3dwLWNvbnRlbnRcL3VwbG9hZHNcLzIwMjZcLzAxXC9CZWZvcmUtMS5zdmciLCJzbGlkZXNob3ciOiI1YTZjN2MyIn0%3D\">\n\t\t\t\t\t<div class=\"e-gallery-image elementor-gallery-item__image\" data-thumbnail=\"https:\/\/beamorthodonticsinsugarland.com\/wp-content\/uploads\/2026\/01\/Before-1.svg\" data-width=\"0\" data-height=\"0\" aria-label=\"\" role=\"img\" ><\/div>\n\t\t\t\t\t\t\t\t\t\t\t<div class=\"elementor-gallery-item__overlay\"><\/div>\n\t\t\t\t\t\t\t\t\t\t\t\t\t\t<\/a>\n\t\t\t\t\t\t\t<a class=\"e-gallery-item elementor-gallery-item elementor-animated-content\" href=\"https:\/\/beamorthodonticsinsugarland.com\/wp-content\/uploads\/2026\/01\/Before-2.svg\" data-elementor-open-lightbox=\"yes\" data-elementor-lightbox-slideshow=\"5a6c7c2\" data-elementor-lightbox-title=\"Before (2)\" data-e-action-hash=\"#elementor-action%3Aaction%3Dlightbox%26settings%3DeyJpZCI6NzM3NCwidXJsIjoiaHR0cHM6XC9cL2JlYW1vcnRob2RvbnRpY3NpbnN1Z2FybGFuZC5jb21cL3dwLWNvbnRlbnRcL3VwbG9hZHNcLzIwMjZcLzAxXC9CZWZvcmUtMi5zdmciLCJzbGlkZXNob3ciOiI1YTZjN2MyIn0%3D\">\n\t\t\t\t\t<div class=\"e-gallery-image elementor-gallery-item__image\" data-thumbnail=\"https:\/\/beamorthodonticsinsugarland.com\/wp-content\/uploads\/2026\/01\/Before-2.svg\" data-width=\"0\" data-height=\"0\" aria-label=\"\" role=\"img\" ><\/div>\n\t\t\t\t\t\t\t\t\t\t\t<div class=\"elementor-gallery-item__overlay\"><\/div>\n\t\t\t\t\t\t\t\t\t\t\t\t\t\t<\/a>\n\t\t\t\t\t\t\t<a class=\"e-gallery-item elementor-gallery-item elementor-animated-content\" href=\"https:\/\/beamorthodonticsinsugarland.com\/wp-content\/uploads\/2026\/01\/before-and-after.svg\" data-elementor-open-lightbox=\"yes\" data-elementor-lightbox-slideshow=\"5a6c7c2\" data-elementor-lightbox-title=\"before and after\" data-e-action-hash=\"#elementor-action%3Aaction%3Dlightbox%26settings%3DeyJpZCI6NzM3NiwidXJsIjoiaHR0cHM6XC9cL2JlYW1vcnRob2RvbnRpY3NpbnN1Z2FybGFuZC5jb21cL3dwLWNvbnRlbnRcL3VwbG9hZHNcLzIwMjZcLzAxXC9iZWZvcmUtYW5kLWFmdGVyLnN2ZyIsInNsaWRlc2hvdyI6IjVhNmM3YzIifQ%3D%3D\">\n\t\t\t\t\t<div class=\"e-gallery-image elementor-gallery-item__image\" data-thumbnail=\"https:\/\/beamorthodonticsinsugarland.com\/wp-content\/uploads\/2026\/01\/before-and-after.svg\" data-width=\"0\" data-height=\"0\" aria-label=\"\" role=\"img\" ><\/div>\n\t\t\t\t\t\t\t\t\t\t\t<div class=\"elementor-gallery-item__overlay\"><\/div>\n\t\t\t\t\t\t\t\t\t\t\t\t\t\t<\/a>\n\t\t\t\t\t\t\t<a class=\"e-gallery-item elementor-gallery-item elementor-animated-content\" href=\"https:\/\/beamorthodonticsinsugarland.com\/wp-content\/uploads\/2026\/01\/Copy-of-Beam-Orthodontics.svg\" data-elementor-open-lightbox=\"yes\" data-elementor-lightbox-slideshow=\"5a6c7c2\" data-elementor-lightbox-title=\"Copy of Beam Orthodontics\" data-e-action-hash=\"#elementor-action%3Aaction%3Dlightbox%26settings%3DeyJpZCI6NzM3OSwidXJsIjoiaHR0cHM6XC9cL2JlYW1vcnRob2RvbnRpY3NpbnN1Z2FybGFuZC5jb21cL3dwLWNvbnRlbnRcL3VwbG9hZHNcLzIwMjZcLzAxXC9Db3B5LW9mLUJlYW0tT3J0aG9kb250aWNzLnN2ZyIsInNsaWRlc2hvdyI6IjVhNmM3YzIifQ%3D%3D\">\n\t\t\t\t\t<div class=\"e-gallery-image elementor-gallery-item__image\" data-thumbnail=\"https:\/\/beamorthodonticsinsugarland.com\/wp-content\/uploads\/2026\/01\/Copy-of-Beam-Orthodontics.svg\" data-width=\"0\" data-height=\"0\" aria-label=\"\" role=\"img\" ><\/div>\n\t\t\t\t\t\t\t\t\t\t\t<div class=\"elementor-gallery-item__overlay\"><\/div>\n\t\t\t\t\t\t\t\t\t\t\t\t\t\t<\/a>\n\t\t\t\t\t<\/div>\n\t\t\t\t\t<\/div>\n\t\t\t\t<\/div>\n\t\t\t\t\t<\/div>\n\t\t\t\t<\/div>\n\t\t\t\t<\/div>\n\t\t","protected":false},"excerpt":{"rendered":"<p>Mira los resultados reales del antes y el despu\u00e9s de los pacientes tratados en Beam Orthodontics en Sugar Land. Estas transformaciones ponen de relieve c\u00f3mo la ortodoncia personalizada -con brackets o Invisalign- puede crear mordidas m\u00e1s sanas, dientes m\u00e1s rectos y sonrisas m\u00e1s seguras a cualquier edad.<\/p>\n","protected":false},"author":1,"featured_media":0,"parent":0,"menu_order":2,"comment_status":"closed","ping_status":"closed","template":"","meta":{"_seopress_robots_primary_cat":"","_seopress_titles_title":"","_seopress_titles_desc":"","_seopress_robots_index":"","footnotes":""},"class_list":["post-7363","page","type-page","status-publish"],"_links":{"self":[{"href":"https:\/\/beamorthodonticsinsugarland.com\/es\/wp-json\/wp\/v2\/pages\/7363","targetHints":{"allow":["GET"]}}],"collection":[{"href":"https:\/\/beamorthodonticsinsugarland.com\/es\/wp-json\/wp\/v2\/pages"}],"about":[{"href":"https:\/\/beamorthodonticsinsugarland.com\/es\/wp-json\/wp\/v2\/types\/page"}],"author":[{"embeddable":true,"href":"https:\/\/beamorthodonticsinsugarland.com\/es\/wp-json\/wp\/v2\/users\/1"}],"replies":[{"embeddable":true,"href":"https:\/\/beamorthodonticsinsugarland.com\/es\/wp-json\/wp\/v2\/comments?post=7363"}],"version-history":[{"count":2,"href":"https:\/\/beamorthodonticsinsugarland.com\/es\/wp-json\/wp\/v2\/pages\/7363\/revisions"}],"predecessor-version":[{"id":7384,"href":"https:\/\/beamorthodonticsinsugarland.com\/es\/wp-json\/wp\/v2\/pages\/7363\/revisions\/7384"}],"wp:attachment":[{"href":"https:\/\/beamorthodonticsinsugarland.com\/es\/wp-json\/wp\/v2\/media?parent=7363"}],"curies":[{"name":"wp","href":"https:\/\/api.w.org\/{rel}","templated":true}]}}